{"id":9662,"date":"2019-11-22T13:01:08","date_gmt":"2019-11-22T12:01:08","guid":{"rendered":"https:\/\/cpzizur.educacion.navarra.es\/web1\/?page_id=9662"},"modified":"2019-11-22T13:01:09","modified_gmt":"2019-11-22T12:01:09","slug":"etwinning-4o-primaria","status":"publish","type":"page","link":"https:\/\/cpzizur.educacion.navarra.es\/web1\/etwinning-4o-primaria\/","title":{"rendered":"eTwinning &#8211; 4\u00ba Primaria"},"content":{"rendered":"\n<p>Este a\u00f1o en la clase de 4\u00baC hemos comenzado un proyecto nuevo a trav\u00e9s de la plataforma europea <strong>eTwinning <\/strong>en el que, entre otras cosas, intercambiaremos informaci\u00f3n de nuestros pueblos, idiomas, costumbres y nos enviaremos cartas en ingl\u00e9s con nuestros nuevos amigos y amigas de Velky Osek, un precioso pueblo de la Rep\u00fablica Checa.<\/p>\n\n\n\n<p>El\notro d\u00eda fuimos a correos a enviar nuestras cartas, las suyas\ntambi\u00e9n est\u00e1n de camino\u2026 \u00a1a ver cu\u00e1ndo llegan!<\/p>\n\n\n\n<figure class=\"wp-block-gallery columns-1 is-cropped\"><ul class=\"blocks-gallery-grid\"><li class=\"blocks-gallery-item\"><figure><a href=\"https:\/\/cpzizur.educacion.navarra.es\/web1\/wp-content\/uploads\/2019\/11\/2AE5.tmp_.jpg\"><img loading=\"lazy\" width=\"533\" height=\"400\" src=\"https:\/\/cpzizur.educacion.navarra.es\/web1\/wp-content\/uploads\/2019\/11\/2AE5.tmp_.jpg\" alt=\"\" data-id=\"9663\" data-full-url=\"https:\/\/cpzizur.educacion.navarra.es\/web1\/wp-content\/uploads\/2019\/11\/2AE5.tmp_.jpg\" data-link=\"https:\/\/cpzizur.educacion.navarra.es\/web1\/?attachment_id=9663\" class=\"wp-image-9663\" srcset=\"https:\/\/cpzizur.educacion.navarra.es\/web1\/wp-content\/uploads\/2019\/11\/2AE5.tmp_.jpg 533w, https:\/\/cpzizur.educacion.navarra.es\/web1\/wp-content\/uploads\/2019\/11\/2AE5.tmp_-300x225.jpg 300w\" sizes=\"(max-width: 533px) 100vw, 533px\" \/><\/a><\/figure><\/li><li class=\"blocks-gallery-item\"><figure><a href=\"https:\/\/cpzizur.educacion.navarra.es\/web1\/wp-content\/uploads\/2019\/11\/312B.tmp_.jpg\"><img loading=\"lazy\" width=\"533\" height=\"400\" src=\"https:\/\/cpzizur.educacion.navarra.es\/web1\/wp-content\/uploads\/2019\/11\/312B.tmp_.jpg\" alt=\"\" data-id=\"9664\" data-full-url=\"https:\/\/cpzizur.educacion.navarra.es\/web1\/wp-content\/uploads\/2019\/11\/312B.tmp_.jpg\" data-link=\"https:\/\/cpzizur.educacion.navarra.es\/web1\/?attachment_id=9664\" class=\"wp-image-9664\" srcset=\"https:\/\/cpzizur.educacion.navarra.es\/web1\/wp-content\/uploads\/2019\/11\/312B.tmp_.jpg 533w, https:\/\/cpzizur.educacion.navarra.es\/web1\/wp-content\/uploads\/2019\/11\/312B.tmp_-300x225.jpg 300w\" sizes=\"(max-width: 533px) 100vw, 533px\" \/><\/a><\/figure><\/li><\/ul><\/figure>\n","protected":false},"excerpt":{"rendered":"<p>Este a\u00f1o en la clase de 4\u00baC hemos comenzado un proyecto nuevo a trav\u00e9s de la plataforma europea eTwinning en el que, entre otras cosas, intercambiaremos informaci\u00f3n de nuestros pueblos, idiomas, costumbres y nos enviaremos cartas en ingl\u00e9s con nuestros nuevos amigos y amigas de Velky Osek, un precioso pueblo de la Rep\u00fablica Checa. El [&hellip;]<\/p>\n","protected":false},"author":1,"featured_media":0,"parent":0,"menu_order":0,"comment_status":"closed","ping_status":"closed","template":"","meta":{"_genesis_hide_title":false,"_genesis_hide_breadcrumbs":false,"_genesis_hide_singular_image":false,"_genesis_hide_footer_widgets":false,"_genesis_custom_body_class":"","_genesis_custom_post_class":"","_genesis_layout":""},"_links":{"self":[{"href":"https:\/\/cpzizur.educacion.navarra.es\/web1\/wp-json\/wp\/v2\/pages\/9662"}],"collection":[{"href":"https:\/\/cpzizur.educacion.navarra.es\/web1\/wp-json\/wp\/v2\/pages"}],"about":[{"href":"https:\/\/cpzizur.educacion.navarra.es\/web1\/wp-json\/wp\/v2\/types\/page"}],"author":[{"embeddable":true,"href":"https:\/\/cpzizur.educacion.navarra.es\/web1\/wp-json\/wp\/v2\/users\/1"}],"replies":[{"embeddable":true,"href":"https:\/\/cpzizur.educacion.navarra.es\/web1\/wp-json\/wp\/v2\/comments?post=9662"}],"version-history":[{"count":1,"href":"https:\/\/cpzizur.educacion.navarra.es\/web1\/wp-json\/wp\/v2\/pages\/9662\/revisions"}],"predecessor-version":[{"id":9665,"href":"https:\/\/cpzizur.educacion.navarra.es\/web1\/wp-json\/wp\/v2\/pages\/9662\/revisions\/9665"}],"wp:attachment":[{"href":"https:\/\/cpzizur.educacion.navarra.es\/web1\/wp-json\/wp\/v2\/media?parent=9662"}],"curies":[{"name":"wp","href":"https:\/\/api.w.org\/{rel}","templated":true}]}}