{"id":7430,"date":"2018-11-23T12:38:44","date_gmt":"2018-11-23T11:38:44","guid":{"rendered":"https:\/\/cpzizur.educacion.navarra.es\/web1\/?page_id=7430"},"modified":"2019-06-26T13:59:01","modified_gmt":"2019-06-26T11:59:01","slug":"galeria-de-fotos-curso-2018-2019","status":"publish","type":"page","link":"https:\/\/cpzizur.educacion.navarra.es\/web1\/galeria-de-fotos-curso-2018-2019\/","title":{"rendered":"Galer\u00eda de fotos &#8211; Curso 2018\/2019"},"content":{"rendered":"<p><a href=\"https:\/\/cpzizur.educacion.navarra.es\/web1\/teatro-de-halloween\/\">Teatro de Halloween 4\u00ba, 5\u00ba y 6\u00ba primaria<\/a><\/p>\n<p><a href=\"https:\/\/cpzizur.educacion.navarra.es\/web1\/pintar-caras-en-infantil\/\">Los alumnos de 6\u00ba realizan diferentes actividades en infantil<\/a><\/p>\n<p><a href=\"https:\/\/cpzizur.educacion.navarra.es\/web1\/nos-visita-belatz\/\">6\u00ba aprende a hacer comics<\/a><\/p>\n<p><a href=\"https:\/\/cpzizur.educacion.navarra.es\/web1\/3-anos\/\">Navidad<\/a><\/p>\n<p><a href=\"https:\/\/cpzizur.educacion.navarra.es\/web1\/semana-blanca\/\">Semana blanca<\/a><\/p>\n<p><a href=\"https:\/\/cpzizur.educacion.navarra.es\/web1\/proyecto-sistema-solar-4oprimaria\/\">Proyecto Sistema Solar 4\u00ba primaria<\/a><\/p>\n<p><a href=\"https:\/\/cpzizur.educacion.navarra.es\/web1\/santa-agueda-3\/\">Santa \u00c1gueda<\/a><\/p>\n<p><a href=\"https:\/\/cpzizur.educacion.navarra.es\/web1\/dia-de-la-paz-2\/\">D\u00eda de la Paz<\/a><\/p>\n<p><a href=\"https:\/\/cpzizur.educacion.navarra.es\/web1\/carnaval-2018-2019\/\">Carnaval<\/a><\/p>\n<p><a href=\"https:\/\/cpzizur.educacion.navarra.es\/web1\/dia-verde\/\">D\u00eda verde 5\u00ba y 6\u00ba primaria<\/a><\/p>\n<p><a href=\"https:\/\/cpzizur.educacion.navarra.es\/web1\/eugui-urtasun-mendillori-3o-primaria\/\">Eugui &#8211; Urtasun &#8211; Mendillorri 3\u00ba primaria<\/a><\/p>\n<p><a href=\"https:\/\/cpzizur.educacion.navarra.es\/web1\/educacion-vial-5o-c\/\">Educaci\u00f3n vial<\/a><\/p>\n<p><a href=\"https:\/\/cpzizur.educacion.navarra.es\/web1\/english-week\/\">English Week<\/a><\/p>\n<p><a href=\"https:\/\/cpzizur.educacion.navarra.es\/web1\/?page_id=8628\">Exposici\u00f3n Egipto infantil<\/a><\/p>\n<p><a href=\"https:\/\/cpzizur.educacion.navarra.es\/web1\/reanimacion-cardiopulmonar\/\">Reanimaci\u00f3n Cardio-Pulmonar (RCP)<\/a><\/p>\n<p><a href=\"https:\/\/cpzizur.educacion.navarra.es\/web1\/visita-al-diario-de-navarra\/\">Visita Diario de Navarra 6\u00ba primaria<\/a><\/p>\n<p><a href=\"https:\/\/cpzizur.educacion.navarra.es\/web1\/mar-benegas-4o-primaria\/\">FIRA &#8211;\u00a0Mar Benegas 4\u00ba primaria<\/a><\/p>\n<p><a href=\"https:\/\/cpzizur.educacion.navarra.es\/web1\/talleres-con-padres-infantil\/\">Taller padres Euskera<\/a><\/p>\n<p><a href=\"https:\/\/cpzizur.educacion.navarra.es\/web1\/batan-de-villava-6o-primaria\/\">Bat\u00e1n de Villava 6\u00ba primaria<\/a><\/p>\n<p><a href=\"https:\/\/cpzizur.educacion.navarra.es\/web1\/?page_id=8922\">Roc\u00f3dromo 6\u00ba primaria<\/a><\/p>\n<p><a href=\"https:\/\/cpzizur.educacion.navarra.es\/web1\/dia-del-libro-2\/\">D\u00eda del libro 5\u00ba primaria con infantil<\/a><\/p>\n<p><a href=\"https:\/\/cpzizur.educacion.navarra.es\/web1\/granja-ilundain-1o-infantil\/\">Granja Ilund\u00e1in 3 a\u00f1os<\/a><\/p>\n<p><a href=\"https:\/\/cpzizur.educacion.navarra.es\/web1\/en-la-huerta-3-anos-b\/\">La huerta &#8211; 3 a\u00f1os B<\/a><\/p>\n<p><a href=\"https:\/\/cpzizur.educacion.navarra.es\/web1\/parque-atracciones-zaragoza-6oprimaria\/\">Parque atracciones Zaragoza &#8211; 6\u00ba primaria<\/a><\/p>\n<p><a href=\"https:\/\/cpzizur.educacion.navarra.es\/web1\/graduacion-6o-primaria\/\">Graduaci\u00f3n &#8211; 6\u00ba primaria<\/a><\/p>\n<p><a href=\"https:\/\/cpzizur.educacion.navarra.es\/web1\/peruharri-3oinfantil\/\">Peruharri &#8211; 5 a\u00f1os<\/a><\/p>\n<p><a href=\"https:\/\/cpzizur.educacion.navarra.es\/web1\/graduacion-5anos\/\">Graduaci\u00f3n &#8211; 5 a\u00f1os<\/a><\/p>\n\n\n<p><\/p>\n","protected":false},"excerpt":{"rendered":"<p>Teatro de Halloween 4\u00ba, 5\u00ba y 6\u00ba primaria Los alumnos de 6\u00ba realizan diferentes actividades en infantil 6\u00ba aprende a hacer comics Navidad Semana blanca Proyecto Sistema Solar 4\u00ba primaria Santa \u00c1gueda D\u00eda de la Paz Carnaval D\u00eda verde 5\u00ba y 6\u00ba primaria Eugui &#8211; Urtasun &#8211; Mendillorri 3\u00ba primaria Educaci\u00f3n vial English Week Exposici\u00f3n [&hellip;]<\/p>\n","protected":false},"author":1,"featured_media":0,"parent":0,"menu_order":0,"comment_status":"closed","ping_status":"closed","template":"","meta":{"_genesis_hide_title":false,"_genesis_hide_breadcrumbs":false,"_genesis_hide_singular_image":false,"_genesis_hide_footer_widgets":false,"_genesis_custom_body_class":"","_genesis_custom_post_class":"","_genesis_layout":""},"_links":{"self":[{"href":"https:\/\/cpzizur.educacion.navarra.es\/web1\/wp-json\/wp\/v2\/pages\/7430"}],"collection":[{"href":"https:\/\/cpzizur.educacion.navarra.es\/web1\/wp-json\/wp\/v2\/pages"}],"about":[{"href":"https:\/\/cpzizur.educacion.navarra.es\/web1\/wp-json\/wp\/v2\/types\/page"}],"author":[{"embeddable":true,"href":"https:\/\/cpzizur.educacion.navarra.es\/web1\/wp-json\/wp\/v2\/users\/1"}],"replies":[{"embeddable":true,"href":"https:\/\/cpzizur.educacion.navarra.es\/web1\/wp-json\/wp\/v2\/comments?post=7430"}],"version-history":[{"count":57,"href":"https:\/\/cpzizur.educacion.navarra.es\/web1\/wp-json\/wp\/v2\/pages\/7430\/revisions"}],"predecessor-version":[{"id":9242,"href":"https:\/\/cpzizur.educacion.navarra.es\/web1\/wp-json\/wp\/v2\/pages\/7430\/revisions\/9242"}],"wp:attachment":[{"href":"https:\/\/cpzizur.educacion.navarra.es\/web1\/wp-json\/wp\/v2\/media?parent=7430"}],"curies":[{"name":"wp","href":"https:\/\/api.w.org\/{rel}","templated":true}]}}