{"id":3074,"date":"2018-01-10T12:41:10","date_gmt":"2018-01-10T11:41:10","guid":{"rendered":"https:\/\/cpzizur.educacion.navarra.es\/web1\/?page_id=3074"},"modified":"2018-11-23T12:48:34","modified_gmt":"2018-11-23T11:48:34","slug":"galeria-de-fotos-2017-2018","status":"publish","type":"page","link":"https:\/\/cpzizur.educacion.navarra.es\/web1\/galeria-de-fotos-2017-2018\/","title":{"rendered":"Galer\u00eda de fotos &#8211; Curso 2017\/2018"},"content":{"rendered":"<p><a href=\"https:\/\/cpzizur.educacion.navarra.es\/web1\/galeria-de-fotos-curso-20172018\/\">Halloween<\/a><\/p>\n<p><a href=\"https:\/\/cpzizur.educacion.navarra.es\/web1\/navidad-2017-2018\/\">Navidad<\/a><\/p>\n<p><a href=\"https:\/\/cpzizur.educacion.navarra.es\/web1\/dia-de-la-paz-2017-2018\/\">D\u00eda de la Paz<\/a><\/p>\n<p><a href=\"https:\/\/cpzizur.educacion.navarra.es\/web1\/santa-agueda-2017-2018\/\">Santa \u00c1gueda<\/a><\/p>\n<p><a href=\"https:\/\/cpzizur.educacion.navarra.es\/web1\/carnaval-2017-2018\/\">Carnaval<\/a><\/p>\n<p><a href=\"https:\/\/cpzizur.educacion.navarra.es\/web1\/dia-del-libro\/\">D\u00eda del Libro<\/a><\/p>\n<p><a href=\"https:\/\/cpzizur.educacion.navarra.es\/web1\/fiesta-de-las-3-escuelas\/\">Fiesta de las 3 escuelas<\/a><\/p>\n<p><a href=\"https:\/\/cpzizur.educacion.navarra.es\/web1\/taller-dinosaurios-2o-infantil\/\">Taller dinosaurios 2\u00ba infantil<\/a><\/p>\n<p><a href=\"https:\/\/cpzizur.educacion.navarra.es\/web1\/irrisarriland-3o-y-4o-primaria\/\">Irrisarriland 3\u00ba y 4\u00ba primaria<\/a><\/p>\n<p><a href=\"https:\/\/cpzizur.educacion.navarra.es\/web1\/intercambio-de-libros-4o-primaria\/\">Intercambio libros 4\u00ba primaria<\/a><\/p>\n<p><a href=\"https:\/\/cpzizur.educacion.navarra.es\/web1\/fira-4o-primaria\/\">FIRA 4\u00ba primaria<\/a><\/p>\n<p><a href=\"https:\/\/cpzizur.educacion.navarra.es\/web1\/barranco-perdido-5o-primaria\/\">Barranco Perdido 5\u00ba primaria<\/a><\/p>\n<p><a href=\"https:\/\/cpzizur.educacion.navarra.es\/web1\/semana-azul-vela-5o-primaria\/\">Semana Azul 5\u00baprimaria<\/a><\/p>\n<p><a href=\"https:\/\/cpzizur.educacion.navarra.es\/web1\/semana-blanca-6o-primaria\/\">Semana Blanca 6\u00ba primaria<\/a><\/p>\n","protected":false},"excerpt":{"rendered":"<p>Halloween Navidad D\u00eda de la Paz Santa \u00c1gueda Carnaval D\u00eda del Libro Fiesta de las 3 escuelas Taller dinosaurios 2\u00ba infantil Irrisarriland 3\u00ba y 4\u00ba primaria Intercambio libros 4\u00ba primaria FIRA 4\u00ba primaria Barranco Perdido 5\u00ba primaria Semana Azul 5\u00baprimaria Semana Blanca 6\u00ba primaria<\/p>\n","protected":false},"author":1,"featured_media":0,"parent":0,"menu_order":0,"comment_status":"closed","ping_status":"closed","template":"","meta":{"_genesis_hide_title":false,"_genesis_hide_breadcrumbs":false,"_genesis_hide_singular_image":false,"_genesis_hide_footer_widgets":false,"_genesis_custom_body_class":"","_genesis_custom_post_class":"","_genesis_layout":""},"_links":{"self":[{"href":"https:\/\/cpzizur.educacion.navarra.es\/web1\/wp-json\/wp\/v2\/pages\/3074"}],"collection":[{"href":"https:\/\/cpzizur.educacion.navarra.es\/web1\/wp-json\/wp\/v2\/pages"}],"about":[{"href":"https:\/\/cpzizur.educacion.navarra.es\/web1\/wp-json\/wp\/v2\/types\/page"}],"author":[{"embeddable":true,"href":"https:\/\/cpzizur.educacion.navarra.es\/web1\/wp-json\/wp\/v2\/users\/1"}],"replies":[{"embeddable":true,"href":"https:\/\/cpzizur.educacion.navarra.es\/web1\/wp-json\/wp\/v2\/comments?post=3074"}],"version-history":[{"count":32,"href":"https:\/\/cpzizur.educacion.navarra.es\/web1\/wp-json\/wp\/v2\/pages\/3074\/revisions"}],"predecessor-version":[{"id":7464,"href":"https:\/\/cpzizur.educacion.navarra.es\/web1\/wp-json\/wp\/v2\/pages\/3074\/revisions\/7464"}],"wp:attachment":[{"href":"https:\/\/cpzizur.educacion.navarra.es\/web1\/wp-json\/wp\/v2\/media?parent=3074"}],"curies":[{"name":"wp","href":"https:\/\/api.w.org\/{rel}","templated":true}]}}