{"id":2635,"date":"2017-11-16T09:26:42","date_gmt":"2017-11-16T08:26:42","guid":{"rendered":"https:\/\/cpzizur.educacion.navarra.es\/web1\/?page_id=2635"},"modified":"2022-12-15T15:15:27","modified_gmt":"2022-12-15T14:15:27","slug":"acceso-educa","status":"publish","type":"page","link":"https:\/\/cpzizur.educacion.navarra.es\/web1\/acceso-educa\/","title":{"rendered":"EDUCA ALUMNADO Y FAMILIAS"},"content":{"rendered":"<p>Para facilitar la comunicaci\u00f3n con el centro y el conocimiento de la actividad acad\u00e9mica del alumnado a trav\u00e9s del programa Educa se necesita disponer de \u00abusuario\u00bb y \u00abcontrase\u00f1a\u00bb y los datos personales actualizados. Para la obtenci\u00f3n del usuario y contrase\u00f1a, as\u00ed como para la descarga de la aplicaci\u00f3n para m\u00f3vil y la actualizaci\u00f3n de los datos personales, dispones de los enlaces o ayudas siguientes:<\/p>\n<ul>\n<li><a href=\"https:\/\/educa.navarra.es\/auth\/realms\/educacion.navarra.es\/protocol\/openid-connect\/auth?client_id=educa-portal-frontend2&amp;redirect_uri=https%3A%2F%2Feducages.navarra.es%2FEduca%2Fportal%2Fes%2F&amp;state=9f8abbd1-a862-4e8b-9a03-bf069ebd990c&amp;response_mode=fragment&amp;response_type=code&amp;scope=openid&amp;nonce=f491a710-fca4-47e5-8fb0-dfa398d56990\">Acceso a EDUCA<\/a><\/li>\n<li><a href=\"https:\/\/docs.google.com\/document\/d\/e\/2PACX-1vTkEq4sLcCJ_pO2B78PpOjLpvUOp-pv27a4RTuDXiv3jWYID3lMGOGtxw_dECUsC9iD78guCfHAisr5\/pub\">Obtenci\u00f3n usuario y contrase\u00f1a para Educa y cuentas Google Apps<\/a><\/li>\n<li><a href=\"https:\/\/docs.google.com\/document\/d\/e\/2PACX-1vSdEAJHSZ-LgBVzkXPGt1EVp_Do3Qv3iZxcg8KcTshlxj5VpeaqsiX6-RG4_AvavQ\/pub\">Informaci\u00f3n de EDUCA Portal<\/a><\/li>\n<li><a href=\"https:\/\/cpzizur.educacion.navarra.es\/web1\/wp-content\/uploads\/2022\/12\/Acceso-boletines-notas.pdf\">Instrucciones acceso a boletines notas<\/a><\/li>\n<li><a href=\"https:\/\/docs.google.com\/document\/d\/e\/2PACX-1vTWLbGywVDH49ZSUhW8Y05TStfrez1f0CsLJi3aiZERl-Zy_7g-S7HI3rN4S0DQr_2f3LpRlE4nmEOx\/pub\">Mensajer\u00eda interna para alumnado y familias<\/a><\/li>\n<\/ul>\n\n\n<p><\/p>\n","protected":false},"excerpt":{"rendered":"<p>Para facilitar la comunicaci\u00f3n con el centro y el conocimiento de la actividad acad\u00e9mica del alumnado a trav\u00e9s del programa Educa se necesita disponer de \u00abusuario\u00bb y \u00abcontrase\u00f1a\u00bb y los datos personales actualizados. Para la obtenci\u00f3n del usuario y contrase\u00f1a, as\u00ed como para la descarga de la aplicaci\u00f3n para m\u00f3vil y la actualizaci\u00f3n de los [&hellip;]<\/p>\n","protected":false},"author":1,"featured_media":0,"parent":0,"menu_order":0,"comment_status":"closed","ping_status":"closed","template":"","meta":{"_genesis_hide_title":false,"_genesis_hide_breadcrumbs":false,"_genesis_hide_singular_image":false,"_genesis_hide_footer_widgets":false,"_genesis_custom_body_class":"","_genesis_custom_post_class":"","_genesis_layout":""},"_links":{"self":[{"href":"https:\/\/cpzizur.educacion.navarra.es\/web1\/wp-json\/wp\/v2\/pages\/2635"}],"collection":[{"href":"https:\/\/cpzizur.educacion.navarra.es\/web1\/wp-json\/wp\/v2\/pages"}],"about":[{"href":"https:\/\/cpzizur.educacion.navarra.es\/web1\/wp-json\/wp\/v2\/types\/page"}],"author":[{"embeddable":true,"href":"https:\/\/cpzizur.educacion.navarra.es\/web1\/wp-json\/wp\/v2\/users\/1"}],"replies":[{"embeddable":true,"href":"https:\/\/cpzizur.educacion.navarra.es\/web1\/wp-json\/wp\/v2\/comments?post=2635"}],"version-history":[{"count":43,"href":"https:\/\/cpzizur.educacion.navarra.es\/web1\/wp-json\/wp\/v2\/pages\/2635\/revisions"}],"predecessor-version":[{"id":15586,"href":"https:\/\/cpzizur.educacion.navarra.es\/web1\/wp-json\/wp\/v2\/pages\/2635\/revisions\/15586"}],"wp:attachment":[{"href":"https:\/\/cpzizur.educacion.navarra.es\/web1\/wp-json\/wp\/v2\/media?parent=2635"}],"curies":[{"name":"wp","href":"https:\/\/api.w.org\/{rel}","templated":true}]}}