{"id":2564,"date":"2017-11-02T10:33:16","date_gmt":"2017-11-02T09:33:16","guid":{"rendered":"https:\/\/cpzizur.educacion.navarra.es\/web1\/?page_id=2564"},"modified":"2017-11-17T12:35:44","modified_gmt":"2017-11-17T11:35:44","slug":"carnaval","status":"publish","type":"page","link":"https:\/\/cpzizur.educacion.navarra.es\/web1\/carnaval\/","title":{"rendered":"Carnaval"},"content":{"rendered":"<p><a href=\"https:\/\/cpzizur.educacion.navarra.es\/web1\/wp-content\/uploads\/2017\/11\/\u00edndice2.jpg\"><img loading=\"lazy\" class=\"size-full wp-image-2880 alignright\" src=\"https:\/\/cpzizur.educacion.navarra.es\/web1\/wp-content\/uploads\/2017\/11\/\u00edndice2.jpg\" alt=\"\" width=\"217\" height=\"187\" \/><\/a><\/p>\n<p>Nuestra fiesta emblem\u00e1tica; cada vez m\u00e1s vistosa, m\u00e1s alegre, m\u00e1s divertida y con una tem\u00e1tica general en la que la originalidad nos deja con la boca abierta.<\/p>\n","protected":false},"excerpt":{"rendered":"<p>Nuestra fiesta emblem\u00e1tica; cada vez m\u00e1s vistosa, m\u00e1s alegre, m\u00e1s divertida y con una tem\u00e1tica general en la que la originalidad nos deja con la boca abierta.<\/p>\n","protected":false},"author":1,"featured_media":0,"parent":0,"menu_order":0,"comment_status":"closed","ping_status":"closed","template":"","meta":{"_genesis_hide_title":false,"_genesis_hide_breadcrumbs":false,"_genesis_hide_singular_image":false,"_genesis_hide_footer_widgets":false,"_genesis_custom_body_class":"","_genesis_custom_post_class":"","_genesis_layout":""},"_links":{"self":[{"href":"https:\/\/cpzizur.educacion.navarra.es\/web1\/wp-json\/wp\/v2\/pages\/2564"}],"collection":[{"href":"https:\/\/cpzizur.educacion.navarra.es\/web1\/wp-json\/wp\/v2\/pages"}],"about":[{"href":"https:\/\/cpzizur.educacion.navarra.es\/web1\/wp-json\/wp\/v2\/types\/page"}],"author":[{"embeddable":true,"href":"https:\/\/cpzizur.educacion.navarra.es\/web1\/wp-json\/wp\/v2\/users\/1"}],"replies":[{"embeddable":true,"href":"https:\/\/cpzizur.educacion.navarra.es\/web1\/wp-json\/wp\/v2\/comments?post=2564"}],"version-history":[{"count":3,"href":"https:\/\/cpzizur.educacion.navarra.es\/web1\/wp-json\/wp\/v2\/pages\/2564\/revisions"}],"predecessor-version":[{"id":2881,"href":"https:\/\/cpzizur.educacion.navarra.es\/web1\/wp-json\/wp\/v2\/pages\/2564\/revisions\/2881"}],"wp:attachment":[{"href":"https:\/\/cpzizur.educacion.navarra.es\/web1\/wp-json\/wp\/v2\/media?parent=2564"}],"curies":[{"name":"wp","href":"https:\/\/api.w.org\/{rel}","templated":true}]}}