{"id":2558,"date":"2017-11-02T10:30:07","date_gmt":"2017-11-02T09:30:07","guid":{"rendered":"https:\/\/cpzizur.educacion.navarra.es\/web1\/?page_id=2558"},"modified":"2017-11-17T12:18:49","modified_gmt":"2017-11-17T11:18:49","slug":"dia-de-la-paz","status":"publish","type":"page","link":"https:\/\/cpzizur.educacion.navarra.es\/web1\/dia-de-la-paz\/","title":{"rendered":"D\u00eda de la Paz"},"content":{"rendered":"<p>&nbsp;<\/p>\n<p>Siempre motivados y esforz\u00e1ndonos por vivir en un mundo m\u00e1s feliz, el 30 de enero lo celebramos con un peque\u00f1o acto en el patio cubierto de Educaci\u00f3n Primaria.<br \/>\n<a href=\"https:\/\/cpzizur.educacion.navarra.es\/web1\/wp-content\/uploads\/2017\/11\/Paloma_3.jpg\"><img loading=\"lazy\" class=\"aligncenter  wp-image-2872\" src=\"https:\/\/cpzizur.educacion.navarra.es\/web1\/wp-content\/uploads\/2017\/11\/Paloma_3.jpg\" alt=\"\" width=\"180\" height=\"154\" \/><\/a><\/p>\n","protected":false},"excerpt":{"rendered":"<p>&nbsp; Siempre motivados y esforz\u00e1ndonos por vivir en un mundo m\u00e1s feliz, el 30 de enero lo celebramos con un peque\u00f1o acto en el patio cubierto de Educaci\u00f3n Primaria.<\/p>\n","protected":false},"author":1,"featured_media":0,"parent":0,"menu_order":0,"comment_status":"closed","ping_status":"closed","template":"","meta":{"_genesis_hide_title":false,"_genesis_hide_breadcrumbs":false,"_genesis_hide_singular_image":false,"_genesis_hide_footer_widgets":false,"_genesis_custom_body_class":"","_genesis_custom_post_class":"","_genesis_layout":""},"_links":{"self":[{"href":"https:\/\/cpzizur.educacion.navarra.es\/web1\/wp-json\/wp\/v2\/pages\/2558"}],"collection":[{"href":"https:\/\/cpzizur.educacion.navarra.es\/web1\/wp-json\/wp\/v2\/pages"}],"about":[{"href":"https:\/\/cpzizur.educacion.navarra.es\/web1\/wp-json\/wp\/v2\/types\/page"}],"author":[{"embeddable":true,"href":"https:\/\/cpzizur.educacion.navarra.es\/web1\/wp-json\/wp\/v2\/users\/1"}],"replies":[{"embeddable":true,"href":"https:\/\/cpzizur.educacion.navarra.es\/web1\/wp-json\/wp\/v2\/comments?post=2558"}],"version-history":[{"count":4,"href":"https:\/\/cpzizur.educacion.navarra.es\/web1\/wp-json\/wp\/v2\/pages\/2558\/revisions"}],"predecessor-version":[{"id":2873,"href":"https:\/\/cpzizur.educacion.navarra.es\/web1\/wp-json\/wp\/v2\/pages\/2558\/revisions\/2873"}],"wp:attachment":[{"href":"https:\/\/cpzizur.educacion.navarra.es\/web1\/wp-json\/wp\/v2\/media?parent=2558"}],"curies":[{"name":"wp","href":"https:\/\/api.w.org\/{rel}","templated":true}]}}