{"id":2549,"date":"2017-11-02T09:47:58","date_gmt":"2017-11-02T08:47:58","guid":{"rendered":"https:\/\/cpzizur.educacion.navarra.es\/web1\/?page_id=2549"},"modified":"2017-11-02T11:24:16","modified_gmt":"2017-11-02T10:24:16","slug":"fira","status":"publish","type":"page","link":"https:\/\/cpzizur.educacion.navarra.es\/web1\/fira\/","title":{"rendered":"FIRA"},"content":{"rendered":"<p><a href=\"https:\/\/cpzizur.educacion.navarra.es\/web1\/wp-content\/uploads\/2017\/11\/quotescover-JPG-38.jpg\"><img loading=\"lazy\" class=\"wp-image-2587 alignright\" src=\"https:\/\/cpzizur.educacion.navarra.es\/web1\/wp-content\/uploads\/2017\/11\/quotescover-JPG-38.jpg\" alt=\"\" width=\"152\" height=\"152\" srcset=\"https:\/\/cpzizur.educacion.navarra.es\/web1\/wp-content\/uploads\/2017\/11\/quotescover-JPG-38.jpg 600w, https:\/\/cpzizur.educacion.navarra.es\/web1\/wp-content\/uploads\/2017\/11\/quotescover-JPG-38-150x150.jpg 150w, https:\/\/cpzizur.educacion.navarra.es\/web1\/wp-content\/uploads\/2017\/11\/quotescover-JPG-38-300x300.jpg 300w\" sizes=\"(max-width: 152px) 100vw, 152px\" \/><\/a><a href=\"https:\/\/cpzizur.educacion.navarra.es\/web1\/wp-content\/uploads\/2017\/11\/C5rxq2LVAAEtaIl.jpg\"><img loading=\"lazy\" class=\"wp-image-2586 alignleft\" src=\"https:\/\/cpzizur.educacion.navarra.es\/web1\/wp-content\/uploads\/2017\/11\/C5rxq2LVAAEtaIl.jpg\" alt=\"\" width=\"116\" height=\"164\" srcset=\"https:\/\/cpzizur.educacion.navarra.es\/web1\/wp-content\/uploads\/2017\/11\/C5rxq2LVAAEtaIl.jpg 500w, https:\/\/cpzizur.educacion.navarra.es\/web1\/wp-content\/uploads\/2017\/11\/C5rxq2LVAAEtaIl-212x300.jpg 212w\" sizes=\"(max-width: 116px) 100vw, 116px\" \/><\/a>Autores, narradores e ilustradores nos visitan cada curso gracias al programa de animaci\u00f3n a la lectura conocido como FIRA y con el que se nos brinda la oportunidad de crear un punto de encuentro donde el alumnado puede conocer de primera mano, el maravilloso mundo de la lectura.<\/p>\n<p>\u00bfQu\u00e9 mejor manera de hacerlo que a trav\u00e9s de quienes se dedican a esta hermosa profesi\u00f3n?<\/p>\n","protected":false},"excerpt":{"rendered":"<p>Autores, narradores e ilustradores nos visitan cada curso gracias al programa de animaci\u00f3n a la lectura conocido como FIRA y con el que se nos brinda la oportunidad de crear un punto de encuentro donde el alumnado puede conocer de primera mano, el maravilloso mundo de la lectura. \u00bfQu\u00e9 mejor manera de hacerlo que a [&hellip;]<\/p>\n","protected":false},"author":1,"featured_media":0,"parent":0,"menu_order":0,"comment_status":"closed","ping_status":"closed","template":"","meta":{"_genesis_hide_title":false,"_genesis_hide_breadcrumbs":false,"_genesis_hide_singular_image":false,"_genesis_hide_footer_widgets":false,"_genesis_custom_body_class":"","_genesis_custom_post_class":"","_genesis_layout":""},"_links":{"self":[{"href":"https:\/\/cpzizur.educacion.navarra.es\/web1\/wp-json\/wp\/v2\/pages\/2549"}],"collection":[{"href":"https:\/\/cpzizur.educacion.navarra.es\/web1\/wp-json\/wp\/v2\/pages"}],"about":[{"href":"https:\/\/cpzizur.educacion.navarra.es\/web1\/wp-json\/wp\/v2\/types\/page"}],"author":[{"embeddable":true,"href":"https:\/\/cpzizur.educacion.navarra.es\/web1\/wp-json\/wp\/v2\/users\/1"}],"replies":[{"embeddable":true,"href":"https:\/\/cpzizur.educacion.navarra.es\/web1\/wp-json\/wp\/v2\/comments?post=2549"}],"version-history":[{"count":3,"href":"https:\/\/cpzizur.educacion.navarra.es\/web1\/wp-json\/wp\/v2\/pages\/2549\/revisions"}],"predecessor-version":[{"id":2589,"href":"https:\/\/cpzizur.educacion.navarra.es\/web1\/wp-json\/wp\/v2\/pages\/2549\/revisions\/2589"}],"wp:attachment":[{"href":"https:\/\/cpzizur.educacion.navarra.es\/web1\/wp-json\/wp\/v2\/media?parent=2549"}],"curies":[{"name":"wp","href":"https:\/\/api.w.org\/{rel}","templated":true}]}}