{"id":2540,"date":"2017-11-02T09:36:24","date_gmt":"2017-11-02T08:36:24","guid":{"rendered":"https:\/\/cpzizur.educacion.navarra.es\/web1\/?page_id=2540"},"modified":"2023-02-16T16:36:54","modified_gmt":"2023-02-16T15:36:54","slug":"curso-de-inmersion-linguistica-en-ingles","status":"publish","type":"page","link":"https:\/\/cpzizur.educacion.navarra.es\/web1\/curso-de-inmersion-linguistica-en-ingles\/","title":{"rendered":"Curso de inmersi\u00f3n ling\u00fc\u00edstica en ingl\u00e9s"},"content":{"rendered":"<p>El curso est\u00e1 dirigido al alumnado de 5\u00ba de Educaci\u00f3n Primaria.<\/p>\n<p><a href=\"https:\/\/cpzizur.educacion.navarra.es\/web1\/wp-content\/uploads\/2017\/11\/team.building.activities.goals_.jpg\"><img loading=\"lazy\" class=\"aligncenter  wp-image-2575\" src=\"https:\/\/cpzizur.educacion.navarra.es\/web1\/wp-content\/uploads\/2017\/11\/team.building.activities.goals_.jpg\" alt=\"\" width=\"224\" height=\"198\" srcset=\"https:\/\/cpzizur.educacion.navarra.es\/web1\/wp-content\/uploads\/2017\/11\/team.building.activities.goals_.jpg 368w, https:\/\/cpzizur.educacion.navarra.es\/web1\/wp-content\/uploads\/2017\/11\/team.building.activities.goals_-300x266.jpg 300w\" sizes=\"(max-width: 224px) 100vw, 224px\" \/><\/a><\/p>\n","protected":false},"excerpt":{"rendered":"<p>El curso est\u00e1 dirigido al alumnado de 5\u00ba de Educaci\u00f3n Primaria.<\/p>\n","protected":false},"author":1,"featured_media":0,"parent":0,"menu_order":0,"comment_status":"closed","ping_status":"closed","template":"","meta":{"_genesis_hide_title":false,"_genesis_hide_breadcrumbs":false,"_genesis_hide_singular_image":false,"_genesis_hide_footer_widgets":false,"_genesis_custom_body_class":"","_genesis_custom_post_class":"","_genesis_layout":""},"_links":{"self":[{"href":"https:\/\/cpzizur.educacion.navarra.es\/web1\/wp-json\/wp\/v2\/pages\/2540"}],"collection":[{"href":"https:\/\/cpzizur.educacion.navarra.es\/web1\/wp-json\/wp\/v2\/pages"}],"about":[{"href":"https:\/\/cpzizur.educacion.navarra.es\/web1\/wp-json\/wp\/v2\/types\/page"}],"author":[{"embeddable":true,"href":"https:\/\/cpzizur.educacion.navarra.es\/web1\/wp-json\/wp\/v2\/users\/1"}],"replies":[{"embeddable":true,"href":"https:\/\/cpzizur.educacion.navarra.es\/web1\/wp-json\/wp\/v2\/comments?post=2540"}],"version-history":[{"count":3,"href":"https:\/\/cpzizur.educacion.navarra.es\/web1\/wp-json\/wp\/v2\/pages\/2540\/revisions"}],"predecessor-version":[{"id":16394,"href":"https:\/\/cpzizur.educacion.navarra.es\/web1\/wp-json\/wp\/v2\/pages\/2540\/revisions\/16394"}],"wp:attachment":[{"href":"https:\/\/cpzizur.educacion.navarra.es\/web1\/wp-json\/wp\/v2\/media?parent=2540"}],"curies":[{"name":"wp","href":"https:\/\/api.w.org\/{rel}","templated":true}]}}