{"id":2535,"date":"2017-11-02T09:26:39","date_gmt":"2017-11-02T08:26:39","guid":{"rendered":"https:\/\/cpzizur.educacion.navarra.es\/web1\/?page_id=2535"},"modified":"2018-01-12T12:21:36","modified_gmt":"2018-01-12T11:21:36","slug":"actividades-complementarias","status":"publish","type":"page","link":"https:\/\/cpzizur.educacion.navarra.es\/web1\/actividades-complementarias\/","title":{"rendered":"Actividades complementarias"},"content":{"rendered":"<p>Durante el curso escolar tienen lugar diferentes actividades que el profesorado, junto con el equipo directivo, establece en funci\u00f3n de diferentes aspectos que consideramos que contribuyen a enriquecer el d\u00eda a d\u00eda de nuestro alumnado&#8230;..<\/p>\n<p><a href=\"https:\/\/cpzizur.educacion.navarra.es\/web1\/curso-de-inmersion-linguistica-en-ingles\/\">CURSO DE INMERSI\u00d3N LING\u00dc\u00cdSTICA EN INGL\u00c9S<\/a><br \/>\n<a href=\"https:\/\/cpzizur.educacion.navarra.es\/web1\/educacion-vial\/\">EDUCACI\u00d3N VIAL<\/a><br \/>\n<a href=\"https:\/\/cpzizur.educacion.navarra.es\/web1\/casa-de-cultura\/\">CASA DE CULTURA<\/a><br \/>\n<a href=\"https:\/\/cpzizur.educacion.navarra.es\/web1\/fira\/\">FIRA<\/a><br \/>\n<a href=\"https:\/\/cpzizur.educacion.navarra.es\/web1\/navidad\/\">NAVIDAD<\/a><br \/>\n<a href=\"https:\/\/cpzizur.educacion.navarra.es\/web1\/dia-de-la-paz\/\">D\u00cdA DE LA PAZ<\/a><br \/>\n<a href=\"https:\/\/cpzizur.educacion.navarra.es\/web1\/santa-agueda\/\">SANTA \u00c1GUEDA<\/a><br \/>\n<a href=\"https:\/\/cpzizur.educacion.navarra.es\/web1\/carnaval\/\">CARNAVAL<\/a><br \/>\n<a href=\"https:\/\/cpzizur.educacion.navarra.es\/web1\/fiesta-fin-de-curso\/\">FIESTA FIN DE CURSO<\/a><\/p>\n","protected":false},"excerpt":{"rendered":"<p>Durante el curso escolar tienen lugar diferentes actividades que el profesorado, junto con el equipo directivo, establece en funci\u00f3n de diferentes aspectos que consideramos que contribuyen a enriquecer el d\u00eda a d\u00eda de nuestro alumnado&#8230;.. CURSO DE INMERSI\u00d3N LING\u00dc\u00cdSTICA EN INGL\u00c9S EDUCACI\u00d3N VIAL CASA DE CULTURA FIRA NAVIDAD D\u00cdA DE LA PAZ SANTA \u00c1GUEDA CARNAVAL [&hellip;]<\/p>\n","protected":false},"author":1,"featured_media":0,"parent":0,"menu_order":0,"comment_status":"closed","ping_status":"closed","template":"","meta":{"_genesis_hide_title":false,"_genesis_hide_breadcrumbs":false,"_genesis_hide_singular_image":false,"_genesis_hide_footer_widgets":false,"_genesis_custom_body_class":"","_genesis_custom_post_class":"","_genesis_layout":""},"_links":{"self":[{"href":"https:\/\/cpzizur.educacion.navarra.es\/web1\/wp-json\/wp\/v2\/pages\/2535"}],"collection":[{"href":"https:\/\/cpzizur.educacion.navarra.es\/web1\/wp-json\/wp\/v2\/pages"}],"about":[{"href":"https:\/\/cpzizur.educacion.navarra.es\/web1\/wp-json\/wp\/v2\/types\/page"}],"author":[{"embeddable":true,"href":"https:\/\/cpzizur.educacion.navarra.es\/web1\/wp-json\/wp\/v2\/users\/1"}],"replies":[{"embeddable":true,"href":"https:\/\/cpzizur.educacion.navarra.es\/web1\/wp-json\/wp\/v2\/comments?post=2535"}],"version-history":[{"count":18,"href":"https:\/\/cpzizur.educacion.navarra.es\/web1\/wp-json\/wp\/v2\/pages\/2535\/revisions"}],"predecessor-version":[{"id":3362,"href":"https:\/\/cpzizur.educacion.navarra.es\/web1\/wp-json\/wp\/v2\/pages\/2535\/revisions\/3362"}],"wp:attachment":[{"href":"https:\/\/cpzizur.educacion.navarra.es\/web1\/wp-json\/wp\/v2\/media?parent=2535"}],"curies":[{"name":"wp","href":"https:\/\/api.w.org\/{rel}","templated":true}]}}