{"id":224,"date":"2017-03-30T12:45:05","date_gmt":"2017-03-30T10:45:05","guid":{"rendered":"https:\/\/cpzizur.educacion.navarra.es\/web1\/?page_id=224"},"modified":"2025-11-17T12:06:22","modified_gmt":"2025-11-17T11:06:22","slug":"organos-de-gobierno-colegiados","status":"publish","type":"page","link":"https:\/\/cpzizur.educacion.navarra.es\/web1\/organos-de-gobierno-colegiados\/","title":{"rendered":"Consejo Escolar"},"content":{"rendered":"<p><strong>PRESIDENTE<\/strong>: Raquel Bomba Bronte<br \/><strong>JEFA DE ESTUDIOS<\/strong>: Laura Ramos \u00c1lvarez<br \/><strong>SECRETARIA<\/strong>: Leticia Mart\u00ednez Jim\u00e9nez<\/p>\n<p><strong>REPRESENTANTES PERSONAL DOCENTE<\/strong>:\u00a0<br \/>\u00a0 \u00a0 \u00a0 \u00a0 &#8211; Tere Beorlegui Sanz<br \/>\u00a0 \u00a0 \u00a0 \u00a0 &#8211; Patricia Salcedo Bailos<br \/>\u00a0 \u00a0 \u00a0 \u00a0 &#8211; Idoia Gast\u00f3n Go\u00f1i<br \/>\u00a0 \u00a0 \u00a0 \u00a0 &#8211; Laura Garc\u00eda Daniel<br \/>\u00a0 \u00a0 \u00a0 \u00a0 &#8211; Ana D\u00edaz Martos<\/p>\n<p><strong>REPRESENTANTE PERSONAL NO DOCENTE<\/strong>:<br \/>\u00a0 \u00a0 \u00a0 \u00a0 &#8211; Rafael Sarriegui Hidalgo<\/p>\n<p><strong>REPRESENTANTE PERSONAL DE ATENCI\u00d3N EDUCATIVA COMPLEMENTARIA<\/strong><\/p>\n<p>\u00a0 \u00a0 \u00a0 \u00a0 &#8211; M\u00aa de las Mercedes As\u00edn Ortigosa<\/p>\n<p><strong>REPRESENTANTE APYMA<\/strong>:<br \/>\u00a0 \u00a0 \u00a0 \u00a0 &#8211; Amaya Yetano Montori<\/p>\n<p><strong>REPRESENTANTES FAMILIAS<\/strong>:<br \/>\u00a0 \u00a0 \u00a0 \u00a0 &#8211; David Arranz \u00c1lvarez<br \/>\u00a0 \u00a0 \u00a0 \u00a0 &#8211; Idoia Blanco Luquin<br \/>\u00a0 \u00a0 \u00a0 \u00a0 &#8211; Santiago Navas Carretero<br \/>\u00a0 \u00a0 \u00a0 \u00a0 &#8211; Andrea Ollo L\u00f3pez<\/p>\n<p><strong>REPRESENTANTE AYUNTAMIENTO<\/strong>:<br \/>\u00a0 \u00a0 \u00a0 \u00a0 &#8211; Roberto Lechado Luque<\/p>\n\n\n<p><strong>FUNCIONES CONSEJO ESCOLAR<\/strong>: <a href=\"https:\/\/drive.google.com\/file\/d\/1RGRn-hjOH-7q5V1ED-mrd4ZJlr0vcmxW\/view?usp=sharing\" data-type=\"URL\" data-id=\"https:\/\/drive.google.com\/file\/d\/1RGRn-hjOH-7q5V1ED-mrd4ZJlr0vcmxW\/view?usp=sharing\">PINCHA AQU\u00cd<\/a><br><\/p>\n","protected":false},"excerpt":{"rendered":"<p>PRESIDENTE: Raquel Bomba BronteJEFA DE ESTUDIOS: Laura Ramos \u00c1lvarezSECRETARIA: Leticia Mart\u00ednez Jim\u00e9nez REPRESENTANTES PERSONAL DOCENTE:\u00a0\u00a0 \u00a0 \u00a0 \u00a0 &#8211; Tere Beorlegui Sanz\u00a0 \u00a0 \u00a0 \u00a0 &#8211; Patricia Salcedo Bailos\u00a0 \u00a0 \u00a0 \u00a0 &#8211; Idoia Gast\u00f3n Go\u00f1i\u00a0 \u00a0 \u00a0 \u00a0 &#8211; Laura Garc\u00eda Daniel\u00a0 \u00a0 \u00a0 \u00a0 &#8211; Ana D\u00edaz Martos REPRESENTANTE PERSONAL NO DOCENTE:\u00a0 \u00a0 [&hellip;]<\/p>\n","protected":false},"author":1,"featured_media":0,"parent":0,"menu_order":0,"comment_status":"closed","ping_status":"closed","template":"","meta":{"_genesis_hide_title":false,"_genesis_hide_breadcrumbs":false,"_genesis_hide_singular_image":false,"_genesis_hide_footer_widgets":false,"_genesis_custom_body_class":"","_genesis_custom_post_class":"","_genesis_layout":""},"_links":{"self":[{"href":"https:\/\/cpzizur.educacion.navarra.es\/web1\/wp-json\/wp\/v2\/pages\/224"}],"collection":[{"href":"https:\/\/cpzizur.educacion.navarra.es\/web1\/wp-json\/wp\/v2\/pages"}],"about":[{"href":"https:\/\/cpzizur.educacion.navarra.es\/web1\/wp-json\/wp\/v2\/types\/page"}],"author":[{"embeddable":true,"href":"https:\/\/cpzizur.educacion.navarra.es\/web1\/wp-json\/wp\/v2\/users\/1"}],"replies":[{"embeddable":true,"href":"https:\/\/cpzizur.educacion.navarra.es\/web1\/wp-json\/wp\/v2\/comments?post=224"}],"version-history":[{"count":34,"href":"https:\/\/cpzizur.educacion.navarra.es\/web1\/wp-json\/wp\/v2\/pages\/224\/revisions"}],"predecessor-version":[{"id":21348,"href":"https:\/\/cpzizur.educacion.navarra.es\/web1\/wp-json\/wp\/v2\/pages\/224\/revisions\/21348"}],"wp:attachment":[{"href":"https:\/\/cpzizur.educacion.navarra.es\/web1\/wp-json\/wp\/v2\/media?parent=224"}],"curies":[{"name":"wp","href":"https:\/\/api.w.org\/{rel}","templated":true}]}}