{"id":21783,"date":"2025-12-17T13:18:00","date_gmt":"2025-12-17T12:18:00","guid":{"rendered":"https:\/\/cpzizur.educacion.navarra.es\/web1\/?page_id=21783"},"modified":"2026-01-16T11:01:41","modified_gmt":"2026-01-16T10:01:41","slug":"programa-bilingue","status":"publish","type":"page","link":"https:\/\/cpzizur.educacion.navarra.es\/web1\/programa-bilingue\/","title":{"rendered":"PROGRAMA PLURILING\u00dcE"},"content":{"rendered":"\n<p><\/p>\n\n\n\n<figure class=\"wp-block-gallery has-nested-images columns-default is-cropped\">\n<figure class=\"wp-block-image size-full is-style-rounded\"><a href=\"https:\/\/cpzizur.educacion.navarra.es\/web1\/metodologia-aicle\/\"><img loading=\"lazy\" width=\"296\" height=\"277\" data-id=\"21890\"  src=\"https:\/\/cpzizur.educacion.navarra.es\/web1\/wp-content\/uploads\/2026\/01\/bola-del-mundo.png\" alt=\"\" class=\"wp-image-21890\"\/><\/a><figcaption><strong>METODOLOG\u00cdA AICLE<\/strong><br>INGL\u00c9S<\/figcaption><\/figure>\n\n\n\n<figure class=\"wp-block-image size-full is-style-rounded\"><a href=\"https:\/\/cpzizur.educacion.navarra.es\/web1\/modelo-a-2\/\"><img loading=\"lazy\" width=\"636\" height=\"657\" data-id=\"21892\"  src=\"https:\/\/cpzizur.educacion.navarra.es\/web1\/wp-content\/uploads\/2026\/01\/torbellino-euskera.png\" alt=\"\" class=\"wp-image-21892\" srcset=\"https:\/\/cpzizur.educacion.navarra.es\/web1\/wp-content\/uploads\/2026\/01\/torbellino-euskera.png 636w, https:\/\/cpzizur.educacion.navarra.es\/web1\/wp-content\/uploads\/2026\/01\/torbellino-euskera-290x300.png 290w\" sizes=\"(max-width: 636px) 100vw, 636px\" \/><\/a><figcaption><strong>MODELO A<\/strong><br>EUSKERA<\/figcaption><\/figure>\n<\/figure>\n\n\n\n<p>Adem\u00e1s, dentro del horario del mediod\u00eda escolar el alumnado de primaria puede recibir dos sesiones de franc\u00e9s.<\/p>\n\n\n\n<figure class=\"wp-block-image size-medium is-style-default\"><img loading=\"lazy\" width=\"300\" height=\"101\" src=\"https:\/\/cpzizur.educacion.navarra.es\/web1\/wp-content\/uploads\/2026\/01\/image-300x101.png\" alt=\"\" class=\"wp-image-21893\" srcset=\"https:\/\/cpzizur.educacion.navarra.es\/web1\/wp-content\/uploads\/2026\/01\/image-300x101.png 300w, https:\/\/cpzizur.educacion.navarra.es\/web1\/wp-content\/uploads\/2026\/01\/image-1024x344.png 1024w, https:\/\/cpzizur.educacion.navarra.es\/web1\/wp-content\/uploads\/2026\/01\/image-768x258.png 768w, https:\/\/cpzizur.educacion.navarra.es\/web1\/wp-content\/uploads\/2026\/01\/image.png 1026w\" sizes=\"(max-width: 300px) 100vw, 300px\" \/><\/figure>\n","protected":false},"excerpt":{"rendered":"<p>Adem\u00e1s, dentro del horario del mediod\u00eda escolar el alumnado de primaria puede recibir dos sesiones de franc\u00e9s.<\/p>\n","protected":false},"author":1,"featured_media":0,"parent":0,"menu_order":0,"comment_status":"closed","ping_status":"closed","template":"","meta":{"_genesis_hide_title":false,"_genesis_hide_breadcrumbs":false,"_genesis_hide_singular_image":false,"_genesis_hide_footer_widgets":false,"_genesis_custom_body_class":"","_genesis_custom_post_class":"","_genesis_layout":""},"_links":{"self":[{"href":"https:\/\/cpzizur.educacion.navarra.es\/web1\/wp-json\/wp\/v2\/pages\/21783"}],"collection":[{"href":"https:\/\/cpzizur.educacion.navarra.es\/web1\/wp-json\/wp\/v2\/pages"}],"about":[{"href":"https:\/\/cpzizur.educacion.navarra.es\/web1\/wp-json\/wp\/v2\/types\/page"}],"author":[{"embeddable":true,"href":"https:\/\/cpzizur.educacion.navarra.es\/web1\/wp-json\/wp\/v2\/users\/1"}],"replies":[{"embeddable":true,"href":"https:\/\/cpzizur.educacion.navarra.es\/web1\/wp-json\/wp\/v2\/comments?post=21783"}],"version-history":[{"count":11,"href":"https:\/\/cpzizur.educacion.navarra.es\/web1\/wp-json\/wp\/v2\/pages\/21783\/revisions"}],"predecessor-version":[{"id":21971,"href":"https:\/\/cpzizur.educacion.navarra.es\/web1\/wp-json\/wp\/v2\/pages\/21783\/revisions\/21971"}],"wp:attachment":[{"href":"https:\/\/cpzizur.educacion.navarra.es\/web1\/wp-json\/wp\/v2\/media?parent=21783"}],"curies":[{"name":"wp","href":"https:\/\/api.w.org\/{rel}","templated":true}]}}