{"id":21356,"date":"2025-11-17T16:04:51","date_gmt":"2025-11-17T15:04:51","guid":{"rendered":"https:\/\/cpzizur.educacion.navarra.es\/web1\/?page_id=21356"},"modified":"2026-01-19T11:35:56","modified_gmt":"2026-01-19T10:35:56","slug":"familias","status":"publish","type":"page","link":"https:\/\/cpzizur.educacion.navarra.es\/web1\/familias\/","title":{"rendered":"FAMILIAS"},"content":{"rendered":"\n<p>Nuestras familias se involucran en el proceso educativo de sus hijos e hijas y adoptan un rol activo en la vida del colegio y la comunidad educativa participando en talleres, eventos, celebraciones, sesiones pedag\u00f3gicas y asambleas.<\/p>\n\n\n\n<p>La relaci\u00f3n colegio-familia es fundamental para la formaci\u00f3n de los alumnos y alumnas. Las familias participan el las decisiones del centro a trav\u00e9s del <a href=\"https:\/\/cpzizur.educacion.navarra.es\/web1\/organos-de-gobierno-colegiados\/\" data-type=\"URL\" data-id=\"https:\/\/cpzizur.educacion.navarra.es\/web1\/organos-de-gobierno-colegiados\/\">CONSEJO ESCOLAR<\/a>.<\/p>\n\n\n\n<figure class=\"wp-block-image size-large is-style-default\"><img loading=\"lazy\" width=\"1024\" height=\"680\" src=\"https:\/\/cpzizur.educacion.navarra.es\/web1\/wp-content\/uploads\/2026\/01\/image-5-1024x680.png\" alt=\"\" class=\"wp-image-21960\" srcset=\"https:\/\/cpzizur.educacion.navarra.es\/web1\/wp-content\/uploads\/2026\/01\/image-5-1024x680.png 1024w, https:\/\/cpzizur.educacion.navarra.es\/web1\/wp-content\/uploads\/2026\/01\/image-5-300x199.png 300w, https:\/\/cpzizur.educacion.navarra.es\/web1\/wp-content\/uploads\/2026\/01\/image-5-768x510.png 768w, https:\/\/cpzizur.educacion.navarra.es\/web1\/wp-content\/uploads\/2026\/01\/image-5.png 1192w\" sizes=\"(max-width: 1024px) 100vw, 1024px\" \/><\/figure>\n","protected":false},"excerpt":{"rendered":"<p>Nuestras familias se involucran en el proceso educativo de sus hijos e hijas y adoptan un rol activo en la vida del colegio y la comunidad educativa participando en talleres, eventos, celebraciones, sesiones pedag\u00f3gicas y asambleas. La relaci\u00f3n colegio-familia es fundamental para la formaci\u00f3n de los alumnos y alumnas. Las familias participan el las decisiones [&hellip;]<\/p>\n","protected":false},"author":1,"featured_media":0,"parent":0,"menu_order":0,"comment_status":"closed","ping_status":"closed","template":"","meta":{"_genesis_hide_title":false,"_genesis_hide_breadcrumbs":false,"_genesis_hide_singular_image":false,"_genesis_hide_footer_widgets":false,"_genesis_custom_body_class":"","_genesis_custom_post_class":"","_genesis_layout":""},"_links":{"self":[{"href":"https:\/\/cpzizur.educacion.navarra.es\/web1\/wp-json\/wp\/v2\/pages\/21356"}],"collection":[{"href":"https:\/\/cpzizur.educacion.navarra.es\/web1\/wp-json\/wp\/v2\/pages"}],"about":[{"href":"https:\/\/cpzizur.educacion.navarra.es\/web1\/wp-json\/wp\/v2\/types\/page"}],"author":[{"embeddable":true,"href":"https:\/\/cpzizur.educacion.navarra.es\/web1\/wp-json\/wp\/v2\/users\/1"}],"replies":[{"embeddable":true,"href":"https:\/\/cpzizur.educacion.navarra.es\/web1\/wp-json\/wp\/v2\/comments?post=21356"}],"version-history":[{"count":3,"href":"https:\/\/cpzizur.educacion.navarra.es\/web1\/wp-json\/wp\/v2\/pages\/21356\/revisions"}],"predecessor-version":[{"id":21996,"href":"https:\/\/cpzizur.educacion.navarra.es\/web1\/wp-json\/wp\/v2\/pages\/21356\/revisions\/21996"}],"wp:attachment":[{"href":"https:\/\/cpzizur.educacion.navarra.es\/web1\/wp-json\/wp\/v2\/media?parent=21356"}],"curies":[{"name":"wp","href":"https:\/\/api.w.org\/{rel}","templated":true}]}}