{"id":21352,"date":"2025-11-17T16:00:40","date_gmt":"2025-11-17T15:00:40","guid":{"rendered":"https:\/\/cpzizur.educacion.navarra.es\/web1\/?page_id=21352"},"modified":"2026-01-19T11:35:12","modified_gmt":"2026-01-19T10:35:12","slug":"profesorado","status":"publish","type":"page","link":"https:\/\/cpzizur.educacion.navarra.es\/web1\/profesorado\/","title":{"rendered":"PROFESORADO"},"content":{"rendered":"\n<p>El Proyecto Educativo de nuestro centro est\u00e1 dirigido y acompa\u00f1ado por un equipo de profesionales en constante formaci\u00f3n, comprometido con el alumnado y con el poder transformador de la educaci\u00f3n.<\/p>\n\n\n\n<figure class=\"wp-block-image size-large is-style-default\"><img loading=\"lazy\" width=\"1024\" height=\"638\" src=\"https:\/\/cpzizur.educacion.navarra.es\/web1\/wp-content\/uploads\/2025\/11\/image-8-1024x638.png\" alt=\"\" class=\"wp-image-21353\" srcset=\"https:\/\/cpzizur.educacion.navarra.es\/web1\/wp-content\/uploads\/2025\/11\/image-8-1024x638.png 1024w, https:\/\/cpzizur.educacion.navarra.es\/web1\/wp-content\/uploads\/2025\/11\/image-8-300x187.png 300w, https:\/\/cpzizur.educacion.navarra.es\/web1\/wp-content\/uploads\/2025\/11\/image-8-768x479.png 768w, https:\/\/cpzizur.educacion.navarra.es\/web1\/wp-content\/uploads\/2025\/11\/image-8.png 1158w\" sizes=\"(max-width: 1024px) 100vw, 1024px\" \/><\/figure>\n\n\n\n<p><a href=\"https:\/\/cpzizur.educacion.navarra.es\/web1\/plantilla-personal-colegio\/\" data-type=\"URL\" data-id=\"https:\/\/cpzizur.educacion.navarra.es\/web1\/plantilla-personal-colegio\/\">Conoce al profesorado de este curso<\/a><\/p>\n","protected":false},"excerpt":{"rendered":"<p>El Proyecto Educativo de nuestro centro est\u00e1 dirigido y acompa\u00f1ado por un equipo de profesionales en constante formaci\u00f3n, comprometido con el alumnado y con el poder transformador de la educaci\u00f3n. Conoce al profesorado de este curso<\/p>\n","protected":false},"author":1,"featured_media":0,"parent":0,"menu_order":0,"comment_status":"closed","ping_status":"closed","template":"","meta":{"_genesis_hide_title":false,"_genesis_hide_breadcrumbs":false,"_genesis_hide_singular_image":false,"_genesis_hide_footer_widgets":false,"_genesis_custom_body_class":"","_genesis_custom_post_class":"","_genesis_layout":""},"_links":{"self":[{"href":"https:\/\/cpzizur.educacion.navarra.es\/web1\/wp-json\/wp\/v2\/pages\/21352"}],"collection":[{"href":"https:\/\/cpzizur.educacion.navarra.es\/web1\/wp-json\/wp\/v2\/pages"}],"about":[{"href":"https:\/\/cpzizur.educacion.navarra.es\/web1\/wp-json\/wp\/v2\/types\/page"}],"author":[{"embeddable":true,"href":"https:\/\/cpzizur.educacion.navarra.es\/web1\/wp-json\/wp\/v2\/users\/1"}],"replies":[{"embeddable":true,"href":"https:\/\/cpzizur.educacion.navarra.es\/web1\/wp-json\/wp\/v2\/comments?post=21352"}],"version-history":[{"count":2,"href":"https:\/\/cpzizur.educacion.navarra.es\/web1\/wp-json\/wp\/v2\/pages\/21352\/revisions"}],"predecessor-version":[{"id":21995,"href":"https:\/\/cpzizur.educacion.navarra.es\/web1\/wp-json\/wp\/v2\/pages\/21352\/revisions\/21995"}],"wp:attachment":[{"href":"https:\/\/cpzizur.educacion.navarra.es\/web1\/wp-json\/wp\/v2\/media?parent=21352"}],"curies":[{"name":"wp","href":"https:\/\/api.w.org\/{rel}","templated":true}]}}