{"id":21335,"date":"2025-11-14T11:36:58","date_gmt":"2025-11-14T10:36:58","guid":{"rendered":"https:\/\/cpzizur.educacion.navarra.es\/web1\/?page_id=21335"},"modified":"2025-11-18T15:59:50","modified_gmt":"2025-11-18T14:59:50","slug":"espacios-para-aprender-3","status":"publish","type":"page","link":"https:\/\/cpzizur.educacion.navarra.es\/web1\/espacios-para-aprender-3\/","title":{"rendered":"Espacios para aprender"},"content":{"rendered":"\n<p>Educacion Primaria<br><\/p>\n\n\n\n<p>En el edificio de primaria, encontramos las aulas de primero a sexto.<\/p>\n\n\n\n<p>Cada grupo tiene un aula de referencia con diferentes zonas de aprendizaje.<\/p>\n\n\n<div id=\"metaslider-id-21407\" style=\"width: 100%;\" class=\"ml-slider-3-102-0 metaslider metaslider-flex metaslider-21407 ml-slider has-dots-nav ms-theme-default-base\" role=\"region\" aria-label=\"Nueva presentaci\u00f3n de diapositivas\" data-height=\"300\" data-width=\"700\">\n    <div id=\"metaslider_container_21407\">\n        <div id=\"metaslider_21407\">\n            <ul aria-live='off' class='slides'>\n                <li style=\"display: block; width: 100%;\" class=\"slide-21408 ms-image \" aria-roledescription=\"slide\" data-date=\"2025-11-18 15:57:05\" data-slide-type=\"image\"><img src=\"https:\/\/cpzizur.educacion.navarra.es\/web1\/wp-content\/uploads\/2025\/11\/image-5-700x300.jpeg\" height=\"300\" width=\"700\" alt=\"\" class=\"slider-21407 slide-21408 msDefaultImage\" title=\"image-5\" \/><\/li>\n                <li style=\"display: none; width: 100%;\" class=\"slide-21409 ms-image \" aria-roledescription=\"slide\" data-date=\"2025-11-18 15:57:05\" data-slide-type=\"image\"><img src=\"https:\/\/cpzizur.educacion.navarra.es\/web1\/wp-content\/uploads\/2025\/11\/image-4-700x300.jpeg\" height=\"300\" width=\"700\" alt=\"\" class=\"slider-21407 slide-21409 msDefaultImage\" title=\"image-4\" \/><\/li>\n                <li style=\"display: none; width: 100%;\" class=\"slide-21410 ms-image \" aria-roledescription=\"slide\" data-date=\"2025-11-18 15:57:05\" data-slide-type=\"image\"><img src=\"https:\/\/cpzizur.educacion.navarra.es\/web1\/wp-content\/uploads\/2025\/11\/image-3-700x300.jpeg\" height=\"300\" width=\"700\" alt=\"\" class=\"slider-21407 slide-21410 msDefaultImage\" title=\"image-3\" \/><\/li>\n                <li style=\"display: none; width: 100%;\" class=\"slide-21411 ms-image \" aria-roledescription=\"slide\" data-date=\"2025-11-18 15:57:05\" data-slide-type=\"image\"><img src=\"https:\/\/cpzizur.educacion.navarra.es\/web1\/wp-content\/uploads\/2025\/11\/image-2-700x300.jpeg\" height=\"300\" width=\"700\" alt=\"\" class=\"slider-21407 slide-21411 msDefaultImage\" title=\"image-2\" \/><\/li>\n                <li style=\"display: none; width: 100%;\" class=\"slide-21412 ms-image \" aria-roledescription=\"slide\" data-date=\"2025-11-18 15:57:05\" data-slide-type=\"image\"><img src=\"https:\/\/cpzizur.educacion.navarra.es\/web1\/wp-content\/uploads\/2025\/11\/image-1-700x300.jpeg\" height=\"300\" width=\"700\" alt=\"\" class=\"slider-21407 slide-21412 msDefaultImage\" title=\"image-1\" \/><\/li>\n                <li style=\"display: none; width: 100%;\" class=\"slide-21413 ms-image \" aria-roledescription=\"slide\" data-date=\"2025-11-18 15:57:05\" data-slide-type=\"image\"><img src=\"https:\/\/cpzizur.educacion.navarra.es\/web1\/wp-content\/uploads\/2025\/11\/image-700x300.jpeg\" height=\"300\" width=\"700\" alt=\"\" class=\"slider-21407 slide-21413 msDefaultImage\" title=\"image\" \/><\/li>\n            <\/ul>\n        <\/div>\n        \n    <\/div>\n<\/div>\n\n\n\n<p>Los alumnos y alumnas comparten un <strong>aula con materiales de desarrollo Montessori <\/strong>donde trabajan la matem\u00e1tica, el lenguaje y la c\u00f3smica.<\/p>\n\n\n\n<p><\/p>\n\n\n\n<p>Adem\u00e1s, el edificio cuenta con una sala de lectura donde el alumnado&nbsp; puede encontrar diferentes tipos de libros tanto en castellano, ingl\u00e9s como en euskera.&nbsp;&nbsp;<\/p>\n\n\n\n<p>En el edificio de Primaria podemos encontrar el <strong>Aula IkasNova<\/strong> espacio polivalente, con mobiliario flexible que permite diferentes organizaciones para&nbsp; investigar, interactuar, crear y presentar . Adem\u00e1s el alumnado trabaja el pensamiento computacional.<\/p>\n\n\n\n<p>El espacio habla, transmite sensaciones, nos evoca recuerdos, nos da seguridad o nos inquieta, pero nunca nos deja indiferentes.<\/p>\n\n\n\n<p>El espacio es el tercer maestro.<\/p>\n","protected":false},"excerpt":{"rendered":"<p>Educacion Primaria En el edificio de primaria, encontramos las aulas de primero a sexto. Cada grupo tiene un aula de referencia con diferentes zonas de aprendizaje. Los alumnos y alumnas comparten un aula con materiales de desarrollo Montessori donde trabajan la matem\u00e1tica, el lenguaje y la c\u00f3smica. Adem\u00e1s, el edificio cuenta con una sala de [&hellip;]<\/p>\n","protected":false},"author":1,"featured_media":0,"parent":0,"menu_order":0,"comment_status":"closed","ping_status":"closed","template":"","meta":{"_genesis_hide_title":false,"_genesis_hide_breadcrumbs":false,"_genesis_hide_singular_image":false,"_genesis_hide_footer_widgets":false,"_genesis_custom_body_class":"","_genesis_custom_post_class":"","_genesis_layout":""},"_links":{"self":[{"href":"https:\/\/cpzizur.educacion.navarra.es\/web1\/wp-json\/wp\/v2\/pages\/21335"}],"collection":[{"href":"https:\/\/cpzizur.educacion.navarra.es\/web1\/wp-json\/wp\/v2\/pages"}],"about":[{"href":"https:\/\/cpzizur.educacion.navarra.es\/web1\/wp-json\/wp\/v2\/types\/page"}],"author":[{"embeddable":true,"href":"https:\/\/cpzizur.educacion.navarra.es\/web1\/wp-json\/wp\/v2\/users\/1"}],"replies":[{"embeddable":true,"href":"https:\/\/cpzizur.educacion.navarra.es\/web1\/wp-json\/wp\/v2\/comments?post=21335"}],"version-history":[{"count":5,"href":"https:\/\/cpzizur.educacion.navarra.es\/web1\/wp-json\/wp\/v2\/pages\/21335\/revisions"}],"predecessor-version":[{"id":21416,"href":"https:\/\/cpzizur.educacion.navarra.es\/web1\/wp-json\/wp\/v2\/pages\/21335\/revisions\/21416"}],"wp:attachment":[{"href":"https:\/\/cpzizur.educacion.navarra.es\/web1\/wp-json\/wp\/v2\/media?parent=21335"}],"curies":[{"name":"wp","href":"https:\/\/api.w.org\/{rel}","templated":true}]}}