{"id":21092,"date":"2025-11-05T10:10:55","date_gmt":"2025-11-05T09:10:55","guid":{"rendered":"https:\/\/cpzizur.educacion.navarra.es\/web1\/?page_id=21092"},"modified":"2025-11-12T12:39:33","modified_gmt":"2025-11-12T11:39:33","slug":"noticias-y-actividades-2","status":"publish","type":"page","link":"https:\/\/cpzizur.educacion.navarra.es\/web1\/noticias-y-actividades-2\/","title":{"rendered":"NOTICIAS Y ACTIVIDADES"},"content":{"rendered":"<ul class=\"wp-block-latest-posts__list is-grid columns-3 wp-block-latest-posts\"><li><div class=\"wp-block-latest-posts__featured-image\"><img width=\"150\" height=\"150\" src=\"https:\/\/cpzizur.educacion.navarra.es\/web1\/wp-content\/uploads\/2026\/04\/Escudo-Igualdad-CSantiago-1-150x150.png\" class=\"attachment-thumbnail size-thumbnail wp-post-image\" alt=\"\" loading=\"lazy\" style=\"\" srcset=\"https:\/\/cpzizur.educacion.navarra.es\/web1\/wp-content\/uploads\/2026\/04\/Escudo-Igualdad-CSantiago-1-150x150.png 150w, https:\/\/cpzizur.educacion.navarra.es\/web1\/wp-content\/uploads\/2026\/04\/Escudo-Igualdad-CSantiago-1-300x297.png 300w, https:\/\/cpzizur.educacion.navarra.es\/web1\/wp-content\/uploads\/2026\/04\/Escudo-Igualdad-CSantiago-1-768x761.png 768w, https:\/\/cpzizur.educacion.navarra.es\/web1\/wp-content\/uploads\/2026\/04\/Escudo-Igualdad-CSantiago-1.png 1024w\" sizes=\"(max-width: 150px) 100vw, 150px\" \/><\/div><a href=\"https:\/\/cpzizur.educacion.navarra.es\/web1\/blog\/2026\/04\/15\/podcast-mujeres-importantes-en-la-historia\/\">Podcast mujeres importantes en la historia<\/a><div class=\"wp-block-latest-posts__post-excerpt\">En nuestro centro educativo creemos firmemente que la igualdad no es un objetivo puntual, sino un compromiso diario que se construye entre todos y todas. Por ello, hemos creado [&hellip;]<\/div><\/li>\n<li><div class=\"wp-block-latest-posts__featured-image\"><img width=\"150\" height=\"150\" src=\"https:\/\/cpzizur.educacion.navarra.es\/web1\/wp-content\/uploads\/2026\/04\/Deporte-femenino-4-150x150.jpg\" class=\"attachment-thumbnail size-thumbnail wp-post-image\" alt=\"\" loading=\"lazy\" style=\"\" \/><\/div><a href=\"https:\/\/cpzizur.educacion.navarra.es\/web1\/blog\/2026\/04\/13\/charla-deporte-femenino-en-centros-escolares\/\">Charla Deporte Femenino en centros escolares\u00a0<\/a><div class=\"wp-block-latest-posts__post-excerpt\">El alumnado de 6\u00ba particip\u00f3 en el programa \u201cCharla de deporte femenino en centros escolares\u201d, con el objetivo de visibilizar, fomentar y afianzar la pr\u00e1ctica deportiva femenina desde la [&hellip;]<\/div><\/li>\n<li><div class=\"wp-block-latest-posts__featured-image\"><img width=\"150\" height=\"150\" src=\"https:\/\/cpzizur.educacion.navarra.es\/web1\/wp-content\/uploads\/2026\/04\/IMG-20260331-WA0023-150x150.jpg\" class=\"attachment-thumbnail size-thumbnail wp-post-image\" alt=\"\" loading=\"lazy\" style=\"\" \/><\/div><a href=\"https:\/\/cpzizur.educacion.navarra.es\/web1\/blog\/2026\/03\/31\/comida-china-en-el-comedor\/\">Comida china en el comedor<\/a><div class=\"wp-block-latest-posts__post-excerpt\">\u00a1Hola a todos y todas!&nbsp; Hoy d\u00eda 31 de marzo&nbsp; hemos celebrado el d\u00eda de la comida china en el comedor para aprender c\u00f3mo es la gastronom\u00eda de este [&hellip;]<\/div><\/li>\n<li><div class=\"wp-block-latest-posts__featured-image\"><img width=\"150\" height=\"150\" src=\"https:\/\/cpzizur.educacion.navarra.es\/web1\/wp-content\/uploads\/2026\/03\/7af92569-14a3-4057-84bc-fe34f898e794-150x150.jpg\" class=\"attachment-thumbnail size-thumbnail wp-post-image\" alt=\"\" loading=\"lazy\" style=\"\" \/><\/div><a href=\"https:\/\/cpzizur.educacion.navarra.es\/web1\/blog\/2026\/03\/30\/visita-al-parque-polo\/\">VISITA AL PARQUE POLO<\/a><div class=\"wp-block-latest-posts__post-excerpt\">El pasado viernes realizamos una salida al Parque Polo, una actividad muy especial centrada en la educaci\u00f3n vial \ud83d\udea6\ud83d\udeb2. A lo largo de la ma\u00f1ana, el alumnado particip\u00f3 en [&hellip;]<\/div><\/li>\n<li><div class=\"wp-block-latest-posts__featured-image\"><img width=\"150\" height=\"150\" src=\"https:\/\/cpzizur.educacion.navarra.es\/web1\/wp-content\/uploads\/2026\/03\/PROPUESTA-DE-COLLAGE-POR-SI-OS-VIENE-MEJORESTAN-TODAS-LAS-FOTOS-1-150x150.png\" class=\"attachment-thumbnail size-thumbnail wp-post-image\" alt=\"\" loading=\"lazy\" style=\"\" \/><\/div><a href=\"https:\/\/cpzizur.educacion.navarra.es\/web1\/blog\/2026\/03\/30\/st-patricks-day\/\">ST. PATRICK&#8217;S DAY<\/a><div class=\"wp-block-latest-posts__post-excerpt\">Con motivo de St. Patrick, en Educaci\u00f3n Infantil hemos hecho talleres internivelares, en los que hemos compartido experiencias, aprendizajes y mucha ilusi\u00f3n. \ud83c\udf40 Hemos trabajado de forma cooperativa para [&hellip;]<\/div><\/li>\n<li><div class=\"wp-block-latest-posts__featured-image\"><img width=\"150\" height=\"150\" src=\"https:\/\/cpzizur.educacion.navarra.es\/web1\/wp-content\/uploads\/2026\/03\/IMG_7290-150x150.jpg\" class=\"attachment-thumbnail size-thumbnail wp-post-image\" alt=\"\" loading=\"lazy\" style=\"\" \/><\/div><a href=\"https:\/\/cpzizur.educacion.navarra.es\/web1\/blog\/2026\/03\/30\/visita-a-la-policia-foral-de-navarra\/\">VISITA A LA POLIC\u00cdA FORAL DE NAVARRA<\/a><div class=\"wp-block-latest-posts__post-excerpt\">El viernes 20 de marzo estuvimos disfrutando de una ma\u00f1ana diferentes a la rutina del cole y nos encant\u00f3. Una visita muy especial. Los ni\u00f1os de tercero de Educaci\u00f3n [&hellip;]<\/div><\/li>\n<li><div class=\"wp-block-latest-posts__featured-image\"><img width=\"150\" height=\"150\" src=\"https:\/\/cpzizur.educacion.navarra.es\/web1\/wp-content\/uploads\/2026\/03\/PHOTO-2026-03-27-12-11-29-6-150x150.jpg\" class=\"attachment-thumbnail size-thumbnail wp-post-image\" alt=\"\" loading=\"lazy\" style=\"\" \/><\/div><a href=\"https:\/\/cpzizur.educacion.navarra.es\/web1\/blog\/2026\/03\/30\/las-plantas-del-parque-fluvial\/\">LAS PLANTAS DEL PARQUE FLUVIAL<\/a><div class=\"wp-block-latest-posts__post-excerpt\">El pasado jueves 26 de marzo, recibimos la visita de Maialen, trabajadora de la Mancomunidad de Pamplona. Con ella, realizamos una actividad muy interesante para describir las plantas del [&hellip;]<\/div><\/li>\n<li><div class=\"wp-block-latest-posts__featured-image\"><img width=\"150\" height=\"150\" src=\"https:\/\/cpzizur.educacion.navarra.es\/web1\/wp-content\/uploads\/2026\/03\/20260320_121509-150x150.jpg\" class=\"attachment-thumbnail size-thumbnail wp-post-image\" alt=\"\" loading=\"lazy\" style=\"\" \/><\/div><a href=\"https:\/\/cpzizur.educacion.navarra.es\/web1\/blog\/2026\/03\/25\/historias-que-unen-generaciones\/\">HISTORIAS QUE UNEN GENERACIONES<\/a><div class=\"wp-block-latest-posts__post-excerpt\">Durante el segundo trimestre, los alumnos\/as de 1\u00ba EI hemos estado trabajando el proyecto de los cuentos.&nbsp; Gracias a todas las actividades que hemos realizado, nos hemos acercado a [&hellip;]<\/div><\/li>\n<li><div class=\"wp-block-latest-posts__featured-image\"><img width=\"150\" height=\"150\" src=\"https:\/\/cpzizur.educacion.navarra.es\/web1\/wp-content\/uploads\/2026\/03\/IMG_0904-150x150.jpg\" class=\"attachment-thumbnail size-thumbnail wp-post-image\" alt=\"\" loading=\"lazy\" style=\"\" \/><\/div><a href=\"https:\/\/cpzizur.educacion.navarra.es\/web1\/blog\/2026\/03\/24\/visita-a-los-depositos-de-mendillorri\/\">VISITA A LOS DEP\u00d3SITOS DE MENDILLORRI<\/a><div class=\"wp-block-latest-posts__post-excerpt\">El alumnado de 2\u00ba de E.P. realiz\u00f3 una salida a los Dep\u00f3sitos de Agua de Mendillorri, donde aprendimos c\u00f3mo llega el agua a nuestras casas y la importancia de [&hellip;]<\/div><\/li>\n<li><div class=\"wp-block-latest-posts__featured-image\"><img width=\"150\" height=\"150\" src=\"https:\/\/cpzizur.educacion.navarra.es\/web1\/wp-content\/uploads\/2026\/03\/IMG_20260309_111006-1-1-150x150.jpg\" class=\"attachment-thumbnail size-thumbnail wp-post-image\" alt=\"\" loading=\"lazy\" style=\"\" \/><\/div><a href=\"https:\/\/cpzizur.educacion.navarra.es\/web1\/blog\/2026\/03\/23\/visita-de-pepe-el-maestro\/\">VISITA DE PEPE EL MAESTRO<\/a><div class=\"wp-block-latest-posts__post-excerpt\">El alumnado de 2\u00ba de Primaria ha disfrutado de un encuentro muy especial con el autor Pepe Maestro, de la mano de la entidad especializada en la gesti\u00f3n de [&hellip;]<\/div><\/li>\n<li><div class=\"wp-block-latest-posts__featured-image\"><img width=\"150\" height=\"150\" src=\"https:\/\/cpzizur.educacion.navarra.es\/web1\/wp-content\/uploads\/2026\/03\/IMG_0391-150x150.jpg\" class=\"attachment-thumbnail size-thumbnail wp-post-image\" alt=\"\" loading=\"lazy\" style=\"\" \/><\/div><a href=\"https:\/\/cpzizur.educacion.navarra.es\/web1\/blog\/2026\/03\/10\/salida-a-panasa\/\">SALIDA A PANASA<\/a><div class=\"wp-block-latest-posts__post-excerpt\">\u00a1El alumnado de 4\u00ba de Primaria hemos disfrutado de una ma\u00f1ana incre\u00edble en la f\u00e1brica de Panasa (Taberna)! Entre harinas y acertijos, hemos superado un divertido escape room, hemos [&hellip;]<\/div><\/li>\n<li><div class=\"wp-block-latest-posts__featured-image\"><img width=\"150\" height=\"150\" src=\"https:\/\/cpzizur.educacion.navarra.es\/web1\/wp-content\/uploads\/2026\/03\/IMG_20260205_123244-150x150.jpg\" class=\"attachment-thumbnail size-thumbnail wp-post-image\" alt=\"\" loading=\"lazy\" style=\"\" \/><\/div><a href=\"https:\/\/cpzizur.educacion.navarra.es\/web1\/blog\/2026\/03\/06\/santa-ageda-bezpera-dugu\/\">Santa Ageda bezpera dugu<\/a><div class=\"wp-block-latest-posts__post-excerpt\">El pasado 4 de febrero y con motivo de la celebraci\u00f3n de Santa \u00c1gueda, todos los cursos del colegio participaron en una actividad especial llena de tradici\u00f3n y entusiasmo. [&hellip;]<\/div><\/li>\n<li><div class=\"wp-block-latest-posts__featured-image\"><img width=\"150\" height=\"150\" src=\"https:\/\/cpzizur.educacion.navarra.es\/web1\/wp-content\/uploads\/2026\/02\/Neitral-Moodboard-Photo-Collage-Instagram-Story-1-150x150.jpg\" class=\"attachment-thumbnail size-thumbnail wp-post-image\" alt=\"\" loading=\"lazy\" style=\"\" \/><\/div><a href=\"https:\/\/cpzizur.educacion.navarra.es\/web1\/blog\/2026\/02\/12\/creative-minds-in-action-6th-grade\/\">Creative minds in action 6th grade<\/a><div class=\"wp-block-latest-posts__post-excerpt\">El alumnado de 6.\u00ba de Educaci\u00f3n Primaria ha trabajado diferentes dise\u00f1os creativos a trav\u00e9s de proyectos en los que el arte y la tecnolog\u00eda se combinan como herramientas de [&hellip;]<\/div><\/li>\n<li><div class=\"wp-block-latest-posts__featured-image\"><img width=\"150\" height=\"150\" src=\"https:\/\/cpzizur.educacion.navarra.es\/web1\/wp-content\/uploads\/2026\/02\/IMG_20260130_123310-2-150x150.jpg\" class=\"attachment-thumbnail size-thumbnail wp-post-image\" alt=\"\" loading=\"lazy\" style=\"\" \/><\/div><a href=\"https:\/\/cpzizur.educacion.navarra.es\/web1\/blog\/2026\/02\/12\/carrera-solidaria-con-save-the-children\/\">CARRERA SOLIDARIA CON SAVE THE CHILDREN<\/a><div class=\"wp-block-latest-posts__post-excerpt\">El pasado viernes 30 de enero, con motivo del D\u00eda Internacional de la Paz, el colegio se vi\u00f3 inmerso en un proyecto colaborativo con la ONG Save The Children. [&hellip;]<\/div><\/li>\n<li><div class=\"wp-block-latest-posts__featured-image\"><img width=\"150\" height=\"150\" src=\"https:\/\/cpzizur.educacion.navarra.es\/web1\/wp-content\/uploads\/2026\/01\/IMG_9035-150x150.jpeg\" class=\"attachment-thumbnail size-thumbnail wp-post-image\" alt=\"\" loading=\"lazy\" style=\"\" \/><\/div><a href=\"https:\/\/cpzizur.educacion.navarra.es\/web1\/blog\/2026\/01\/27\/cuentacuentos-con-maricuela\/\">CUENTACUENTOS CON MARICUELA<\/a><div class=\"wp-block-latest-posts__post-excerpt\">El martes 13 de enero vino a visitarnos un cuentacuentos (Maricuela), regal\u00e1ndonos una sesi\u00f3n llena de imaginaci\u00f3n, historias divertidas, acertijos y literatura. Durante la actividad, el alumnado se sumergi\u00f3 [&hellip;]<\/div><\/li>\n<li><div class=\"wp-block-latest-posts__featured-image\"><img width=\"150\" height=\"150\" src=\"https:\/\/cpzizur.educacion.navarra.es\/web1\/wp-content\/uploads\/2026\/01\/IMG_20260123_101926-150x150.jpg\" class=\"attachment-thumbnail size-thumbnail wp-post-image\" alt=\"\" loading=\"lazy\" style=\"\" \/><\/div><a href=\"https:\/\/cpzizur.educacion.navarra.es\/web1\/blog\/2026\/01\/27\/salida-al-ayuntamiento-de-pamplona\/\">SALIDA AL AYUNTAMIENTO DE PAMPLONA<\/a><div class=\"wp-block-latest-posts__post-excerpt\">El pasado viernes 26 de enero, el alumnado de 1\u00ba de primaria tuvo su primera salida al Ayuntamiento de Pamplona, con el objetivo de terminar el s\u00faper proyecto que [&hellip;]<\/div><\/li>\n<li><div class=\"wp-block-latest-posts__featured-image\"><img width=\"150\" height=\"150\" src=\"https:\/\/cpzizur.educacion.navarra.es\/web1\/wp-content\/uploads\/2026\/01\/1oEP-150x150.jpg\" class=\"attachment-thumbnail size-thumbnail wp-post-image\" alt=\"\" loading=\"lazy\" style=\"\" \/><\/div><a href=\"https:\/\/cpzizur.educacion.navarra.es\/web1\/blog\/2026\/01\/16\/navidad-en-el-colegio\/\">NAVIDAD EN EL COLEGIO<\/a><div class=\"wp-block-latest-posts__post-excerpt\">El \u00faltimo d\u00eda de 2025 en nuestro colegio fue muy especial y estuvo lleno de alegr\u00eda. Recibimos la visita del Olentzero, los pajes de los Reyes Magos y Pap\u00e1 [&hellip;]<\/div><\/li>\n<li><div class=\"wp-block-latest-posts__featured-image\"><img width=\"150\" height=\"150\" src=\"https:\/\/cpzizur.educacion.navarra.es\/web1\/wp-content\/uploads\/2026\/01\/IMG_20251212_103954-150x150.jpg\" class=\"attachment-thumbnail size-thumbnail wp-post-image\" alt=\"\" loading=\"lazy\" style=\"\" \/><\/div><a href=\"https:\/\/cpzizur.educacion.navarra.es\/web1\/blog\/2026\/01\/13\/me-piro-a-currar\/\">ME PIRO A CURRAR<\/a><div class=\"wp-block-latest-posts__post-excerpt\">En el pasado mes de diciembre algunos cursos tuvimos la suerte de recibir la visita de dos personas pertenecientes a una comunidad que nos ha estado acompa\u00f1ado durante cientos [&hellip;]<\/div><\/li>\n<li><div class=\"wp-block-latest-posts__featured-image\"><img width=\"150\" height=\"150\" src=\"https:\/\/cpzizur.educacion.navarra.es\/web1\/wp-content\/uploads\/2025\/12\/IMG_20251209_093633-1-150x150.jpg\" class=\"attachment-thumbnail size-thumbnail wp-post-image\" alt=\"\" loading=\"lazy\" style=\"\" \/><\/div><a href=\"https:\/\/cpzizur.educacion.navarra.es\/web1\/blog\/2025\/12\/18\/talleres-familiares-2o-ei\/\">Talleres familiares 2\u00ba EI<\/a><div class=\"wp-block-latest-posts__post-excerpt\">Durante este primer trimestre hemos realizado talleres sobre profesiones con las familias. Hemos aprendido cosas de los polic\u00edas con Alberto, de las matronas con Laura, de las peluqueras con [&hellip;]<\/div><\/li>\n<li><div class=\"wp-block-latest-posts__featured-image\"><img width=\"150\" height=\"150\" src=\"https:\/\/cpzizur.educacion.navarra.es\/web1\/wp-content\/uploads\/2025\/12\/IMG_20251209_122437-1-150x150.jpg\" class=\"attachment-thumbnail size-thumbnail wp-post-image\" alt=\"\" loading=\"lazy\" style=\"\" \/><\/div><a href=\"https:\/\/cpzizur.educacion.navarra.es\/web1\/blog\/2025\/12\/18\/proyecto-del-camino-de-santiago-3oep\/\">Proyecto del Camino de Santiago 3\u00baEP<\/a><div class=\"wp-block-latest-posts__post-excerpt\">El alumnado de 3\u00ba de Educaci\u00f3n Primaria ha trabajado durante las \u00faltimas semanas en un interesante proyecto sobre el Camino de Santiago. A trav\u00e9s de esta experiencia, han podido [&hellip;]<\/div><\/li>\n<li><div class=\"wp-block-latest-posts__featured-image\"><img width=\"150\" height=\"150\" src=\"https:\/\/cpzizur.educacion.navarra.es\/web1\/wp-content\/uploads\/2025\/12\/IMG-20251111-WA0011-150x150.jpg\" class=\"attachment-thumbnail size-thumbnail wp-post-image\" alt=\"\" loading=\"lazy\" style=\"\" \/><\/div><a href=\"https:\/\/cpzizur.educacion.navarra.es\/web1\/blog\/2025\/12\/12\/dia-mexicano-en-el-comedor\/\">D\u00cdA MEXICANO EN EL COMEDOR<\/a><div class=\"wp-block-latest-posts__post-excerpt\">\u00a1Hola a todos y todas!&nbsp; El d\u00eda 11 de noviembre seccelebr\u00f3 el d\u00eda mexicano en el comedor para trabajar la gastronom\u00eda de otros pa\u00edses.&nbsp; Os dejamos algunas fotos para [&hellip;]<\/div><\/li>\n<li><div class=\"wp-block-latest-posts__featured-image\"><img width=\"150\" height=\"150\" src=\"https:\/\/cpzizur.educacion.navarra.es\/web1\/wp-content\/uploads\/2025\/12\/si-1-150x150.jpg\" class=\"attachment-thumbnail size-thumbnail wp-post-image\" alt=\"\" loading=\"lazy\" style=\"\" \/><\/div><a href=\"https:\/\/cpzizur.educacion.navarra.es\/web1\/blog\/2025\/12\/10\/taller-de-sensibilizacion\/\">Taller de sensibilizaci\u00f3n sobre discapacidad visual<\/a><div class=\"wp-block-latest-posts__post-excerpt\">Este mes de noviembre han empezado en el cole los talleres de sensibilizaci\u00f3n sobre la diversidad y en concreto sobre discapacidad visual.&nbsp; En infantil se han realizado talleres para [&hellip;]<\/div><\/li>\n<li><div class=\"wp-block-latest-posts__featured-image\"><img width=\"150\" height=\"150\" src=\"https:\/\/cpzizur.educacion.navarra.es\/web1\/wp-content\/uploads\/2025\/12\/Si-150x150.jpg\" class=\"attachment-thumbnail size-thumbnail wp-post-image\" alt=\"\" loading=\"lazy\" style=\"\" \/><\/div><a href=\"https:\/\/cpzizur.educacion.navarra.es\/web1\/blog\/2025\/12\/10\/ludoteca-tartalo-1o-ep\/\">Ludoteca Tartalo 1\u00ba EP<\/a><div class=\"wp-block-latest-posts__post-excerpt\">Los pasados lunes 20 y 27 de octubre, el alumnado de 1\u00ba EP tuvo la oportunidad de conocer la ludoteca Tartalo de Zizur. Aprendimos las normas de su funcionamiento [&hellip;]<\/div><\/li>\n<li><div class=\"wp-block-latest-posts__featured-image\"><img width=\"150\" height=\"150\" src=\"https:\/\/cpzizur.educacion.navarra.es\/web1\/wp-content\/uploads\/2025\/12\/IMG-20251112-WA0008-1-150x150.jpg\" class=\"attachment-thumbnail size-thumbnail wp-post-image\" alt=\"\" loading=\"lazy\" style=\"\" \/><\/div><a href=\"https:\/\/cpzizur.educacion.navarra.es\/web1\/blog\/2025\/12\/09\/visita-a-la-policia-municipal-de-zizur\/\">Visita a la Polic\u00eda Municipal de Zizur<\/a><div class=\"wp-block-latest-posts__post-excerpt\">El alumnado de 2\u00ba de infantil ha visitado a la Polic\u00eda Municipal de Zizur. Entre otras cosas nos han ense\u00f1ado sus coches, motos e incluso el equipamiento que utilizan. [&hellip;]<\/div><\/li>\n<li><div class=\"wp-block-latest-posts__featured-image\"><img width=\"150\" height=\"150\" src=\"https:\/\/cpzizur.educacion.navarra.es\/web1\/wp-content\/uploads\/2025\/12\/IMG_6753-150x150.jpg\" class=\"attachment-thumbnail size-thumbnail wp-post-image\" alt=\"\" loading=\"lazy\" style=\"\" \/><\/div><a href=\"https:\/\/cpzizur.educacion.navarra.es\/web1\/blog\/2025\/12\/05\/familia-tailerra\/\">FAMILIA TAILERRA<\/a><div class=\"wp-block-latest-posts__post-excerpt\">Atzo, Jes\u00fas, 4 urteko aita baten bisita izan dugu eta ipuin polit bat kontatu digu.\u201cBURGI ETA PIJAMA FESTA\u201d hain zuzen ere. Oso gustora egon ginen eta primeran pasa genuen.. [&hellip;]<\/div><\/li>\n<\/ul>","protected":false},"excerpt":{"rendered":"","protected":false},"author":1,"featured_media":21062,"parent":0,"menu_order":0,"comment_status":"closed","ping_status":"closed","template":"","meta":{"_genesis_hide_title":false,"_genesis_hide_breadcrumbs":false,"_genesis_hide_singular_image":false,"_genesis_hide_footer_widgets":false,"_genesis_custom_body_class":"","_genesis_custom_post_class":"","_genesis_layout":""},"_links":{"self":[{"href":"https:\/\/cpzizur.educacion.navarra.es\/web1\/wp-json\/wp\/v2\/pages\/21092"}],"collection":[{"href":"https:\/\/cpzizur.educacion.navarra.es\/web1\/wp-json\/wp\/v2\/pages"}],"about":[{"href":"https:\/\/cpzizur.educacion.navarra.es\/web1\/wp-json\/wp\/v2\/types\/page"}],"author":[{"embeddable":true,"href":"https:\/\/cpzizur.educacion.navarra.es\/web1\/wp-json\/wp\/v2\/users\/1"}],"replies":[{"embeddable":true,"href":"https:\/\/cpzizur.educacion.navarra.es\/web1\/wp-json\/wp\/v2\/comments?post=21092"}],"version-history":[{"count":2,"href":"https:\/\/cpzizur.educacion.navarra.es\/web1\/wp-json\/wp\/v2\/pages\/21092\/revisions"}],"predecessor-version":[{"id":21094,"href":"https:\/\/cpzizur.educacion.navarra.es\/web1\/wp-json\/wp\/v2\/pages\/21092\/revisions\/21094"}],"wp:featuredmedia":[{"embeddable":true,"href":"https:\/\/cpzizur.educacion.navarra.es\/web1\/wp-json\/wp\/v2\/media\/21062"}],"wp:attachment":[{"href":"https:\/\/cpzizur.educacion.navarra.es\/web1\/wp-json\/wp\/v2\/media?parent=21092"}],"curies":[{"name":"wp","href":"https:\/\/api.w.org\/{rel}","templated":true}]}}