{"id":194,"date":"2017-03-30T12:23:04","date_gmt":"2017-03-30T10:23:04","guid":{"rendered":"https:\/\/cpzizur.educacion.navarra.es\/web1\/?page_id=194"},"modified":"2026-01-19T11:32:50","modified_gmt":"2026-01-19T10:32:50","slug":"194-2","status":"publish","type":"page","link":"https:\/\/cpzizur.educacion.navarra.es\/web1\/194-2\/","title":{"rendered":"Plan tutorial"},"content":{"rendered":"\n<p>La orientaci\u00f3n y la acci\u00f3n tutorial acompa\u00f1an a la educaci\u00f3n individual y colectiva del alumnado, fomentando el respeto la cooperaci\u00f3n y la integraci\u00f3n. La tutor\u00eda se considera una parte de la actividad orientadora y contempla los siguientes objetivos:<\/p>\n\n\n\n<figure class=\"wp-block-image size-large is-style-default\"><img loading=\"lazy\" width=\"1024\" height=\"684\" src=\"https:\/\/cpzizur.educacion.navarra.es\/web1\/wp-content\/uploads\/2026\/01\/image-2-1024x684.png\" alt=\"\" class=\"wp-image-21905\" srcset=\"https:\/\/cpzizur.educacion.navarra.es\/web1\/wp-content\/uploads\/2026\/01\/image-2-1024x684.png 1024w, https:\/\/cpzizur.educacion.navarra.es\/web1\/wp-content\/uploads\/2026\/01\/image-2-300x201.png 300w, https:\/\/cpzizur.educacion.navarra.es\/web1\/wp-content\/uploads\/2026\/01\/image-2-768x513.png 768w, https:\/\/cpzizur.educacion.navarra.es\/web1\/wp-content\/uploads\/2026\/01\/image-2.png 1194w\" sizes=\"(max-width: 1024px) 100vw, 1024px\" \/><\/figure>\n\n\n\n<figure class=\"wp-block-table is-style-stripes\"><table><tbody><tr><td><strong>OBJETIVOS<\/strong><\/td><\/tr><tr><td>Contribuir a la personalizaci\u00f3n e individualizaci\u00f3n de la educaci\u00f3n favoreciendo el desarrollo integral del alumnado.<\/td><\/tr><tr><td>Ajustar la respuesta educativa a las necesidades educativas del alumnado mediante adaptaciones curriculares y metodol\u00f3gicas.<\/td><\/tr><tr><td>Favorecer la adquisici\u00f3n de aprendizajes funcionales conectados con el entorno atendiendo al contexto real del alumnado.<\/td><\/tr><tr><td>Favorecer los procesos de madurez personal, de autoestima, autoconocimiento y de integraci\u00f3n en el grupo y en la din\u00e1mica escolar.<\/td><\/tr><tr><td>Prevenir las dificultades de aprendizaje y no s\u00f3lo asistirlas cuando se produzcan, anticip\u00e1ndose a ellas y evitando el fracaso y la inadaptaci\u00f3n escolar.<\/td><\/tr><tr><td>Contribuir a la adecuada relaci\u00f3n entre los distintos integrantes de la Comunidad Educativa: profesorado, alumnado y familias, as\u00ed como entre la comunidad educativa y el entorno social, asumiendo el papel de mediador frente a los conflictos que se puedan plantear.<\/td><\/tr><\/tbody><\/table><\/figure>\n","protected":false},"excerpt":{"rendered":"<p>La orientaci\u00f3n y la acci\u00f3n tutorial acompa\u00f1an a la educaci\u00f3n individual y colectiva del alumnado, fomentando el respeto la cooperaci\u00f3n y la integraci\u00f3n. La tutor\u00eda se considera una parte de la actividad orientadora y contempla los siguientes objetivos: OBJETIVOS Contribuir a la personalizaci\u00f3n e individualizaci\u00f3n de la educaci\u00f3n favoreciendo el desarrollo integral del alumnado. Ajustar [&hellip;]<\/p>\n","protected":false},"author":1,"featured_media":0,"parent":0,"menu_order":0,"comment_status":"closed","ping_status":"closed","template":"","meta":{"_genesis_hide_title":false,"_genesis_hide_breadcrumbs":false,"_genesis_hide_singular_image":false,"_genesis_hide_footer_widgets":false,"_genesis_custom_body_class":"","_genesis_custom_post_class":"","_genesis_layout":""},"_links":{"self":[{"href":"https:\/\/cpzizur.educacion.navarra.es\/web1\/wp-json\/wp\/v2\/pages\/194"}],"collection":[{"href":"https:\/\/cpzizur.educacion.navarra.es\/web1\/wp-json\/wp\/v2\/pages"}],"about":[{"href":"https:\/\/cpzizur.educacion.navarra.es\/web1\/wp-json\/wp\/v2\/types\/page"}],"author":[{"embeddable":true,"href":"https:\/\/cpzizur.educacion.navarra.es\/web1\/wp-json\/wp\/v2\/users\/1"}],"replies":[{"embeddable":true,"href":"https:\/\/cpzizur.educacion.navarra.es\/web1\/wp-json\/wp\/v2\/comments?post=194"}],"version-history":[{"count":8,"href":"https:\/\/cpzizur.educacion.navarra.es\/web1\/wp-json\/wp\/v2\/pages\/194\/revisions"}],"predecessor-version":[{"id":21992,"href":"https:\/\/cpzizur.educacion.navarra.es\/web1\/wp-json\/wp\/v2\/pages\/194\/revisions\/21992"}],"wp:attachment":[{"href":"https:\/\/cpzizur.educacion.navarra.es\/web1\/wp-json\/wp\/v2\/media?parent=194"}],"curies":[{"name":"wp","href":"https:\/\/api.w.org\/{rel}","templated":true}]}}