{"id":17669,"date":"2023-06-05T12:32:09","date_gmt":"2023-06-05T10:32:09","guid":{"rendered":"https:\/\/cpzizur.educacion.navarra.es\/web1\/?page_id=17669"},"modified":"2023-06-05T12:34:14","modified_gmt":"2023-06-05T10:34:14","slug":"los-proyectos-de-mayo-en-3-anos","status":"publish","type":"page","link":"https:\/\/cpzizur.educacion.navarra.es\/web1\/los-proyectos-de-mayo-en-3-anos\/","title":{"rendered":"Los proyectos de Mayo en 3 a\u00f1os"},"content":{"rendered":"\n<p><\/p>\n\n\n\n<p><strong>Empezamos un nuevo proyecto sobre la granja:<\/strong>\u00a0<\/p>\n\n\n\n<figure class=\"wp-block-gallery has-nested-images columns-default is-cropped\">\n<figure class=\"wp-block-image size-large\"><a href=\"https:\/\/cpzizur.educacion.navarra.es\/web1\/wp-content\/uploads\/2023\/06\/IMG_3933.jpg\" target=\"_blank\" rel=\"noopener\"><img loading=\"lazy\" width=\"1512\" height=\"1896\" data-id=\"17670\"  src=\"https:\/\/cpzizur.educacion.navarra.es\/web1\/wp-content\/uploads\/2023\/06\/IMG_3933.jpg\" alt=\"\" class=\"wp-image-17670\" srcset=\"https:\/\/cpzizur.educacion.navarra.es\/web1\/wp-content\/uploads\/2023\/06\/IMG_3933.jpg 1512w, https:\/\/cpzizur.educacion.navarra.es\/web1\/wp-content\/uploads\/2023\/06\/IMG_3933-239x300.jpg 239w, https:\/\/cpzizur.educacion.navarra.es\/web1\/wp-content\/uploads\/2023\/06\/IMG_3933-817x1024.jpg 817w, https:\/\/cpzizur.educacion.navarra.es\/web1\/wp-content\/uploads\/2023\/06\/IMG_3933-768x963.jpg 768w, https:\/\/cpzizur.educacion.navarra.es\/web1\/wp-content\/uploads\/2023\/06\/IMG_3933-1225x1536.jpg 1225w\" sizes=\"(max-width: 1512px) 100vw, 1512px\" \/><\/a><\/figure>\n\n\n\n<figure class=\"wp-block-image size-large\"><a href=\"https:\/\/cpzizur.educacion.navarra.es\/web1\/wp-content\/uploads\/2023\/06\/IMG_3922.jpg\" target=\"_blank\" rel=\"noopener\"><img loading=\"lazy\" width=\"1368\" height=\"1792\" data-id=\"17672\"  src=\"https:\/\/cpzizur.educacion.navarra.es\/web1\/wp-content\/uploads\/2023\/06\/IMG_3922.jpg\" alt=\"\" class=\"wp-image-17672\" srcset=\"https:\/\/cpzizur.educacion.navarra.es\/web1\/wp-content\/uploads\/2023\/06\/IMG_3922.jpg 1368w, https:\/\/cpzizur.educacion.navarra.es\/web1\/wp-content\/uploads\/2023\/06\/IMG_3922-229x300.jpg 229w, https:\/\/cpzizur.educacion.navarra.es\/web1\/wp-content\/uploads\/2023\/06\/IMG_3922-782x1024.jpg 782w, https:\/\/cpzizur.educacion.navarra.es\/web1\/wp-content\/uploads\/2023\/06\/IMG_3922-768x1006.jpg 768w, https:\/\/cpzizur.educacion.navarra.es\/web1\/wp-content\/uploads\/2023\/06\/IMG_3922-1173x1536.jpg 1173w\" sizes=\"(max-width: 1368px) 100vw, 1368px\" \/><\/a><\/figure>\n\n\n\n<figure class=\"wp-block-image size-large\"><a href=\"https:\/\/cpzizur.educacion.navarra.es\/web1\/wp-content\/uploads\/2023\/06\/IMG_3918.jpg\" target=\"_blank\" rel=\"noopener\"><img loading=\"lazy\" width=\"1254\" height=\"1746\" data-id=\"17671\"  src=\"https:\/\/cpzizur.educacion.navarra.es\/web1\/wp-content\/uploads\/2023\/06\/IMG_3918.jpg\" alt=\"\" class=\"wp-image-17671\" srcset=\"https:\/\/cpzizur.educacion.navarra.es\/web1\/wp-content\/uploads\/2023\/06\/IMG_3918.jpg 1254w, https:\/\/cpzizur.educacion.navarra.es\/web1\/wp-content\/uploads\/2023\/06\/IMG_3918-215x300.jpg 215w, https:\/\/cpzizur.educacion.navarra.es\/web1\/wp-content\/uploads\/2023\/06\/IMG_3918-735x1024.jpg 735w, https:\/\/cpzizur.educacion.navarra.es\/web1\/wp-content\/uploads\/2023\/06\/IMG_3918-768x1069.jpg 768w, https:\/\/cpzizur.educacion.navarra.es\/web1\/wp-content\/uploads\/2023\/06\/IMG_3918-1103x1536.jpg 1103w\" sizes=\"(max-width: 1254px) 100vw, 1254px\" \/><\/a><\/figure>\n<\/figure>\n\n\n\n<p>Las alumnas y los alumnos de 3 a\u00f1os siguieron unas curiosas huellas que les llevaron hasta una misteriosa cesta que conten\u00eda un huevo, \u00bfDe qu\u00e9 animal ser\u00eda? \u00bfC\u00f3mo habr\u00eda llegado hasta aqu\u00ed? Tras observar las huellas, observar el huevo y pensar y dialogar entre todos y todas las posibles respuestas, por fin lo averiguamos, \u00a1era un huevo de gallina! Pero, a\u00fan as\u00ed, segu\u00eda siendo todo un poco raro, porque, como un alumno se\u00f1al\u00f3, las gallinas no viven en el colegio las gallinas viven en la granja.\u00a0Fue entonces cuando decidimos comenzar a investigar y aprender m\u00e1s sobre la granja y algunos de los animales que viven en ella: la gallina, el cerdo, la vaca, el caballo y la oveja. Para ello, pedimos ayuda tambi\u00e9n a nuestras familias, quienes han colaborado aportando muchos materiales e informaci\u00f3n s\u00faper interesante. \u00a1Muchas gracias familias!<\/p>\n\n\n\n<p><strong>Decoramos nuestra puerta:<\/strong><\/p>\n\n\n\n<figure class=\"wp-block-gallery has-nested-images columns-4 is-cropped\">\n<figure class=\"wp-block-image size-large\"><a href=\"https:\/\/cpzizur.educacion.navarra.es\/web1\/wp-content\/uploads\/2023\/06\/image0-rotated.jpeg\" target=\"_blank\" rel=\"noopener\"><img loading=\"lazy\" width=\"1500\" height=\"2000\" data-id=\"17675\"  src=\"https:\/\/cpzizur.educacion.navarra.es\/web1\/wp-content\/uploads\/2023\/06\/image0-rotated.jpeg\" alt=\"\" class=\"wp-image-17675\" srcset=\"https:\/\/cpzizur.educacion.navarra.es\/web1\/wp-content\/uploads\/2023\/06\/image0-rotated.jpeg 1500w, https:\/\/cpzizur.educacion.navarra.es\/web1\/wp-content\/uploads\/2023\/06\/image0-225x300.jpeg 225w, https:\/\/cpzizur.educacion.navarra.es\/web1\/wp-content\/uploads\/2023\/06\/image0-768x1024.jpeg 768w, https:\/\/cpzizur.educacion.navarra.es\/web1\/wp-content\/uploads\/2023\/06\/image0-1152x1536.jpeg 1152w\" sizes=\"(max-width: 1500px) 100vw, 1500px\" \/><\/a><\/figure>\n\n\n\n<figure class=\"wp-block-image size-large\"><a href=\"https:\/\/cpzizur.educacion.navarra.es\/web1\/wp-content\/uploads\/2023\/06\/image2.jpeg\" target=\"_blank\" rel=\"noopener\"><img loading=\"lazy\" width=\"2000\" height=\"1500\" data-id=\"17674\"  src=\"https:\/\/cpzizur.educacion.navarra.es\/web1\/wp-content\/uploads\/2023\/06\/image2.jpeg\" alt=\"\" class=\"wp-image-17674\" srcset=\"https:\/\/cpzizur.educacion.navarra.es\/web1\/wp-content\/uploads\/2023\/06\/image2.jpeg 2000w, https:\/\/cpzizur.educacion.navarra.es\/web1\/wp-content\/uploads\/2023\/06\/image2-300x225.jpeg 300w, https:\/\/cpzizur.educacion.navarra.es\/web1\/wp-content\/uploads\/2023\/06\/image2-1024x768.jpeg 1024w, https:\/\/cpzizur.educacion.navarra.es\/web1\/wp-content\/uploads\/2023\/06\/image2-768x576.jpeg 768w, https:\/\/cpzizur.educacion.navarra.es\/web1\/wp-content\/uploads\/2023\/06\/image2-1536x1152.jpeg 1536w\" sizes=\"(max-width: 2000px) 100vw, 2000px\" \/><\/a><\/figure>\n\n\n\n<figure class=\"wp-block-image size-large\"><a href=\"https:\/\/cpzizur.educacion.navarra.es\/web1\/wp-content\/uploads\/2023\/06\/image1-1.jpeg\" target=\"_blank\" rel=\"noopener\"><img loading=\"lazy\" width=\"2000\" height=\"1500\" data-id=\"17673\"  src=\"https:\/\/cpzizur.educacion.navarra.es\/web1\/wp-content\/uploads\/2023\/06\/image1-1.jpeg\" alt=\"\" class=\"wp-image-17673\" srcset=\"https:\/\/cpzizur.educacion.navarra.es\/web1\/wp-content\/uploads\/2023\/06\/image1-1.jpeg 2000w, https:\/\/cpzizur.educacion.navarra.es\/web1\/wp-content\/uploads\/2023\/06\/image1-1-300x225.jpeg 300w, https:\/\/cpzizur.educacion.navarra.es\/web1\/wp-content\/uploads\/2023\/06\/image1-1-1024x768.jpeg 1024w, https:\/\/cpzizur.educacion.navarra.es\/web1\/wp-content\/uploads\/2023\/06\/image1-1-768x576.jpeg 768w, https:\/\/cpzizur.educacion.navarra.es\/web1\/wp-content\/uploads\/2023\/06\/image1-1-1536x1152.jpeg 1536w\" sizes=\"(max-width: 2000px) 100vw, 2000px\" \/><\/a><\/figure>\n\n\n\n<figure class=\"wp-block-image size-large\"><a href=\"https:\/\/cpzizur.educacion.navarra.es\/web1\/wp-content\/uploads\/2023\/06\/image3-rotated.jpeg\" target=\"_blank\" rel=\"noopener\"><img loading=\"lazy\" width=\"1512\" height=\"2016\" data-id=\"17676\"  src=\"https:\/\/cpzizur.educacion.navarra.es\/web1\/wp-content\/uploads\/2023\/06\/image3-rotated.jpeg\" alt=\"\" class=\"wp-image-17676\" srcset=\"https:\/\/cpzizur.educacion.navarra.es\/web1\/wp-content\/uploads\/2023\/06\/image3-rotated.jpeg 1512w, https:\/\/cpzizur.educacion.navarra.es\/web1\/wp-content\/uploads\/2023\/06\/image3-225x300.jpeg 225w, https:\/\/cpzizur.educacion.navarra.es\/web1\/wp-content\/uploads\/2023\/06\/image3-768x1024.jpeg 768w, https:\/\/cpzizur.educacion.navarra.es\/web1\/wp-content\/uploads\/2023\/06\/image3-1152x1536.jpeg 1152w\" sizes=\"(max-width: 1512px) 100vw, 1512px\" \/><\/a><\/figure>\n<\/figure>\n\n\n\n<p><strong>Creamos nuestro propio rinc\u00f3n de la granja en clase con ayuda de las familias:<\/strong><\/p>\n\n\n\n<figure class=\"wp-block-gallery has-nested-images columns-3 is-cropped\">\n<figure class=\"wp-block-image size-large\"><a href=\"https:\/\/cpzizur.educacion.navarra.es\/web1\/wp-content\/uploads\/2023\/06\/image4.jpeg\" target=\"_blank\" rel=\"noopener\"><img loading=\"lazy\" width=\"1512\" height=\"2016\" data-id=\"17679\"  src=\"https:\/\/cpzizur.educacion.navarra.es\/web1\/wp-content\/uploads\/2023\/06\/image4.jpeg\" alt=\"\" class=\"wp-image-17679\" srcset=\"https:\/\/cpzizur.educacion.navarra.es\/web1\/wp-content\/uploads\/2023\/06\/image4.jpeg 1512w, https:\/\/cpzizur.educacion.navarra.es\/web1\/wp-content\/uploads\/2023\/06\/image4-225x300.jpeg 225w, https:\/\/cpzizur.educacion.navarra.es\/web1\/wp-content\/uploads\/2023\/06\/image4-768x1024.jpeg 768w, https:\/\/cpzizur.educacion.navarra.es\/web1\/wp-content\/uploads\/2023\/06\/image4-1152x1536.jpeg 1152w\" sizes=\"(max-width: 1512px) 100vw, 1512px\" \/><\/a><\/figure>\n\n\n\n<figure class=\"wp-block-image size-large\"><a href=\"https:\/\/cpzizur.educacion.navarra.es\/web1\/wp-content\/uploads\/2023\/06\/image6.jpeg\" target=\"_blank\" rel=\"noopener\"><img loading=\"lazy\" width=\"1512\" height=\"2016\" data-id=\"17677\"  src=\"https:\/\/cpzizur.educacion.navarra.es\/web1\/wp-content\/uploads\/2023\/06\/image6.jpeg\" alt=\"\" class=\"wp-image-17677\" srcset=\"https:\/\/cpzizur.educacion.navarra.es\/web1\/wp-content\/uploads\/2023\/06\/image6.jpeg 1512w, https:\/\/cpzizur.educacion.navarra.es\/web1\/wp-content\/uploads\/2023\/06\/image6-225x300.jpeg 225w, https:\/\/cpzizur.educacion.navarra.es\/web1\/wp-content\/uploads\/2023\/06\/image6-768x1024.jpeg 768w, https:\/\/cpzizur.educacion.navarra.es\/web1\/wp-content\/uploads\/2023\/06\/image6-1152x1536.jpeg 1152w\" sizes=\"(max-width: 1512px) 100vw, 1512px\" \/><\/a><\/figure>\n\n\n\n<figure class=\"wp-block-image size-large\"><a href=\"https:\/\/cpzizur.educacion.navarra.es\/web1\/wp-content\/uploads\/2023\/06\/image7.jpeg\" target=\"_blank\" rel=\"noopener\"><img loading=\"lazy\" width=\"1904\" height=\"1510\" data-id=\"17680\"  src=\"https:\/\/cpzizur.educacion.navarra.es\/web1\/wp-content\/uploads\/2023\/06\/image7.jpeg\" alt=\"\" class=\"wp-image-17680\" srcset=\"https:\/\/cpzizur.educacion.navarra.es\/web1\/wp-content\/uploads\/2023\/06\/image7.jpeg 1904w, https:\/\/cpzizur.educacion.navarra.es\/web1\/wp-content\/uploads\/2023\/06\/image7-300x238.jpeg 300w, https:\/\/cpzizur.educacion.navarra.es\/web1\/wp-content\/uploads\/2023\/06\/image7-1024x812.jpeg 1024w, https:\/\/cpzizur.educacion.navarra.es\/web1\/wp-content\/uploads\/2023\/06\/image7-768x609.jpeg 768w, https:\/\/cpzizur.educacion.navarra.es\/web1\/wp-content\/uploads\/2023\/06\/image7-1536x1218.jpeg 1536w\" sizes=\"(max-width: 1904px) 100vw, 1904px\" \/><\/a><\/figure>\n<\/figure>\n\n\n\n<p><strong>Nuestro compa\u00f1ero Thiago nos hizo una exposici\u00f3n oral sobre el cerdo y nos ense\u00f1\u00f3 el mural tan chulo que hab\u00eda hecho en casa con su mam\u00e1:<\/strong><\/p>\n\n\n\n<figure class=\"wp-block-image size-large\"><img loading=\"lazy\" width=\"1024\" height=\"928\" src=\"https:\/\/cpzizur.educacion.navarra.es\/web1\/wp-content\/uploads\/2023\/06\/image5-1024x928.jpeg\" alt=\"\" class=\"wp-image-17678\" srcset=\"https:\/\/cpzizur.educacion.navarra.es\/web1\/wp-content\/uploads\/2023\/06\/image5-1024x928.jpeg 1024w, https:\/\/cpzizur.educacion.navarra.es\/web1\/wp-content\/uploads\/2023\/06\/image5-300x272.jpeg 300w, https:\/\/cpzizur.educacion.navarra.es\/web1\/wp-content\/uploads\/2023\/06\/image5-768x696.jpeg 768w, https:\/\/cpzizur.educacion.navarra.es\/web1\/wp-content\/uploads\/2023\/06\/image5-1536x1392.jpeg 1536w, https:\/\/cpzizur.educacion.navarra.es\/web1\/wp-content\/uploads\/2023\/06\/image5.jpeg 1662w\" sizes=\"(max-width: 1024px) 100vw, 1024px\" \/><\/figure>\n\n\n\n<p><strong>\u00a1Tambi\u00e9n orde\u00f1amos a la vaca Lola!<\/strong><\/p>\n\n\n\n<figure class=\"wp-block-gallery has-nested-images columns-4 is-cropped\">\n<figure class=\"wp-block-image size-large\"><a href=\"https:\/\/cpzizur.educacion.navarra.es\/web1\/wp-content\/uploads\/2023\/06\/image10.jpg\" target=\"_blank\" rel=\"noopener\"><img loading=\"lazy\" width=\"512\" height=\"683\" data-id=\"17684\"  src=\"https:\/\/cpzizur.educacion.navarra.es\/web1\/wp-content\/uploads\/2023\/06\/image10.jpg\" alt=\"\" class=\"wp-image-17684\" srcset=\"https:\/\/cpzizur.educacion.navarra.es\/web1\/wp-content\/uploads\/2023\/06\/image10.jpg 512w, https:\/\/cpzizur.educacion.navarra.es\/web1\/wp-content\/uploads\/2023\/06\/image10-225x300.jpg 225w\" sizes=\"(max-width: 512px) 100vw, 512px\" \/><\/a><\/figure>\n\n\n\n<figure class=\"wp-block-image size-large\"><a href=\"https:\/\/cpzizur.educacion.navarra.es\/web1\/wp-content\/uploads\/2023\/06\/image11.jpg\" target=\"_blank\" rel=\"noopener\"><img loading=\"lazy\" width=\"512\" height=\"683\" data-id=\"17683\"  src=\"https:\/\/cpzizur.educacion.navarra.es\/web1\/wp-content\/uploads\/2023\/06\/image11.jpg\" alt=\"\" class=\"wp-image-17683\" srcset=\"https:\/\/cpzizur.educacion.navarra.es\/web1\/wp-content\/uploads\/2023\/06\/image11.jpg 512w, https:\/\/cpzizur.educacion.navarra.es\/web1\/wp-content\/uploads\/2023\/06\/image11-225x300.jpg 225w\" sizes=\"(max-width: 512px) 100vw, 512px\" \/><\/a><\/figure>\n\n\n\n<figure class=\"wp-block-image size-large\"><a href=\"https:\/\/cpzizur.educacion.navarra.es\/web1\/wp-content\/uploads\/2023\/06\/image9.jpeg\" target=\"_blank\" rel=\"noopener\"><img loading=\"lazy\" width=\"2312\" height=\"1736\" data-id=\"17682\"  src=\"https:\/\/cpzizur.educacion.navarra.es\/web1\/wp-content\/uploads\/2023\/06\/image9.jpeg\" alt=\"\" class=\"wp-image-17682\" srcset=\"https:\/\/cpzizur.educacion.navarra.es\/web1\/wp-content\/uploads\/2023\/06\/image9.jpeg 2312w, https:\/\/cpzizur.educacion.navarra.es\/web1\/wp-content\/uploads\/2023\/06\/image9-300x225.jpeg 300w, https:\/\/cpzizur.educacion.navarra.es\/web1\/wp-content\/uploads\/2023\/06\/image9-1024x769.jpeg 1024w, https:\/\/cpzizur.educacion.navarra.es\/web1\/wp-content\/uploads\/2023\/06\/image9-768x577.jpeg 768w, https:\/\/cpzizur.educacion.navarra.es\/web1\/wp-content\/uploads\/2023\/06\/image9-1536x1153.jpeg 1536w, https:\/\/cpzizur.educacion.navarra.es\/web1\/wp-content\/uploads\/2023\/06\/image9-2048x1538.jpeg 2048w\" sizes=\"(max-width: 2312px) 100vw, 2312px\" \/><\/a><\/figure>\n\n\n\n<figure class=\"wp-block-image size-large\"><a href=\"https:\/\/cpzizur.educacion.navarra.es\/web1\/wp-content\/uploads\/2023\/06\/image8.jpeg\" target=\"_blank\" rel=\"noopener\"><img loading=\"lazy\" width=\"2312\" height=\"1736\" data-id=\"17681\"  src=\"https:\/\/cpzizur.educacion.navarra.es\/web1\/wp-content\/uploads\/2023\/06\/image8.jpeg\" alt=\"\" class=\"wp-image-17681\" srcset=\"https:\/\/cpzizur.educacion.navarra.es\/web1\/wp-content\/uploads\/2023\/06\/image8.jpeg 2312w, https:\/\/cpzizur.educacion.navarra.es\/web1\/wp-content\/uploads\/2023\/06\/image8-300x225.jpeg 300w, https:\/\/cpzizur.educacion.navarra.es\/web1\/wp-content\/uploads\/2023\/06\/image8-1024x769.jpeg 1024w, https:\/\/cpzizur.educacion.navarra.es\/web1\/wp-content\/uploads\/2023\/06\/image8-768x577.jpeg 768w, https:\/\/cpzizur.educacion.navarra.es\/web1\/wp-content\/uploads\/2023\/06\/image8-1536x1153.jpeg 1536w, https:\/\/cpzizur.educacion.navarra.es\/web1\/wp-content\/uploads\/2023\/06\/image8-2048x1538.jpeg 2048w\" sizes=\"(max-width: 2312px) 100vw, 2312px\" \/><\/a><\/figure>\n<\/figure>\n","protected":false},"excerpt":{"rendered":"<p>Empezamos un nuevo proyecto sobre la granja:\u00a0 Las alumnas y los alumnos de 3 a\u00f1os siguieron unas curiosas huellas que les llevaron hasta una misteriosa cesta que conten\u00eda un huevo, \u00bfDe qu\u00e9 animal ser\u00eda? \u00bfC\u00f3mo habr\u00eda llegado hasta aqu\u00ed? Tras observar las huellas, observar el huevo y pensar y dialogar entre todos y todas las [&hellip;]<\/p>\n","protected":false},"author":1,"featured_media":0,"parent":0,"menu_order":0,"comment_status":"closed","ping_status":"closed","template":"","meta":{"_genesis_hide_title":false,"_genesis_hide_breadcrumbs":false,"_genesis_hide_singular_image":false,"_genesis_hide_footer_widgets":false,"_genesis_custom_body_class":"","_genesis_custom_post_class":"","_genesis_layout":""},"_links":{"self":[{"href":"https:\/\/cpzizur.educacion.navarra.es\/web1\/wp-json\/wp\/v2\/pages\/17669"}],"collection":[{"href":"https:\/\/cpzizur.educacion.navarra.es\/web1\/wp-json\/wp\/v2\/pages"}],"about":[{"href":"https:\/\/cpzizur.educacion.navarra.es\/web1\/wp-json\/wp\/v2\/types\/page"}],"author":[{"embeddable":true,"href":"https:\/\/cpzizur.educacion.navarra.es\/web1\/wp-json\/wp\/v2\/users\/1"}],"replies":[{"embeddable":true,"href":"https:\/\/cpzizur.educacion.navarra.es\/web1\/wp-json\/wp\/v2\/comments?post=17669"}],"version-history":[{"count":2,"href":"https:\/\/cpzizur.educacion.navarra.es\/web1\/wp-json\/wp\/v2\/pages\/17669\/revisions"}],"predecessor-version":[{"id":17686,"href":"https:\/\/cpzizur.educacion.navarra.es\/web1\/wp-json\/wp\/v2\/pages\/17669\/revisions\/17686"}],"wp:attachment":[{"href":"https:\/\/cpzizur.educacion.navarra.es\/web1\/wp-json\/wp\/v2\/media?parent=17669"}],"curies":[{"name":"wp","href":"https:\/\/api.w.org\/{rel}","templated":true}]}}