{"id":17532,"date":"2023-05-08T09:38:19","date_gmt":"2023-05-08T07:38:19","guid":{"rendered":"https:\/\/cpzizur.educacion.navarra.es\/web1\/?page_id=17532"},"modified":"2023-05-08T09:38:20","modified_gmt":"2023-05-08T07:38:20","slug":"el-punto-y-la-linea","status":"publish","type":"page","link":"https:\/\/cpzizur.educacion.navarra.es\/web1\/el-punto-y-la-linea\/","title":{"rendered":"El punto y la l\u00ednea"},"content":{"rendered":"\n<p>El punto y la l\u00ednea son los elementos b\u00e1sicos de la expresi\u00f3n art\u00edstica. A trav\u00e9s de ellos expresamos emociones y sentimientos. Y en nuestro aula trabajamos la composici\u00f3n de puntos y l\u00edneas realizando murales grupales y composiciones individuales.\u00a0<\/p>\n\n\n\n<figure class=\"wp-block-gallery has-nested-images columns-4 is-cropped\">\n<figure class=\"wp-block-image size-large\"><a href=\"https:\/\/cpzizur.educacion.navarra.es\/web1\/wp-content\/uploads\/2023\/05\/IMG_4296-rotated.jpg\" target=\"_blank\" rel=\"noopener\"><img loading=\"lazy\" width=\"2032\" height=\"1524\" data-id=\"17540\"  src=\"https:\/\/cpzizur.educacion.navarra.es\/web1\/wp-content\/uploads\/2023\/05\/IMG_4296-rotated.jpg\" alt=\"\" class=\"wp-image-17540\" srcset=\"https:\/\/cpzizur.educacion.navarra.es\/web1\/wp-content\/uploads\/2023\/05\/IMG_4296-rotated.jpg 2032w, https:\/\/cpzizur.educacion.navarra.es\/web1\/wp-content\/uploads\/2023\/05\/IMG_4296-300x225.jpg 300w, https:\/\/cpzizur.educacion.navarra.es\/web1\/wp-content\/uploads\/2023\/05\/IMG_4296-1024x768.jpg 1024w, https:\/\/cpzizur.educacion.navarra.es\/web1\/wp-content\/uploads\/2023\/05\/IMG_4296-768x576.jpg 768w, https:\/\/cpzizur.educacion.navarra.es\/web1\/wp-content\/uploads\/2023\/05\/IMG_4296-1536x1152.jpg 1536w\" sizes=\"(max-width: 2032px) 100vw, 2032px\" \/><\/a><\/figure>\n\n\n\n<figure class=\"wp-block-image size-large\"><a href=\"https:\/\/cpzizur.educacion.navarra.es\/web1\/wp-content\/uploads\/2023\/05\/IMG_4297-rotated.jpg\" target=\"_blank\" rel=\"noopener\"><img loading=\"lazy\" width=\"2032\" height=\"1524\" data-id=\"17538\"  src=\"https:\/\/cpzizur.educacion.navarra.es\/web1\/wp-content\/uploads\/2023\/05\/IMG_4297-rotated.jpg\" alt=\"\" class=\"wp-image-17538\" srcset=\"https:\/\/cpzizur.educacion.navarra.es\/web1\/wp-content\/uploads\/2023\/05\/IMG_4297-rotated.jpg 2032w, https:\/\/cpzizur.educacion.navarra.es\/web1\/wp-content\/uploads\/2023\/05\/IMG_4297-300x225.jpg 300w, https:\/\/cpzizur.educacion.navarra.es\/web1\/wp-content\/uploads\/2023\/05\/IMG_4297-1024x768.jpg 1024w, https:\/\/cpzizur.educacion.navarra.es\/web1\/wp-content\/uploads\/2023\/05\/IMG_4297-768x576.jpg 768w, https:\/\/cpzizur.educacion.navarra.es\/web1\/wp-content\/uploads\/2023\/05\/IMG_4297-1536x1152.jpg 1536w\" sizes=\"(max-width: 2032px) 100vw, 2032px\" \/><\/a><\/figure>\n\n\n\n<figure class=\"wp-block-image size-large\"><a href=\"https:\/\/cpzizur.educacion.navarra.es\/web1\/wp-content\/uploads\/2023\/05\/IMG_4483.jpg\" target=\"_blank\" rel=\"noopener\"><img loading=\"lazy\" width=\"2032\" height=\"1186\" data-id=\"17535\"  src=\"https:\/\/cpzizur.educacion.navarra.es\/web1\/wp-content\/uploads\/2023\/05\/IMG_4483.jpg\" alt=\"\" class=\"wp-image-17535\" srcset=\"https:\/\/cpzizur.educacion.navarra.es\/web1\/wp-content\/uploads\/2023\/05\/IMG_4483.jpg 2032w, https:\/\/cpzizur.educacion.navarra.es\/web1\/wp-content\/uploads\/2023\/05\/IMG_4483-300x175.jpg 300w, https:\/\/cpzizur.educacion.navarra.es\/web1\/wp-content\/uploads\/2023\/05\/IMG_4483-1024x598.jpg 1024w, https:\/\/cpzizur.educacion.navarra.es\/web1\/wp-content\/uploads\/2023\/05\/IMG_4483-768x448.jpg 768w, https:\/\/cpzizur.educacion.navarra.es\/web1\/wp-content\/uploads\/2023\/05\/IMG_4483-1536x897.jpg 1536w\" sizes=\"(max-width: 2032px) 100vw, 2032px\" \/><\/a><\/figure>\n\n\n\n<figure class=\"wp-block-image size-large\"><a href=\"https:\/\/cpzizur.educacion.navarra.es\/web1\/wp-content\/uploads\/2023\/05\/IMG_5157.jpg\" target=\"_blank\" rel=\"noopener\"><img loading=\"lazy\" width=\"2032\" height=\"1524\" data-id=\"17539\"  src=\"https:\/\/cpzizur.educacion.navarra.es\/web1\/wp-content\/uploads\/2023\/05\/IMG_5157.jpg\" alt=\"\" class=\"wp-image-17539\" srcset=\"https:\/\/cpzizur.educacion.navarra.es\/web1\/wp-content\/uploads\/2023\/05\/IMG_5157.jpg 2032w, https:\/\/cpzizur.educacion.navarra.es\/web1\/wp-content\/uploads\/2023\/05\/IMG_5157-300x225.jpg 300w, https:\/\/cpzizur.educacion.navarra.es\/web1\/wp-content\/uploads\/2023\/05\/IMG_5157-1024x768.jpg 1024w, https:\/\/cpzizur.educacion.navarra.es\/web1\/wp-content\/uploads\/2023\/05\/IMG_5157-768x576.jpg 768w, https:\/\/cpzizur.educacion.navarra.es\/web1\/wp-content\/uploads\/2023\/05\/IMG_5157-1536x1152.jpg 1536w\" sizes=\"(max-width: 2032px) 100vw, 2032px\" \/><\/a><\/figure>\n\n\n\n<figure class=\"wp-block-image size-large\"><a href=\"https:\/\/cpzizur.educacion.navarra.es\/web1\/wp-content\/uploads\/2023\/05\/IMG_5156.jpg\" target=\"_blank\" rel=\"noopener\"><img loading=\"lazy\" width=\"2032\" height=\"1524\" data-id=\"17537\"  src=\"https:\/\/cpzizur.educacion.navarra.es\/web1\/wp-content\/uploads\/2023\/05\/IMG_5156.jpg\" alt=\"\" class=\"wp-image-17537\" srcset=\"https:\/\/cpzizur.educacion.navarra.es\/web1\/wp-content\/uploads\/2023\/05\/IMG_5156.jpg 2032w, https:\/\/cpzizur.educacion.navarra.es\/web1\/wp-content\/uploads\/2023\/05\/IMG_5156-300x225.jpg 300w, https:\/\/cpzizur.educacion.navarra.es\/web1\/wp-content\/uploads\/2023\/05\/IMG_5156-1024x768.jpg 1024w, https:\/\/cpzizur.educacion.navarra.es\/web1\/wp-content\/uploads\/2023\/05\/IMG_5156-768x576.jpg 768w, https:\/\/cpzizur.educacion.navarra.es\/web1\/wp-content\/uploads\/2023\/05\/IMG_5156-1536x1152.jpg 1536w\" sizes=\"(max-width: 2032px) 100vw, 2032px\" \/><\/a><\/figure>\n\n\n\n<figure class=\"wp-block-image size-large\"><a href=\"https:\/\/cpzizur.educacion.navarra.es\/web1\/wp-content\/uploads\/2023\/05\/IMG_5162.jpg\" target=\"_blank\" rel=\"noopener\"><img loading=\"lazy\" width=\"2032\" height=\"1524\" data-id=\"17541\"  src=\"https:\/\/cpzizur.educacion.navarra.es\/web1\/wp-content\/uploads\/2023\/05\/IMG_5162.jpg\" alt=\"\" class=\"wp-image-17541\" srcset=\"https:\/\/cpzizur.educacion.navarra.es\/web1\/wp-content\/uploads\/2023\/05\/IMG_5162.jpg 2032w, https:\/\/cpzizur.educacion.navarra.es\/web1\/wp-content\/uploads\/2023\/05\/IMG_5162-300x225.jpg 300w, https:\/\/cpzizur.educacion.navarra.es\/web1\/wp-content\/uploads\/2023\/05\/IMG_5162-1024x768.jpg 1024w, https:\/\/cpzizur.educacion.navarra.es\/web1\/wp-content\/uploads\/2023\/05\/IMG_5162-768x576.jpg 768w, https:\/\/cpzizur.educacion.navarra.es\/web1\/wp-content\/uploads\/2023\/05\/IMG_5162-1536x1152.jpg 1536w\" sizes=\"(max-width: 2032px) 100vw, 2032px\" \/><\/a><\/figure>\n\n\n\n<figure class=\"wp-block-image size-large\"><a href=\"https:\/\/cpzizur.educacion.navarra.es\/web1\/wp-content\/uploads\/2023\/05\/IMG_4299.jpg\" target=\"_blank\" rel=\"noopener\"><img loading=\"lazy\" width=\"2032\" height=\"1524\" data-id=\"17536\"  src=\"https:\/\/cpzizur.educacion.navarra.es\/web1\/wp-content\/uploads\/2023\/05\/IMG_4299.jpg\" alt=\"\" class=\"wp-image-17536\" srcset=\"https:\/\/cpzizur.educacion.navarra.es\/web1\/wp-content\/uploads\/2023\/05\/IMG_4299.jpg 2032w, https:\/\/cpzizur.educacion.navarra.es\/web1\/wp-content\/uploads\/2023\/05\/IMG_4299-300x225.jpg 300w, https:\/\/cpzizur.educacion.navarra.es\/web1\/wp-content\/uploads\/2023\/05\/IMG_4299-1024x768.jpg 1024w, https:\/\/cpzizur.educacion.navarra.es\/web1\/wp-content\/uploads\/2023\/05\/IMG_4299-768x576.jpg 768w, https:\/\/cpzizur.educacion.navarra.es\/web1\/wp-content\/uploads\/2023\/05\/IMG_4299-1536x1152.jpg 1536w\" sizes=\"(max-width: 2032px) 100vw, 2032px\" \/><\/a><\/figure>\n<\/figure>\n","protected":false},"excerpt":{"rendered":"<p>El punto y la l\u00ednea son los elementos b\u00e1sicos de la expresi\u00f3n art\u00edstica. A trav\u00e9s de ellos expresamos emociones y sentimientos. Y en nuestro aula trabajamos la composici\u00f3n de puntos y l\u00edneas realizando murales grupales y composiciones individuales.\u00a0<\/p>\n","protected":false},"author":1,"featured_media":0,"parent":0,"menu_order":0,"comment_status":"closed","ping_status":"closed","template":"","meta":{"_genesis_hide_title":false,"_genesis_hide_breadcrumbs":false,"_genesis_hide_singular_image":false,"_genesis_hide_footer_widgets":false,"_genesis_custom_body_class":"","_genesis_custom_post_class":"","_genesis_layout":""},"_links":{"self":[{"href":"https:\/\/cpzizur.educacion.navarra.es\/web1\/wp-json\/wp\/v2\/pages\/17532"}],"collection":[{"href":"https:\/\/cpzizur.educacion.navarra.es\/web1\/wp-json\/wp\/v2\/pages"}],"about":[{"href":"https:\/\/cpzizur.educacion.navarra.es\/web1\/wp-json\/wp\/v2\/types\/page"}],"author":[{"embeddable":true,"href":"https:\/\/cpzizur.educacion.navarra.es\/web1\/wp-json\/wp\/v2\/users\/1"}],"replies":[{"embeddable":true,"href":"https:\/\/cpzizur.educacion.navarra.es\/web1\/wp-json\/wp\/v2\/comments?post=17532"}],"version-history":[{"count":1,"href":"https:\/\/cpzizur.educacion.navarra.es\/web1\/wp-json\/wp\/v2\/pages\/17532\/revisions"}],"predecessor-version":[{"id":17542,"href":"https:\/\/cpzizur.educacion.navarra.es\/web1\/wp-json\/wp\/v2\/pages\/17532\/revisions\/17542"}],"wp:attachment":[{"href":"https:\/\/cpzizur.educacion.navarra.es\/web1\/wp-json\/wp\/v2\/media?parent=17532"}],"curies":[{"name":"wp","href":"https:\/\/api.w.org\/{rel}","templated":true}]}}