{"id":17453,"date":"2023-05-02T09:35:00","date_gmt":"2023-05-02T07:35:00","guid":{"rendered":"https:\/\/cpzizur.educacion.navarra.es\/web1\/?page_id=17453"},"modified":"2023-05-04T12:43:46","modified_gmt":"2023-05-04T10:43:46","slug":"dia-del-libro-en-infantil","status":"publish","type":"page","link":"https:\/\/cpzizur.educacion.navarra.es\/web1\/dia-del-libro-en-infantil\/","title":{"rendered":"\u00abD\u00eda del libro\u00bb"},"content":{"rendered":"\n<p><strong>INFANTIL<\/strong><\/p>\n\n\n\n<ul><li><a href=\"https:\/\/cpzizur.educacion.navarra.es\/web1\/celebracion-del-dia-del-libro-en-educacion-infantil\/\" target=\"_blank\" rel=\"noreferrer noopener\">Visita de las familias de 3 a\u00f1os<\/a><\/li><li><a rel=\"noreferrer noopener\" href=\"https:\/\/cpzizur.educacion.navarra.es\/web1\/celebracion-del-dia-del-libro-en-educacion-infantil-2\/\" target=\"_blank\">Creaci\u00f3n del marcap\u00e1ginas<\/a><\/li><li><a rel=\"noreferrer noopener\" href=\"https:\/\/cpzizur.educacion.navarra.es\/web1\/celebracion-del-dia-del-libro-en-educacion-infantil-3\/\" target=\"_blank\">Lectura del Kamishibai sobre el cuento \u00abCierra los ojos\u00bb<\/a><\/li><\/ul>\n\n\n\n<p><strong>PRIMARIA Y UT<\/strong><br>Con motivo de la celebraci\u00f3n del d\u00eda del libro, en Educaci\u00f3n Primaria nos volcamos en un proyecto de centro de creaci\u00f3n e intercambio de marcap\u00e1ginas. Cada alumna y alumno cre\u00f3 el suyo a mano y en \u00e9l plasmaron una frase significativa de una mujer reconocida historicamente. Despu\u00e9s, se los intercambiaron de manera an\u00f3nima, en todos los ciclos se vivieron momentos de emoci\u00f3n y sorpresa. Ahora, cuando van a leer sus libros comparten cada p\u00e1gina con un peque\u00f1o detalles de sus amigas y amigos. Adem\u00e1s, en primer ciclo tambi\u00e9n se adentraron en la leyenda de Sant Jordi.<\/p>\n\n\n\n<ul><li><a rel=\"noreferrer noopener\" href=\"https:\/\/cpzizur.educacion.navarra.es\/web1\/celebracion-del-dia-del-libro-en-educacion-primaria-2\/\" target=\"_blank\">Primer ciclo y UT<\/a><\/li><li><a rel=\"noreferrer noopener\" href=\"https:\/\/cpzizur.educacion.navarra.es\/web1\/celebracion-del-dia-del-libro-en-educacion-primaria\/\" target=\"_blank\">Tercer ciclo<\/a><\/li><\/ul>\n","protected":false},"excerpt":{"rendered":"<p>INFANTIL Visita de las familias de 3 a\u00f1os Creaci\u00f3n del marcap\u00e1ginas Lectura del Kamishibai sobre el cuento \u00abCierra los ojos\u00bb PRIMARIA Y UTCon motivo de la celebraci\u00f3n del d\u00eda del libro, en Educaci\u00f3n Primaria nos volcamos en un proyecto de centro de creaci\u00f3n e intercambio de marcap\u00e1ginas. Cada alumna y alumno cre\u00f3 el suyo a [&hellip;]<\/p>\n","protected":false},"author":1,"featured_media":0,"parent":0,"menu_order":0,"comment_status":"closed","ping_status":"closed","template":"","meta":{"_genesis_hide_title":false,"_genesis_hide_breadcrumbs":false,"_genesis_hide_singular_image":false,"_genesis_hide_footer_widgets":false,"_genesis_custom_body_class":"","_genesis_custom_post_class":"","_genesis_layout":""},"_links":{"self":[{"href":"https:\/\/cpzizur.educacion.navarra.es\/web1\/wp-json\/wp\/v2\/pages\/17453"}],"collection":[{"href":"https:\/\/cpzizur.educacion.navarra.es\/web1\/wp-json\/wp\/v2\/pages"}],"about":[{"href":"https:\/\/cpzizur.educacion.navarra.es\/web1\/wp-json\/wp\/v2\/types\/page"}],"author":[{"embeddable":true,"href":"https:\/\/cpzizur.educacion.navarra.es\/web1\/wp-json\/wp\/v2\/users\/1"}],"replies":[{"embeddable":true,"href":"https:\/\/cpzizur.educacion.navarra.es\/web1\/wp-json\/wp\/v2\/comments?post=17453"}],"version-history":[{"count":9,"href":"https:\/\/cpzizur.educacion.navarra.es\/web1\/wp-json\/wp\/v2\/pages\/17453\/revisions"}],"predecessor-version":[{"id":17526,"href":"https:\/\/cpzizur.educacion.navarra.es\/web1\/wp-json\/wp\/v2\/pages\/17453\/revisions\/17526"}],"wp:attachment":[{"href":"https:\/\/cpzizur.educacion.navarra.es\/web1\/wp-json\/wp\/v2\/media?parent=17453"}],"curies":[{"name":"wp","href":"https:\/\/api.w.org\/{rel}","templated":true}]}}