{"id":17433,"date":"2023-05-01T19:14:37","date_gmt":"2023-05-01T17:14:37","guid":{"rendered":"https:\/\/cpzizur.educacion.navarra.es\/web1\/?page_id=17433"},"modified":"2023-05-01T19:37:20","modified_gmt":"2023-05-01T17:37:20","slug":"celebracion-del-dia-del-libro-en-educacion-infantil-3","status":"publish","type":"page","link":"https:\/\/cpzizur.educacion.navarra.es\/web1\/celebracion-del-dia-del-libro-en-educacion-infantil-3\/","title":{"rendered":"CELEBRACI\u00d3N DEL D\u00cdA DEL LIBRO EN EDUCACI\u00d3N INFANTIL"},"content":{"rendered":"\n<p><strong>Kamishibai con luz negra sobre el cuento \u00abCierra los ojos\u00bb<\/strong><\/p>\n\n\n\n<p>\u00abEl pasado lunes 24 de abril, el alumnado de Infantil se reuni\u00f3 en la sala de usos m\u00faltiples con motivo del D\u00eda del Libro. Tras apagar las luces, encendimos nuestra bombilla de luz negra y&#8230; \u00a1Se hizo la magia!&nbsp;<br>Natalia, maestra de 3 a\u00f1os, nos cont\u00f3 el cuento \u00abCierra los ojos\u00bb, que trata sobre la diversidad funcional visual, pero lo hizo de una manera diferente, mediante la t\u00e9cnica japonesa del&nbsp;<strong>kamishibai,<\/strong>&nbsp;que se basa en contar historias con la ayuda de unas l\u00e1minas que poseen ilustraciones por una cara, y texto por la otra, desliz\u00e1ndose por un teatrillo de madera, llamado butai.&nbsp; \u00a1Las im\u00e1genes del cuento brillaban en la oscuridad y eran muy coloridas!\u00bb<\/p>\n\n\n\n<figure class=\"wp-block-gallery has-nested-images columns-default is-cropped\">\n<figure class=\"wp-block-image size-large\"><a href=\"https:\/\/cpzizur.educacion.navarra.es\/web1\/wp-content\/uploads\/2023\/05\/IMG_3285.png\" target=\"_blank\" rel=\"noopener\"><img loading=\"lazy\" width=\"932\" height=\"699\" data-id=\"17438\"  src=\"https:\/\/cpzizur.educacion.navarra.es\/web1\/wp-content\/uploads\/2023\/05\/IMG_3285.png\" alt=\"\" class=\"wp-image-17438\" srcset=\"https:\/\/cpzizur.educacion.navarra.es\/web1\/wp-content\/uploads\/2023\/05\/IMG_3285.png 932w, https:\/\/cpzizur.educacion.navarra.es\/web1\/wp-content\/uploads\/2023\/05\/IMG_3285-300x225.png 300w, https:\/\/cpzizur.educacion.navarra.es\/web1\/wp-content\/uploads\/2023\/05\/IMG_3285-768x576.png 768w\" sizes=\"(max-width: 932px) 100vw, 932px\" \/><\/a><\/figure>\n\n\n\n<figure class=\"wp-block-image size-large\"><a href=\"https:\/\/cpzizur.educacion.navarra.es\/web1\/wp-content\/uploads\/2023\/05\/IMG_3286.png\" target=\"_blank\" rel=\"noopener\"><img loading=\"lazy\" width=\"932\" height=\"699\" data-id=\"17437\"  src=\"https:\/\/cpzizur.educacion.navarra.es\/web1\/wp-content\/uploads\/2023\/05\/IMG_3286.png\" alt=\"\" class=\"wp-image-17437\" srcset=\"https:\/\/cpzizur.educacion.navarra.es\/web1\/wp-content\/uploads\/2023\/05\/IMG_3286.png 932w, https:\/\/cpzizur.educacion.navarra.es\/web1\/wp-content\/uploads\/2023\/05\/IMG_3286-300x225.png 300w, https:\/\/cpzizur.educacion.navarra.es\/web1\/wp-content\/uploads\/2023\/05\/IMG_3286-768x576.png 768w\" sizes=\"(max-width: 932px) 100vw, 932px\" \/><\/a><\/figure>\n\n\n\n<figure class=\"wp-block-image size-large\"><a href=\"https:\/\/cpzizur.educacion.navarra.es\/web1\/wp-content\/uploads\/2023\/05\/IMG_3297.png\" target=\"_blank\" rel=\"noopener\"><img loading=\"lazy\" width=\"932\" height=\"699\" data-id=\"17436\"  src=\"https:\/\/cpzizur.educacion.navarra.es\/web1\/wp-content\/uploads\/2023\/05\/IMG_3297.png\" alt=\"\" class=\"wp-image-17436\" srcset=\"https:\/\/cpzizur.educacion.navarra.es\/web1\/wp-content\/uploads\/2023\/05\/IMG_3297.png 932w, https:\/\/cpzizur.educacion.navarra.es\/web1\/wp-content\/uploads\/2023\/05\/IMG_3297-300x225.png 300w, https:\/\/cpzizur.educacion.navarra.es\/web1\/wp-content\/uploads\/2023\/05\/IMG_3297-768x576.png 768w\" sizes=\"(max-width: 932px) 100vw, 932px\" \/><\/a><\/figure>\n<\/figure>\n","protected":false},"excerpt":{"rendered":"<p>Kamishibai con luz negra sobre el cuento \u00abCierra los ojos\u00bb \u00abEl pasado lunes 24 de abril, el alumnado de Infantil se reuni\u00f3 en la sala de usos m\u00faltiples con motivo del D\u00eda del Libro. Tras apagar las luces, encendimos nuestra bombilla de luz negra y&#8230; \u00a1Se hizo la magia!&nbsp;Natalia, maestra de 3 a\u00f1os, nos cont\u00f3 [&hellip;]<\/p>\n","protected":false},"author":1,"featured_media":0,"parent":0,"menu_order":0,"comment_status":"closed","ping_status":"closed","template":"","meta":{"_genesis_hide_title":false,"_genesis_hide_breadcrumbs":false,"_genesis_hide_singular_image":false,"_genesis_hide_footer_widgets":false,"_genesis_custom_body_class":"","_genesis_custom_post_class":"","_genesis_layout":""},"_links":{"self":[{"href":"https:\/\/cpzizur.educacion.navarra.es\/web1\/wp-json\/wp\/v2\/pages\/17433"}],"collection":[{"href":"https:\/\/cpzizur.educacion.navarra.es\/web1\/wp-json\/wp\/v2\/pages"}],"about":[{"href":"https:\/\/cpzizur.educacion.navarra.es\/web1\/wp-json\/wp\/v2\/types\/page"}],"author":[{"embeddable":true,"href":"https:\/\/cpzizur.educacion.navarra.es\/web1\/wp-json\/wp\/v2\/users\/1"}],"replies":[{"embeddable":true,"href":"https:\/\/cpzizur.educacion.navarra.es\/web1\/wp-json\/wp\/v2\/comments?post=17433"}],"version-history":[{"count":3,"href":"https:\/\/cpzizur.educacion.navarra.es\/web1\/wp-json\/wp\/v2\/pages\/17433\/revisions"}],"predecessor-version":[{"id":17450,"href":"https:\/\/cpzizur.educacion.navarra.es\/web1\/wp-json\/wp\/v2\/pages\/17433\/revisions\/17450"}],"wp:attachment":[{"href":"https:\/\/cpzizur.educacion.navarra.es\/web1\/wp-json\/wp\/v2\/media?parent=17433"}],"curies":[{"name":"wp","href":"https:\/\/api.w.org\/{rel}","templated":true}]}}