{"id":17428,"date":"2023-05-01T19:06:30","date_gmt":"2023-05-01T17:06:30","guid":{"rendered":"https:\/\/cpzizur.educacion.navarra.es\/web1\/?page_id=17428"},"modified":"2023-05-02T09:26:15","modified_gmt":"2023-05-02T07:26:15","slug":"celebracion-del-dia-del-libro-en-educacion-infantil-2","status":"publish","type":"page","link":"https:\/\/cpzizur.educacion.navarra.es\/web1\/celebracion-del-dia-del-libro-en-educacion-infantil-2\/","title":{"rendered":"CELEBRACI\u00d3N DEL D\u00cdA DEL LIBRO EN EDUCACI\u00d3N INFANTIL"},"content":{"rendered":"\n<p><strong>Actividad creaci\u00f3n de marcap\u00e1ginas para regalar a las familias<\/strong><\/p>\n\n\n\n<p>Otra actividad que realizamos en 3 a\u00f1os con motivo del d\u00eda de libro y de la primavera fue la creaci\u00f3n de estos marcap\u00e1ginas\u00a0florales tan coloridos, para que nuestros alumnos y alumnas pudieran regal\u00e1rselos a las familias en se\u00f1al de agradecimiento por su gran colaboraci\u00f3n durante la lectura de los cuentos.<\/p>\n\n\n\n<figure class=\"wp-block-gallery has-nested-images columns-default is-cropped\">\n<figure class=\"wp-block-image size-medium\"><a href=\"https:\/\/cpzizur.educacion.navarra.es\/web1\/wp-content\/uploads\/2023\/05\/IMG_2946-1-scaled.jpg\" target=\"_blank\" rel=\"noopener\"><img loading=\"lazy\" width=\"300\" height=\"225\" data-id=\"17430\"  src=\"https:\/\/cpzizur.educacion.navarra.es\/web1\/wp-content\/uploads\/2023\/05\/IMG_2946-1-300x225.jpg\" alt=\"\" class=\"wp-image-17430\" srcset=\"https:\/\/cpzizur.educacion.navarra.es\/web1\/wp-content\/uploads\/2023\/05\/IMG_2946-1-300x225.jpg 300w, https:\/\/cpzizur.educacion.navarra.es\/web1\/wp-content\/uploads\/2023\/05\/IMG_2946-1-1024x768.jpg 1024w, https:\/\/cpzizur.educacion.navarra.es\/web1\/wp-content\/uploads\/2023\/05\/IMG_2946-1-768x576.jpg 768w, https:\/\/cpzizur.educacion.navarra.es\/web1\/wp-content\/uploads\/2023\/05\/IMG_2946-1-1536x1152.jpg 1536w, https:\/\/cpzizur.educacion.navarra.es\/web1\/wp-content\/uploads\/2023\/05\/IMG_2946-1-2048x1536.jpg 2048w\" sizes=\"(max-width: 300px) 100vw, 300px\" \/><\/a><\/figure>\n\n\n\n<figure class=\"wp-block-image size-medium\"><a href=\"https:\/\/cpzizur.educacion.navarra.es\/web1\/wp-content\/uploads\/2023\/05\/IMG_2894-scaled.jpg\" target=\"_blank\" rel=\"noopener\"><img loading=\"lazy\" width=\"225\" height=\"300\" data-id=\"17429\"  src=\"https:\/\/cpzizur.educacion.navarra.es\/web1\/wp-content\/uploads\/2023\/05\/IMG_2894-225x300.jpg\" alt=\"\" class=\"wp-image-17429\" srcset=\"https:\/\/cpzizur.educacion.navarra.es\/web1\/wp-content\/uploads\/2023\/05\/IMG_2894-225x300.jpg 225w, https:\/\/cpzizur.educacion.navarra.es\/web1\/wp-content\/uploads\/2023\/05\/IMG_2894-768x1024.jpg 768w, https:\/\/cpzizur.educacion.navarra.es\/web1\/wp-content\/uploads\/2023\/05\/IMG_2894-1152x1536.jpg 1152w, https:\/\/cpzizur.educacion.navarra.es\/web1\/wp-content\/uploads\/2023\/05\/IMG_2894-1536x2048.jpg 1536w, https:\/\/cpzizur.educacion.navarra.es\/web1\/wp-content\/uploads\/2023\/05\/IMG_2894-scaled.jpg 1920w\" sizes=\"(max-width: 225px) 100vw, 225px\" \/><\/a><\/figure>\n\n\n\n<figure class=\"wp-block-image size-medium\"><a href=\"https:\/\/cpzizur.educacion.navarra.es\/web1\/wp-content\/uploads\/2023\/05\/IMG_2888-scaled.jpg\" target=\"_blank\" rel=\"noopener\"><img loading=\"lazy\" width=\"225\" height=\"300\" data-id=\"17431\"  src=\"https:\/\/cpzizur.educacion.navarra.es\/web1\/wp-content\/uploads\/2023\/05\/IMG_2888-225x300.jpg\" alt=\"\" class=\"wp-image-17431\" srcset=\"https:\/\/cpzizur.educacion.navarra.es\/web1\/wp-content\/uploads\/2023\/05\/IMG_2888-225x300.jpg 225w, https:\/\/cpzizur.educacion.navarra.es\/web1\/wp-content\/uploads\/2023\/05\/IMG_2888-768x1024.jpg 768w, https:\/\/cpzizur.educacion.navarra.es\/web1\/wp-content\/uploads\/2023\/05\/IMG_2888-1152x1536.jpg 1152w, https:\/\/cpzizur.educacion.navarra.es\/web1\/wp-content\/uploads\/2023\/05\/IMG_2888-1536x2048.jpg 1536w, https:\/\/cpzizur.educacion.navarra.es\/web1\/wp-content\/uploads\/2023\/05\/IMG_2888-scaled.jpg 1920w\" sizes=\"(max-width: 225px) 100vw, 225px\" \/><\/a><\/figure>\n<\/figure>\n","protected":false},"excerpt":{"rendered":"<p>Actividad creaci\u00f3n de marcap\u00e1ginas para regalar a las familias Otra actividad que realizamos en 3 a\u00f1os con motivo del d\u00eda de libro y de la primavera fue la creaci\u00f3n de estos marcap\u00e1ginas\u00a0florales tan coloridos, para que nuestros alumnos y alumnas pudieran regal\u00e1rselos a las familias en se\u00f1al de agradecimiento por su gran colaboraci\u00f3n durante la [&hellip;]<\/p>\n","protected":false},"author":1,"featured_media":0,"parent":0,"menu_order":0,"comment_status":"closed","ping_status":"closed","template":"","meta":{"_genesis_hide_title":false,"_genesis_hide_breadcrumbs":false,"_genesis_hide_singular_image":false,"_genesis_hide_footer_widgets":false,"_genesis_custom_body_class":"","_genesis_custom_post_class":"","_genesis_layout":""},"_links":{"self":[{"href":"https:\/\/cpzizur.educacion.navarra.es\/web1\/wp-json\/wp\/v2\/pages\/17428"}],"collection":[{"href":"https:\/\/cpzizur.educacion.navarra.es\/web1\/wp-json\/wp\/v2\/pages"}],"about":[{"href":"https:\/\/cpzizur.educacion.navarra.es\/web1\/wp-json\/wp\/v2\/types\/page"}],"author":[{"embeddable":true,"href":"https:\/\/cpzizur.educacion.navarra.es\/web1\/wp-json\/wp\/v2\/users\/1"}],"replies":[{"embeddable":true,"href":"https:\/\/cpzizur.educacion.navarra.es\/web1\/wp-json\/wp\/v2\/comments?post=17428"}],"version-history":[{"count":3,"href":"https:\/\/cpzizur.educacion.navarra.es\/web1\/wp-json\/wp\/v2\/pages\/17428\/revisions"}],"predecessor-version":[{"id":17451,"href":"https:\/\/cpzizur.educacion.navarra.es\/web1\/wp-json\/wp\/v2\/pages\/17428\/revisions\/17451"}],"wp:attachment":[{"href":"https:\/\/cpzizur.educacion.navarra.es\/web1\/wp-json\/wp\/v2\/media?parent=17428"}],"curies":[{"name":"wp","href":"https:\/\/api.w.org\/{rel}","templated":true}]}}