{"id":17357,"date":"2023-04-18T19:52:30","date_gmt":"2023-04-18T17:52:30","guid":{"rendered":"https:\/\/cpzizur.educacion.navarra.es\/web1\/?page_id=17357"},"modified":"2023-04-21T14:30:46","modified_gmt":"2023-04-21T12:30:46","slug":"dia-mundial-de-concienciacion-del-autismo","status":"publish","type":"page","link":"https:\/\/cpzizur.educacion.navarra.es\/web1\/dia-mundial-de-concienciacion-del-autismo\/","title":{"rendered":"D\u00eda Mundial de Concienciaci\u00f3n del Autismo"},"content":{"rendered":"\n<p>El pasado 5 de abril celebramos en el colegio el d\u00eda mundial de concienciaci\u00f3n del autismo. Desde el aula UT se organizaron distintas din\u00e1micas para conocer m\u00e1s sobre el autismo en las aulas. Entre ellas, se invit\u00f3 a profesorado y alumando&nbsp;a asistir de color azul, color asignado al autismo, y cada clase plasm\u00f3 su huella en una pancarta con el lema \u00abLo extraordinario de las huellas es que no hay dos iguales\u00bb. De esta forma y a trav\u00e9s de otras actividades, el alumnado pudo ponerse en la piel del alumnado del aula UT y poder ver la riqueza de la diversidad en las aulas. Al final de la jornada salimos todos al patio a realizar una foto conjunta con la pancarta<\/p>\n\n\n\n<figure class=\"wp-block-gallery has-nested-images columns-4 is-cropped\">\n<figure class=\"wp-block-image size-large\"><a href=\"https:\/\/cpzizur.educacion.navarra.es\/web1\/wp-content\/uploads\/2023\/04\/Retocado-cartel-OKK-scaled.jpg\" target=\"_blank\" rel=\"noopener\"><img loading=\"lazy\" width=\"2560\" height=\"1216\" data-id=\"17378\"  src=\"https:\/\/cpzizur.educacion.navarra.es\/web1\/wp-content\/uploads\/2023\/04\/Retocado-cartel-OKK-scaled.jpg\" alt=\"\" class=\"wp-image-17378\" srcset=\"https:\/\/cpzizur.educacion.navarra.es\/web1\/wp-content\/uploads\/2023\/04\/Retocado-cartel-OKK-scaled.jpg 2560w, https:\/\/cpzizur.educacion.navarra.es\/web1\/wp-content\/uploads\/2023\/04\/Retocado-cartel-OKK-300x143.jpg 300w, https:\/\/cpzizur.educacion.navarra.es\/web1\/wp-content\/uploads\/2023\/04\/Retocado-cartel-OKK-1024x487.jpg 1024w, https:\/\/cpzizur.educacion.navarra.es\/web1\/wp-content\/uploads\/2023\/04\/Retocado-cartel-OKK-768x365.jpg 768w, https:\/\/cpzizur.educacion.navarra.es\/web1\/wp-content\/uploads\/2023\/04\/Retocado-cartel-OKK-1536x730.jpg 1536w, https:\/\/cpzizur.educacion.navarra.es\/web1\/wp-content\/uploads\/2023\/04\/Retocado-cartel-OKK-2048x973.jpg 2048w\" sizes=\"(max-width: 2560px) 100vw, 2560px\" \/><\/a><\/figure>\n\n\n\n<figure class=\"wp-block-image size-large\"><a href=\"https:\/\/cpzizur.educacion.navarra.es\/web1\/wp-content\/uploads\/2023\/04\/Retocado-cartel-2.jpg\" target=\"_blank\" rel=\"noopener\"><img loading=\"lazy\" width=\"1349\" height=\"866\" data-id=\"17376\"  src=\"https:\/\/cpzizur.educacion.navarra.es\/web1\/wp-content\/uploads\/2023\/04\/Retocado-cartel-2.jpg\" alt=\"\" class=\"wp-image-17376\" srcset=\"https:\/\/cpzizur.educacion.navarra.es\/web1\/wp-content\/uploads\/2023\/04\/Retocado-cartel-2.jpg 1349w, https:\/\/cpzizur.educacion.navarra.es\/web1\/wp-content\/uploads\/2023\/04\/Retocado-cartel-2-300x193.jpg 300w, https:\/\/cpzizur.educacion.navarra.es\/web1\/wp-content\/uploads\/2023\/04\/Retocado-cartel-2-1024x657.jpg 1024w, https:\/\/cpzizur.educacion.navarra.es\/web1\/wp-content\/uploads\/2023\/04\/Retocado-cartel-2-768x493.jpg 768w\" sizes=\"(max-width: 1349px) 100vw, 1349px\" \/><\/a><\/figure>\n\n\n\n<figure class=\"wp-block-image size-large\"><a href=\"https:\/\/cpzizur.educacion.navarra.es\/web1\/wp-content\/uploads\/2023\/04\/IMG-20230405-WA0009.jpg\" target=\"_blank\" rel=\"noopener\"><img loading=\"lazy\" width=\"1600\" height=\"1200\" data-id=\"17360\"  src=\"https:\/\/cpzizur.educacion.navarra.es\/web1\/wp-content\/uploads\/2023\/04\/IMG-20230405-WA0009.jpg\" alt=\"\" class=\"wp-image-17360\" srcset=\"https:\/\/cpzizur.educacion.navarra.es\/web1\/wp-content\/uploads\/2023\/04\/IMG-20230405-WA0009.jpg 1600w, https:\/\/cpzizur.educacion.navarra.es\/web1\/wp-content\/uploads\/2023\/04\/IMG-20230405-WA0009-300x225.jpg 300w, https:\/\/cpzizur.educacion.navarra.es\/web1\/wp-content\/uploads\/2023\/04\/IMG-20230405-WA0009-1024x768.jpg 1024w, https:\/\/cpzizur.educacion.navarra.es\/web1\/wp-content\/uploads\/2023\/04\/IMG-20230405-WA0009-768x576.jpg 768w, https:\/\/cpzizur.educacion.navarra.es\/web1\/wp-content\/uploads\/2023\/04\/IMG-20230405-WA0009-1536x1152.jpg 1536w\" sizes=\"(max-width: 1600px) 100vw, 1600px\" \/><\/a><\/figure>\n\n\n\n<figure class=\"wp-block-image size-large\"><a href=\"https:\/\/cpzizur.educacion.navarra.es\/web1\/wp-content\/uploads\/2023\/04\/IMG-20230405-WA0040.jpg\" target=\"_blank\" rel=\"noopener\"><img loading=\"lazy\" width=\"1536\" height=\"2048\" data-id=\"17371\"  src=\"https:\/\/cpzizur.educacion.navarra.es\/web1\/wp-content\/uploads\/2023\/04\/IMG-20230405-WA0040.jpg\" alt=\"\" class=\"wp-image-17371\" srcset=\"https:\/\/cpzizur.educacion.navarra.es\/web1\/wp-content\/uploads\/2023\/04\/IMG-20230405-WA0040.jpg 1536w, https:\/\/cpzizur.educacion.navarra.es\/web1\/wp-content\/uploads\/2023\/04\/IMG-20230405-WA0040-225x300.jpg 225w, https:\/\/cpzizur.educacion.navarra.es\/web1\/wp-content\/uploads\/2023\/04\/IMG-20230405-WA0040-768x1024.jpg 768w, https:\/\/cpzizur.educacion.navarra.es\/web1\/wp-content\/uploads\/2023\/04\/IMG-20230405-WA0040-1152x1536.jpg 1152w\" sizes=\"(max-width: 1536px) 100vw, 1536px\" \/><\/a><\/figure>\n\n\n\n<figure class=\"wp-block-image size-large\"><a href=\"https:\/\/cpzizur.educacion.navarra.es\/web1\/wp-content\/uploads\/2023\/04\/IMG-20230405-WA0043.jpg\" target=\"_blank\" rel=\"noopener\"><img loading=\"lazy\" width=\"1536\" height=\"2048\" data-id=\"17374\"  src=\"https:\/\/cpzizur.educacion.navarra.es\/web1\/wp-content\/uploads\/2023\/04\/IMG-20230405-WA0043.jpg\" alt=\"\" class=\"wp-image-17374\" srcset=\"https:\/\/cpzizur.educacion.navarra.es\/web1\/wp-content\/uploads\/2023\/04\/IMG-20230405-WA0043.jpg 1536w, https:\/\/cpzizur.educacion.navarra.es\/web1\/wp-content\/uploads\/2023\/04\/IMG-20230405-WA0043-225x300.jpg 225w, https:\/\/cpzizur.educacion.navarra.es\/web1\/wp-content\/uploads\/2023\/04\/IMG-20230405-WA0043-768x1024.jpg 768w, https:\/\/cpzizur.educacion.navarra.es\/web1\/wp-content\/uploads\/2023\/04\/IMG-20230405-WA0043-1152x1536.jpg 1152w\" sizes=\"(max-width: 1536px) 100vw, 1536px\" \/><\/a><\/figure>\n\n\n\n<figure class=\"wp-block-image size-large\"><a href=\"https:\/\/cpzizur.educacion.navarra.es\/web1\/wp-content\/uploads\/2023\/04\/IMG-20230405-WA0041.jpg\" target=\"_blank\" rel=\"noopener\"><img loading=\"lazy\" width=\"1536\" height=\"2048\" data-id=\"17372\"  src=\"https:\/\/cpzizur.educacion.navarra.es\/web1\/wp-content\/uploads\/2023\/04\/IMG-20230405-WA0041.jpg\" alt=\"\" class=\"wp-image-17372\" srcset=\"https:\/\/cpzizur.educacion.navarra.es\/web1\/wp-content\/uploads\/2023\/04\/IMG-20230405-WA0041.jpg 1536w, https:\/\/cpzizur.educacion.navarra.es\/web1\/wp-content\/uploads\/2023\/04\/IMG-20230405-WA0041-225x300.jpg 225w, https:\/\/cpzizur.educacion.navarra.es\/web1\/wp-content\/uploads\/2023\/04\/IMG-20230405-WA0041-768x1024.jpg 768w, https:\/\/cpzizur.educacion.navarra.es\/web1\/wp-content\/uploads\/2023\/04\/IMG-20230405-WA0041-1152x1536.jpg 1152w\" sizes=\"(max-width: 1536px) 100vw, 1536px\" \/><\/a><\/figure>\n\n\n\n<figure class=\"wp-block-image size-large\"><a href=\"https:\/\/cpzizur.educacion.navarra.es\/web1\/wp-content\/uploads\/2023\/04\/IMG-20230405-WA0038.jpg\" target=\"_blank\" rel=\"noopener\"><img loading=\"lazy\" width=\"1600\" height=\"1200\" data-id=\"17370\"  src=\"https:\/\/cpzizur.educacion.navarra.es\/web1\/wp-content\/uploads\/2023\/04\/IMG-20230405-WA0038.jpg\" alt=\"\" class=\"wp-image-17370\" srcset=\"https:\/\/cpzizur.educacion.navarra.es\/web1\/wp-content\/uploads\/2023\/04\/IMG-20230405-WA0038.jpg 1600w, https:\/\/cpzizur.educacion.navarra.es\/web1\/wp-content\/uploads\/2023\/04\/IMG-20230405-WA0038-300x225.jpg 300w, https:\/\/cpzizur.educacion.navarra.es\/web1\/wp-content\/uploads\/2023\/04\/IMG-20230405-WA0038-1024x768.jpg 1024w, https:\/\/cpzizur.educacion.navarra.es\/web1\/wp-content\/uploads\/2023\/04\/IMG-20230405-WA0038-768x576.jpg 768w, https:\/\/cpzizur.educacion.navarra.es\/web1\/wp-content\/uploads\/2023\/04\/IMG-20230405-WA0038-1536x1152.jpg 1536w\" sizes=\"(max-width: 1600px) 100vw, 1600px\" \/><\/a><\/figure>\n\n\n\n<figure class=\"wp-block-image size-large\"><a href=\"https:\/\/cpzizur.educacion.navarra.es\/web1\/wp-content\/uploads\/2023\/04\/IMG-20230405-WA0042.jpg\" target=\"_blank\" rel=\"noopener\"><img loading=\"lazy\" width=\"1536\" height=\"2048\" data-id=\"17373\"  src=\"https:\/\/cpzizur.educacion.navarra.es\/web1\/wp-content\/uploads\/2023\/04\/IMG-20230405-WA0042.jpg\" alt=\"\" class=\"wp-image-17373\" srcset=\"https:\/\/cpzizur.educacion.navarra.es\/web1\/wp-content\/uploads\/2023\/04\/IMG-20230405-WA0042.jpg 1536w, https:\/\/cpzizur.educacion.navarra.es\/web1\/wp-content\/uploads\/2023\/04\/IMG-20230405-WA0042-225x300.jpg 225w, https:\/\/cpzizur.educacion.navarra.es\/web1\/wp-content\/uploads\/2023\/04\/IMG-20230405-WA0042-768x1024.jpg 768w, https:\/\/cpzizur.educacion.navarra.es\/web1\/wp-content\/uploads\/2023\/04\/IMG-20230405-WA0042-1152x1536.jpg 1152w\" sizes=\"(max-width: 1536px) 100vw, 1536px\" \/><\/a><\/figure>\n\n\n\n<figure class=\"wp-block-image size-large\"><a href=\"https:\/\/cpzizur.educacion.navarra.es\/web1\/wp-content\/uploads\/2023\/04\/IMG-20230405-WA0035.jpg\" target=\"_blank\" rel=\"noopener\"><img loading=\"lazy\" width=\"1536\" height=\"2048\" data-id=\"17367\"  src=\"https:\/\/cpzizur.educacion.navarra.es\/web1\/wp-content\/uploads\/2023\/04\/IMG-20230405-WA0035.jpg\" alt=\"\" class=\"wp-image-17367\" srcset=\"https:\/\/cpzizur.educacion.navarra.es\/web1\/wp-content\/uploads\/2023\/04\/IMG-20230405-WA0035.jpg 1536w, https:\/\/cpzizur.educacion.navarra.es\/web1\/wp-content\/uploads\/2023\/04\/IMG-20230405-WA0035-225x300.jpg 225w, https:\/\/cpzizur.educacion.navarra.es\/web1\/wp-content\/uploads\/2023\/04\/IMG-20230405-WA0035-768x1024.jpg 768w, https:\/\/cpzizur.educacion.navarra.es\/web1\/wp-content\/uploads\/2023\/04\/IMG-20230405-WA0035-1152x1536.jpg 1152w\" sizes=\"(max-width: 1536px) 100vw, 1536px\" \/><\/a><\/figure>\n\n\n\n<figure class=\"wp-block-image size-large\"><a href=\"https:\/\/cpzizur.educacion.navarra.es\/web1\/wp-content\/uploads\/2023\/04\/IMG-20230405-WA0036.jpg\" target=\"_blank\" rel=\"noopener\"><img loading=\"lazy\" width=\"1536\" height=\"2048\" data-id=\"17368\"  src=\"https:\/\/cpzizur.educacion.navarra.es\/web1\/wp-content\/uploads\/2023\/04\/IMG-20230405-WA0036.jpg\" alt=\"\" class=\"wp-image-17368\" srcset=\"https:\/\/cpzizur.educacion.navarra.es\/web1\/wp-content\/uploads\/2023\/04\/IMG-20230405-WA0036.jpg 1536w, https:\/\/cpzizur.educacion.navarra.es\/web1\/wp-content\/uploads\/2023\/04\/IMG-20230405-WA0036-225x300.jpg 225w, https:\/\/cpzizur.educacion.navarra.es\/web1\/wp-content\/uploads\/2023\/04\/IMG-20230405-WA0036-768x1024.jpg 768w, https:\/\/cpzizur.educacion.navarra.es\/web1\/wp-content\/uploads\/2023\/04\/IMG-20230405-WA0036-1152x1536.jpg 1152w\" sizes=\"(max-width: 1536px) 100vw, 1536px\" \/><\/a><\/figure>\n\n\n\n<figure class=\"wp-block-image size-large\"><a href=\"https:\/\/cpzizur.educacion.navarra.es\/web1\/wp-content\/uploads\/2023\/04\/IMG-20230405-WA0037.jpg\" target=\"_blank\" rel=\"noopener\"><img loading=\"lazy\" width=\"1536\" height=\"2048\" data-id=\"17369\"  src=\"https:\/\/cpzizur.educacion.navarra.es\/web1\/wp-content\/uploads\/2023\/04\/IMG-20230405-WA0037.jpg\" alt=\"\" class=\"wp-image-17369\" srcset=\"https:\/\/cpzizur.educacion.navarra.es\/web1\/wp-content\/uploads\/2023\/04\/IMG-20230405-WA0037.jpg 1536w, https:\/\/cpzizur.educacion.navarra.es\/web1\/wp-content\/uploads\/2023\/04\/IMG-20230405-WA0037-225x300.jpg 225w, https:\/\/cpzizur.educacion.navarra.es\/web1\/wp-content\/uploads\/2023\/04\/IMG-20230405-WA0037-768x1024.jpg 768w, https:\/\/cpzizur.educacion.navarra.es\/web1\/wp-content\/uploads\/2023\/04\/IMG-20230405-WA0037-1152x1536.jpg 1152w\" sizes=\"(max-width: 1536px) 100vw, 1536px\" \/><\/a><\/figure>\n\n\n\n<figure class=\"wp-block-image size-large\"><a href=\"https:\/\/cpzizur.educacion.navarra.es\/web1\/wp-content\/uploads\/2023\/04\/IMG-20230405-WA0033.jpg\" target=\"_blank\" rel=\"noopener\"><img loading=\"lazy\" width=\"1536\" height=\"2048\" data-id=\"17366\"  src=\"https:\/\/cpzizur.educacion.navarra.es\/web1\/wp-content\/uploads\/2023\/04\/IMG-20230405-WA0033.jpg\" alt=\"\" class=\"wp-image-17366\" srcset=\"https:\/\/cpzizur.educacion.navarra.es\/web1\/wp-content\/uploads\/2023\/04\/IMG-20230405-WA0033.jpg 1536w, https:\/\/cpzizur.educacion.navarra.es\/web1\/wp-content\/uploads\/2023\/04\/IMG-20230405-WA0033-225x300.jpg 225w, https:\/\/cpzizur.educacion.navarra.es\/web1\/wp-content\/uploads\/2023\/04\/IMG-20230405-WA0033-768x1024.jpg 768w, https:\/\/cpzizur.educacion.navarra.es\/web1\/wp-content\/uploads\/2023\/04\/IMG-20230405-WA0033-1152x1536.jpg 1152w\" sizes=\"(max-width: 1536px) 100vw, 1536px\" \/><\/a><\/figure>\n\n\n\n<figure class=\"wp-block-image size-large\"><a href=\"https:\/\/cpzizur.educacion.navarra.es\/web1\/wp-content\/uploads\/2023\/04\/IMG-20230405-WA0030.jpg\" target=\"_blank\" rel=\"noopener\"><img loading=\"lazy\" width=\"1536\" height=\"2048\" data-id=\"17363\"  src=\"https:\/\/cpzizur.educacion.navarra.es\/web1\/wp-content\/uploads\/2023\/04\/IMG-20230405-WA0030.jpg\" alt=\"\" class=\"wp-image-17363\" srcset=\"https:\/\/cpzizur.educacion.navarra.es\/web1\/wp-content\/uploads\/2023\/04\/IMG-20230405-WA0030.jpg 1536w, https:\/\/cpzizur.educacion.navarra.es\/web1\/wp-content\/uploads\/2023\/04\/IMG-20230405-WA0030-225x300.jpg 225w, https:\/\/cpzizur.educacion.navarra.es\/web1\/wp-content\/uploads\/2023\/04\/IMG-20230405-WA0030-768x1024.jpg 768w, https:\/\/cpzizur.educacion.navarra.es\/web1\/wp-content\/uploads\/2023\/04\/IMG-20230405-WA0030-1152x1536.jpg 1152w\" sizes=\"(max-width: 1536px) 100vw, 1536px\" \/><\/a><\/figure>\n\n\n\n<figure class=\"wp-block-image size-large\"><a href=\"https:\/\/cpzizur.educacion.navarra.es\/web1\/wp-content\/uploads\/2023\/04\/IMG-20230405-WA0031.jpg\" target=\"_blank\" rel=\"noopener\"><img loading=\"lazy\" width=\"1536\" height=\"2048\" data-id=\"17362\"  src=\"https:\/\/cpzizur.educacion.navarra.es\/web1\/wp-content\/uploads\/2023\/04\/IMG-20230405-WA0031.jpg\" alt=\"\" class=\"wp-image-17362\" srcset=\"https:\/\/cpzizur.educacion.navarra.es\/web1\/wp-content\/uploads\/2023\/04\/IMG-20230405-WA0031.jpg 1536w, https:\/\/cpzizur.educacion.navarra.es\/web1\/wp-content\/uploads\/2023\/04\/IMG-20230405-WA0031-225x300.jpg 225w, https:\/\/cpzizur.educacion.navarra.es\/web1\/wp-content\/uploads\/2023\/04\/IMG-20230405-WA0031-768x1024.jpg 768w, https:\/\/cpzizur.educacion.navarra.es\/web1\/wp-content\/uploads\/2023\/04\/IMG-20230405-WA0031-1152x1536.jpg 1152w\" sizes=\"(max-width: 1536px) 100vw, 1536px\" \/><\/a><\/figure>\n\n\n\n<figure class=\"wp-block-image size-large\"><a href=\"https:\/\/cpzizur.educacion.navarra.es\/web1\/wp-content\/uploads\/2023\/04\/IMG-20230405-WA0029.jpg\" target=\"_blank\" rel=\"noopener\"><img loading=\"lazy\" width=\"2048\" height=\"1536\" data-id=\"17364\"  src=\"https:\/\/cpzizur.educacion.navarra.es\/web1\/wp-content\/uploads\/2023\/04\/IMG-20230405-WA0029.jpg\" alt=\"\" class=\"wp-image-17364\" srcset=\"https:\/\/cpzizur.educacion.navarra.es\/web1\/wp-content\/uploads\/2023\/04\/IMG-20230405-WA0029.jpg 2048w, https:\/\/cpzizur.educacion.navarra.es\/web1\/wp-content\/uploads\/2023\/04\/IMG-20230405-WA0029-300x225.jpg 300w, https:\/\/cpzizur.educacion.navarra.es\/web1\/wp-content\/uploads\/2023\/04\/IMG-20230405-WA0029-1024x768.jpg 1024w, https:\/\/cpzizur.educacion.navarra.es\/web1\/wp-content\/uploads\/2023\/04\/IMG-20230405-WA0029-768x576.jpg 768w, https:\/\/cpzizur.educacion.navarra.es\/web1\/wp-content\/uploads\/2023\/04\/IMG-20230405-WA0029-1536x1152.jpg 1536w\" sizes=\"(max-width: 2048px) 100vw, 2048px\" \/><\/a><\/figure>\n\n\n\n<figure class=\"wp-block-image size-large\"><a href=\"https:\/\/cpzizur.educacion.navarra.es\/web1\/wp-content\/uploads\/2023\/04\/IMG-20230405-WA0008.jpg\" target=\"_blank\" rel=\"noopener\"><img loading=\"lazy\" width=\"1600\" height=\"1200\" data-id=\"17359\"  src=\"https:\/\/cpzizur.educacion.navarra.es\/web1\/wp-content\/uploads\/2023\/04\/IMG-20230405-WA0008.jpg\" alt=\"\" class=\"wp-image-17359\" srcset=\"https:\/\/cpzizur.educacion.navarra.es\/web1\/wp-content\/uploads\/2023\/04\/IMG-20230405-WA0008.jpg 1600w, https:\/\/cpzizur.educacion.navarra.es\/web1\/wp-content\/uploads\/2023\/04\/IMG-20230405-WA0008-300x225.jpg 300w, https:\/\/cpzizur.educacion.navarra.es\/web1\/wp-content\/uploads\/2023\/04\/IMG-20230405-WA0008-1024x768.jpg 1024w, https:\/\/cpzizur.educacion.navarra.es\/web1\/wp-content\/uploads\/2023\/04\/IMG-20230405-WA0008-768x576.jpg 768w, https:\/\/cpzizur.educacion.navarra.es\/web1\/wp-content\/uploads\/2023\/04\/IMG-20230405-WA0008-1536x1152.jpg 1536w\" sizes=\"(max-width: 1600px) 100vw, 1600px\" \/><\/a><\/figure>\n\n\n\n<figure class=\"wp-block-image size-large\"><a href=\"https:\/\/cpzizur.educacion.navarra.es\/web1\/wp-content\/uploads\/2023\/04\/OKK-scaled.jpg\" target=\"_blank\" rel=\"noopener\"><img loading=\"lazy\" width=\"2560\" height=\"1920\" data-id=\"17377\"  src=\"https:\/\/cpzizur.educacion.navarra.es\/web1\/wp-content\/uploads\/2023\/04\/OKK-scaled.jpg\" alt=\"\" class=\"wp-image-17377\" srcset=\"https:\/\/cpzizur.educacion.navarra.es\/web1\/wp-content\/uploads\/2023\/04\/OKK-scaled.jpg 2560w, https:\/\/cpzizur.educacion.navarra.es\/web1\/wp-content\/uploads\/2023\/04\/OKK-300x225.jpg 300w, https:\/\/cpzizur.educacion.navarra.es\/web1\/wp-content\/uploads\/2023\/04\/OKK-1024x768.jpg 1024w, https:\/\/cpzizur.educacion.navarra.es\/web1\/wp-content\/uploads\/2023\/04\/OKK-768x576.jpg 768w, https:\/\/cpzizur.educacion.navarra.es\/web1\/wp-content\/uploads\/2023\/04\/OKK-1536x1152.jpg 1536w, https:\/\/cpzizur.educacion.navarra.es\/web1\/wp-content\/uploads\/2023\/04\/OKK-2048x1536.jpg 2048w\" sizes=\"(max-width: 2560px) 100vw, 2560px\" \/><\/a><\/figure>\n\n\n\n<figure class=\"wp-block-image size-large\"><a href=\"https:\/\/cpzizur.educacion.navarra.es\/web1\/wp-content\/uploads\/2023\/04\/IMG-20230405-WA0044.jpg\" target=\"_blank\" rel=\"noopener\"><img loading=\"lazy\" width=\"1536\" height=\"2048\" data-id=\"17375\"  src=\"https:\/\/cpzizur.educacion.navarra.es\/web1\/wp-content\/uploads\/2023\/04\/IMG-20230405-WA0044.jpg\" alt=\"\" class=\"wp-image-17375\" srcset=\"https:\/\/cpzizur.educacion.navarra.es\/web1\/wp-content\/uploads\/2023\/04\/IMG-20230405-WA0044.jpg 1536w, https:\/\/cpzizur.educacion.navarra.es\/web1\/wp-content\/uploads\/2023\/04\/IMG-20230405-WA0044-225x300.jpg 225w, https:\/\/cpzizur.educacion.navarra.es\/web1\/wp-content\/uploads\/2023\/04\/IMG-20230405-WA0044-768x1024.jpg 768w, https:\/\/cpzizur.educacion.navarra.es\/web1\/wp-content\/uploads\/2023\/04\/IMG-20230405-WA0044-1152x1536.jpg 1152w\" sizes=\"(max-width: 1536px) 100vw, 1536px\" \/><\/a><\/figure>\n\n\n\n<figure class=\"wp-block-image size-large\"><a href=\"https:\/\/cpzizur.educacion.navarra.es\/web1\/wp-content\/uploads\/2023\/04\/IMG-20230405-WA0028.jpg\" target=\"_blank\" rel=\"noopener\"><img loading=\"lazy\" width=\"1600\" height=\"1200\" data-id=\"17365\"  src=\"https:\/\/cpzizur.educacion.navarra.es\/web1\/wp-content\/uploads\/2023\/04\/IMG-20230405-WA0028.jpg\" alt=\"\" class=\"wp-image-17365\" srcset=\"https:\/\/cpzizur.educacion.navarra.es\/web1\/wp-content\/uploads\/2023\/04\/IMG-20230405-WA0028.jpg 1600w, https:\/\/cpzizur.educacion.navarra.es\/web1\/wp-content\/uploads\/2023\/04\/IMG-20230405-WA0028-300x225.jpg 300w, https:\/\/cpzizur.educacion.navarra.es\/web1\/wp-content\/uploads\/2023\/04\/IMG-20230405-WA0028-1024x768.jpg 1024w, https:\/\/cpzizur.educacion.navarra.es\/web1\/wp-content\/uploads\/2023\/04\/IMG-20230405-WA0028-768x576.jpg 768w, https:\/\/cpzizur.educacion.navarra.es\/web1\/wp-content\/uploads\/2023\/04\/IMG-20230405-WA0028-1536x1152.jpg 1536w\" sizes=\"(max-width: 1600px) 100vw, 1600px\" \/><\/a><\/figure>\n\n\n\n<figure class=\"wp-block-image size-large\"><a href=\"https:\/\/cpzizur.educacion.navarra.es\/web1\/wp-content\/uploads\/2023\/04\/IMG-20230405-WA0026.jpg\" target=\"_blank\" rel=\"noopener\"><img loading=\"lazy\" width=\"970\" height=\"1200\" data-id=\"17361\"  src=\"https:\/\/cpzizur.educacion.navarra.es\/web1\/wp-content\/uploads\/2023\/04\/IMG-20230405-WA0026.jpg\" alt=\"\" class=\"wp-image-17361\" srcset=\"https:\/\/cpzizur.educacion.navarra.es\/web1\/wp-content\/uploads\/2023\/04\/IMG-20230405-WA0026.jpg 970w, https:\/\/cpzizur.educacion.navarra.es\/web1\/wp-content\/uploads\/2023\/04\/IMG-20230405-WA0026-243x300.jpg 243w, https:\/\/cpzizur.educacion.navarra.es\/web1\/wp-content\/uploads\/2023\/04\/IMG-20230405-WA0026-828x1024.jpg 828w, https:\/\/cpzizur.educacion.navarra.es\/web1\/wp-content\/uploads\/2023\/04\/IMG-20230405-WA0026-768x950.jpg 768w\" sizes=\"(max-width: 970px) 100vw, 970px\" \/><\/a><\/figure>\n<\/figure>\n\n\n\n<figure class=\"wp-block-gallery has-nested-images columns-default is-cropped\"><\/figure>\n","protected":false},"excerpt":{"rendered":"<p>El pasado 5 de abril celebramos en el colegio el d\u00eda mundial de concienciaci\u00f3n del autismo. Desde el aula UT se organizaron distintas din\u00e1micas para conocer m\u00e1s sobre el autismo en las aulas. Entre ellas, se invit\u00f3 a profesorado y alumando&nbsp;a asistir de color azul, color asignado al autismo, y cada clase plasm\u00f3 su huella [&hellip;]<\/p>\n","protected":false},"author":1,"featured_media":0,"parent":0,"menu_order":0,"comment_status":"closed","ping_status":"closed","template":"","meta":{"_genesis_hide_title":false,"_genesis_hide_breadcrumbs":false,"_genesis_hide_singular_image":false,"_genesis_hide_footer_widgets":false,"_genesis_custom_body_class":"","_genesis_custom_post_class":"","_genesis_layout":""},"_links":{"self":[{"href":"https:\/\/cpzizur.educacion.navarra.es\/web1\/wp-json\/wp\/v2\/pages\/17357"}],"collection":[{"href":"https:\/\/cpzizur.educacion.navarra.es\/web1\/wp-json\/wp\/v2\/pages"}],"about":[{"href":"https:\/\/cpzizur.educacion.navarra.es\/web1\/wp-json\/wp\/v2\/types\/page"}],"author":[{"embeddable":true,"href":"https:\/\/cpzizur.educacion.navarra.es\/web1\/wp-json\/wp\/v2\/users\/1"}],"replies":[{"embeddable":true,"href":"https:\/\/cpzizur.educacion.navarra.es\/web1\/wp-json\/wp\/v2\/comments?post=17357"}],"version-history":[{"count":4,"href":"https:\/\/cpzizur.educacion.navarra.es\/web1\/wp-json\/wp\/v2\/pages\/17357\/revisions"}],"predecessor-version":[{"id":17390,"href":"https:\/\/cpzizur.educacion.navarra.es\/web1\/wp-json\/wp\/v2\/pages\/17357\/revisions\/17390"}],"wp:attachment":[{"href":"https:\/\/cpzizur.educacion.navarra.es\/web1\/wp-json\/wp\/v2\/media?parent=17357"}],"curies":[{"name":"wp","href":"https:\/\/api.w.org\/{rel}","templated":true}]}}