{"id":173,"date":"2017-03-30T12:10:44","date_gmt":"2017-03-30T10:10:44","guid":{"rendered":"https:\/\/cpzizur.educacion.navarra.es\/web1\/?page_id=173"},"modified":"2025-11-19T10:23:52","modified_gmt":"2025-11-19T09:23:52","slug":"ensenanzas","status":"publish","type":"page","link":"https:\/\/cpzizur.educacion.navarra.es\/web1\/ensenanzas\/","title":{"rendered":"ETAPAS"},"content":{"rendered":"\n<p>El Colegio P\u00fablico Camino de Santiago imparte el <strong>segundo ciclo de Educaci\u00f3n Infantil y la etapa de Educaci\u00f3n Primaria<\/strong>.<\/p>\n\n\n\n<h3><strong>EDUCACI\u00d3N INFANTIL<\/strong><\/h3>\n\n\n<div id=\"metaslider-id-21438\" style=\"width: 100%;\" class=\"ml-slider-3-102-0 metaslider metaslider-flex metaslider-21438 ml-slider has-dots-nav ms-theme-default-base\" role=\"region\" aria-label=\"ETAPAS: Infantil\" data-height=\"500\" data-width=\"700\">\n    <div id=\"metaslider_container_21438\">\n        <div id=\"metaslider_21438\">\n            <ul aria-live='off' class='slides'>\n                <li style=\"display: block; width: 100%;\" class=\"slide-21444 ms-image \" aria-roledescription=\"slide\" data-date=\"2025-11-19 10:16:19\" data-slide-type=\"image\"><img src=\"https:\/\/cpzizur.educacion.navarra.es\/web1\/wp-content\/uploads\/2025\/01\/8-15-700x500.jpg\" height=\"500\" width=\"700\" alt=\"\" class=\"slider-21438 slide-21444 msDefaultImage\" title=\"8-15\" \/><div class=\"caption-wrap\"><div class=\"caption\"><div>Las ni\u00f1as y ni\u00f1os de 3 a 6 a\u00f1os aprenden de manera manipulativa y experimental.<\/div> <div>\u00a0<\/div><\/div><\/div><\/li>\n                <li style=\"display: none; width: 100%;\" class=\"slide-21440 ms-image \" aria-roledescription=\"slide\" data-date=\"2025-11-19 10:08:46\" data-slide-type=\"image\"><img src=\"https:\/\/cpzizur.educacion.navarra.es\/web1\/wp-content\/uploads\/2026\/01\/Presentacion-Bandeja-de-Arena-Montessori_3018-700x500.jpg\" height=\"500\" width=\"700\" alt=\"\" class=\"slider-21438 slide-21440 msDefaultImage\" title=\"Presentacion-Bandeja-de-Arena-Montessori_3018\" \/><div class=\"caption-wrap\"><div class=\"caption\"><div>Cuentan con material ideado para captar la curiosidad del ni\u00f1o y guiarlo por su deseo de aprender.<\/div><\/div><\/div><\/li>\n                <li style=\"display: none; width: 100%;\" class=\"slide-21880 ms-image \" aria-roledescription=\"slide\" data-date=\"2026-01-12 11:39:03\" data-slide-type=\"image\"><img src=\"https:\/\/cpzizur.educacion.navarra.es\/web1\/wp-content\/uploads\/2026\/01\/etapas-infantil-3-web-scaled-700x500.jpg\" height=\"500\" width=\"700\" alt=\"\" class=\"slider-21438 slide-21880 msDefaultImage\" title=\"etapas infantil 3 web\" \/><div class=\"caption-wrap\"><div class=\"caption\"><div>Adem\u00e1s son materiales autocorrectivos de manera que ninguna tarea puede completarse incorrectamente sin que el ni\u00f1o se de cuenta de ello por s\u00ed mismo.<\/div><\/div><\/div><\/li>\n                <li style=\"display: none; width: 100%;\" class=\"slide-21445 ms-image \" aria-roledescription=\"slide\" data-date=\"2025-11-19 10:16:19\" data-slide-type=\"image\"><img src=\"https:\/\/cpzizur.educacion.navarra.es\/web1\/wp-content\/uploads\/2025\/11\/IMG-20250131-WA0003_resized_20250131_091215394-700x500.jpg\" height=\"500\" width=\"700\" alt=\"\" class=\"slider-21438 slide-21445 msDefaultImage\" title=\"IMG-20250131-WA0003_resized_20250131_091215394\" \/><div class=\"caption-wrap\"><div class=\"caption\"><div>El aula se organiza en \u00e1reas de trabajo, equipadas con mesas adaptadas al tama\u00f1o de las ni\u00f1as y ni\u00f1os y areas abiertas para el trabajo en el suelo.<\/div><\/div><\/div><\/li>\n                <li style=\"display: none; width: 100%;\" class=\"slide-21879 ms-image \" aria-roledescription=\"slide\" data-date=\"2026-01-12 11:39:03\" data-slide-type=\"image\"><img src=\"https:\/\/cpzizur.educacion.navarra.es\/web1\/wp-content\/uploads\/2026\/01\/Material-Montessori-del-Area-de-Vida-Practica-700x500.jpeg\" height=\"500\" width=\"700\" alt=\"\" class=\"slider-21438 slide-21879 msDefaultImage\" title=\"Material-Montessori-del-\u00c1rea-de-Vida-Pr\u00e1ctica\" \/><div class=\"caption-wrap\"><div class=\"caption\"><div>Tambi\u00e9n disponen de estanter\u00edas donde todo est\u00e1 a su alcance, con materiales pertenecientes a cada \u00e1rea de desarrollo.<\/div><\/div><\/div><\/li>\n                <li style=\"display: none; width: 100%;\" class=\"slide-21878 ms-image \" aria-roledescription=\"slide\" data-date=\"2026-01-12 11:39:03\" data-slide-type=\"image\"><img src=\"https:\/\/cpzizur.educacion.navarra.es\/web1\/wp-content\/uploads\/2026\/01\/etapa-infantil-web-scaled-700x500.jpg\" height=\"500\" width=\"700\" alt=\"\" class=\"slider-21438 slide-21878 msDefaultImage\" title=\"etapa infantil web\" \/><div class=\"caption-wrap\"><div class=\"caption\"><div>Estas \u00e1reas son Lenguaje, Sensorial...<\/div><\/div><\/div><\/li>\n                <li style=\"display: none; width: 100%;\" class=\"slide-21889 ms-image \" aria-roledescription=\"slide\" data-date=\"2026-01-12 12:56:57\" data-slide-type=\"image\"><img src=\"https:\/\/cpzizur.educacion.navarra.es\/web1\/wp-content\/uploads\/2025\/11\/1761734527556-scaled-700x500.jpg\" height=\"500\" width=\"700\" alt=\"\" class=\"slider-21438 slide-21889 msDefaultImage\" title=\"1761734527556\" \/><div class=\"caption-wrap\"><div class=\"caption\"><div>Vida Pr\u00e1ctica, Matem\u00e1ticas...<\/div><\/div><\/div><\/li>\n                <li style=\"display: none; width: 100%;\" class=\"slide-21882 ms-image \" aria-roledescription=\"slide\" data-date=\"2026-01-12 11:39:23\" data-slide-type=\"image\"><img src=\"https:\/\/cpzizur.educacion.navarra.es\/web1\/wp-content\/uploads\/2025\/05\/3-2-700x500.jpg\" height=\"500\" width=\"700\" alt=\"\" class=\"slider-21438 slide-21882 msDefaultImage\" title=\"3-2\" \/><div class=\"caption-wrap\"><div class=\"caption\"><div>... y \u00c1reas Culturales.<\/div><\/div><\/div><\/li>\n                <li style=\"display: none; width: 100%;\" class=\"slide-21439 ms-image \" aria-roledescription=\"slide\" data-date=\"2025-11-19 10:07:36\" data-slide-type=\"image\"><img src=\"https:\/\/cpzizur.educacion.navarra.es\/web1\/wp-content\/uploads\/2025\/11\/IMG-20251105-WA0002-scaled-700x500.jpg\" height=\"500\" width=\"700\" alt=\"\" class=\"slider-21438 slide-21439 msDefaultImage\" title=\"IMG-20251105-WA0002\" \/><div class=\"caption-wrap\"><div class=\"caption\"><div>Por \u00faltimo los ni\u00f1os y ni\u00f1as entran en contacto con la m\u00fasica, la pintura, las labores del huerto, la psicomotricidad y la experimentaci\u00f3n sensorial a trav\u00e9s de estos ambientes.<\/div> <div>\u00a0<\/div><\/div><\/div><\/li>\n                <li style=\"display: none; width: 100%;\" class=\"slide-21900 ms-image \" aria-roledescription=\"slide\" data-date=\"2026-01-12 16:06:36\" data-slide-type=\"image\"><img src=\"https:\/\/cpzizur.educacion.navarra.es\/web1\/wp-content\/uploads\/2026\/01\/EUSKERA-WEB-1-700x500.jpg\" height=\"500\" width=\"700\" alt=\"\" class=\"slider-21438 slide-21900 msDefaultImage\" title=\"EUSKERA WEB (1)\" \/><div class=\"caption-wrap\"><div class=\"caption\"><div>Todo esto tiene lugar en CASTELLANO\/INGL\u00c9S con el EUSKERA como optativa.<\/div><\/div><\/div><\/li>\n            <\/ul>\n        <\/div>\n        \n    <\/div>\n<\/div>\n\n\n\n<h3><strong>EDUCACI\u00d3N PRIMARIA<\/strong><\/h3>\n\n\n<div id=\"metaslider-id-21446\" style=\"width: 100%;\" class=\"ml-slider-3-102-0 metaslider metaslider-flex metaslider-21446 ml-slider has-dots-nav ms-theme-default-base\" role=\"region\" aria-label=\"ETAPAS: Primaria\" data-height=\"500\" data-width=\"700\">\n    <div id=\"metaslider_container_21446\">\n        <div id=\"metaslider_21446\">\n            <ul aria-live='off' class='slides'>\n                <li style=\"display: block; width: 100%;\" class=\"slide-21448 ms-image \" aria-roledescription=\"slide\" data-date=\"2025-11-19 10:21:30\" data-slide-type=\"image\"><img src=\"https:\/\/cpzizur.educacion.navarra.es\/web1\/wp-content\/uploads\/2025\/11\/IMG-20250131-WA0062-scaled-700x500.jpg\" height=\"500\" width=\"700\" alt=\"\" class=\"slider-21446 slide-21448 msDefaultImage\" title=\"IMG-20250131-WA0062\" \/><div class=\"caption-wrap\"><div class=\"caption\"><div>El alumnado en esta edad tiende a trabajar de manera colaborativa y cooperativa.<\/div><\/div><\/div><\/li>\n                <li style=\"display: none; width: 100%;\" class=\"slide-21450 ms-image \" aria-roledescription=\"slide\" data-date=\"2025-11-19 10:21:30\" data-slide-type=\"image\"><img src=\"https:\/\/cpzizur.educacion.navarra.es\/web1\/wp-content\/uploads\/2025\/11\/IMG-20251106-WA0003-scaled-700x500.jpg\" height=\"500\" width=\"700\" alt=\"\" class=\"slider-21446 slide-21450 msDefaultImage\" title=\"IMG-20251106-WA0003\" \/><div class=\"caption-wrap\"><div class=\"caption\"><div>Lo que les permite profundizar en una gran variedad de proyectos y desarrollar habilidades sociales como la asertividad y la empat\u00eda<\/div><\/div><\/div><\/li>\n                <li style=\"display: none; width: 100%;\" class=\"slide-21452 ms-image \" aria-roledescription=\"slide\" data-date=\"2025-11-19 10:21:30\" data-slide-type=\"image\"><img src=\"https:\/\/cpzizur.educacion.navarra.es\/web1\/wp-content\/uploads\/2025\/11\/IMG-20251106-WA0004-scaled-700x500.jpg\" height=\"500\" width=\"700\" alt=\"\" class=\"slider-21446 slide-21452 msDefaultImage\" title=\"IMG-20251106-WA0004\" \/><div class=\"caption-wrap\"><div class=\"caption\"><div>poniendo en pr\u00e1ctica estrategias propias de la resoluci\u00f3n de conflictos<\/div><\/div><\/div><\/li>\n                <li style=\"display: none; width: 100%;\" class=\"slide-21451 ms-image \" aria-roledescription=\"slide\" data-date=\"2025-11-19 10:21:30\" data-slide-type=\"image\"><img src=\"https:\/\/cpzizur.educacion.navarra.es\/web1\/wp-content\/uploads\/2025\/11\/IMG-20251106-WA0006_resized_20251106_020617562-700x500.jpg\" height=\"500\" width=\"700\" alt=\"\" class=\"slider-21446 slide-21451 msDefaultImage\" title=\"IMG-20251106-WA0006_resized_20251106_020617562\" \/><div class=\"caption-wrap\"><div class=\"caption\"><div>logrando de esta manera una gran confianza en s\u00ed mismos<\/div><\/div><\/div><\/li>\n                <li style=\"display: none; width: 100%;\" class=\"slide-21453 ms-image \" aria-roledescription=\"slide\" data-date=\"2025-11-19 10:21:30\" data-slide-type=\"image\"><img src=\"https:\/\/cpzizur.educacion.navarra.es\/web1\/wp-content\/uploads\/2025\/11\/IMG-20251106-WA0009_resized_20251106_020614927-700x500.jpg\" height=\"500\" width=\"700\" alt=\"\" class=\"slider-21446 slide-21453 msDefaultImage\" title=\"IMG-20251106-WA0009_resized_20251106_020614927\" \/><div class=\"caption-wrap\"><div class=\"caption\"><div>Todo esto en un espacio biling\u00fce ESPA\u00d1OL\/INGL\u00c9S con EUSKERA como optativa.<\/div><\/div><\/div><\/li>\n            <\/ul>\n        <\/div>\n        \n    <\/div>\n<\/div>\n","protected":false},"excerpt":{"rendered":"<p>El Colegio P\u00fablico Camino de Santiago imparte el segundo ciclo de Educaci\u00f3n Infantil y la etapa de Educaci\u00f3n Primaria. EDUCACI\u00d3N INFANTIL EDUCACI\u00d3N PRIMARIA<\/p>\n","protected":false},"author":1,"featured_media":0,"parent":0,"menu_order":0,"comment_status":"closed","ping_status":"closed","template":"","meta":{"_genesis_hide_title":false,"_genesis_hide_breadcrumbs":false,"_genesis_hide_singular_image":false,"_genesis_hide_footer_widgets":false,"_genesis_custom_body_class":"","_genesis_custom_post_class":"","_genesis_layout":""},"_links":{"self":[{"href":"https:\/\/cpzizur.educacion.navarra.es\/web1\/wp-json\/wp\/v2\/pages\/173"}],"collection":[{"href":"https:\/\/cpzizur.educacion.navarra.es\/web1\/wp-json\/wp\/v2\/pages"}],"about":[{"href":"https:\/\/cpzizur.educacion.navarra.es\/web1\/wp-json\/wp\/v2\/types\/page"}],"author":[{"embeddable":true,"href":"https:\/\/cpzizur.educacion.navarra.es\/web1\/wp-json\/wp\/v2\/users\/1"}],"replies":[{"embeddable":true,"href":"https:\/\/cpzizur.educacion.navarra.es\/web1\/wp-json\/wp\/v2\/comments?post=173"}],"version-history":[{"count":7,"href":"https:\/\/cpzizur.educacion.navarra.es\/web1\/wp-json\/wp\/v2\/pages\/173\/revisions"}],"predecessor-version":[{"id":21454,"href":"https:\/\/cpzizur.educacion.navarra.es\/web1\/wp-json\/wp\/v2\/pages\/173\/revisions\/21454"}],"wp:attachment":[{"href":"https:\/\/cpzizur.educacion.navarra.es\/web1\/wp-json\/wp\/v2\/media?parent=173"}],"curies":[{"name":"wp","href":"https:\/\/api.w.org\/{rel}","templated":true}]}}