{"id":17218,"date":"2023-03-30T14:35:12","date_gmt":"2023-03-30T12:35:12","guid":{"rendered":"https:\/\/cpzizur.educacion.navarra.es\/web1\/?page_id=17218"},"modified":"2023-03-30T16:11:32","modified_gmt":"2023-03-30T14:11:32","slug":"depositos-de-mendillorri","status":"publish","type":"page","link":"https:\/\/cpzizur.educacion.navarra.es\/web1\/depositos-de-mendillorri\/","title":{"rendered":"Dep\u00f3sitos de Mendillorri"},"content":{"rendered":"\n<p>El 22 de marzo el alumnado de 2\u00ba de Educaci\u00f3n Primaria visitamos los dep\u00f3sitos de Mendillorri. All\u00ed conocimos de primera mano d\u00f3nde se almacena el agua que viene de la potabilizadora y que llegar\u00e1 a nuestras casas, a nuestro cole, etc. \u00a1La puerta secreta a los dep\u00f3sitos nos encant\u00f3!&nbsp;<\/p>\n\n\n\n<p>Adem\u00e1s, hicimos varias actividades muy divertidas para repasar todo lo que sabemos sobre el ciclo del agua.&nbsp;<\/p>\n\n\n\n<p>Terminamos la ma\u00f1ana disfrutando del parque y los jardines que hay en el recinto. \u00a1Nos lo pasamos pipa!\u00a0<\/p>\n\n\n\n<figure class=\"wp-block-gallery has-nested-images columns-default is-cropped\">\n<figure class=\"wp-block-image size-large\"><a href=\"https:\/\/cpzizur.educacion.navarra.es\/web1\/wp-content\/uploads\/2023\/03\/IMG_20230322_104748.jpg\" target=\"_blank\" rel=\"noopener\"><img loading=\"lazy\" width=\"1773\" height=\"2364\" data-id=\"17229\"  src=\"https:\/\/cpzizur.educacion.navarra.es\/web1\/wp-content\/uploads\/2023\/03\/IMG_20230322_104748.jpg\" alt=\"\" class=\"wp-image-17229\" srcset=\"https:\/\/cpzizur.educacion.navarra.es\/web1\/wp-content\/uploads\/2023\/03\/IMG_20230322_104748.jpg 1773w, https:\/\/cpzizur.educacion.navarra.es\/web1\/wp-content\/uploads\/2023\/03\/IMG_20230322_104748-225x300.jpg 225w, https:\/\/cpzizur.educacion.navarra.es\/web1\/wp-content\/uploads\/2023\/03\/IMG_20230322_104748-768x1024.jpg 768w, https:\/\/cpzizur.educacion.navarra.es\/web1\/wp-content\/uploads\/2023\/03\/IMG_20230322_104748-1152x1536.jpg 1152w, https:\/\/cpzizur.educacion.navarra.es\/web1\/wp-content\/uploads\/2023\/03\/IMG_20230322_104748-1536x2048.jpg 1536w\" sizes=\"(max-width: 1773px) 100vw, 1773px\" \/><\/a><\/figure>\n\n\n\n<figure class=\"wp-block-image size-large\"><a href=\"https:\/\/cpzizur.educacion.navarra.es\/web1\/wp-content\/uploads\/2023\/03\/IMG_20230322_103830.jpg\" target=\"_blank\" rel=\"noopener\"><img loading=\"lazy\" width=\"1773\" height=\"2364\" data-id=\"17228\"  src=\"https:\/\/cpzizur.educacion.navarra.es\/web1\/wp-content\/uploads\/2023\/03\/IMG_20230322_103830.jpg\" alt=\"\" class=\"wp-image-17228\" srcset=\"https:\/\/cpzizur.educacion.navarra.es\/web1\/wp-content\/uploads\/2023\/03\/IMG_20230322_103830.jpg 1773w, https:\/\/cpzizur.educacion.navarra.es\/web1\/wp-content\/uploads\/2023\/03\/IMG_20230322_103830-225x300.jpg 225w, https:\/\/cpzizur.educacion.navarra.es\/web1\/wp-content\/uploads\/2023\/03\/IMG_20230322_103830-768x1024.jpg 768w, https:\/\/cpzizur.educacion.navarra.es\/web1\/wp-content\/uploads\/2023\/03\/IMG_20230322_103830-1152x1536.jpg 1152w, https:\/\/cpzizur.educacion.navarra.es\/web1\/wp-content\/uploads\/2023\/03\/IMG_20230322_103830-1536x2048.jpg 1536w\" sizes=\"(max-width: 1773px) 100vw, 1773px\" \/><\/a><\/figure>\n\n\n\n<figure class=\"wp-block-image size-large\"><a href=\"https:\/\/cpzizur.educacion.navarra.es\/web1\/wp-content\/uploads\/2023\/03\/IMG_20230322_105157.jpg\" target=\"_blank\" rel=\"noopener\"><img loading=\"lazy\" width=\"2364\" height=\"1773\" data-id=\"17230\"  src=\"https:\/\/cpzizur.educacion.navarra.es\/web1\/wp-content\/uploads\/2023\/03\/IMG_20230322_105157.jpg\" alt=\"\" class=\"wp-image-17230\" srcset=\"https:\/\/cpzizur.educacion.navarra.es\/web1\/wp-content\/uploads\/2023\/03\/IMG_20230322_105157.jpg 2364w, https:\/\/cpzizur.educacion.navarra.es\/web1\/wp-content\/uploads\/2023\/03\/IMG_20230322_105157-300x225.jpg 300w, https:\/\/cpzizur.educacion.navarra.es\/web1\/wp-content\/uploads\/2023\/03\/IMG_20230322_105157-1024x768.jpg 1024w, https:\/\/cpzizur.educacion.navarra.es\/web1\/wp-content\/uploads\/2023\/03\/IMG_20230322_105157-768x576.jpg 768w, https:\/\/cpzizur.educacion.navarra.es\/web1\/wp-content\/uploads\/2023\/03\/IMG_20230322_105157-1536x1152.jpg 1536w, https:\/\/cpzizur.educacion.navarra.es\/web1\/wp-content\/uploads\/2023\/03\/IMG_20230322_105157-2048x1536.jpg 2048w\" sizes=\"(max-width: 2364px) 100vw, 2364px\" \/><\/a><\/figure>\n\n\n\n<figure class=\"wp-block-image size-large\"><a href=\"https:\/\/cpzizur.educacion.navarra.es\/web1\/wp-content\/uploads\/2023\/03\/IMG_20230322_111100.jpg\" target=\"_blank\" rel=\"noopener\"><img loading=\"lazy\" width=\"1773\" height=\"2364\" data-id=\"17219\"  src=\"https:\/\/cpzizur.educacion.navarra.es\/web1\/wp-content\/uploads\/2023\/03\/IMG_20230322_111100.jpg\" alt=\"\" class=\"wp-image-17219\" srcset=\"https:\/\/cpzizur.educacion.navarra.es\/web1\/wp-content\/uploads\/2023\/03\/IMG_20230322_111100.jpg 1773w, https:\/\/cpzizur.educacion.navarra.es\/web1\/wp-content\/uploads\/2023\/03\/IMG_20230322_111100-225x300.jpg 225w, https:\/\/cpzizur.educacion.navarra.es\/web1\/wp-content\/uploads\/2023\/03\/IMG_20230322_111100-768x1024.jpg 768w, https:\/\/cpzizur.educacion.navarra.es\/web1\/wp-content\/uploads\/2023\/03\/IMG_20230322_111100-1152x1536.jpg 1152w, https:\/\/cpzizur.educacion.navarra.es\/web1\/wp-content\/uploads\/2023\/03\/IMG_20230322_111100-1536x2048.jpg 1536w\" sizes=\"(max-width: 1773px) 100vw, 1773px\" \/><\/a><\/figure>\n\n\n\n<figure class=\"wp-block-image size-large\"><a href=\"https:\/\/cpzizur.educacion.navarra.es\/web1\/wp-content\/uploads\/2023\/03\/IMG_20230322_101920.jpg\" target=\"_blank\" rel=\"noopener\"><img loading=\"lazy\" width=\"2364\" height=\"1773\" data-id=\"17227\"  src=\"https:\/\/cpzizur.educacion.navarra.es\/web1\/wp-content\/uploads\/2023\/03\/IMG_20230322_101920.jpg\" alt=\"\" class=\"wp-image-17227\" srcset=\"https:\/\/cpzizur.educacion.navarra.es\/web1\/wp-content\/uploads\/2023\/03\/IMG_20230322_101920.jpg 2364w, https:\/\/cpzizur.educacion.navarra.es\/web1\/wp-content\/uploads\/2023\/03\/IMG_20230322_101920-300x225.jpg 300w, https:\/\/cpzizur.educacion.navarra.es\/web1\/wp-content\/uploads\/2023\/03\/IMG_20230322_101920-1024x768.jpg 1024w, https:\/\/cpzizur.educacion.navarra.es\/web1\/wp-content\/uploads\/2023\/03\/IMG_20230322_101920-768x576.jpg 768w, https:\/\/cpzizur.educacion.navarra.es\/web1\/wp-content\/uploads\/2023\/03\/IMG_20230322_101920-1536x1152.jpg 1536w, https:\/\/cpzizur.educacion.navarra.es\/web1\/wp-content\/uploads\/2023\/03\/IMG_20230322_101920-2048x1536.jpg 2048w\" sizes=\"(max-width: 2364px) 100vw, 2364px\" \/><\/a><\/figure>\n\n\n\n<figure class=\"wp-block-image size-large\"><a href=\"https:\/\/cpzizur.educacion.navarra.es\/web1\/wp-content\/uploads\/2023\/03\/Entrada-depositos-Mendillorri-1.jpg\" target=\"_blank\" rel=\"noopener\"><img loading=\"lazy\" width=\"2252\" height=\"1378\" data-id=\"17247\"  src=\"https:\/\/cpzizur.educacion.navarra.es\/web1\/wp-content\/uploads\/2023\/03\/Entrada-depositos-Mendillorri-1.jpg\" alt=\"\" class=\"wp-image-17247\" srcset=\"https:\/\/cpzizur.educacion.navarra.es\/web1\/wp-content\/uploads\/2023\/03\/Entrada-depositos-Mendillorri-1.jpg 2252w, https:\/\/cpzizur.educacion.navarra.es\/web1\/wp-content\/uploads\/2023\/03\/Entrada-depositos-Mendillorri-1-300x184.jpg 300w, https:\/\/cpzizur.educacion.navarra.es\/web1\/wp-content\/uploads\/2023\/03\/Entrada-depositos-Mendillorri-1-1024x627.jpg 1024w, https:\/\/cpzizur.educacion.navarra.es\/web1\/wp-content\/uploads\/2023\/03\/Entrada-depositos-Mendillorri-1-768x470.jpg 768w, https:\/\/cpzizur.educacion.navarra.es\/web1\/wp-content\/uploads\/2023\/03\/Entrada-depositos-Mendillorri-1-1536x940.jpg 1536w, https:\/\/cpzizur.educacion.navarra.es\/web1\/wp-content\/uploads\/2023\/03\/Entrada-depositos-Mendillorri-1-2048x1253.jpg 2048w\" sizes=\"(max-width: 2252px) 100vw, 2252px\" \/><\/a><\/figure>\n\n\n\n<figure class=\"wp-block-image size-large\"><a href=\"https:\/\/cpzizur.educacion.navarra.es\/web1\/wp-content\/uploads\/2023\/03\/IMG_20230322_120119.jpg\" target=\"_blank\" rel=\"noopener\"><img loading=\"lazy\" width=\"1773\" height=\"2364\" data-id=\"17225\"  src=\"https:\/\/cpzizur.educacion.navarra.es\/web1\/wp-content\/uploads\/2023\/03\/IMG_20230322_120119.jpg\" alt=\"\" class=\"wp-image-17225\" srcset=\"https:\/\/cpzizur.educacion.navarra.es\/web1\/wp-content\/uploads\/2023\/03\/IMG_20230322_120119.jpg 1773w, https:\/\/cpzizur.educacion.navarra.es\/web1\/wp-content\/uploads\/2023\/03\/IMG_20230322_120119-225x300.jpg 225w, https:\/\/cpzizur.educacion.navarra.es\/web1\/wp-content\/uploads\/2023\/03\/IMG_20230322_120119-768x1024.jpg 768w, https:\/\/cpzizur.educacion.navarra.es\/web1\/wp-content\/uploads\/2023\/03\/IMG_20230322_120119-1152x1536.jpg 1152w, https:\/\/cpzizur.educacion.navarra.es\/web1\/wp-content\/uploads\/2023\/03\/IMG_20230322_120119-1536x2048.jpg 1536w\" sizes=\"(max-width: 1773px) 100vw, 1773px\" \/><\/a><\/figure>\n\n\n\n<figure class=\"wp-block-image size-large\"><a href=\"https:\/\/cpzizur.educacion.navarra.es\/web1\/wp-content\/uploads\/2023\/03\/IMG_20230322_115702.jpg\" target=\"_blank\" rel=\"noopener\"><img loading=\"lazy\" width=\"1773\" height=\"2364\" data-id=\"17224\"  src=\"https:\/\/cpzizur.educacion.navarra.es\/web1\/wp-content\/uploads\/2023\/03\/IMG_20230322_115702.jpg\" alt=\"\" class=\"wp-image-17224\" srcset=\"https:\/\/cpzizur.educacion.navarra.es\/web1\/wp-content\/uploads\/2023\/03\/IMG_20230322_115702.jpg 1773w, https:\/\/cpzizur.educacion.navarra.es\/web1\/wp-content\/uploads\/2023\/03\/IMG_20230322_115702-225x300.jpg 225w, https:\/\/cpzizur.educacion.navarra.es\/web1\/wp-content\/uploads\/2023\/03\/IMG_20230322_115702-768x1024.jpg 768w, https:\/\/cpzizur.educacion.navarra.es\/web1\/wp-content\/uploads\/2023\/03\/IMG_20230322_115702-1152x1536.jpg 1152w, https:\/\/cpzizur.educacion.navarra.es\/web1\/wp-content\/uploads\/2023\/03\/IMG_20230322_115702-1536x2048.jpg 1536w\" sizes=\"(max-width: 1773px) 100vw, 1773px\" \/><\/a><\/figure>\n\n\n\n<figure class=\"wp-block-image size-large\"><a href=\"https:\/\/cpzizur.educacion.navarra.es\/web1\/wp-content\/uploads\/2023\/03\/IMG_20230322_115642.jpg\" target=\"_blank\" rel=\"noopener\"><img loading=\"lazy\" width=\"1773\" height=\"2364\" data-id=\"17223\"  src=\"https:\/\/cpzizur.educacion.navarra.es\/web1\/wp-content\/uploads\/2023\/03\/IMG_20230322_115642.jpg\" alt=\"\" class=\"wp-image-17223\" srcset=\"https:\/\/cpzizur.educacion.navarra.es\/web1\/wp-content\/uploads\/2023\/03\/IMG_20230322_115642.jpg 1773w, https:\/\/cpzizur.educacion.navarra.es\/web1\/wp-content\/uploads\/2023\/03\/IMG_20230322_115642-225x300.jpg 225w, https:\/\/cpzizur.educacion.navarra.es\/web1\/wp-content\/uploads\/2023\/03\/IMG_20230322_115642-768x1024.jpg 768w, https:\/\/cpzizur.educacion.navarra.es\/web1\/wp-content\/uploads\/2023\/03\/IMG_20230322_115642-1152x1536.jpg 1152w, https:\/\/cpzizur.educacion.navarra.es\/web1\/wp-content\/uploads\/2023\/03\/IMG_20230322_115642-1536x2048.jpg 1536w\" sizes=\"(max-width: 1773px) 100vw, 1773px\" \/><\/a><\/figure>\n\n\n\n<figure class=\"wp-block-image size-large\"><a href=\"https:\/\/cpzizur.educacion.navarra.es\/web1\/wp-content\/uploads\/2023\/03\/IMG_20230322_115147.jpg\" target=\"_blank\" rel=\"noopener\"><img loading=\"lazy\" width=\"1773\" height=\"2364\" data-id=\"17222\"  src=\"https:\/\/cpzizur.educacion.navarra.es\/web1\/wp-content\/uploads\/2023\/03\/IMG_20230322_115147.jpg\" alt=\"\" class=\"wp-image-17222\" srcset=\"https:\/\/cpzizur.educacion.navarra.es\/web1\/wp-content\/uploads\/2023\/03\/IMG_20230322_115147.jpg 1773w, https:\/\/cpzizur.educacion.navarra.es\/web1\/wp-content\/uploads\/2023\/03\/IMG_20230322_115147-225x300.jpg 225w, https:\/\/cpzizur.educacion.navarra.es\/web1\/wp-content\/uploads\/2023\/03\/IMG_20230322_115147-768x1024.jpg 768w, https:\/\/cpzizur.educacion.navarra.es\/web1\/wp-content\/uploads\/2023\/03\/IMG_20230322_115147-1152x1536.jpg 1152w, https:\/\/cpzizur.educacion.navarra.es\/web1\/wp-content\/uploads\/2023\/03\/IMG_20230322_115147-1536x2048.jpg 1536w\" sizes=\"(max-width: 1773px) 100vw, 1773px\" \/><\/a><\/figure>\n\n\n\n<figure class=\"wp-block-image size-large\"><a href=\"https:\/\/cpzizur.educacion.navarra.es\/web1\/wp-content\/uploads\/2023\/03\/IMG_20230322_114734.jpg\" target=\"_blank\" rel=\"noopener\"><img loading=\"lazy\" width=\"1773\" height=\"2364\" data-id=\"17221\"  src=\"https:\/\/cpzizur.educacion.navarra.es\/web1\/wp-content\/uploads\/2023\/03\/IMG_20230322_114734.jpg\" alt=\"\" class=\"wp-image-17221\" srcset=\"https:\/\/cpzizur.educacion.navarra.es\/web1\/wp-content\/uploads\/2023\/03\/IMG_20230322_114734.jpg 1773w, https:\/\/cpzizur.educacion.navarra.es\/web1\/wp-content\/uploads\/2023\/03\/IMG_20230322_114734-225x300.jpg 225w, https:\/\/cpzizur.educacion.navarra.es\/web1\/wp-content\/uploads\/2023\/03\/IMG_20230322_114734-768x1024.jpg 768w, https:\/\/cpzizur.educacion.navarra.es\/web1\/wp-content\/uploads\/2023\/03\/IMG_20230322_114734-1152x1536.jpg 1152w, https:\/\/cpzizur.educacion.navarra.es\/web1\/wp-content\/uploads\/2023\/03\/IMG_20230322_114734-1536x2048.jpg 1536w\" sizes=\"(max-width: 1773px) 100vw, 1773px\" \/><\/a><\/figure>\n\n\n\n<figure class=\"wp-block-image size-large\"><a href=\"https:\/\/cpzizur.educacion.navarra.es\/web1\/wp-content\/uploads\/2023\/03\/IMG_20230322_113718.jpg\" target=\"_blank\" rel=\"noopener\"><img loading=\"lazy\" width=\"1773\" height=\"2364\" data-id=\"17220\"  src=\"https:\/\/cpzizur.educacion.navarra.es\/web1\/wp-content\/uploads\/2023\/03\/IMG_20230322_113718.jpg\" alt=\"\" class=\"wp-image-17220\" srcset=\"https:\/\/cpzizur.educacion.navarra.es\/web1\/wp-content\/uploads\/2023\/03\/IMG_20230322_113718.jpg 1773w, https:\/\/cpzizur.educacion.navarra.es\/web1\/wp-content\/uploads\/2023\/03\/IMG_20230322_113718-225x300.jpg 225w, https:\/\/cpzizur.educacion.navarra.es\/web1\/wp-content\/uploads\/2023\/03\/IMG_20230322_113718-768x1024.jpg 768w, https:\/\/cpzizur.educacion.navarra.es\/web1\/wp-content\/uploads\/2023\/03\/IMG_20230322_113718-1152x1536.jpg 1152w, https:\/\/cpzizur.educacion.navarra.es\/web1\/wp-content\/uploads\/2023\/03\/IMG_20230322_113718-1536x2048.jpg 1536w\" sizes=\"(max-width: 1773px) 100vw, 1773px\" \/><\/a><\/figure>\n\n\n\n<figure class=\"wp-block-image size-large\"><a href=\"https:\/\/cpzizur.educacion.navarra.es\/web1\/wp-content\/uploads\/2023\/03\/IMG_20230322_110157-2.jpg\" target=\"_blank\" rel=\"noopener\"><img loading=\"lazy\" width=\"1765\" height=\"1249\" data-id=\"17238\"  src=\"https:\/\/cpzizur.educacion.navarra.es\/web1\/wp-content\/uploads\/2023\/03\/IMG_20230322_110157-2.jpg\" alt=\"\" class=\"wp-image-17238\" srcset=\"https:\/\/cpzizur.educacion.navarra.es\/web1\/wp-content\/uploads\/2023\/03\/IMG_20230322_110157-2.jpg 1765w, https:\/\/cpzizur.educacion.navarra.es\/web1\/wp-content\/uploads\/2023\/03\/IMG_20230322_110157-2-300x212.jpg 300w, https:\/\/cpzizur.educacion.navarra.es\/web1\/wp-content\/uploads\/2023\/03\/IMG_20230322_110157-2-1024x725.jpg 1024w, https:\/\/cpzizur.educacion.navarra.es\/web1\/wp-content\/uploads\/2023\/03\/IMG_20230322_110157-2-768x543.jpg 768w, https:\/\/cpzizur.educacion.navarra.es\/web1\/wp-content\/uploads\/2023\/03\/IMG_20230322_110157-2-1536x1087.jpg 1536w\" sizes=\"(max-width: 1765px) 100vw, 1765px\" \/><\/a><\/figure>\n<\/figure>\n","protected":false},"excerpt":{"rendered":"<p>El 22 de marzo el alumnado de 2\u00ba de Educaci\u00f3n Primaria visitamos los dep\u00f3sitos de Mendillorri. All\u00ed conocimos de primera mano d\u00f3nde se almacena el agua que viene de la potabilizadora y que llegar\u00e1 a nuestras casas, a nuestro cole, etc. \u00a1La puerta secreta a los dep\u00f3sitos nos encant\u00f3!&nbsp; Adem\u00e1s, hicimos varias actividades muy divertidas [&hellip;]<\/p>\n","protected":false},"author":1,"featured_media":0,"parent":0,"menu_order":0,"comment_status":"closed","ping_status":"closed","template":"","meta":{"_genesis_hide_title":false,"_genesis_hide_breadcrumbs":false,"_genesis_hide_singular_image":false,"_genesis_hide_footer_widgets":false,"_genesis_custom_body_class":"","_genesis_custom_post_class":"","_genesis_layout":""},"_links":{"self":[{"href":"https:\/\/cpzizur.educacion.navarra.es\/web1\/wp-json\/wp\/v2\/pages\/17218"}],"collection":[{"href":"https:\/\/cpzizur.educacion.navarra.es\/web1\/wp-json\/wp\/v2\/pages"}],"about":[{"href":"https:\/\/cpzizur.educacion.navarra.es\/web1\/wp-json\/wp\/v2\/types\/page"}],"author":[{"embeddable":true,"href":"https:\/\/cpzizur.educacion.navarra.es\/web1\/wp-json\/wp\/v2\/users\/1"}],"replies":[{"embeddable":true,"href":"https:\/\/cpzizur.educacion.navarra.es\/web1\/wp-json\/wp\/v2\/comments?post=17218"}],"version-history":[{"count":3,"href":"https:\/\/cpzizur.educacion.navarra.es\/web1\/wp-json\/wp\/v2\/pages\/17218\/revisions"}],"predecessor-version":[{"id":17249,"href":"https:\/\/cpzizur.educacion.navarra.es\/web1\/wp-json\/wp\/v2\/pages\/17218\/revisions\/17249"}],"wp:attachment":[{"href":"https:\/\/cpzizur.educacion.navarra.es\/web1\/wp-json\/wp\/v2\/media?parent=17218"}],"curies":[{"name":"wp","href":"https:\/\/api.w.org\/{rel}","templated":true}]}}