{"id":17124,"date":"2023-03-28T09:41:39","date_gmt":"2023-03-28T07:41:39","guid":{"rendered":"https:\/\/cpzizur.educacion.navarra.es\/web1\/?page_id=17124"},"modified":"2023-03-28T09:41:40","modified_gmt":"2023-03-28T07:41:40","slug":"taller-del-sentido-del-gusto","status":"publish","type":"page","link":"https:\/\/cpzizur.educacion.navarra.es\/web1\/taller-del-sentido-del-gusto\/","title":{"rendered":"Taller del sentido del gusto"},"content":{"rendered":"\n<p>\u00ab\u00bfA qu\u00e9 sabe la luna?\u00bb Los alumnos y las alumnas de 3 a\u00f1os tienen\u00a0opiniones diversas al respecto&#8230; \u00bfSer\u00e1 dulce? \u00bfSer\u00e1 salada? \u00bfO quiz\u00e1s \u00e1cida o amarga? A trav\u00e9s de este taller en el que el alumnado deb\u00eda probar (a ciegas) diferentes alimentos como el az\u00facar, la sal, el lim\u00f3n o el cacao puro, trabajamos el sentido del gusto. \u00a1Cu\u00e1nto aprendimos y qu\u00e9 bien nos lo pasamos viendo las caras de nuestros compa\u00f1eros y compa\u00f1eras!<\/p>\n\n\n\n<figure class=\"wp-block-gallery has-nested-images columns-5 is-cropped\">\n<figure class=\"wp-block-image size-large\"><a href=\"https:\/\/cpzizur.educacion.navarra.es\/web1\/wp-content\/uploads\/2023\/03\/Taller-gusto-3B.jpg\" target=\"_blank\" rel=\"noopener\"><img loading=\"lazy\" width=\"2364\" height=\"1773\" data-id=\"17128\"  src=\"https:\/\/cpzizur.educacion.navarra.es\/web1\/wp-content\/uploads\/2023\/03\/Taller-gusto-3B.jpg\" alt=\"\" class=\"wp-image-17128\" srcset=\"https:\/\/cpzizur.educacion.navarra.es\/web1\/wp-content\/uploads\/2023\/03\/Taller-gusto-3B.jpg 2364w, https:\/\/cpzizur.educacion.navarra.es\/web1\/wp-content\/uploads\/2023\/03\/Taller-gusto-3B-300x225.jpg 300w, https:\/\/cpzizur.educacion.navarra.es\/web1\/wp-content\/uploads\/2023\/03\/Taller-gusto-3B-1024x768.jpg 1024w, https:\/\/cpzizur.educacion.navarra.es\/web1\/wp-content\/uploads\/2023\/03\/Taller-gusto-3B-768x576.jpg 768w, https:\/\/cpzizur.educacion.navarra.es\/web1\/wp-content\/uploads\/2023\/03\/Taller-gusto-3B-1536x1152.jpg 1536w, https:\/\/cpzizur.educacion.navarra.es\/web1\/wp-content\/uploads\/2023\/03\/Taller-gusto-3B-2048x1536.jpg 2048w\" sizes=\"(max-width: 2364px) 100vw, 2364px\" \/><\/a><\/figure>\n\n\n\n<figure class=\"wp-block-image size-large\"><a href=\"https:\/\/cpzizur.educacion.navarra.es\/web1\/wp-content\/uploads\/2023\/03\/Taller-gusto-3A-1-rotated.jpg\" target=\"_blank\" rel=\"noopener\"><img loading=\"lazy\" width=\"1773\" height=\"2364\" data-id=\"17125\"  src=\"https:\/\/cpzizur.educacion.navarra.es\/web1\/wp-content\/uploads\/2023\/03\/Taller-gusto-3A-1-rotated.jpg\" alt=\"\" class=\"wp-image-17125\" srcset=\"https:\/\/cpzizur.educacion.navarra.es\/web1\/wp-content\/uploads\/2023\/03\/Taller-gusto-3A-1-rotated.jpg 1773w, https:\/\/cpzizur.educacion.navarra.es\/web1\/wp-content\/uploads\/2023\/03\/Taller-gusto-3A-1-225x300.jpg 225w, https:\/\/cpzizur.educacion.navarra.es\/web1\/wp-content\/uploads\/2023\/03\/Taller-gusto-3A-1-768x1024.jpg 768w, https:\/\/cpzizur.educacion.navarra.es\/web1\/wp-content\/uploads\/2023\/03\/Taller-gusto-3A-1-1152x1536.jpg 1152w, https:\/\/cpzizur.educacion.navarra.es\/web1\/wp-content\/uploads\/2023\/03\/Taller-gusto-3A-1-1536x2048.jpg 1536w\" sizes=\"(max-width: 1773px) 100vw, 1773px\" \/><\/a><\/figure>\n\n\n\n<figure class=\"wp-block-image size-large\"><a href=\"https:\/\/cpzizur.educacion.navarra.es\/web1\/wp-content\/uploads\/2023\/03\/Taller-gusto-3A-rotated.jpg\" target=\"_blank\" rel=\"noopener\"><img loading=\"lazy\" width=\"1773\" height=\"2364\" data-id=\"17126\"  src=\"https:\/\/cpzizur.educacion.navarra.es\/web1\/wp-content\/uploads\/2023\/03\/Taller-gusto-3A-rotated.jpg\" alt=\"\" class=\"wp-image-17126\" srcset=\"https:\/\/cpzizur.educacion.navarra.es\/web1\/wp-content\/uploads\/2023\/03\/Taller-gusto-3A-rotated.jpg 1773w, https:\/\/cpzizur.educacion.navarra.es\/web1\/wp-content\/uploads\/2023\/03\/Taller-gusto-3A-225x300.jpg 225w, https:\/\/cpzizur.educacion.navarra.es\/web1\/wp-content\/uploads\/2023\/03\/Taller-gusto-3A-768x1024.jpg 768w, https:\/\/cpzizur.educacion.navarra.es\/web1\/wp-content\/uploads\/2023\/03\/Taller-gusto-3A-1152x1536.jpg 1152w, https:\/\/cpzizur.educacion.navarra.es\/web1\/wp-content\/uploads\/2023\/03\/Taller-gusto-3A-1536x2048.jpg 1536w\" sizes=\"(max-width: 1773px) 100vw, 1773px\" \/><\/a><\/figure>\n\n\n\n<figure class=\"wp-block-image size-large\"><a href=\"https:\/\/cpzizur.educacion.navarra.es\/web1\/wp-content\/uploads\/2023\/03\/Taller-gusto-3B-1.jpg\" target=\"_blank\" rel=\"noopener\"><img loading=\"lazy\" width=\"2364\" height=\"1773\" data-id=\"17127\"  src=\"https:\/\/cpzizur.educacion.navarra.es\/web1\/wp-content\/uploads\/2023\/03\/Taller-gusto-3B-1.jpg\" alt=\"\" class=\"wp-image-17127\" srcset=\"https:\/\/cpzizur.educacion.navarra.es\/web1\/wp-content\/uploads\/2023\/03\/Taller-gusto-3B-1.jpg 2364w, https:\/\/cpzizur.educacion.navarra.es\/web1\/wp-content\/uploads\/2023\/03\/Taller-gusto-3B-1-300x225.jpg 300w, https:\/\/cpzizur.educacion.navarra.es\/web1\/wp-content\/uploads\/2023\/03\/Taller-gusto-3B-1-1024x768.jpg 1024w, https:\/\/cpzizur.educacion.navarra.es\/web1\/wp-content\/uploads\/2023\/03\/Taller-gusto-3B-1-768x576.jpg 768w, https:\/\/cpzizur.educacion.navarra.es\/web1\/wp-content\/uploads\/2023\/03\/Taller-gusto-3B-1-1536x1152.jpg 1536w, https:\/\/cpzizur.educacion.navarra.es\/web1\/wp-content\/uploads\/2023\/03\/Taller-gusto-3B-1-2048x1536.jpg 2048w\" sizes=\"(max-width: 2364px) 100vw, 2364px\" \/><\/a><\/figure>\n\n\n\n<figure class=\"wp-block-image size-large\"><a href=\"https:\/\/cpzizur.educacion.navarra.es\/web1\/wp-content\/uploads\/2023\/03\/Taller-gusto.jpg\" target=\"_blank\" rel=\"noopener\"><img loading=\"lazy\" width=\"2364\" height=\"1773\" data-id=\"17129\"  src=\"https:\/\/cpzizur.educacion.navarra.es\/web1\/wp-content\/uploads\/2023\/03\/Taller-gusto.jpg\" alt=\"\" class=\"wp-image-17129\" srcset=\"https:\/\/cpzizur.educacion.navarra.es\/web1\/wp-content\/uploads\/2023\/03\/Taller-gusto.jpg 2364w, https:\/\/cpzizur.educacion.navarra.es\/web1\/wp-content\/uploads\/2023\/03\/Taller-gusto-300x225.jpg 300w, https:\/\/cpzizur.educacion.navarra.es\/web1\/wp-content\/uploads\/2023\/03\/Taller-gusto-1024x768.jpg 1024w, https:\/\/cpzizur.educacion.navarra.es\/web1\/wp-content\/uploads\/2023\/03\/Taller-gusto-768x576.jpg 768w, https:\/\/cpzizur.educacion.navarra.es\/web1\/wp-content\/uploads\/2023\/03\/Taller-gusto-1536x1152.jpg 1536w, https:\/\/cpzizur.educacion.navarra.es\/web1\/wp-content\/uploads\/2023\/03\/Taller-gusto-2048x1536.jpg 2048w\" sizes=\"(max-width: 2364px) 100vw, 2364px\" \/><\/a><\/figure>\n<\/figure>\n","protected":false},"excerpt":{"rendered":"<p>\u00ab\u00bfA qu\u00e9 sabe la luna?\u00bb Los alumnos y las alumnas de 3 a\u00f1os tienen\u00a0opiniones diversas al respecto&#8230; \u00bfSer\u00e1 dulce? \u00bfSer\u00e1 salada? \u00bfO quiz\u00e1s \u00e1cida o amarga? A trav\u00e9s de este taller en el que el alumnado deb\u00eda probar (a ciegas) diferentes alimentos como el az\u00facar, la sal, el lim\u00f3n o el cacao puro, trabajamos el [&hellip;]<\/p>\n","protected":false},"author":1,"featured_media":0,"parent":0,"menu_order":0,"comment_status":"closed","ping_status":"closed","template":"","meta":{"_genesis_hide_title":false,"_genesis_hide_breadcrumbs":false,"_genesis_hide_singular_image":false,"_genesis_hide_footer_widgets":false,"_genesis_custom_body_class":"","_genesis_custom_post_class":"","_genesis_layout":""},"_links":{"self":[{"href":"https:\/\/cpzizur.educacion.navarra.es\/web1\/wp-json\/wp\/v2\/pages\/17124"}],"collection":[{"href":"https:\/\/cpzizur.educacion.navarra.es\/web1\/wp-json\/wp\/v2\/pages"}],"about":[{"href":"https:\/\/cpzizur.educacion.navarra.es\/web1\/wp-json\/wp\/v2\/types\/page"}],"author":[{"embeddable":true,"href":"https:\/\/cpzizur.educacion.navarra.es\/web1\/wp-json\/wp\/v2\/users\/1"}],"replies":[{"embeddable":true,"href":"https:\/\/cpzizur.educacion.navarra.es\/web1\/wp-json\/wp\/v2\/comments?post=17124"}],"version-history":[{"count":1,"href":"https:\/\/cpzizur.educacion.navarra.es\/web1\/wp-json\/wp\/v2\/pages\/17124\/revisions"}],"predecessor-version":[{"id":17130,"href":"https:\/\/cpzizur.educacion.navarra.es\/web1\/wp-json\/wp\/v2\/pages\/17124\/revisions\/17130"}],"wp:attachment":[{"href":"https:\/\/cpzizur.educacion.navarra.es\/web1\/wp-json\/wp\/v2\/media?parent=17124"}],"curies":[{"name":"wp","href":"https:\/\/api.w.org\/{rel}","templated":true}]}}