{"id":17023,"date":"2023-03-20T15:08:33","date_gmt":"2023-03-20T14:08:33","guid":{"rendered":"https:\/\/cpzizur.educacion.navarra.es\/web1\/?page_id=17023"},"modified":"2023-03-22T14:15:09","modified_gmt":"2023-03-22T13:15:09","slug":"salto-a-escena-con-la-compania-dantzaz-en-5oep","status":"publish","type":"page","link":"https:\/\/cpzizur.educacion.navarra.es\/web1\/salto-a-escena-con-la-compania-dantzaz-en-5oep\/","title":{"rendered":"\u00abSalto a escena\u00bb con la compa\u00f1\u00eda Dantzaz en 5\u00baEP"},"content":{"rendered":"\n<p>El alumnado de 5\u00ba de Primaria acompa\u00f1ado por dos bailarines profesionales de la compa\u00f1\u00eda \u00abDantzaz\u00bb han creado una pieza coreogr\u00e1fica basada en la funci\u00f3n&nbsp;<a rel=\"noreferrer noopener\" href=\"https:\/\/vimeo.com\/698593675\" target=\"_blank\">Fomo<\/a>. Como punto de partida se ha tomado dicha obra para trabajar de forma conjunta la expresi\u00f3n corporal y la gesti\u00f3n de las emociones.<br>El viernes 17 de marzo, se llev\u00f3 a cabo la actuaci\u00f3n final en la Casa de Cultura de Zizur Mayor.<\/p>\n\n\n\n<figure class=\"wp-block-gallery has-nested-images columns-default is-cropped\">\n<figure class=\"wp-block-image size-large\"><a href=\"https:\/\/cpzizur.educacion.navarra.es\/web1\/wp-content\/uploads\/2023\/03\/portada-2.jpg\" target=\"_blank\" rel=\"noopener\"><img loading=\"lazy\" width=\"800\" height=\"865\" data-id=\"17052\"  src=\"https:\/\/cpzizur.educacion.navarra.es\/web1\/wp-content\/uploads\/2023\/03\/portada-2.jpg\" alt=\"\" class=\"wp-image-17052\" srcset=\"https:\/\/cpzizur.educacion.navarra.es\/web1\/wp-content\/uploads\/2023\/03\/portada-2.jpg 800w, https:\/\/cpzizur.educacion.navarra.es\/web1\/wp-content\/uploads\/2023\/03\/portada-2-277x300.jpg 277w, https:\/\/cpzizur.educacion.navarra.es\/web1\/wp-content\/uploads\/2023\/03\/portada-2-768x830.jpg 768w\" sizes=\"(max-width: 800px) 100vw, 800px\" \/><\/a><\/figure>\n\n\n\n<figure class=\"wp-block-image size-large\"><a href=\"https:\/\/cpzizur.educacion.navarra.es\/web1\/wp-content\/uploads\/2023\/03\/IMG-20230320-WA0002-1.jpg\" target=\"_blank\" rel=\"noopener\"><img loading=\"lazy\" width=\"2000\" height=\"1500\" data-id=\"17035\"  src=\"https:\/\/cpzizur.educacion.navarra.es\/web1\/wp-content\/uploads\/2023\/03\/IMG-20230320-WA0002-1.jpg\" alt=\"\" class=\"wp-image-17035\" srcset=\"https:\/\/cpzizur.educacion.navarra.es\/web1\/wp-content\/uploads\/2023\/03\/IMG-20230320-WA0002-1.jpg 2000w, https:\/\/cpzizur.educacion.navarra.es\/web1\/wp-content\/uploads\/2023\/03\/IMG-20230320-WA0002-1-300x225.jpg 300w, https:\/\/cpzizur.educacion.navarra.es\/web1\/wp-content\/uploads\/2023\/03\/IMG-20230320-WA0002-1-1024x768.jpg 1024w, https:\/\/cpzizur.educacion.navarra.es\/web1\/wp-content\/uploads\/2023\/03\/IMG-20230320-WA0002-1-768x576.jpg 768w, https:\/\/cpzizur.educacion.navarra.es\/web1\/wp-content\/uploads\/2023\/03\/IMG-20230320-WA0002-1-1536x1152.jpg 1536w\" sizes=\"(max-width: 2000px) 100vw, 2000px\" \/><\/a><\/figure>\n\n\n\n<figure class=\"wp-block-image size-large\"><a href=\"https:\/\/cpzizur.educacion.navarra.es\/web1\/wp-content\/uploads\/2023\/03\/IMG-20230320-WA0003-1.jpg\" target=\"_blank\" rel=\"noopener\"><img loading=\"lazy\" width=\"2000\" height=\"1500\" data-id=\"17034\"  src=\"https:\/\/cpzizur.educacion.navarra.es\/web1\/wp-content\/uploads\/2023\/03\/IMG-20230320-WA0003-1.jpg\" alt=\"\" class=\"wp-image-17034\" srcset=\"https:\/\/cpzizur.educacion.navarra.es\/web1\/wp-content\/uploads\/2023\/03\/IMG-20230320-WA0003-1.jpg 2000w, https:\/\/cpzizur.educacion.navarra.es\/web1\/wp-content\/uploads\/2023\/03\/IMG-20230320-WA0003-1-300x225.jpg 300w, https:\/\/cpzizur.educacion.navarra.es\/web1\/wp-content\/uploads\/2023\/03\/IMG-20230320-WA0003-1-1024x768.jpg 1024w, https:\/\/cpzizur.educacion.navarra.es\/web1\/wp-content\/uploads\/2023\/03\/IMG-20230320-WA0003-1-768x576.jpg 768w, https:\/\/cpzizur.educacion.navarra.es\/web1\/wp-content\/uploads\/2023\/03\/IMG-20230320-WA0003-1-1536x1152.jpg 1536w\" sizes=\"(max-width: 2000px) 100vw, 2000px\" \/><\/a><\/figure>\n\n\n\n<figure class=\"wp-block-image size-large\"><a href=\"https:\/\/cpzizur.educacion.navarra.es\/web1\/wp-content\/uploads\/2023\/03\/IMG-20230320-WA0000-2.jpg\" target=\"_blank\" rel=\"noopener\"><img loading=\"lazy\" width=\"1920\" height=\"1080\" data-id=\"17033\"  src=\"https:\/\/cpzizur.educacion.navarra.es\/web1\/wp-content\/uploads\/2023\/03\/IMG-20230320-WA0000-2.jpg\" alt=\"\" class=\"wp-image-17033\" srcset=\"https:\/\/cpzizur.educacion.navarra.es\/web1\/wp-content\/uploads\/2023\/03\/IMG-20230320-WA0000-2.jpg 1920w, https:\/\/cpzizur.educacion.navarra.es\/web1\/wp-content\/uploads\/2023\/03\/IMG-20230320-WA0000-2-300x169.jpg 300w, https:\/\/cpzizur.educacion.navarra.es\/web1\/wp-content\/uploads\/2023\/03\/IMG-20230320-WA0000-2-1024x576.jpg 1024w, https:\/\/cpzizur.educacion.navarra.es\/web1\/wp-content\/uploads\/2023\/03\/IMG-20230320-WA0000-2-768x432.jpg 768w, https:\/\/cpzizur.educacion.navarra.es\/web1\/wp-content\/uploads\/2023\/03\/IMG-20230320-WA0000-2-1536x864.jpg 1536w\" sizes=\"(max-width: 1920px) 100vw, 1920px\" \/><\/a><\/figure>\n\n\n\n<figure class=\"wp-block-image size-large\"><a href=\"https:\/\/cpzizur.educacion.navarra.es\/web1\/wp-content\/uploads\/2023\/03\/IMG-20230320-WA0001-1.jpg\" target=\"_blank\" rel=\"noopener\"><img loading=\"lazy\" width=\"1920\" height=\"1080\" data-id=\"17031\"  src=\"https:\/\/cpzizur.educacion.navarra.es\/web1\/wp-content\/uploads\/2023\/03\/IMG-20230320-WA0001-1.jpg\" alt=\"\" class=\"wp-image-17031\" srcset=\"https:\/\/cpzizur.educacion.navarra.es\/web1\/wp-content\/uploads\/2023\/03\/IMG-20230320-WA0001-1.jpg 1920w, https:\/\/cpzizur.educacion.navarra.es\/web1\/wp-content\/uploads\/2023\/03\/IMG-20230320-WA0001-1-300x169.jpg 300w, https:\/\/cpzizur.educacion.navarra.es\/web1\/wp-content\/uploads\/2023\/03\/IMG-20230320-WA0001-1-1024x576.jpg 1024w, https:\/\/cpzizur.educacion.navarra.es\/web1\/wp-content\/uploads\/2023\/03\/IMG-20230320-WA0001-1-768x432.jpg 768w, https:\/\/cpzizur.educacion.navarra.es\/web1\/wp-content\/uploads\/2023\/03\/IMG-20230320-WA0001-1-1536x864.jpg 1536w\" sizes=\"(max-width: 1920px) 100vw, 1920px\" \/><\/a><\/figure>\n<\/figure>\n\n\n\n<figure class=\"wp-block-embed is-type-rich is-provider-gestor-del-servicio wp-block-embed-gestor-del-servicio wp-embed-aspect-16-9 wp-has-aspect-ratio\"><div class=\"wp-block-embed__wrapper\">\n<iframe loading=\"lazy\" title=\"COREOGRAF\u00cdA FOMO1 5\u00ba\" width=\"500\" height=\"281\" src=\"https:\/\/www.youtube.com\/embed\/9fnsDim4Ufk?feature=oembed\" frameborder=\"0\" allow=\"accelerometer; autoplay; clipboard-write; encrypted-media; gyroscope; picture-in-picture; web-share\" allowfullscreen><\/iframe>\n<\/div><\/figure>\n\n\n\n<figure class=\"wp-block-embed is-type-rich is-provider-gestor-del-servicio wp-block-embed-gestor-del-servicio wp-embed-aspect-16-9 wp-has-aspect-ratio\"><div class=\"wp-block-embed__wrapper\">\n<iframe loading=\"lazy\" title=\"COREOGRAF\u00cdA FOMO 5\u00ba\" width=\"500\" height=\"281\" src=\"https:\/\/www.youtube.com\/embed\/ybu-xqdfWEw?feature=oembed\" frameborder=\"0\" allow=\"accelerometer; autoplay; clipboard-write; encrypted-media; gyroscope; picture-in-picture; web-share\" allowfullscreen><\/iframe>\n<\/div><\/figure>\n\n\n\n<p>Durante la semana los alumnos y alumnas tambi\u00e9n ensayaron y trabajaron intensamente<\/p>\n\n\n\n<figure class=\"wp-block-gallery has-nested-images columns-default is-cropped\">\n<figure class=\"wp-block-image size-large\"><a href=\"https:\/\/cpzizur.educacion.navarra.es\/web1\/wp-content\/uploads\/2023\/03\/p1-2-rotated-e1679490405210.jpg\" target=\"_blank\" rel=\"noopener\"><img loading=\"lazy\" width=\"786\" height=\"1049\" data-id=\"17044\"  src=\"https:\/\/cpzizur.educacion.navarra.es\/web1\/wp-content\/uploads\/2023\/03\/p1-2-rotated-e1679490405210.jpg\" alt=\"\" class=\"wp-image-17044\" srcset=\"https:\/\/cpzizur.educacion.navarra.es\/web1\/wp-content\/uploads\/2023\/03\/p1-2-rotated-e1679490405210.jpg 786w, https:\/\/cpzizur.educacion.navarra.es\/web1\/wp-content\/uploads\/2023\/03\/p1-2-rotated-e1679490405210-225x300.jpg 225w, https:\/\/cpzizur.educacion.navarra.es\/web1\/wp-content\/uploads\/2023\/03\/p1-2-rotated-e1679490405210-767x1024.jpg 767w, https:\/\/cpzizur.educacion.navarra.es\/web1\/wp-content\/uploads\/2023\/03\/p1-2-rotated-e1679490405210-768x1025.jpg 768w\" sizes=\"(max-width: 786px) 100vw, 786px\" \/><\/a><\/figure>\n\n\n\n<figure class=\"wp-block-image size-large\"><a href=\"https:\/\/cpzizur.educacion.navarra.es\/web1\/wp-content\/uploads\/2023\/03\/p3-2-rotated-e1679490447694.jpg\" target=\"_blank\" rel=\"noopener\"><img loading=\"lazy\" width=\"800\" height=\"773\" data-id=\"17042\"  src=\"https:\/\/cpzizur.educacion.navarra.es\/web1\/wp-content\/uploads\/2023\/03\/p3-2-rotated-e1679490447694.jpg\" alt=\"\" class=\"wp-image-17042\" srcset=\"https:\/\/cpzizur.educacion.navarra.es\/web1\/wp-content\/uploads\/2023\/03\/p3-2-rotated-e1679490447694.jpg 800w, https:\/\/cpzizur.educacion.navarra.es\/web1\/wp-content\/uploads\/2023\/03\/p3-2-rotated-e1679490447694-300x290.jpg 300w, https:\/\/cpzizur.educacion.navarra.es\/web1\/wp-content\/uploads\/2023\/03\/p3-2-rotated-e1679490447694-768x742.jpg 768w\" sizes=\"(max-width: 800px) 100vw, 800px\" \/><\/a><\/figure>\n\n\n\n<figure class=\"wp-block-image size-large\"><a href=\"https:\/\/cpzizur.educacion.navarra.es\/web1\/wp-content\/uploads\/2023\/03\/p4-2-rotated-e1679490482912.jpg\" target=\"_blank\" rel=\"noopener\"><img loading=\"lazy\" width=\"800\" height=\"866\" data-id=\"17041\"  src=\"https:\/\/cpzizur.educacion.navarra.es\/web1\/wp-content\/uploads\/2023\/03\/p4-2-rotated-e1679490482912.jpg\" alt=\"\" class=\"wp-image-17041\" srcset=\"https:\/\/cpzizur.educacion.navarra.es\/web1\/wp-content\/uploads\/2023\/03\/p4-2-rotated-e1679490482912.jpg 800w, https:\/\/cpzizur.educacion.navarra.es\/web1\/wp-content\/uploads\/2023\/03\/p4-2-rotated-e1679490482912-277x300.jpg 277w, https:\/\/cpzizur.educacion.navarra.es\/web1\/wp-content\/uploads\/2023\/03\/p4-2-rotated-e1679490482912-768x831.jpg 768w\" sizes=\"(max-width: 800px) 100vw, 800px\" \/><\/a><\/figure>\n\n\n\n<figure class=\"wp-block-image size-large\"><a href=\"https:\/\/cpzizur.educacion.navarra.es\/web1\/wp-content\/uploads\/2023\/03\/p5-1-rotated-e1679490516893.jpg\" target=\"_blank\" rel=\"noopener\"><img loading=\"lazy\" width=\"800\" height=\"640\" data-id=\"17040\"  src=\"https:\/\/cpzizur.educacion.navarra.es\/web1\/wp-content\/uploads\/2023\/03\/p5-1-rotated-e1679490516893.jpg\" alt=\"\" class=\"wp-image-17040\" srcset=\"https:\/\/cpzizur.educacion.navarra.es\/web1\/wp-content\/uploads\/2023\/03\/p5-1-rotated-e1679490516893.jpg 800w, https:\/\/cpzizur.educacion.navarra.es\/web1\/wp-content\/uploads\/2023\/03\/p5-1-rotated-e1679490516893-300x240.jpg 300w, https:\/\/cpzizur.educacion.navarra.es\/web1\/wp-content\/uploads\/2023\/03\/p5-1-rotated-e1679490516893-768x614.jpg 768w\" sizes=\"(max-width: 800px) 100vw, 800px\" \/><\/a><\/figure>\n\n\n\n<figure class=\"wp-block-image size-large\"><a href=\"https:\/\/cpzizur.educacion.navarra.es\/web1\/wp-content\/uploads\/2023\/03\/p6-1-rotated-e1679490558732.jpg\" target=\"_blank\" rel=\"noopener\"><img loading=\"lazy\" width=\"800\" height=\"1382\" data-id=\"17039\"  src=\"https:\/\/cpzizur.educacion.navarra.es\/web1\/wp-content\/uploads\/2023\/03\/p6-1-rotated-e1679490558732.jpg\" alt=\"\" class=\"wp-image-17039\" srcset=\"https:\/\/cpzizur.educacion.navarra.es\/web1\/wp-content\/uploads\/2023\/03\/p6-1-rotated-e1679490558732.jpg 800w, https:\/\/cpzizur.educacion.navarra.es\/web1\/wp-content\/uploads\/2023\/03\/p6-1-rotated-e1679490558732-174x300.jpg 174w, https:\/\/cpzizur.educacion.navarra.es\/web1\/wp-content\/uploads\/2023\/03\/p6-1-rotated-e1679490558732-593x1024.jpg 593w, https:\/\/cpzizur.educacion.navarra.es\/web1\/wp-content\/uploads\/2023\/03\/p6-1-rotated-e1679490558732-768x1327.jpg 768w\" sizes=\"(max-width: 800px) 100vw, 800px\" \/><\/a><\/figure>\n\n\n\n<figure class=\"wp-block-image size-large\"><a href=\"https:\/\/cpzizur.educacion.navarra.es\/web1\/wp-content\/uploads\/2023\/03\/20230313_103531-scaled-e1679490577334.jpg\" target=\"_blank\" rel=\"noopener\"><img loading=\"lazy\" width=\"1152\" height=\"1152\" data-id=\"17038\"  src=\"https:\/\/cpzizur.educacion.navarra.es\/web1\/wp-content\/uploads\/2023\/03\/20230313_103531-scaled-e1679490577334.jpg\" alt=\"\" class=\"wp-image-17038\" srcset=\"https:\/\/cpzizur.educacion.navarra.es\/web1\/wp-content\/uploads\/2023\/03\/20230313_103531-scaled-e1679490577334.jpg 1152w, https:\/\/cpzizur.educacion.navarra.es\/web1\/wp-content\/uploads\/2023\/03\/20230313_103531-scaled-e1679490577334-300x300.jpg 300w, https:\/\/cpzizur.educacion.navarra.es\/web1\/wp-content\/uploads\/2023\/03\/20230313_103531-scaled-e1679490577334-1024x1024.jpg 1024w, https:\/\/cpzizur.educacion.navarra.es\/web1\/wp-content\/uploads\/2023\/03\/20230313_103531-scaled-e1679490577334-150x150.jpg 150w, https:\/\/cpzizur.educacion.navarra.es\/web1\/wp-content\/uploads\/2023\/03\/20230313_103531-scaled-e1679490577334-768x768.jpg 768w\" sizes=\"(max-width: 1152px) 100vw, 1152px\" \/><\/a><\/figure>\n<\/figure>\n","protected":false},"excerpt":{"rendered":"<p>El alumnado de 5\u00ba de Primaria acompa\u00f1ado por dos bailarines profesionales de la compa\u00f1\u00eda \u00abDantzaz\u00bb han creado una pieza coreogr\u00e1fica basada en la funci\u00f3n&nbsp;Fomo. Como punto de partida se ha tomado dicha obra para trabajar de forma conjunta la expresi\u00f3n corporal y la gesti\u00f3n de las emociones.El viernes 17 de marzo, se llev\u00f3 a cabo [&hellip;]<\/p>\n","protected":false},"author":1,"featured_media":0,"parent":0,"menu_order":0,"comment_status":"closed","ping_status":"closed","template":"","meta":{"_genesis_hide_title":false,"_genesis_hide_breadcrumbs":false,"_genesis_hide_singular_image":false,"_genesis_hide_footer_widgets":false,"_genesis_custom_body_class":"","_genesis_custom_post_class":"","_genesis_layout":""},"_links":{"self":[{"href":"https:\/\/cpzizur.educacion.navarra.es\/web1\/wp-json\/wp\/v2\/pages\/17023"}],"collection":[{"href":"https:\/\/cpzizur.educacion.navarra.es\/web1\/wp-json\/wp\/v2\/pages"}],"about":[{"href":"https:\/\/cpzizur.educacion.navarra.es\/web1\/wp-json\/wp\/v2\/types\/page"}],"author":[{"embeddable":true,"href":"https:\/\/cpzizur.educacion.navarra.es\/web1\/wp-json\/wp\/v2\/users\/1"}],"replies":[{"embeddable":true,"href":"https:\/\/cpzizur.educacion.navarra.es\/web1\/wp-json\/wp\/v2\/comments?post=17023"}],"version-history":[{"count":6,"href":"https:\/\/cpzizur.educacion.navarra.es\/web1\/wp-json\/wp\/v2\/pages\/17023\/revisions"}],"predecessor-version":[{"id":17077,"href":"https:\/\/cpzizur.educacion.navarra.es\/web1\/wp-json\/wp\/v2\/pages\/17023\/revisions\/17077"}],"wp:attachment":[{"href":"https:\/\/cpzizur.educacion.navarra.es\/web1\/wp-json\/wp\/v2\/media?parent=17023"}],"curies":[{"name":"wp","href":"https:\/\/api.w.org\/{rel}","templated":true}]}}