{"id":16900,"date":"2023-03-15T14:31:06","date_gmt":"2023-03-15T13:31:06","guid":{"rendered":"https:\/\/cpzizur.educacion.navarra.es\/web1\/?page_id=16900"},"modified":"2023-03-17T14:23:59","modified_gmt":"2023-03-17T13:23:59","slug":"preparando-el-carnaval-en-3-anos","status":"publish","type":"page","link":"https:\/\/cpzizur.educacion.navarra.es\/web1\/preparando-el-carnaval-en-3-anos\/","title":{"rendered":"Preparando el carnaval en 3 a\u00f1os"},"content":{"rendered":"\n<p>Los ni\u00f1os y ni\u00f1as de 3 a\u00f1os hemos preparado nuestro primer carnaval en el colegio y nuestras familias nos han ayudado a dise\u00f1ar, a dibujar patrones y a recortar. Nos los hemos pasado genial. <br>Nos hemos disfrazado de cebras y jirafas, animales de la pel\u00edcula de Madagascar. <\/p>\n\n\n\n<figure class=\"wp-block-gallery has-nested-images columns-5 is-cropped\">\n<figure class=\"wp-block-image size-large\"><a href=\"https:\/\/cpzizur.educacion.navarra.es\/web1\/wp-content\/uploads\/2023\/03\/e7090d8f-ad90-4c1e-9b0b-749abd05d8db.jpg\" target=\"_blank\" rel=\"noopener\"><img loading=\"lazy\" width=\"2144\" height=\"1956\" data-id=\"16905\"  src=\"https:\/\/cpzizur.educacion.navarra.es\/web1\/wp-content\/uploads\/2023\/03\/e7090d8f-ad90-4c1e-9b0b-749abd05d8db.jpg\" alt=\"\" class=\"wp-image-16905\" srcset=\"https:\/\/cpzizur.educacion.navarra.es\/web1\/wp-content\/uploads\/2023\/03\/e7090d8f-ad90-4c1e-9b0b-749abd05d8db.jpg 2144w, https:\/\/cpzizur.educacion.navarra.es\/web1\/wp-content\/uploads\/2023\/03\/e7090d8f-ad90-4c1e-9b0b-749abd05d8db-300x274.jpg 300w, https:\/\/cpzizur.educacion.navarra.es\/web1\/wp-content\/uploads\/2023\/03\/e7090d8f-ad90-4c1e-9b0b-749abd05d8db-1024x934.jpg 1024w, https:\/\/cpzizur.educacion.navarra.es\/web1\/wp-content\/uploads\/2023\/03\/e7090d8f-ad90-4c1e-9b0b-749abd05d8db-768x701.jpg 768w, https:\/\/cpzizur.educacion.navarra.es\/web1\/wp-content\/uploads\/2023\/03\/e7090d8f-ad90-4c1e-9b0b-749abd05d8db-1536x1401.jpg 1536w, https:\/\/cpzizur.educacion.navarra.es\/web1\/wp-content\/uploads\/2023\/03\/e7090d8f-ad90-4c1e-9b0b-749abd05d8db-2048x1868.jpg 2048w\" sizes=\"(max-width: 2144px) 100vw, 2144px\" \/><\/a><\/figure>\n\n\n\n<figure class=\"wp-block-image size-large\"><a href=\"https:\/\/cpzizur.educacion.navarra.es\/web1\/wp-content\/uploads\/2023\/03\/IMG_7362.jpg\" target=\"_blank\" rel=\"noopener\"><img loading=\"lazy\" width=\"2374\" height=\"1766\" data-id=\"16904\"  src=\"https:\/\/cpzizur.educacion.navarra.es\/web1\/wp-content\/uploads\/2023\/03\/IMG_7362.jpg\" alt=\"\" class=\"wp-image-16904\" srcset=\"https:\/\/cpzizur.educacion.navarra.es\/web1\/wp-content\/uploads\/2023\/03\/IMG_7362.jpg 2374w, https:\/\/cpzizur.educacion.navarra.es\/web1\/wp-content\/uploads\/2023\/03\/IMG_7362-300x223.jpg 300w, https:\/\/cpzizur.educacion.navarra.es\/web1\/wp-content\/uploads\/2023\/03\/IMG_7362-1024x762.jpg 1024w, https:\/\/cpzizur.educacion.navarra.es\/web1\/wp-content\/uploads\/2023\/03\/IMG_7362-768x571.jpg 768w, https:\/\/cpzizur.educacion.navarra.es\/web1\/wp-content\/uploads\/2023\/03\/IMG_7362-1536x1143.jpg 1536w, https:\/\/cpzizur.educacion.navarra.es\/web1\/wp-content\/uploads\/2023\/03\/IMG_7362-2048x1523.jpg 2048w\" sizes=\"(max-width: 2374px) 100vw, 2374px\" \/><\/a><\/figure>\n\n\n\n<figure class=\"wp-block-image size-large\"><a href=\"https:\/\/cpzizur.educacion.navarra.es\/web1\/wp-content\/uploads\/2023\/03\/20230213_151444.jpg\" target=\"_blank\" rel=\"noopener\"><img loading=\"lazy\" width=\"2297\" height=\"1825\" data-id=\"16903\"  src=\"https:\/\/cpzizur.educacion.navarra.es\/web1\/wp-content\/uploads\/2023\/03\/20230213_151444.jpg\" alt=\"\" class=\"wp-image-16903\" srcset=\"https:\/\/cpzizur.educacion.navarra.es\/web1\/wp-content\/uploads\/2023\/03\/20230213_151444.jpg 2297w, https:\/\/cpzizur.educacion.navarra.es\/web1\/wp-content\/uploads\/2023\/03\/20230213_151444-300x238.jpg 300w, https:\/\/cpzizur.educacion.navarra.es\/web1\/wp-content\/uploads\/2023\/03\/20230213_151444-1024x814.jpg 1024w, https:\/\/cpzizur.educacion.navarra.es\/web1\/wp-content\/uploads\/2023\/03\/20230213_151444-768x610.jpg 768w, https:\/\/cpzizur.educacion.navarra.es\/web1\/wp-content\/uploads\/2023\/03\/20230213_151444-1536x1220.jpg 1536w, https:\/\/cpzizur.educacion.navarra.es\/web1\/wp-content\/uploads\/2023\/03\/20230213_151444-2048x1627.jpg 2048w\" sizes=\"(max-width: 2297px) 100vw, 2297px\" \/><\/a><\/figure>\n\n\n\n<figure class=\"wp-block-image size-large\"><a href=\"https:\/\/cpzizur.educacion.navarra.es\/web1\/wp-content\/uploads\/2023\/03\/IMG_7587.jpg\" target=\"_blank\" rel=\"noopener\"><img loading=\"lazy\" width=\"1912\" height=\"2192\" data-id=\"16902\"  src=\"https:\/\/cpzizur.educacion.navarra.es\/web1\/wp-content\/uploads\/2023\/03\/IMG_7587.jpg\" alt=\"\" class=\"wp-image-16902\" srcset=\"https:\/\/cpzizur.educacion.navarra.es\/web1\/wp-content\/uploads\/2023\/03\/IMG_7587.jpg 1912w, https:\/\/cpzizur.educacion.navarra.es\/web1\/wp-content\/uploads\/2023\/03\/IMG_7587-262x300.jpg 262w, https:\/\/cpzizur.educacion.navarra.es\/web1\/wp-content\/uploads\/2023\/03\/IMG_7587-893x1024.jpg 893w, https:\/\/cpzizur.educacion.navarra.es\/web1\/wp-content\/uploads\/2023\/03\/IMG_7587-768x880.jpg 768w, https:\/\/cpzizur.educacion.navarra.es\/web1\/wp-content\/uploads\/2023\/03\/IMG_7587-1340x1536.jpg 1340w, https:\/\/cpzizur.educacion.navarra.es\/web1\/wp-content\/uploads\/2023\/03\/IMG_7587-1786x2048.jpg 1786w\" sizes=\"(max-width: 1912px) 100vw, 1912px\" \/><\/a><\/figure>\n\n\n\n<figure class=\"wp-block-image size-large\"><a href=\"https:\/\/cpzizur.educacion.navarra.es\/web1\/wp-content\/uploads\/2023\/03\/20230213_154313.jpg\" target=\"_blank\" rel=\"noopener\"><img loading=\"lazy\" width=\"1875\" height=\"2236\" data-id=\"16901\"  src=\"https:\/\/cpzizur.educacion.navarra.es\/web1\/wp-content\/uploads\/2023\/03\/20230213_154313.jpg\" alt=\"\" class=\"wp-image-16901\" srcset=\"https:\/\/cpzizur.educacion.navarra.es\/web1\/wp-content\/uploads\/2023\/03\/20230213_154313.jpg 1875w, https:\/\/cpzizur.educacion.navarra.es\/web1\/wp-content\/uploads\/2023\/03\/20230213_154313-252x300.jpg 252w, https:\/\/cpzizur.educacion.navarra.es\/web1\/wp-content\/uploads\/2023\/03\/20230213_154313-859x1024.jpg 859w, https:\/\/cpzizur.educacion.navarra.es\/web1\/wp-content\/uploads\/2023\/03\/20230213_154313-768x916.jpg 768w, https:\/\/cpzizur.educacion.navarra.es\/web1\/wp-content\/uploads\/2023\/03\/20230213_154313-1288x1536.jpg 1288w, https:\/\/cpzizur.educacion.navarra.es\/web1\/wp-content\/uploads\/2023\/03\/20230213_154313-1717x2048.jpg 1717w\" sizes=\"(max-width: 1875px) 100vw, 1875px\" \/><\/a><\/figure>\n\n\n\n<figure class=\"wp-block-image size-large\"><a href=\"https:\/\/cpzizur.educacion.navarra.es\/web1\/wp-content\/uploads\/2023\/03\/3aB_1-22-23.jpg\" target=\"_blank\" rel=\"noopener\"><img loading=\"lazy\" width=\"2364\" height=\"1773\" data-id=\"16731\"  src=\"https:\/\/cpzizur.educacion.navarra.es\/web1\/wp-content\/uploads\/2023\/03\/3aB_1-22-23.jpg\" alt=\"\" class=\"wp-image-16731\" srcset=\"https:\/\/cpzizur.educacion.navarra.es\/web1\/wp-content\/uploads\/2023\/03\/3aB_1-22-23.jpg 2364w, https:\/\/cpzizur.educacion.navarra.es\/web1\/wp-content\/uploads\/2023\/03\/3aB_1-22-23-300x225.jpg 300w, https:\/\/cpzizur.educacion.navarra.es\/web1\/wp-content\/uploads\/2023\/03\/3aB_1-22-23-1024x768.jpg 1024w, https:\/\/cpzizur.educacion.navarra.es\/web1\/wp-content\/uploads\/2023\/03\/3aB_1-22-23-768x576.jpg 768w, https:\/\/cpzizur.educacion.navarra.es\/web1\/wp-content\/uploads\/2023\/03\/3aB_1-22-23-1536x1152.jpg 1536w, https:\/\/cpzizur.educacion.navarra.es\/web1\/wp-content\/uploads\/2023\/03\/3aB_1-22-23-2048x1536.jpg 2048w\" sizes=\"(max-width: 2364px) 100vw, 2364px\" \/><\/a><figcaption><strong>HEMOS QUEDADO AS\u00cd DE GUAPOS Y GUAPAS<\/strong><\/figcaption><\/figure>\n\n\n\n<figure class=\"wp-block-image size-large\"><a href=\"https:\/\/cpzizur.educacion.navarra.es\/web1\/wp-content\/uploads\/2023\/03\/IMG-20230317-WA0002.jpg\" target=\"_blank\" rel=\"noopener\"><img loading=\"lazy\" width=\"1600\" height=\"1200\" data-id=\"17018\"  src=\"https:\/\/cpzizur.educacion.navarra.es\/web1\/wp-content\/uploads\/2023\/03\/IMG-20230317-WA0002.jpg\" alt=\"\" class=\"wp-image-17018\" srcset=\"https:\/\/cpzizur.educacion.navarra.es\/web1\/wp-content\/uploads\/2023\/03\/IMG-20230317-WA0002.jpg 1600w, https:\/\/cpzizur.educacion.navarra.es\/web1\/wp-content\/uploads\/2023\/03\/IMG-20230317-WA0002-300x225.jpg 300w, https:\/\/cpzizur.educacion.navarra.es\/web1\/wp-content\/uploads\/2023\/03\/IMG-20230317-WA0002-1024x768.jpg 1024w, https:\/\/cpzizur.educacion.navarra.es\/web1\/wp-content\/uploads\/2023\/03\/IMG-20230317-WA0002-768x576.jpg 768w, https:\/\/cpzizur.educacion.navarra.es\/web1\/wp-content\/uploads\/2023\/03\/IMG-20230317-WA0002-1536x1152.jpg 1536w\" sizes=\"(max-width: 1600px) 100vw, 1600px\" \/><\/a><\/figure>\n<\/figure>\n","protected":false},"excerpt":{"rendered":"<p>Los ni\u00f1os y ni\u00f1as de 3 a\u00f1os hemos preparado nuestro primer carnaval en el colegio y nuestras familias nos han ayudado a dise\u00f1ar, a dibujar patrones y a recortar. Nos los hemos pasado genial. Nos hemos disfrazado de cebras y jirafas, animales de la pel\u00edcula de Madagascar.<\/p>\n","protected":false},"author":1,"featured_media":0,"parent":0,"menu_order":0,"comment_status":"closed","ping_status":"closed","template":"","meta":{"_genesis_hide_title":false,"_genesis_hide_breadcrumbs":false,"_genesis_hide_singular_image":false,"_genesis_hide_footer_widgets":false,"_genesis_custom_body_class":"","_genesis_custom_post_class":"","_genesis_layout":""},"_links":{"self":[{"href":"https:\/\/cpzizur.educacion.navarra.es\/web1\/wp-json\/wp\/v2\/pages\/16900"}],"collection":[{"href":"https:\/\/cpzizur.educacion.navarra.es\/web1\/wp-json\/wp\/v2\/pages"}],"about":[{"href":"https:\/\/cpzizur.educacion.navarra.es\/web1\/wp-json\/wp\/v2\/types\/page"}],"author":[{"embeddable":true,"href":"https:\/\/cpzizur.educacion.navarra.es\/web1\/wp-json\/wp\/v2\/users\/1"}],"replies":[{"embeddable":true,"href":"https:\/\/cpzizur.educacion.navarra.es\/web1\/wp-json\/wp\/v2\/comments?post=16900"}],"version-history":[{"count":6,"href":"https:\/\/cpzizur.educacion.navarra.es\/web1\/wp-json\/wp\/v2\/pages\/16900\/revisions"}],"predecessor-version":[{"id":17020,"href":"https:\/\/cpzizur.educacion.navarra.es\/web1\/wp-json\/wp\/v2\/pages\/16900\/revisions\/17020"}],"wp:attachment":[{"href":"https:\/\/cpzizur.educacion.navarra.es\/web1\/wp-json\/wp\/v2\/media?parent=16900"}],"curies":[{"name":"wp","href":"https:\/\/api.w.org\/{rel}","templated":true}]}}