{"id":15750,"date":"2023-01-31T16:07:37","date_gmt":"2023-01-31T15:07:37","guid":{"rendered":"https:\/\/cpzizur.educacion.navarra.es\/web1\/?page_id=15750"},"modified":"2023-05-08T09:39:13","modified_gmt":"2023-05-08T07:39:13","slug":"ambientes-en-educacion-infantil","status":"publish","type":"page","link":"https:\/\/cpzizur.educacion.navarra.es\/web1\/ambientes-en-educacion-infantil\/","title":{"rendered":"Ambientes en Educaci\u00f3n Infantil"},"content":{"rendered":"\n<p>En los diferentes ambientes el alumnado experimenta, crea, descubre\u2026<\/p>\n\n\n\n<ul><li><strong><mark style=\"background-color:rgba(0, 0, 0, 0)\" class=\"has-inline-color has-black-color\">Ambiente art\u00edstico:<\/mark><\/strong><br>&#8211; <a rel=\"noreferrer noopener\" href=\"https:\/\/cpzizur.educacion.navarra.es\/web1\/ambiente-artistico\/\" target=\"_blank\">Herv\u00e9 Tullet<\/a><br>&#8211; <a href=\"https:\/\/cpzizur.educacion.navarra.es\/web1\/el-punto-y-la-linea\/\" data-type=\"URL\" data-id=\"https:\/\/cpzizur.educacion.navarra.es\/web1\/el-punto-y-la-linea\/\">El punto y la l\u00ednea<\/a><\/li><li><a rel=\"noreferrer noopener\" href=\"https:\/\/cpzizur.educacion.navarra.es\/web1\/ambiente-de-experimentos\/\" target=\"_blank\">Ambiente experimentos<\/a><\/li><li><a rel=\"noreferrer noopener\" href=\"https:\/\/cpzizur.educacion.navarra.es\/web1\/aula-montessori-de-3-anos-otra-de-4-y-otra-de-5-anos\/\" target=\"_blank\">Aula Montessori <\/a><\/li><\/ul>\n","protected":false},"excerpt":{"rendered":"<p>En los diferentes ambientes el alumnado experimenta, crea, descubre\u2026 Ambiente art\u00edstico:&#8211; Herv\u00e9 Tullet&#8211; El punto y la l\u00ednea Ambiente experimentos Aula Montessori<\/p>\n","protected":false},"author":1,"featured_media":0,"parent":0,"menu_order":0,"comment_status":"closed","ping_status":"closed","template":"","meta":{"_genesis_hide_title":false,"_genesis_hide_breadcrumbs":false,"_genesis_hide_singular_image":false,"_genesis_hide_footer_widgets":false,"_genesis_custom_body_class":"","_genesis_custom_post_class":"","_genesis_layout":""},"_links":{"self":[{"href":"https:\/\/cpzizur.educacion.navarra.es\/web1\/wp-json\/wp\/v2\/pages\/15750"}],"collection":[{"href":"https:\/\/cpzizur.educacion.navarra.es\/web1\/wp-json\/wp\/v2\/pages"}],"about":[{"href":"https:\/\/cpzizur.educacion.navarra.es\/web1\/wp-json\/wp\/v2\/types\/page"}],"author":[{"embeddable":true,"href":"https:\/\/cpzizur.educacion.navarra.es\/web1\/wp-json\/wp\/v2\/users\/1"}],"replies":[{"embeddable":true,"href":"https:\/\/cpzizur.educacion.navarra.es\/web1\/wp-json\/wp\/v2\/comments?post=15750"}],"version-history":[{"count":9,"href":"https:\/\/cpzizur.educacion.navarra.es\/web1\/wp-json\/wp\/v2\/pages\/15750\/revisions"}],"predecessor-version":[{"id":17543,"href":"https:\/\/cpzizur.educacion.navarra.es\/web1\/wp-json\/wp\/v2\/pages\/15750\/revisions\/17543"}],"wp:attachment":[{"href":"https:\/\/cpzizur.educacion.navarra.es\/web1\/wp-json\/wp\/v2\/media?parent=15750"}],"curies":[{"name":"wp","href":"https:\/\/api.w.org\/{rel}","templated":true}]}}