{"id":15740,"date":"2023-01-31T15:51:21","date_gmt":"2023-01-31T14:51:21","guid":{"rendered":"https:\/\/cpzizur.educacion.navarra.es\/web1\/?page_id=15740"},"modified":"2023-02-06T14:08:24","modified_gmt":"2023-02-06T13:08:24","slug":"la-noche-del-vampiro","status":"publish","type":"page","link":"https:\/\/cpzizur.educacion.navarra.es\/web1\/la-noche-del-vampiro\/","title":{"rendered":"La noche del vampiro &#8211; Visita al Planetario 3\u00ba primaria"},"content":{"rendered":"\n<p>&nbsp;Von Siro es un vampiro vegetariano al que le gusta mucho mirar las estrellas. Su ayudante Dagoberto nos ense\u00f1\u00f3 c\u00f3mo son los planetas, las nebulosas, las galaxias. \u00a1Lo pasamos en grande!<\/p>\n\n\n\n<figure class=\"wp-block-gallery has-nested-images columns-1 is-cropped\">\n<figure class=\"wp-block-image size-full\"><a href=\"https:\/\/cpzizur.educacion.navarra.es\/web1\/wp-content\/uploads\/2022\/11\/20221026_101800.jpg\" target=\"_blank\" rel=\"noopener\"><img loading=\"lazy\" width=\"591\" height=\"443\" data-id=\"15344\"  src=\"https:\/\/cpzizur.educacion.navarra.es\/web1\/wp-content\/uploads\/2022\/11\/20221026_101800.jpg\" alt=\"\" class=\"wp-image-15344\" srcset=\"https:\/\/cpzizur.educacion.navarra.es\/web1\/wp-content\/uploads\/2022\/11\/20221026_101800.jpg 591w, https:\/\/cpzizur.educacion.navarra.es\/web1\/wp-content\/uploads\/2022\/11\/20221026_101800-300x225.jpg 300w\" sizes=\"(max-width: 591px) 100vw, 591px\" \/><\/a><\/figure>\n\n\n\n<figure class=\"wp-block-image size-full\"><a href=\"https:\/\/cpzizur.educacion.navarra.es\/web1\/wp-content\/uploads\/2022\/11\/20221026_101437.jpg\" target=\"_blank\" rel=\"noopener\"><img loading=\"lazy\" width=\"591\" height=\"443\" data-id=\"15343\"  src=\"https:\/\/cpzizur.educacion.navarra.es\/web1\/wp-content\/uploads\/2022\/11\/20221026_101437.jpg\" alt=\"\" class=\"wp-image-15343\" srcset=\"https:\/\/cpzizur.educacion.navarra.es\/web1\/wp-content\/uploads\/2022\/11\/20221026_101437.jpg 591w, https:\/\/cpzizur.educacion.navarra.es\/web1\/wp-content\/uploads\/2022\/11\/20221026_101437-300x225.jpg 300w\" sizes=\"(max-width: 591px) 100vw, 591px\" \/><\/a><\/figure>\n\n\n\n<figure class=\"wp-block-image size-full\"><a href=\"https:\/\/cpzizur.educacion.navarra.es\/web1\/wp-content\/uploads\/2022\/11\/20221026_100903.jpg\" target=\"_blank\" rel=\"noopener\"><img loading=\"lazy\" width=\"591\" height=\"443\" data-id=\"15342\"  src=\"https:\/\/cpzizur.educacion.navarra.es\/web1\/wp-content\/uploads\/2022\/11\/20221026_100903.jpg\" alt=\"\" class=\"wp-image-15342\" srcset=\"https:\/\/cpzizur.educacion.navarra.es\/web1\/wp-content\/uploads\/2022\/11\/20221026_100903.jpg 591w, https:\/\/cpzizur.educacion.navarra.es\/web1\/wp-content\/uploads\/2022\/11\/20221026_100903-300x225.jpg 300w\" sizes=\"(max-width: 591px) 100vw, 591px\" \/><\/a><\/figure>\n\n\n\n<figure class=\"wp-block-image size-full\"><a href=\"https:\/\/cpzizur.educacion.navarra.es\/web1\/wp-content\/uploads\/2022\/11\/20221026_100808.jpg\" target=\"_blank\" rel=\"noopener\"><img loading=\"lazy\" width=\"591\" height=\"443\" data-id=\"15341\"  src=\"https:\/\/cpzizur.educacion.navarra.es\/web1\/wp-content\/uploads\/2022\/11\/20221026_100808.jpg\" alt=\"\" class=\"wp-image-15341\" srcset=\"https:\/\/cpzizur.educacion.navarra.es\/web1\/wp-content\/uploads\/2022\/11\/20221026_100808.jpg 591w, https:\/\/cpzizur.educacion.navarra.es\/web1\/wp-content\/uploads\/2022\/11\/20221026_100808-300x225.jpg 300w\" sizes=\"(max-width: 591px) 100vw, 591px\" \/><\/a><\/figure>\n\n\n\n<figure class=\"wp-block-image size-full\"><a href=\"https:\/\/cpzizur.educacion.navarra.es\/web1\/wp-content\/uploads\/2022\/11\/20221026_100507-rotated.jpg\" target=\"_blank\" rel=\"noopener\"><img loading=\"lazy\" width=\"443\" height=\"591\" data-id=\"15340\"  src=\"https:\/\/cpzizur.educacion.navarra.es\/web1\/wp-content\/uploads\/2022\/11\/20221026_100507-rotated.jpg\" alt=\"\" class=\"wp-image-15340\" srcset=\"https:\/\/cpzizur.educacion.navarra.es\/web1\/wp-content\/uploads\/2022\/11\/20221026_100507-rotated.jpg 443w, https:\/\/cpzizur.educacion.navarra.es\/web1\/wp-content\/uploads\/2022\/11\/20221026_100507-225x300.jpg 225w\" sizes=\"(max-width: 443px) 100vw, 443px\" \/><\/a><\/figure>\n\n\n\n<figure class=\"wp-block-image size-full\"><a href=\"https:\/\/cpzizur.educacion.navarra.es\/web1\/wp-content\/uploads\/2022\/11\/20221026_095005.jpg\" target=\"_blank\" rel=\"noopener\"><img loading=\"lazy\" width=\"591\" height=\"443\" data-id=\"15339\"  src=\"https:\/\/cpzizur.educacion.navarra.es\/web1\/wp-content\/uploads\/2022\/11\/20221026_095005.jpg\" alt=\"\" class=\"wp-image-15339\" srcset=\"https:\/\/cpzizur.educacion.navarra.es\/web1\/wp-content\/uploads\/2022\/11\/20221026_095005.jpg 591w, https:\/\/cpzizur.educacion.navarra.es\/web1\/wp-content\/uploads\/2022\/11\/20221026_095005-300x225.jpg 300w\" sizes=\"(max-width: 591px) 100vw, 591px\" \/><\/a><\/figure>\n\n\n\n<figure class=\"wp-block-image size-full\"><a href=\"https:\/\/cpzizur.educacion.navarra.es\/web1\/wp-content\/uploads\/2022\/11\/20221026_094959.jpg\" target=\"_blank\" rel=\"noopener\"><img loading=\"lazy\" width=\"591\" height=\"443\" data-id=\"15338\"  src=\"https:\/\/cpzizur.educacion.navarra.es\/web1\/wp-content\/uploads\/2022\/11\/20221026_094959.jpg\" alt=\"\" class=\"wp-image-15338\" srcset=\"https:\/\/cpzizur.educacion.navarra.es\/web1\/wp-content\/uploads\/2022\/11\/20221026_094959.jpg 591w, https:\/\/cpzizur.educacion.navarra.es\/web1\/wp-content\/uploads\/2022\/11\/20221026_094959-300x225.jpg 300w\" sizes=\"(max-width: 591px) 100vw, 591px\" \/><\/a><\/figure>\n\n\n\n<figure class=\"wp-block-image size-full\"><a href=\"https:\/\/cpzizur.educacion.navarra.es\/web1\/wp-content\/uploads\/2022\/11\/20221026_094954.jpg\" target=\"_blank\" rel=\"noopener\"><img loading=\"lazy\" width=\"591\" height=\"443\" data-id=\"15337\"  src=\"https:\/\/cpzizur.educacion.navarra.es\/web1\/wp-content\/uploads\/2022\/11\/20221026_094954.jpg\" alt=\"\" class=\"wp-image-15337\" srcset=\"https:\/\/cpzizur.educacion.navarra.es\/web1\/wp-content\/uploads\/2022\/11\/20221026_094954.jpg 591w, https:\/\/cpzizur.educacion.navarra.es\/web1\/wp-content\/uploads\/2022\/11\/20221026_094954-300x225.jpg 300w\" sizes=\"(max-width: 591px) 100vw, 591px\" \/><\/a><\/figure>\n\n\n\n<figure class=\"wp-block-image size-full\"><a href=\"https:\/\/cpzizur.educacion.navarra.es\/web1\/wp-content\/uploads\/2022\/11\/20221026_094948.jpg\" target=\"_blank\" rel=\"noopener\"><img loading=\"lazy\" width=\"591\" height=\"443\" data-id=\"15336\"  src=\"https:\/\/cpzizur.educacion.navarra.es\/web1\/wp-content\/uploads\/2022\/11\/20221026_094948.jpg\" alt=\"\" class=\"wp-image-15336\" srcset=\"https:\/\/cpzizur.educacion.navarra.es\/web1\/wp-content\/uploads\/2022\/11\/20221026_094948.jpg 591w, https:\/\/cpzizur.educacion.navarra.es\/web1\/wp-content\/uploads\/2022\/11\/20221026_094948-300x225.jpg 300w\" sizes=\"(max-width: 591px) 100vw, 591px\" \/><\/a><\/figure>\n\n\n\n<figure class=\"wp-block-image size-full\"><a href=\"https:\/\/cpzizur.educacion.navarra.es\/web1\/wp-content\/uploads\/2022\/11\/20221026_094943.jpg\" target=\"_blank\" rel=\"noopener\"><img loading=\"lazy\" width=\"591\" height=\"443\" data-id=\"15335\"  src=\"https:\/\/cpzizur.educacion.navarra.es\/web1\/wp-content\/uploads\/2022\/11\/20221026_094943.jpg\" alt=\"\" class=\"wp-image-15335\" srcset=\"https:\/\/cpzizur.educacion.navarra.es\/web1\/wp-content\/uploads\/2022\/11\/20221026_094943.jpg 591w, https:\/\/cpzizur.educacion.navarra.es\/web1\/wp-content\/uploads\/2022\/11\/20221026_094943-300x225.jpg 300w\" sizes=\"(max-width: 591px) 100vw, 591px\" \/><\/a><\/figure>\n\n\n\n<figure class=\"wp-block-image size-full\"><a href=\"https:\/\/cpzizur.educacion.navarra.es\/web1\/wp-content\/uploads\/2022\/11\/portada-pequena-3.jpg\" target=\"_blank\" rel=\"noopener\"><img loading=\"lazy\" width=\"686\" height=\"381\" data-id=\"15331\"  src=\"https:\/\/cpzizur.educacion.navarra.es\/web1\/wp-content\/uploads\/2022\/11\/portada-pequena-3.jpg\" alt=\"\" class=\"wp-image-15331\" srcset=\"https:\/\/cpzizur.educacion.navarra.es\/web1\/wp-content\/uploads\/2022\/11\/portada-pequena-3.jpg 686w, https:\/\/cpzizur.educacion.navarra.es\/web1\/wp-content\/uploads\/2022\/11\/portada-pequena-3-300x167.jpg 300w\" sizes=\"(max-width: 686px) 100vw, 686px\" \/><\/a><\/figure>\n\n\n\n<figure class=\"wp-block-image size-full\"><a href=\"https:\/\/cpzizur.educacion.navarra.es\/web1\/wp-content\/uploads\/2022\/11\/definitiva-portada.jpg\" target=\"_blank\" rel=\"noopener\"><img loading=\"lazy\" width=\"1672\" height=\"1254\" data-id=\"15328\"  src=\"https:\/\/cpzizur.educacion.navarra.es\/web1\/wp-content\/uploads\/2022\/11\/definitiva-portada.jpg\" alt=\"\" class=\"wp-image-15328\" srcset=\"https:\/\/cpzizur.educacion.navarra.es\/web1\/wp-content\/uploads\/2022\/11\/definitiva-portada.jpg 1672w, https:\/\/cpzizur.educacion.navarra.es\/web1\/wp-content\/uploads\/2022\/11\/definitiva-portada-300x225.jpg 300w, https:\/\/cpzizur.educacion.navarra.es\/web1\/wp-content\/uploads\/2022\/11\/definitiva-portada-1024x768.jpg 1024w, https:\/\/cpzizur.educacion.navarra.es\/web1\/wp-content\/uploads\/2022\/11\/definitiva-portada-768x576.jpg 768w, https:\/\/cpzizur.educacion.navarra.es\/web1\/wp-content\/uploads\/2022\/11\/definitiva-portada-1536x1152.jpg 1536w\" sizes=\"(max-width: 1672px) 100vw, 1672px\" \/><\/a><\/figure>\n\n\n\n<figure class=\"wp-block-image size-full\"><a href=\"https:\/\/cpzizur.educacion.navarra.es\/web1\/wp-content\/uploads\/2022\/11\/PLANETARIO.jpg\" target=\"_blank\" rel=\"noopener\"><img loading=\"lazy\" width=\"1672\" height=\"1254\" data-id=\"15321\"  src=\"https:\/\/cpzizur.educacion.navarra.es\/web1\/wp-content\/uploads\/2022\/11\/PLANETARIO.jpg\" alt=\"\" class=\"wp-image-15321\" srcset=\"https:\/\/cpzizur.educacion.navarra.es\/web1\/wp-content\/uploads\/2022\/11\/PLANETARIO.jpg 1672w, https:\/\/cpzizur.educacion.navarra.es\/web1\/wp-content\/uploads\/2022\/11\/PLANETARIO-300x225.jpg 300w, https:\/\/cpzizur.educacion.navarra.es\/web1\/wp-content\/uploads\/2022\/11\/PLANETARIO-1024x768.jpg 1024w, https:\/\/cpzizur.educacion.navarra.es\/web1\/wp-content\/uploads\/2022\/11\/PLANETARIO-768x576.jpg 768w, https:\/\/cpzizur.educacion.navarra.es\/web1\/wp-content\/uploads\/2022\/11\/PLANETARIO-1536x1152.jpg 1536w\" sizes=\"(max-width: 1672px) 100vw, 1672px\" \/><\/a><\/figure>\n<\/figure>\n\n\n\n<p><\/p>\n","protected":false},"excerpt":{"rendered":"<p>&nbsp;Von Siro es un vampiro vegetariano al que le gusta mucho mirar las estrellas. Su ayudante Dagoberto nos ense\u00f1\u00f3 c\u00f3mo son los planetas, las nebulosas, las galaxias. \u00a1Lo pasamos en grande!<\/p>\n","protected":false},"author":1,"featured_media":0,"parent":0,"menu_order":0,"comment_status":"closed","ping_status":"closed","template":"","meta":{"_genesis_hide_title":false,"_genesis_hide_breadcrumbs":false,"_genesis_hide_singular_image":false,"_genesis_hide_footer_widgets":false,"_genesis_custom_body_class":"","_genesis_custom_post_class":"","_genesis_layout":""},"_links":{"self":[{"href":"https:\/\/cpzizur.educacion.navarra.es\/web1\/wp-json\/wp\/v2\/pages\/15740"}],"collection":[{"href":"https:\/\/cpzizur.educacion.navarra.es\/web1\/wp-json\/wp\/v2\/pages"}],"about":[{"href":"https:\/\/cpzizur.educacion.navarra.es\/web1\/wp-json\/wp\/v2\/types\/page"}],"author":[{"embeddable":true,"href":"https:\/\/cpzizur.educacion.navarra.es\/web1\/wp-json\/wp\/v2\/users\/1"}],"replies":[{"embeddable":true,"href":"https:\/\/cpzizur.educacion.navarra.es\/web1\/wp-json\/wp\/v2\/comments?post=15740"}],"version-history":[{"count":8,"href":"https:\/\/cpzizur.educacion.navarra.es\/web1\/wp-json\/wp\/v2\/pages\/15740\/revisions"}],"predecessor-version":[{"id":16059,"href":"https:\/\/cpzizur.educacion.navarra.es\/web1\/wp-json\/wp\/v2\/pages\/15740\/revisions\/16059"}],"wp:attachment":[{"href":"https:\/\/cpzizur.educacion.navarra.es\/web1\/wp-json\/wp\/v2\/media?parent=15740"}],"curies":[{"name":"wp","href":"https:\/\/api.w.org\/{rel}","templated":true}]}}