{"id":15688,"date":"2023-01-31T13:54:56","date_gmt":"2023-01-31T12:54:56","guid":{"rendered":"https:\/\/cpzizur.educacion.navarra.es\/web1\/?page_id=15688"},"modified":"2023-05-29T09:48:29","modified_gmt":"2023-05-29T07:48:29","slug":"fotos-3o-infantil","status":"publish","type":"page","link":"https:\/\/cpzizur.educacion.navarra.es\/web1\/fotos-3o-infantil\/","title":{"rendered":"Fotos 3\u00ba infantil"},"content":{"rendered":"\n<ul><li><a rel=\"noreferrer noopener\" href=\"https:\/\/cpzizur.educacion.navarra.es\/web1\/educacion-infantil-trabajo-artistico-sobre-la-obra-de-herve-tullet\/\" target=\"_blank\">Trabajo art\u00edstico sobre la obra de Herv\u00e9 Tullet<\/a><\/li><li><a rel=\"noreferrer noopener\" href=\"https:\/\/cpzizur.educacion.navarra.es\/web1\/actividades-de-halloween-en-5-anos\/\" target=\"_blank\">Actividades de Halloween<\/a><\/li><li><a rel=\"noreferrer noopener\" href=\"https:\/\/cpzizur.educacion.navarra.es\/web1\/los-volcanes\/\" target=\"_blank\">Los volcanes  <\/a><\/li><li><a rel=\"noreferrer noopener\" href=\"https:\/\/cpzizur.educacion.navarra.es\/web1\/visita-a-la-biblioteca\/\" target=\"_blank\">Salida a la Biblioteca de Zizur Mayor<\/a><\/li><li><a href=\"https:\/\/cpzizur.educacion.navarra.es\/web1\/?p=17648\" target=\"_blank\" rel=\"noreferrer noopener\">Excursi\u00f3n a Peru Harri<\/a><\/li><\/ul>\n","protected":false},"excerpt":{"rendered":"<p>Trabajo art\u00edstico sobre la obra de Herv\u00e9 Tullet Actividades de Halloween Los volcanes Salida a la Biblioteca de Zizur Mayor Excursi\u00f3n a Peru Harri<\/p>\n","protected":false},"author":1,"featured_media":0,"parent":0,"menu_order":0,"comment_status":"closed","ping_status":"closed","template":"","meta":{"_genesis_hide_title":false,"_genesis_hide_breadcrumbs":false,"_genesis_hide_singular_image":false,"_genesis_hide_footer_widgets":false,"_genesis_custom_body_class":"","_genesis_custom_post_class":"","_genesis_layout":""},"_links":{"self":[{"href":"https:\/\/cpzizur.educacion.navarra.es\/web1\/wp-json\/wp\/v2\/pages\/15688"}],"collection":[{"href":"https:\/\/cpzizur.educacion.navarra.es\/web1\/wp-json\/wp\/v2\/pages"}],"about":[{"href":"https:\/\/cpzizur.educacion.navarra.es\/web1\/wp-json\/wp\/v2\/types\/page"}],"author":[{"embeddable":true,"href":"https:\/\/cpzizur.educacion.navarra.es\/web1\/wp-json\/wp\/v2\/users\/1"}],"replies":[{"embeddable":true,"href":"https:\/\/cpzizur.educacion.navarra.es\/web1\/wp-json\/wp\/v2\/comments?post=15688"}],"version-history":[{"count":22,"href":"https:\/\/cpzizur.educacion.navarra.es\/web1\/wp-json\/wp\/v2\/pages\/15688\/revisions"}],"predecessor-version":[{"id":17664,"href":"https:\/\/cpzizur.educacion.navarra.es\/web1\/wp-json\/wp\/v2\/pages\/15688\/revisions\/17664"}],"wp:attachment":[{"href":"https:\/\/cpzizur.educacion.navarra.es\/web1\/wp-json\/wp\/v2\/media?parent=15688"}],"curies":[{"name":"wp","href":"https:\/\/api.w.org\/{rel}","templated":true}]}}