{"id":15672,"date":"2023-01-31T11:25:22","date_gmt":"2023-01-31T10:25:22","guid":{"rendered":"https:\/\/cpzizur.educacion.navarra.es\/web1\/?page_id=15672"},"modified":"2023-02-02T13:50:50","modified_gmt":"2023-02-02T12:50:50","slug":"excursion-al-ayuntamiento-1o-primaria","status":"publish","type":"page","link":"https:\/\/cpzizur.educacion.navarra.es\/web1\/excursion-al-ayuntamiento-1o-primaria\/","title":{"rendered":"Excursi\u00f3n al Ayuntamiento de Pamplona alumnado de 1\u00ba primaria"},"content":{"rendered":"\n<p>El alumnado de 1\u00ba EP hemos visitado el Ayuntamiento de Pamplona. Esta visita estaba relacionada con el  proyecto que est\u00e1bamos trabajando: <strong>\u00abLos servicios\u00bb<\/strong>, as\u00ed  pudimos conocer el Ayuntamiento y las funciones que en \u00e9l se desarrollan. Adem\u00e1s, tuvimos la suerte de asomarnos al balc\u00f3n desde donde cada 6 de julio, tiran el chupinazo que da inicio a las fiestas de San Ferm\u00edn.<\/p>\n\n\n\n<figure class=\"wp-block-image size-large\"><a href=\"https:\/\/cpzizur.educacion.navarra.es\/web1\/wp-content\/uploads\/2023\/01\/22.12.14_VISITA_GUIADA_Colegio_Publico_Camino_de_Santiago_de_Zizur_Mayor-scaled.jpg\"><img loading=\"lazy\" width=\"1024\" height=\"683\" src=\"https:\/\/cpzizur.educacion.navarra.es\/web1\/wp-content\/uploads\/2023\/01\/22.12.14_VISITA_GUIADA_Colegio_Publico_Camino_de_Santiago_de_Zizur_Mayor-1024x683.jpg\" alt=\"\" class=\"wp-image-15673\" srcset=\"https:\/\/cpzizur.educacion.navarra.es\/web1\/wp-content\/uploads\/2023\/01\/22.12.14_VISITA_GUIADA_Colegio_Publico_Camino_de_Santiago_de_Zizur_Mayor-1024x683.jpg 1024w, https:\/\/cpzizur.educacion.navarra.es\/web1\/wp-content\/uploads\/2023\/01\/22.12.14_VISITA_GUIADA_Colegio_Publico_Camino_de_Santiago_de_Zizur_Mayor-300x200.jpg 300w, https:\/\/cpzizur.educacion.navarra.es\/web1\/wp-content\/uploads\/2023\/01\/22.12.14_VISITA_GUIADA_Colegio_Publico_Camino_de_Santiago_de_Zizur_Mayor-768x512.jpg 768w, https:\/\/cpzizur.educacion.navarra.es\/web1\/wp-content\/uploads\/2023\/01\/22.12.14_VISITA_GUIADA_Colegio_Publico_Camino_de_Santiago_de_Zizur_Mayor-1536x1025.jpg 1536w, https:\/\/cpzizur.educacion.navarra.es\/web1\/wp-content\/uploads\/2023\/01\/22.12.14_VISITA_GUIADA_Colegio_Publico_Camino_de_Santiago_de_Zizur_Mayor-2048x1366.jpg 2048w\" sizes=\"(max-width: 1024px) 100vw, 1024px\" \/><\/a><\/figure>\n\n\n\n<figure class=\"wp-block-image size-large\"><a href=\"https:\/\/cpzizur.educacion.navarra.es\/web1\/wp-content\/uploads\/2023\/01\/22.12.14_VISITA_GUIADA_Colegio_Publico_Camino_de_Santiago_de_Zizur_Mayor_2-1-scaled.jpg\" target=\"_blank\" rel=\"noopener\"><img loading=\"lazy\" width=\"1024\" height=\"683\" src=\"https:\/\/cpzizur.educacion.navarra.es\/web1\/wp-content\/uploads\/2023\/01\/22.12.14_VISITA_GUIADA_Colegio_Publico_Camino_de_Santiago_de_Zizur_Mayor_2-1-1024x683.jpg\" alt=\"\" class=\"wp-image-15674\" srcset=\"https:\/\/cpzizur.educacion.navarra.es\/web1\/wp-content\/uploads\/2023\/01\/22.12.14_VISITA_GUIADA_Colegio_Publico_Camino_de_Santiago_de_Zizur_Mayor_2-1-1024x683.jpg 1024w, https:\/\/cpzizur.educacion.navarra.es\/web1\/wp-content\/uploads\/2023\/01\/22.12.14_VISITA_GUIADA_Colegio_Publico_Camino_de_Santiago_de_Zizur_Mayor_2-1-300x200.jpg 300w, https:\/\/cpzizur.educacion.navarra.es\/web1\/wp-content\/uploads\/2023\/01\/22.12.14_VISITA_GUIADA_Colegio_Publico_Camino_de_Santiago_de_Zizur_Mayor_2-1-768x512.jpg 768w, https:\/\/cpzizur.educacion.navarra.es\/web1\/wp-content\/uploads\/2023\/01\/22.12.14_VISITA_GUIADA_Colegio_Publico_Camino_de_Santiago_de_Zizur_Mayor_2-1-1536x1025.jpg 1536w, https:\/\/cpzizur.educacion.navarra.es\/web1\/wp-content\/uploads\/2023\/01\/22.12.14_VISITA_GUIADA_Colegio_Publico_Camino_de_Santiago_de_Zizur_Mayor_2-1-2048x1366.jpg 2048w\" sizes=\"(max-width: 1024px) 100vw, 1024px\" \/><\/a><\/figure>\n\n\n\n<figure class=\"wp-block-image size-full\"><a href=\"https:\/\/cpzizur.educacion.navarra.es\/web1\/wp-content\/uploads\/2023\/01\/p1.jpg\" target=\"_blank\" rel=\"noopener\"><img loading=\"lazy\" width=\"1024\" height=\"768\" src=\"https:\/\/cpzizur.educacion.navarra.es\/web1\/wp-content\/uploads\/2023\/01\/p1.jpg\" alt=\"\" class=\"wp-image-15675\" srcset=\"https:\/\/cpzizur.educacion.navarra.es\/web1\/wp-content\/uploads\/2023\/01\/p1.jpg 1024w, https:\/\/cpzizur.educacion.navarra.es\/web1\/wp-content\/uploads\/2023\/01\/p1-300x225.jpg 300w, https:\/\/cpzizur.educacion.navarra.es\/web1\/wp-content\/uploads\/2023\/01\/p1-768x576.jpg 768w\" sizes=\"(max-width: 1024px) 100vw, 1024px\" \/><\/a><\/figure>\n\n\n\n<figure class=\"wp-block-image size-full\"><a href=\"https:\/\/cpzizur.educacion.navarra.es\/web1\/wp-content\/uploads\/2023\/01\/p2.jpg\" target=\"_blank\" rel=\"noopener\"><img loading=\"lazy\" width=\"768\" height=\"1024\" src=\"https:\/\/cpzizur.educacion.navarra.es\/web1\/wp-content\/uploads\/2023\/01\/p2.jpg\" alt=\"\" class=\"wp-image-15676\" srcset=\"https:\/\/cpzizur.educacion.navarra.es\/web1\/wp-content\/uploads\/2023\/01\/p2.jpg 768w, https:\/\/cpzizur.educacion.navarra.es\/web1\/wp-content\/uploads\/2023\/01\/p2-225x300.jpg 225w\" sizes=\"(max-width: 768px) 100vw, 768px\" \/><\/a><\/figure>\n\n\n\n<figure class=\"wp-block-image size-full\"><a href=\"https:\/\/cpzizur.educacion.navarra.es\/web1\/wp-content\/uploads\/2023\/01\/p3.jpg\" target=\"_blank\" rel=\"noopener\"><img loading=\"lazy\" width=\"1024\" height=\"768\" src=\"https:\/\/cpzizur.educacion.navarra.es\/web1\/wp-content\/uploads\/2023\/01\/p3.jpg\" alt=\"\" class=\"wp-image-15677\" srcset=\"https:\/\/cpzizur.educacion.navarra.es\/web1\/wp-content\/uploads\/2023\/01\/p3.jpg 1024w, https:\/\/cpzizur.educacion.navarra.es\/web1\/wp-content\/uploads\/2023\/01\/p3-300x225.jpg 300w, https:\/\/cpzizur.educacion.navarra.es\/web1\/wp-content\/uploads\/2023\/01\/p3-768x576.jpg 768w\" sizes=\"(max-width: 1024px) 100vw, 1024px\" \/><\/a><\/figure>\n\n\n\n<figure class=\"wp-block-image size-large\"><a href=\"https:\/\/cpzizur.educacion.navarra.es\/web1\/wp-content\/uploads\/2023\/01\/p5-scaled.jpg\" target=\"_blank\" rel=\"noopener\"><img loading=\"lazy\" width=\"768\" height=\"1024\" src=\"https:\/\/cpzizur.educacion.navarra.es\/web1\/wp-content\/uploads\/2023\/01\/p5-768x1024.jpg\" alt=\"\" class=\"wp-image-15678\" srcset=\"https:\/\/cpzizur.educacion.navarra.es\/web1\/wp-content\/uploads\/2023\/01\/p5-768x1024.jpg 768w, https:\/\/cpzizur.educacion.navarra.es\/web1\/wp-content\/uploads\/2023\/01\/p5-225x300.jpg 225w, https:\/\/cpzizur.educacion.navarra.es\/web1\/wp-content\/uploads\/2023\/01\/p5-1152x1536.jpg 1152w, https:\/\/cpzizur.educacion.navarra.es\/web1\/wp-content\/uploads\/2023\/01\/p5-1536x2048.jpg 1536w, https:\/\/cpzizur.educacion.navarra.es\/web1\/wp-content\/uploads\/2023\/01\/p5-scaled.jpg 1920w\" sizes=\"(max-width: 768px) 100vw, 768px\" \/><\/a><\/figure>\n\n\n\n<figure class=\"wp-block-image size-full\"><a href=\"https:\/\/cpzizur.educacion.navarra.es\/web1\/wp-content\/uploads\/2023\/01\/p6.jpg\" target=\"_blank\" rel=\"noopener\"><img loading=\"lazy\" width=\"1024\" height=\"768\" src=\"https:\/\/cpzizur.educacion.navarra.es\/web1\/wp-content\/uploads\/2023\/01\/p6.jpg\" alt=\"\" class=\"wp-image-15679\" srcset=\"https:\/\/cpzizur.educacion.navarra.es\/web1\/wp-content\/uploads\/2023\/01\/p6.jpg 1024w, https:\/\/cpzizur.educacion.navarra.es\/web1\/wp-content\/uploads\/2023\/01\/p6-300x225.jpg 300w, https:\/\/cpzizur.educacion.navarra.es\/web1\/wp-content\/uploads\/2023\/01\/p6-768x576.jpg 768w\" sizes=\"(max-width: 1024px) 100vw, 1024px\" \/><\/a><\/figure>\n\n\n\n<figure class=\"wp-block-image size-large\"><a href=\"https:\/\/cpzizur.educacion.navarra.es\/web1\/wp-content\/uploads\/2023\/01\/p7-scaled.jpg\" target=\"_blank\" rel=\"noopener\"><img loading=\"lazy\" width=\"1024\" height=\"768\" src=\"https:\/\/cpzizur.educacion.navarra.es\/web1\/wp-content\/uploads\/2023\/01\/p7-1024x768.jpg\" alt=\"\" class=\"wp-image-15680\" srcset=\"https:\/\/cpzizur.educacion.navarra.es\/web1\/wp-content\/uploads\/2023\/01\/p7-1024x768.jpg 1024w, https:\/\/cpzizur.educacion.navarra.es\/web1\/wp-content\/uploads\/2023\/01\/p7-300x225.jpg 300w, https:\/\/cpzizur.educacion.navarra.es\/web1\/wp-content\/uploads\/2023\/01\/p7-768x576.jpg 768w, https:\/\/cpzizur.educacion.navarra.es\/web1\/wp-content\/uploads\/2023\/01\/p7-1536x1152.jpg 1536w, https:\/\/cpzizur.educacion.navarra.es\/web1\/wp-content\/uploads\/2023\/01\/p7-2048x1536.jpg 2048w\" sizes=\"(max-width: 1024px) 100vw, 1024px\" \/><\/a><\/figure>\n","protected":false},"excerpt":{"rendered":"<p>El alumnado de 1\u00ba EP hemos visitado el Ayuntamiento de Pamplona. Esta visita estaba relacionada con el proyecto que est\u00e1bamos trabajando: \u00abLos servicios\u00bb, as\u00ed pudimos conocer el Ayuntamiento y las funciones que en \u00e9l se desarrollan. Adem\u00e1s, tuvimos la suerte de asomarnos al balc\u00f3n desde donde cada 6 de julio, tiran el chupinazo que da [&hellip;]<\/p>\n","protected":false},"author":1,"featured_media":0,"parent":0,"menu_order":0,"comment_status":"closed","ping_status":"closed","template":"","meta":{"_genesis_hide_title":false,"_genesis_hide_breadcrumbs":false,"_genesis_hide_singular_image":false,"_genesis_hide_footer_widgets":false,"_genesis_custom_body_class":"","_genesis_custom_post_class":"","_genesis_layout":""},"_links":{"self":[{"href":"https:\/\/cpzizur.educacion.navarra.es\/web1\/wp-json\/wp\/v2\/pages\/15672"}],"collection":[{"href":"https:\/\/cpzizur.educacion.navarra.es\/web1\/wp-json\/wp\/v2\/pages"}],"about":[{"href":"https:\/\/cpzizur.educacion.navarra.es\/web1\/wp-json\/wp\/v2\/types\/page"}],"author":[{"embeddable":true,"href":"https:\/\/cpzizur.educacion.navarra.es\/web1\/wp-json\/wp\/v2\/users\/1"}],"replies":[{"embeddable":true,"href":"https:\/\/cpzizur.educacion.navarra.es\/web1\/wp-json\/wp\/v2\/comments?post=15672"}],"version-history":[{"count":6,"href":"https:\/\/cpzizur.educacion.navarra.es\/web1\/wp-json\/wp\/v2\/pages\/15672\/revisions"}],"predecessor-version":[{"id":15915,"href":"https:\/\/cpzizur.educacion.navarra.es\/web1\/wp-json\/wp\/v2\/pages\/15672\/revisions\/15915"}],"wp:attachment":[{"href":"https:\/\/cpzizur.educacion.navarra.es\/web1\/wp-json\/wp\/v2\/media?parent=15672"}],"curies":[{"name":"wp","href":"https:\/\/api.w.org\/{rel}","templated":true}]}}