{"id":15610,"date":"2022-12-21T15:34:39","date_gmt":"2022-12-21T14:34:39","guid":{"rendered":"https:\/\/cpzizur.educacion.navarra.es\/web1\/?page_id=15610"},"modified":"2023-02-06T13:23:18","modified_gmt":"2023-02-06T12:23:18","slug":"proyecto-los-volcanes-en-5-anos","status":"publish","type":"page","link":"https:\/\/cpzizur.educacion.navarra.es\/web1\/proyecto-los-volcanes-en-5-anos\/","title":{"rendered":"Proyecto \u00abLos volcanes\u00bb en 5 a\u00f1os"},"content":{"rendered":"\n<p>Durante la 1\u00aa evaluaci\u00f3n los ni\u00f1os y ni\u00f1as de 5 a\u00f1os hemos realizado el proyecto de \u00abLos volcanes\u00bb. Para ello hemos contado con la colaboraci\u00f3n de las familias para la realizaci\u00f3n de diversos talleres. <\/p>\n\n\n\n<p>\u00a1Muchas gracias por vuestra ayuda!<\/p>\n\n\n\n<figure class=\"wp-block-gallery has-nested-images columns-1 is-cropped\">\n<figure class=\"wp-block-image size-large\"><a href=\"https:\/\/cpzizur.educacion.navarra.es\/web1\/wp-content\/uploads\/2022\/12\/p4-4-scaled.jpg\" target=\"_blank\" rel=\"noopener\"><img loading=\"lazy\" width=\"2560\" height=\"1920\" data-id=\"15613\"  src=\"https:\/\/cpzizur.educacion.navarra.es\/web1\/wp-content\/uploads\/2022\/12\/p4-4-scaled.jpg\" alt=\"\" class=\"wp-image-15613\" srcset=\"https:\/\/cpzizur.educacion.navarra.es\/web1\/wp-content\/uploads\/2022\/12\/p4-4-scaled.jpg 2560w, https:\/\/cpzizur.educacion.navarra.es\/web1\/wp-content\/uploads\/2022\/12\/p4-4-300x225.jpg 300w, https:\/\/cpzizur.educacion.navarra.es\/web1\/wp-content\/uploads\/2022\/12\/p4-4-1024x768.jpg 1024w, https:\/\/cpzizur.educacion.navarra.es\/web1\/wp-content\/uploads\/2022\/12\/p4-4-768x576.jpg 768w, https:\/\/cpzizur.educacion.navarra.es\/web1\/wp-content\/uploads\/2022\/12\/p4-4-1536x1152.jpg 1536w, https:\/\/cpzizur.educacion.navarra.es\/web1\/wp-content\/uploads\/2022\/12\/p4-4-2048x1536.jpg 2048w\" sizes=\"(max-width: 2560px) 100vw, 2560px\" \/><\/a><\/figure>\n\n\n\n<figure class=\"wp-block-image size-large\"><a href=\"https:\/\/cpzizur.educacion.navarra.es\/web1\/wp-content\/uploads\/2022\/12\/p6-4-scaled.jpg\" target=\"_blank\" rel=\"noopener\"><img loading=\"lazy\" width=\"2560\" height=\"1920\" data-id=\"15615\"  src=\"https:\/\/cpzizur.educacion.navarra.es\/web1\/wp-content\/uploads\/2022\/12\/p6-4-scaled.jpg\" alt=\"\" class=\"wp-image-15615\" srcset=\"https:\/\/cpzizur.educacion.navarra.es\/web1\/wp-content\/uploads\/2022\/12\/p6-4-scaled.jpg 2560w, https:\/\/cpzizur.educacion.navarra.es\/web1\/wp-content\/uploads\/2022\/12\/p6-4-300x225.jpg 300w, https:\/\/cpzizur.educacion.navarra.es\/web1\/wp-content\/uploads\/2022\/12\/p6-4-1024x768.jpg 1024w, https:\/\/cpzizur.educacion.navarra.es\/web1\/wp-content\/uploads\/2022\/12\/p6-4-768x576.jpg 768w, https:\/\/cpzizur.educacion.navarra.es\/web1\/wp-content\/uploads\/2022\/12\/p6-4-1536x1152.jpg 1536w, https:\/\/cpzizur.educacion.navarra.es\/web1\/wp-content\/uploads\/2022\/12\/p6-4-2048x1536.jpg 2048w\" sizes=\"(max-width: 2560px) 100vw, 2560px\" \/><\/a><\/figure>\n\n\n\n<figure class=\"wp-block-image size-large\"><a href=\"https:\/\/cpzizur.educacion.navarra.es\/web1\/wp-content\/uploads\/2022\/12\/p5-4-scaled.jpg\" target=\"_blank\" rel=\"noopener\"><img loading=\"lazy\" width=\"2560\" height=\"1920\" data-id=\"15614\"  src=\"https:\/\/cpzizur.educacion.navarra.es\/web1\/wp-content\/uploads\/2022\/12\/p5-4-scaled.jpg\" alt=\"\" class=\"wp-image-15614\" srcset=\"https:\/\/cpzizur.educacion.navarra.es\/web1\/wp-content\/uploads\/2022\/12\/p5-4-scaled.jpg 2560w, https:\/\/cpzizur.educacion.navarra.es\/web1\/wp-content\/uploads\/2022\/12\/p5-4-300x225.jpg 300w, https:\/\/cpzizur.educacion.navarra.es\/web1\/wp-content\/uploads\/2022\/12\/p5-4-1024x768.jpg 1024w, https:\/\/cpzizur.educacion.navarra.es\/web1\/wp-content\/uploads\/2022\/12\/p5-4-768x576.jpg 768w, https:\/\/cpzizur.educacion.navarra.es\/web1\/wp-content\/uploads\/2022\/12\/p5-4-1536x1152.jpg 1536w, https:\/\/cpzizur.educacion.navarra.es\/web1\/wp-content\/uploads\/2022\/12\/p5-4-2048x1536.jpg 2048w\" sizes=\"(max-width: 2560px) 100vw, 2560px\" \/><\/a><\/figure>\n\n\n\n<figure class=\"wp-block-image size-large\"><a href=\"https:\/\/cpzizur.educacion.navarra.es\/web1\/wp-content\/uploads\/2022\/12\/p2-6-scaled.jpg\" target=\"_blank\" rel=\"noopener\"><img loading=\"lazy\" width=\"2560\" height=\"1920\" data-id=\"15611\"  src=\"https:\/\/cpzizur.educacion.navarra.es\/web1\/wp-content\/uploads\/2022\/12\/p2-6-scaled.jpg\" alt=\"\" class=\"wp-image-15611\" srcset=\"https:\/\/cpzizur.educacion.navarra.es\/web1\/wp-content\/uploads\/2022\/12\/p2-6-scaled.jpg 2560w, https:\/\/cpzizur.educacion.navarra.es\/web1\/wp-content\/uploads\/2022\/12\/p2-6-300x225.jpg 300w, https:\/\/cpzizur.educacion.navarra.es\/web1\/wp-content\/uploads\/2022\/12\/p2-6-1024x768.jpg 1024w, https:\/\/cpzizur.educacion.navarra.es\/web1\/wp-content\/uploads\/2022\/12\/p2-6-768x576.jpg 768w, https:\/\/cpzizur.educacion.navarra.es\/web1\/wp-content\/uploads\/2022\/12\/p2-6-1536x1152.jpg 1536w, https:\/\/cpzizur.educacion.navarra.es\/web1\/wp-content\/uploads\/2022\/12\/p2-6-2048x1536.jpg 2048w\" sizes=\"(max-width: 2560px) 100vw, 2560px\" \/><\/a><\/figure>\n\n\n\n<figure class=\"wp-block-image size-large\"><a href=\"https:\/\/cpzizur.educacion.navarra.es\/web1\/wp-content\/uploads\/2022\/12\/p3-5-scaled.jpg\" target=\"_blank\" rel=\"noopener\"><img loading=\"lazy\" width=\"2560\" height=\"1920\" data-id=\"15612\"  src=\"https:\/\/cpzizur.educacion.navarra.es\/web1\/wp-content\/uploads\/2022\/12\/p3-5-scaled.jpg\" alt=\"\" class=\"wp-image-15612\" srcset=\"https:\/\/cpzizur.educacion.navarra.es\/web1\/wp-content\/uploads\/2022\/12\/p3-5-scaled.jpg 2560w, https:\/\/cpzizur.educacion.navarra.es\/web1\/wp-content\/uploads\/2022\/12\/p3-5-300x225.jpg 300w, https:\/\/cpzizur.educacion.navarra.es\/web1\/wp-content\/uploads\/2022\/12\/p3-5-1024x768.jpg 1024w, https:\/\/cpzizur.educacion.navarra.es\/web1\/wp-content\/uploads\/2022\/12\/p3-5-768x576.jpg 768w, https:\/\/cpzizur.educacion.navarra.es\/web1\/wp-content\/uploads\/2022\/12\/p3-5-1536x1152.jpg 1536w, https:\/\/cpzizur.educacion.navarra.es\/web1\/wp-content\/uploads\/2022\/12\/p3-5-2048x1536.jpg 2048w\" sizes=\"(max-width: 2560px) 100vw, 2560px\" \/><\/a><\/figure>\n\n\n\n<figure class=\"wp-block-image size-large\"><a href=\"https:\/\/cpzizur.educacion.navarra.es\/web1\/wp-content\/uploads\/2022\/12\/p1-6-scaled.jpg\" target=\"_blank\" rel=\"noopener\"><img loading=\"lazy\" width=\"2560\" height=\"1920\" data-id=\"15607\"  src=\"https:\/\/cpzizur.educacion.navarra.es\/web1\/wp-content\/uploads\/2022\/12\/p1-6-scaled.jpg\" alt=\"\" class=\"wp-image-15607\" srcset=\"https:\/\/cpzizur.educacion.navarra.es\/web1\/wp-content\/uploads\/2022\/12\/p1-6-scaled.jpg 2560w, https:\/\/cpzizur.educacion.navarra.es\/web1\/wp-content\/uploads\/2022\/12\/p1-6-300x225.jpg 300w, https:\/\/cpzizur.educacion.navarra.es\/web1\/wp-content\/uploads\/2022\/12\/p1-6-1024x768.jpg 1024w, https:\/\/cpzizur.educacion.navarra.es\/web1\/wp-content\/uploads\/2022\/12\/p1-6-768x576.jpg 768w, https:\/\/cpzizur.educacion.navarra.es\/web1\/wp-content\/uploads\/2022\/12\/p1-6-1536x1152.jpg 1536w, https:\/\/cpzizur.educacion.navarra.es\/web1\/wp-content\/uploads\/2022\/12\/p1-6-2048x1536.jpg 2048w\" sizes=\"(max-width: 2560px) 100vw, 2560px\" \/><\/a><\/figure>\n\n\n\n<figure class=\"wp-block-image size-large\"><a href=\"https:\/\/cpzizur.educacion.navarra.es\/web1\/wp-content\/uploads\/2023\/02\/IMG_4605.jpg\" target=\"_blank\" rel=\"noopener\"><img loading=\"lazy\" width=\"2364\" height=\"1773\" data-id=\"16036\"  src=\"https:\/\/cpzizur.educacion.navarra.es\/web1\/wp-content\/uploads\/2023\/02\/IMG_4605.jpg\" alt=\"\" class=\"wp-image-16036\" srcset=\"https:\/\/cpzizur.educacion.navarra.es\/web1\/wp-content\/uploads\/2023\/02\/IMG_4605.jpg 2364w, https:\/\/cpzizur.educacion.navarra.es\/web1\/wp-content\/uploads\/2023\/02\/IMG_4605-300x225.jpg 300w, https:\/\/cpzizur.educacion.navarra.es\/web1\/wp-content\/uploads\/2023\/02\/IMG_4605-1024x768.jpg 1024w, https:\/\/cpzizur.educacion.navarra.es\/web1\/wp-content\/uploads\/2023\/02\/IMG_4605-768x576.jpg 768w, https:\/\/cpzizur.educacion.navarra.es\/web1\/wp-content\/uploads\/2023\/02\/IMG_4605-1536x1152.jpg 1536w, https:\/\/cpzizur.educacion.navarra.es\/web1\/wp-content\/uploads\/2023\/02\/IMG_4605-2048x1536.jpg 2048w\" sizes=\"(max-width: 2364px) 100vw, 2364px\" \/><\/a><\/figure>\n<\/figure>\n","protected":false},"excerpt":{"rendered":"<p>Durante la 1\u00aa evaluaci\u00f3n los ni\u00f1os y ni\u00f1as de 5 a\u00f1os hemos realizado el proyecto de \u00abLos volcanes\u00bb. Para ello hemos contado con la colaboraci\u00f3n de las familias para la realizaci\u00f3n de diversos talleres. \u00a1Muchas gracias por vuestra ayuda!<\/p>\n","protected":false},"author":1,"featured_media":0,"parent":0,"menu_order":0,"comment_status":"closed","ping_status":"closed","template":"","meta":{"_genesis_hide_title":false,"_genesis_hide_breadcrumbs":false,"_genesis_hide_singular_image":false,"_genesis_hide_footer_widgets":false,"_genesis_custom_body_class":"","_genesis_custom_post_class":"","_genesis_layout":""},"_links":{"self":[{"href":"https:\/\/cpzizur.educacion.navarra.es\/web1\/wp-json\/wp\/v2\/pages\/15610"}],"collection":[{"href":"https:\/\/cpzizur.educacion.navarra.es\/web1\/wp-json\/wp\/v2\/pages"}],"about":[{"href":"https:\/\/cpzizur.educacion.navarra.es\/web1\/wp-json\/wp\/v2\/types\/page"}],"author":[{"embeddable":true,"href":"https:\/\/cpzizur.educacion.navarra.es\/web1\/wp-json\/wp\/v2\/users\/1"}],"replies":[{"embeddable":true,"href":"https:\/\/cpzizur.educacion.navarra.es\/web1\/wp-json\/wp\/v2\/comments?post=15610"}],"version-history":[{"count":8,"href":"https:\/\/cpzizur.educacion.navarra.es\/web1\/wp-json\/wp\/v2\/pages\/15610\/revisions"}],"predecessor-version":[{"id":16042,"href":"https:\/\/cpzizur.educacion.navarra.es\/web1\/wp-json\/wp\/v2\/pages\/15610\/revisions\/16042"}],"wp:attachment":[{"href":"https:\/\/cpzizur.educacion.navarra.es\/web1\/wp-json\/wp\/v2\/media?parent=15610"}],"curies":[{"name":"wp","href":"https:\/\/api.w.org\/{rel}","templated":true}]}}