{"id":15554,"date":"2022-12-15T15:18:39","date_gmt":"2022-12-15T14:18:39","guid":{"rendered":"https:\/\/cpzizur.educacion.navarra.es\/web1\/?page_id=15554"},"modified":"2023-02-02T14:01:10","modified_gmt":"2023-02-02T13:01:10","slug":"innovamat-en-las-aulas-de-4o-ep","status":"publish","type":"page","link":"https:\/\/cpzizur.educacion.navarra.es\/web1\/innovamat-en-las-aulas-de-4o-ep\/","title":{"rendered":"Innovamat en las aulas de 4\u00ba EP"},"content":{"rendered":"\n<p>Con Innovamat usamos diferentes materiales como los policubos y las pizarras de vileda. De este modo, las matem\u00e1ticas son m\u00e1s manipulativas y activas. As\u00ed podemos trabajar conceptos variados como son las multiplicaciones, las divisiones, posici\u00f3n de figuras en el plano&#8230;&nbsp;<\/p>\n\n\n\n<figure class=\"wp-block-image size-full\"><a href=\"https:\/\/cpzizur.educacion.navarra.es\/web1\/wp-content\/uploads\/2022\/12\/p1-3.jpg\" target=\"_blank\" rel=\"noopener\"><img loading=\"lazy\" width=\"591\" height=\"443\" src=\"https:\/\/cpzizur.educacion.navarra.es\/web1\/wp-content\/uploads\/2022\/12\/p1-3.jpg\" alt=\"\" class=\"wp-image-15555\" srcset=\"https:\/\/cpzizur.educacion.navarra.es\/web1\/wp-content\/uploads\/2022\/12\/p1-3.jpg 591w, https:\/\/cpzizur.educacion.navarra.es\/web1\/wp-content\/uploads\/2022\/12\/p1-3-300x225.jpg 300w\" sizes=\"(max-width: 591px) 100vw, 591px\" \/><\/a><\/figure>\n\n\n\n<figure class=\"wp-block-image size-full\"><a href=\"https:\/\/cpzizur.educacion.navarra.es\/web1\/wp-content\/uploads\/2022\/12\/p2-3.jpg\" target=\"_blank\" rel=\"noopener\"><img loading=\"lazy\" width=\"591\" height=\"443\" src=\"https:\/\/cpzizur.educacion.navarra.es\/web1\/wp-content\/uploads\/2022\/12\/p2-3.jpg\" alt=\"\" class=\"wp-image-15556\" srcset=\"https:\/\/cpzizur.educacion.navarra.es\/web1\/wp-content\/uploads\/2022\/12\/p2-3.jpg 591w, https:\/\/cpzizur.educacion.navarra.es\/web1\/wp-content\/uploads\/2022\/12\/p2-3-300x225.jpg 300w\" sizes=\"(max-width: 591px) 100vw, 591px\" \/><\/a><\/figure>\n\n\n\n<figure class=\"wp-block-image size-full\"><a href=\"https:\/\/cpzizur.educacion.navarra.es\/web1\/wp-content\/uploads\/2022\/12\/p3-3.jpg\" target=\"_blank\" rel=\"noopener\"><img loading=\"lazy\" width=\"591\" height=\"443\" src=\"https:\/\/cpzizur.educacion.navarra.es\/web1\/wp-content\/uploads\/2022\/12\/p3-3.jpg\" alt=\"\" class=\"wp-image-15557\" srcset=\"https:\/\/cpzizur.educacion.navarra.es\/web1\/wp-content\/uploads\/2022\/12\/p3-3.jpg 591w, https:\/\/cpzizur.educacion.navarra.es\/web1\/wp-content\/uploads\/2022\/12\/p3-3-300x225.jpg 300w\" sizes=\"(max-width: 591px) 100vw, 591px\" \/><\/a><\/figure>\n\n\n\n<figure class=\"wp-block-image size-full\"><a href=\"https:\/\/cpzizur.educacion.navarra.es\/web1\/wp-content\/uploads\/2022\/12\/p4-2.jpg\" target=\"_blank\" rel=\"noopener\"><img loading=\"lazy\" width=\"591\" height=\"443\" src=\"https:\/\/cpzizur.educacion.navarra.es\/web1\/wp-content\/uploads\/2022\/12\/p4-2.jpg\" alt=\"\" class=\"wp-image-15558\" srcset=\"https:\/\/cpzizur.educacion.navarra.es\/web1\/wp-content\/uploads\/2022\/12\/p4-2.jpg 591w, https:\/\/cpzizur.educacion.navarra.es\/web1\/wp-content\/uploads\/2022\/12\/p4-2-300x225.jpg 300w\" sizes=\"(max-width: 591px) 100vw, 591px\" \/><\/a><\/figure>\n\n\n\n<figure class=\"wp-block-image size-full\"><a href=\"https:\/\/cpzizur.educacion.navarra.es\/web1\/wp-content\/uploads\/2022\/12\/p5-2.jpg\" target=\"_blank\" rel=\"noopener\"><img loading=\"lazy\" width=\"443\" height=\"591\" src=\"https:\/\/cpzizur.educacion.navarra.es\/web1\/wp-content\/uploads\/2022\/12\/p5-2.jpg\" alt=\"\" class=\"wp-image-15559\" srcset=\"https:\/\/cpzizur.educacion.navarra.es\/web1\/wp-content\/uploads\/2022\/12\/p5-2.jpg 443w, https:\/\/cpzizur.educacion.navarra.es\/web1\/wp-content\/uploads\/2022\/12\/p5-2-225x300.jpg 225w\" sizes=\"(max-width: 443px) 100vw, 443px\" \/><\/a><\/figure>\n\n\n\n<figure class=\"wp-block-image size-full\"><a href=\"https:\/\/cpzizur.educacion.navarra.es\/web1\/wp-content\/uploads\/2022\/12\/p6-2.jpg\" target=\"_blank\" rel=\"noopener\"><img loading=\"lazy\" width=\"591\" height=\"443\" src=\"https:\/\/cpzizur.educacion.navarra.es\/web1\/wp-content\/uploads\/2022\/12\/p6-2.jpg\" alt=\"\" class=\"wp-image-15560\" srcset=\"https:\/\/cpzizur.educacion.navarra.es\/web1\/wp-content\/uploads\/2022\/12\/p6-2.jpg 591w, https:\/\/cpzizur.educacion.navarra.es\/web1\/wp-content\/uploads\/2022\/12\/p6-2-300x225.jpg 300w\" sizes=\"(max-width: 591px) 100vw, 591px\" \/><\/a><\/figure>\n","protected":false},"excerpt":{"rendered":"<p>Con Innovamat usamos diferentes materiales como los policubos y las pizarras de vileda. De este modo, las matem\u00e1ticas son m\u00e1s manipulativas y activas. As\u00ed podemos trabajar conceptos variados como son las multiplicaciones, las divisiones, posici\u00f3n de figuras en el plano&#8230;&nbsp;<\/p>\n","protected":false},"author":1,"featured_media":0,"parent":0,"menu_order":0,"comment_status":"closed","ping_status":"closed","template":"","meta":{"_genesis_hide_title":false,"_genesis_hide_breadcrumbs":false,"_genesis_hide_singular_image":false,"_genesis_hide_footer_widgets":false,"_genesis_custom_body_class":"","_genesis_custom_post_class":"","_genesis_layout":""},"_links":{"self":[{"href":"https:\/\/cpzizur.educacion.navarra.es\/web1\/wp-json\/wp\/v2\/pages\/15554"}],"collection":[{"href":"https:\/\/cpzizur.educacion.navarra.es\/web1\/wp-json\/wp\/v2\/pages"}],"about":[{"href":"https:\/\/cpzizur.educacion.navarra.es\/web1\/wp-json\/wp\/v2\/types\/page"}],"author":[{"embeddable":true,"href":"https:\/\/cpzizur.educacion.navarra.es\/web1\/wp-json\/wp\/v2\/users\/1"}],"replies":[{"embeddable":true,"href":"https:\/\/cpzizur.educacion.navarra.es\/web1\/wp-json\/wp\/v2\/comments?post=15554"}],"version-history":[{"count":3,"href":"https:\/\/cpzizur.educacion.navarra.es\/web1\/wp-json\/wp\/v2\/pages\/15554\/revisions"}],"predecessor-version":[{"id":15922,"href":"https:\/\/cpzizur.educacion.navarra.es\/web1\/wp-json\/wp\/v2\/pages\/15554\/revisions\/15922"}],"wp:attachment":[{"href":"https:\/\/cpzizur.educacion.navarra.es\/web1\/wp-json\/wp\/v2\/media?parent=15554"}],"curies":[{"name":"wp","href":"https:\/\/api.w.org\/{rel}","templated":true}]}}