{"id":15538,"date":"2022-12-15T15:20:29","date_gmt":"2022-12-15T14:20:29","guid":{"rendered":"https:\/\/cpzizur.educacion.navarra.es\/web1\/?page_id=15538"},"modified":"2023-03-09T10:42:56","modified_gmt":"2023-03-09T09:42:56","slug":"innovamat-en-las-aulas-de-3oep","status":"publish","type":"page","link":"https:\/\/cpzizur.educacion.navarra.es\/web1\/innovamat-en-las-aulas-de-3oep\/","title":{"rendered":"Innovamat en las aulas de 3\u00baEP"},"content":{"rendered":"\n<p>En 3\u00ba estamos trabajando con bloques en base 10 la representaci\u00f3n de n\u00fameros y sumar y restar descomponiendo en unidades, decenas y centenas. A los ni\u00f1os y ni\u00f1as les gusta y aprenden porque es un material manipulativo y muy visual.<\/p>\n\n\n\n<figure class=\"wp-block-gallery has-nested-images columns-default is-cropped\">\n<figure class=\"wp-block-image size-large\"><img loading=\"lazy\" width=\"2560\" height=\"1920\" data-id=\"16614\"  src=\"https:\/\/cpzizur.educacion.navarra.es\/web1\/wp-content\/uploads\/2023\/03\/IMG_3160p1-scaled.jpg\" alt=\"\" class=\"wp-image-16614\" srcset=\"https:\/\/cpzizur.educacion.navarra.es\/web1\/wp-content\/uploads\/2023\/03\/IMG_3160p1-scaled.jpg 2560w, https:\/\/cpzizur.educacion.navarra.es\/web1\/wp-content\/uploads\/2023\/03\/IMG_3160p1-300x225.jpg 300w, https:\/\/cpzizur.educacion.navarra.es\/web1\/wp-content\/uploads\/2023\/03\/IMG_3160p1-1024x768.jpg 1024w, https:\/\/cpzizur.educacion.navarra.es\/web1\/wp-content\/uploads\/2023\/03\/IMG_3160p1-768x576.jpg 768w, https:\/\/cpzizur.educacion.navarra.es\/web1\/wp-content\/uploads\/2023\/03\/IMG_3160p1-1536x1152.jpg 1536w, https:\/\/cpzizur.educacion.navarra.es\/web1\/wp-content\/uploads\/2023\/03\/IMG_3160p1-2048x1536.jpg 2048w\" sizes=\"(max-width: 2560px) 100vw, 2560px\" \/><\/figure>\n\n\n\n<figure class=\"wp-block-image size-large\"><img loading=\"lazy\" width=\"2560\" height=\"1920\" data-id=\"16611\"  src=\"https:\/\/cpzizur.educacion.navarra.es\/web1\/wp-content\/uploads\/2023\/03\/IMG_2550-scaled.jpg\" alt=\"\" class=\"wp-image-16611\" srcset=\"https:\/\/cpzizur.educacion.navarra.es\/web1\/wp-content\/uploads\/2023\/03\/IMG_2550-scaled.jpg 2560w, https:\/\/cpzizur.educacion.navarra.es\/web1\/wp-content\/uploads\/2023\/03\/IMG_2550-300x225.jpg 300w, https:\/\/cpzizur.educacion.navarra.es\/web1\/wp-content\/uploads\/2023\/03\/IMG_2550-1024x768.jpg 1024w, https:\/\/cpzizur.educacion.navarra.es\/web1\/wp-content\/uploads\/2023\/03\/IMG_2550-768x576.jpg 768w, https:\/\/cpzizur.educacion.navarra.es\/web1\/wp-content\/uploads\/2023\/03\/IMG_2550-1536x1152.jpg 1536w, https:\/\/cpzizur.educacion.navarra.es\/web1\/wp-content\/uploads\/2023\/03\/IMG_2550-2048x1536.jpg 2048w\" sizes=\"(max-width: 2560px) 100vw, 2560px\" \/><\/figure>\n\n\n\n<figure class=\"wp-block-image size-large\"><img loading=\"lazy\" width=\"2560\" height=\"1840\" data-id=\"16612\"  src=\"https:\/\/cpzizur.educacion.navarra.es\/web1\/wp-content\/uploads\/2023\/03\/IMG_3153-2-scaled.jpg\" alt=\"\" class=\"wp-image-16612\" srcset=\"https:\/\/cpzizur.educacion.navarra.es\/web1\/wp-content\/uploads\/2023\/03\/IMG_3153-2-scaled.jpg 2560w, https:\/\/cpzizur.educacion.navarra.es\/web1\/wp-content\/uploads\/2023\/03\/IMG_3153-2-300x216.jpg 300w, https:\/\/cpzizur.educacion.navarra.es\/web1\/wp-content\/uploads\/2023\/03\/IMG_3153-2-1024x736.jpg 1024w, https:\/\/cpzizur.educacion.navarra.es\/web1\/wp-content\/uploads\/2023\/03\/IMG_3153-2-768x552.jpg 768w, https:\/\/cpzizur.educacion.navarra.es\/web1\/wp-content\/uploads\/2023\/03\/IMG_3153-2-1536x1104.jpg 1536w, https:\/\/cpzizur.educacion.navarra.es\/web1\/wp-content\/uploads\/2023\/03\/IMG_3153-2-2048x1472.jpg 2048w\" sizes=\"(max-width: 2560px) 100vw, 2560px\" \/><\/figure>\n\n\n\n<figure class=\"wp-block-image size-large\"><img loading=\"lazy\" width=\"2560\" height=\"1920\" data-id=\"16609\"  src=\"https:\/\/cpzizur.educacion.navarra.es\/web1\/wp-content\/uploads\/2023\/03\/IMG_2549-scaled.jpg\" alt=\"\" class=\"wp-image-16609\" srcset=\"https:\/\/cpzizur.educacion.navarra.es\/web1\/wp-content\/uploads\/2023\/03\/IMG_2549-scaled.jpg 2560w, https:\/\/cpzizur.educacion.navarra.es\/web1\/wp-content\/uploads\/2023\/03\/IMG_2549-300x225.jpg 300w, https:\/\/cpzizur.educacion.navarra.es\/web1\/wp-content\/uploads\/2023\/03\/IMG_2549-1024x768.jpg 1024w, https:\/\/cpzizur.educacion.navarra.es\/web1\/wp-content\/uploads\/2023\/03\/IMG_2549-768x576.jpg 768w, https:\/\/cpzizur.educacion.navarra.es\/web1\/wp-content\/uploads\/2023\/03\/IMG_2549-1536x1152.jpg 1536w, https:\/\/cpzizur.educacion.navarra.es\/web1\/wp-content\/uploads\/2023\/03\/IMG_2549-2048x1536.jpg 2048w\" sizes=\"(max-width: 2560px) 100vw, 2560px\" \/><\/figure>\n\n\n\n<figure class=\"wp-block-image size-large\"><img loading=\"lazy\" width=\"2560\" height=\"1920\" data-id=\"16610\"  src=\"https:\/\/cpzizur.educacion.navarra.es\/web1\/wp-content\/uploads\/2023\/03\/IMG_2548-scaled.jpg\" alt=\"\" class=\"wp-image-16610\" srcset=\"https:\/\/cpzizur.educacion.navarra.es\/web1\/wp-content\/uploads\/2023\/03\/IMG_2548-scaled.jpg 2560w, https:\/\/cpzizur.educacion.navarra.es\/web1\/wp-content\/uploads\/2023\/03\/IMG_2548-300x225.jpg 300w, https:\/\/cpzizur.educacion.navarra.es\/web1\/wp-content\/uploads\/2023\/03\/IMG_2548-1024x768.jpg 1024w, https:\/\/cpzizur.educacion.navarra.es\/web1\/wp-content\/uploads\/2023\/03\/IMG_2548-768x576.jpg 768w, https:\/\/cpzizur.educacion.navarra.es\/web1\/wp-content\/uploads\/2023\/03\/IMG_2548-1536x1152.jpg 1536w, https:\/\/cpzizur.educacion.navarra.es\/web1\/wp-content\/uploads\/2023\/03\/IMG_2548-2048x1536.jpg 2048w\" sizes=\"(max-width: 2560px) 100vw, 2560px\" \/><\/figure>\n\n\n\n<figure class=\"wp-block-image size-large\"><img loading=\"lazy\" width=\"591\" height=\"443\" data-id=\"15576\"  src=\"https:\/\/cpzizur.educacion.navarra.es\/web1\/wp-content\/uploads\/2022\/12\/p1-5.jpg\" alt=\"\" class=\"wp-image-15576\" srcset=\"https:\/\/cpzizur.educacion.navarra.es\/web1\/wp-content\/uploads\/2022\/12\/p1-5.jpg 591w, https:\/\/cpzizur.educacion.navarra.es\/web1\/wp-content\/uploads\/2022\/12\/p1-5-300x225.jpg 300w\" sizes=\"(max-width: 591px) 100vw, 591px\" \/><\/figure>\n\n\n\n<figure class=\"wp-block-image size-large\"><img loading=\"lazy\" width=\"591\" height=\"443\" data-id=\"15577\"  src=\"https:\/\/cpzizur.educacion.navarra.es\/web1\/wp-content\/uploads\/2022\/12\/p2-5.jpg\" alt=\"\" class=\"wp-image-15577\" srcset=\"https:\/\/cpzizur.educacion.navarra.es\/web1\/wp-content\/uploads\/2022\/12\/p2-5.jpg 591w, https:\/\/cpzizur.educacion.navarra.es\/web1\/wp-content\/uploads\/2022\/12\/p2-5-300x225.jpg 300w\" sizes=\"(max-width: 591px) 100vw, 591px\" \/><\/figure>\n<\/figure>\n","protected":false},"excerpt":{"rendered":"<p>En 3\u00ba estamos trabajando con bloques en base 10 la representaci\u00f3n de n\u00fameros y sumar y restar descomponiendo en unidades, decenas y centenas. A los ni\u00f1os y ni\u00f1as les gusta y aprenden porque es un material manipulativo y muy visual.<\/p>\n","protected":false},"author":1,"featured_media":0,"parent":0,"menu_order":0,"comment_status":"closed","ping_status":"closed","template":"","meta":{"_genesis_hide_title":false,"_genesis_hide_breadcrumbs":false,"_genesis_hide_singular_image":false,"_genesis_hide_footer_widgets":false,"_genesis_custom_body_class":"","_genesis_custom_post_class":"","_genesis_layout":""},"_links":{"self":[{"href":"https:\/\/cpzizur.educacion.navarra.es\/web1\/wp-json\/wp\/v2\/pages\/15538"}],"collection":[{"href":"https:\/\/cpzizur.educacion.navarra.es\/web1\/wp-json\/wp\/v2\/pages"}],"about":[{"href":"https:\/\/cpzizur.educacion.navarra.es\/web1\/wp-json\/wp\/v2\/types\/page"}],"author":[{"embeddable":true,"href":"https:\/\/cpzizur.educacion.navarra.es\/web1\/wp-json\/wp\/v2\/users\/1"}],"replies":[{"embeddable":true,"href":"https:\/\/cpzizur.educacion.navarra.es\/web1\/wp-json\/wp\/v2\/comments?post=15538"}],"version-history":[{"count":9,"href":"https:\/\/cpzizur.educacion.navarra.es\/web1\/wp-json\/wp\/v2\/pages\/15538\/revisions"}],"predecessor-version":[{"id":16617,"href":"https:\/\/cpzizur.educacion.navarra.es\/web1\/wp-json\/wp\/v2\/pages\/15538\/revisions\/16617"}],"wp:attachment":[{"href":"https:\/\/cpzizur.educacion.navarra.es\/web1\/wp-json\/wp\/v2\/media?parent=15538"}],"curies":[{"name":"wp","href":"https:\/\/api.w.org\/{rel}","templated":true}]}}