{"id":15477,"date":"2022-11-30T14:59:27","date_gmt":"2022-11-30T13:59:27","guid":{"rendered":"https:\/\/cpzizur.educacion.navarra.es\/web1\/?page_id=15477"},"modified":"2023-02-02T14:08:40","modified_gmt":"2023-02-02T13:08:40","slug":"otono-en-3-anos","status":"publish","type":"page","link":"https:\/\/cpzizur.educacion.navarra.es\/web1\/otono-en-3-anos\/","title":{"rendered":"OTO\u00d1O EN 3 A\u00d1OS"},"content":{"rendered":"\n<p>En el mes de noviembre hemos hecho nuestra primera salida. Fuimos a conocer los<br>alrededores del colegio y pudimos ver las caracter\u00edsticas del oto\u00f1o. Aprovechamos para<br>recoger frutos y hojas y con ellos hemos hecho un mont\u00f3n de actividades en los diferentes<br>rincones\u2026<\/p>\n\n\n\n<figure class=\"wp-block-image size-full\"><a href=\"https:\/\/cpzizur.educacion.navarra.es\/web1\/wp-content\/uploads\/2022\/11\/FOTO-3-ANOS-SALIDA.png\" target=\"_blank\" rel=\"noopener\"><img loading=\"lazy\" width=\"387\" height=\"515\" src=\"https:\/\/cpzizur.educacion.navarra.es\/web1\/wp-content\/uploads\/2022\/11\/FOTO-3-ANOS-SALIDA.png\" alt=\"\" class=\"wp-image-15472\" srcset=\"https:\/\/cpzizur.educacion.navarra.es\/web1\/wp-content\/uploads\/2022\/11\/FOTO-3-ANOS-SALIDA.png 387w, https:\/\/cpzizur.educacion.navarra.es\/web1\/wp-content\/uploads\/2022\/11\/FOTO-3-ANOS-SALIDA-225x300.png 225w\" sizes=\"(max-width: 387px) 100vw, 387px\" \/><\/a><\/figure>\n\n\n\n<p>En <strong>castellano <\/strong>hemos trabajado:<br><strong><a href=\"https:\/\/drive.google.com\/drive\/folders\/1Sucx-WXYLu91KlclEnWadc_uqaslN5zT?usp=sharing\">LECTOESCRITURA:<\/a><\/strong> Hacemos nuestras iniciales con casta\u00f1as.<\/p>\n\n\n\n<p><strong><a href=\"https:\/\/drive.google.com\/drive\/folders\/1kR01pHCY66IzQNCcHABSvxtz2vfoht1q?usp=sharing\">L\u00d3GICO-MATEM\u00c1TICAS:<\/a><\/strong> Realizamos series de l\u00f3gica con casta\u00f1as, pi\u00f1as y nueces.<\/p>\n\n\n\n<p><strong><a href=\"https:\/\/drive.google.com\/drive\/folders\/1o-s4EfU5DZvd4jZy0lZTKc3A9KPwNJsH?usp=sharing\">EXPRESI\u00d3N ART\u00cdSTICA:<\/a><\/strong> Hacemos una composici\u00f3n de zorros con las hojas recogidas.<\/p>\n\n\n\n<p>En <strong>ingl\u00e9s <\/strong>hacemos talleres de expresi\u00f3n pl\u00e1stica \u201c<strong><a href=\"https:\/\/drive.google.com\/drive\/folders\/158lqr5tXw3ex5qfmuAXyiZS-p9KsghEh?usp=sharing\">ART<\/a><\/strong>\u201d. Hemos utilizado las hojas<br>recogidas para realizar b\u00fahos y un cuadro con nuestras fotos\u2026<\/p>\n\n\n\n<p><em>*Pinchando en el nombre de cada ambiente se accede a la galer\u00eda fotogr\u00e1fica <\/em><\/p>\n","protected":false},"excerpt":{"rendered":"<p>En el mes de noviembre hemos hecho nuestra primera salida. Fuimos a conocer losalrededores del colegio y pudimos ver las caracter\u00edsticas del oto\u00f1o. Aprovechamos pararecoger frutos y hojas y con ellos hemos hecho un mont\u00f3n de actividades en los diferentesrincones\u2026 En castellano hemos trabajado:LECTOESCRITURA: Hacemos nuestras iniciales con casta\u00f1as. L\u00d3GICO-MATEM\u00c1TICAS: Realizamos series de l\u00f3gica con [&hellip;]<\/p>\n","protected":false},"author":1,"featured_media":0,"parent":0,"menu_order":0,"comment_status":"closed","ping_status":"closed","template":"","meta":{"_genesis_hide_title":false,"_genesis_hide_breadcrumbs":false,"_genesis_hide_singular_image":false,"_genesis_hide_footer_widgets":false,"_genesis_custom_body_class":"","_genesis_custom_post_class":"","_genesis_layout":""},"_links":{"self":[{"href":"https:\/\/cpzizur.educacion.navarra.es\/web1\/wp-json\/wp\/v2\/pages\/15477"}],"collection":[{"href":"https:\/\/cpzizur.educacion.navarra.es\/web1\/wp-json\/wp\/v2\/pages"}],"about":[{"href":"https:\/\/cpzizur.educacion.navarra.es\/web1\/wp-json\/wp\/v2\/types\/page"}],"author":[{"embeddable":true,"href":"https:\/\/cpzizur.educacion.navarra.es\/web1\/wp-json\/wp\/v2\/users\/1"}],"replies":[{"embeddable":true,"href":"https:\/\/cpzizur.educacion.navarra.es\/web1\/wp-json\/wp\/v2\/comments?post=15477"}],"version-history":[{"count":3,"href":"https:\/\/cpzizur.educacion.navarra.es\/web1\/wp-json\/wp\/v2\/pages\/15477\/revisions"}],"predecessor-version":[{"id":15931,"href":"https:\/\/cpzizur.educacion.navarra.es\/web1\/wp-json\/wp\/v2\/pages\/15477\/revisions\/15931"}],"wp:attachment":[{"href":"https:\/\/cpzizur.educacion.navarra.es\/web1\/wp-json\/wp\/v2\/media?parent=15477"}],"curies":[{"name":"wp","href":"https:\/\/api.w.org\/{rel}","templated":true}]}}