{"id":15444,"date":"2022-11-24T15:02:52","date_gmt":"2022-11-24T14:02:52","guid":{"rendered":"https:\/\/cpzizur.educacion.navarra.es\/web1\/?page_id=15444"},"modified":"2023-02-02T14:10:17","modified_gmt":"2023-02-02T13:10:17","slug":"ambiente-de-experimentos","status":"publish","type":"page","link":"https:\/\/cpzizur.educacion.navarra.es\/web1\/ambiente-de-experimentos\/","title":{"rendered":"Ambiente de experimentos"},"content":{"rendered":"\n<p>En este ambiente hemos investigado y trabajado con la flotaci\u00f3n de los objetos, observaci\u00f3n de f\u00f3siles y minerales y las propiedades de los imanes<\/p>\n\n\n\n<figure class=\"wp-block-image size-full\"><a href=\"https:\/\/cpzizur.educacion.navarra.es\/web1\/wp-content\/uploads\/2022\/11\/peq10-rotated.jpg\" target=\"_blank\" rel=\"noopener\"><img loading=\"lazy\" width=\"443\" height=\"591\" src=\"https:\/\/cpzizur.educacion.navarra.es\/web1\/wp-content\/uploads\/2022\/11\/peq10-rotated.jpg\" alt=\"\" class=\"wp-image-15445\" srcset=\"https:\/\/cpzizur.educacion.navarra.es\/web1\/wp-content\/uploads\/2022\/11\/peq10-rotated.jpg 443w, https:\/\/cpzizur.educacion.navarra.es\/web1\/wp-content\/uploads\/2022\/11\/peq10-225x300.jpg 225w\" sizes=\"(max-width: 443px) 100vw, 443px\" \/><\/a><\/figure>\n\n\n\n<figure class=\"wp-block-image size-full\"><a href=\"https:\/\/cpzizur.educacion.navarra.es\/web1\/wp-content\/uploads\/2022\/11\/peq9-rotated.jpg\" target=\"_blank\" rel=\"noopener\"><img loading=\"lazy\" width=\"443\" height=\"591\" src=\"https:\/\/cpzizur.educacion.navarra.es\/web1\/wp-content\/uploads\/2022\/11\/peq9-rotated.jpg\" alt=\"\" class=\"wp-image-15446\" srcset=\"https:\/\/cpzizur.educacion.navarra.es\/web1\/wp-content\/uploads\/2022\/11\/peq9-rotated.jpg 443w, https:\/\/cpzizur.educacion.navarra.es\/web1\/wp-content\/uploads\/2022\/11\/peq9-225x300.jpg 225w\" sizes=\"(max-width: 443px) 100vw, 443px\" \/><\/a><\/figure>\n\n\n\n<figure class=\"wp-block-image size-full\"><a href=\"https:\/\/cpzizur.educacion.navarra.es\/web1\/wp-content\/uploads\/2022\/11\/peq8-rotated.jpg\" target=\"_blank\" rel=\"noopener\"><img loading=\"lazy\" width=\"443\" height=\"591\" src=\"https:\/\/cpzizur.educacion.navarra.es\/web1\/wp-content\/uploads\/2022\/11\/peq8-rotated.jpg\" alt=\"\" class=\"wp-image-15447\" srcset=\"https:\/\/cpzizur.educacion.navarra.es\/web1\/wp-content\/uploads\/2022\/11\/peq8-rotated.jpg 443w, https:\/\/cpzizur.educacion.navarra.es\/web1\/wp-content\/uploads\/2022\/11\/peq8-225x300.jpg 225w\" sizes=\"(max-width: 443px) 100vw, 443px\" \/><\/a><\/figure>\n\n\n\n<figure class=\"wp-block-image size-full\"><a href=\"https:\/\/cpzizur.educacion.navarra.es\/web1\/wp-content\/uploads\/2022\/11\/peq7-rotated.jpg\" target=\"_blank\" rel=\"noopener\"><img loading=\"lazy\" width=\"443\" height=\"591\" src=\"https:\/\/cpzizur.educacion.navarra.es\/web1\/wp-content\/uploads\/2022\/11\/peq7-rotated.jpg\" alt=\"\" class=\"wp-image-15448\" srcset=\"https:\/\/cpzizur.educacion.navarra.es\/web1\/wp-content\/uploads\/2022\/11\/peq7-rotated.jpg 443w, https:\/\/cpzizur.educacion.navarra.es\/web1\/wp-content\/uploads\/2022\/11\/peq7-225x300.jpg 225w\" sizes=\"(max-width: 443px) 100vw, 443px\" \/><\/a><\/figure>\n\n\n\n<figure class=\"wp-block-image size-full\"><a href=\"https:\/\/cpzizur.educacion.navarra.es\/web1\/wp-content\/uploads\/2022\/11\/peq6-1-rotated.jpg\" target=\"_blank\" rel=\"noopener\"><img loading=\"lazy\" width=\"443\" height=\"591\" src=\"https:\/\/cpzizur.educacion.navarra.es\/web1\/wp-content\/uploads\/2022\/11\/peq6-1-rotated.jpg\" alt=\"\" class=\"wp-image-15449\" srcset=\"https:\/\/cpzizur.educacion.navarra.es\/web1\/wp-content\/uploads\/2022\/11\/peq6-1-rotated.jpg 443w, https:\/\/cpzizur.educacion.navarra.es\/web1\/wp-content\/uploads\/2022\/11\/peq6-1-225x300.jpg 225w\" sizes=\"(max-width: 443px) 100vw, 443px\" \/><\/a><\/figure>\n\n\n\n<figure class=\"wp-block-image size-full\"><a href=\"https:\/\/cpzizur.educacion.navarra.es\/web1\/wp-content\/uploads\/2022\/11\/peq5-1-rotated.jpg\" target=\"_blank\" rel=\"noopener\"><img loading=\"lazy\" width=\"443\" height=\"591\" src=\"https:\/\/cpzizur.educacion.navarra.es\/web1\/wp-content\/uploads\/2022\/11\/peq5-1-rotated.jpg\" alt=\"\" class=\"wp-image-15450\" srcset=\"https:\/\/cpzizur.educacion.navarra.es\/web1\/wp-content\/uploads\/2022\/11\/peq5-1-rotated.jpg 443w, https:\/\/cpzizur.educacion.navarra.es\/web1\/wp-content\/uploads\/2022\/11\/peq5-1-225x300.jpg 225w\" sizes=\"(max-width: 443px) 100vw, 443px\" \/><\/a><\/figure>\n\n\n\n<figure class=\"wp-block-image size-large\"><a href=\"https:\/\/cpzizur.educacion.navarra.es\/web1\/wp-content\/uploads\/2022\/11\/peq4-1-rotated.jpg\" target=\"_blank\" rel=\"noopener\"><img loading=\"lazy\" width=\"768\" height=\"1024\" src=\"https:\/\/cpzizur.educacion.navarra.es\/web1\/wp-content\/uploads\/2022\/11\/peq4-1-768x1024.jpg\" alt=\"\" class=\"wp-image-15451\" srcset=\"https:\/\/cpzizur.educacion.navarra.es\/web1\/wp-content\/uploads\/2022\/11\/peq4-1-768x1024.jpg 768w, https:\/\/cpzizur.educacion.navarra.es\/web1\/wp-content\/uploads\/2022\/11\/peq4-1-225x300.jpg 225w, https:\/\/cpzizur.educacion.navarra.es\/web1\/wp-content\/uploads\/2022\/11\/peq4-1-1152x1536.jpg 1152w, https:\/\/cpzizur.educacion.navarra.es\/web1\/wp-content\/uploads\/2022\/11\/peq4-1-rotated.jpg 1254w\" sizes=\"(max-width: 768px) 100vw, 768px\" \/><\/a><\/figure>\n\n\n\n<figure class=\"wp-block-image size-full\"><a href=\"https:\/\/cpzizur.educacion.navarra.es\/web1\/wp-content\/uploads\/2022\/11\/peq3-1-rotated.jpg\" target=\"_blank\" rel=\"noopener\"><img loading=\"lazy\" width=\"443\" height=\"591\" src=\"https:\/\/cpzizur.educacion.navarra.es\/web1\/wp-content\/uploads\/2022\/11\/peq3-1-rotated.jpg\" alt=\"\" class=\"wp-image-15452\" srcset=\"https:\/\/cpzizur.educacion.navarra.es\/web1\/wp-content\/uploads\/2022\/11\/peq3-1-rotated.jpg 443w, https:\/\/cpzizur.educacion.navarra.es\/web1\/wp-content\/uploads\/2022\/11\/peq3-1-225x300.jpg 225w\" sizes=\"(max-width: 443px) 100vw, 443px\" \/><\/a><\/figure>\n\n\n\n<figure class=\"wp-block-image size-full\"><a href=\"https:\/\/cpzizur.educacion.navarra.es\/web1\/wp-content\/uploads\/2022\/11\/peq2-1.jpg\" target=\"_blank\" rel=\"noopener\"><img loading=\"lazy\" width=\"591\" height=\"443\" src=\"https:\/\/cpzizur.educacion.navarra.es\/web1\/wp-content\/uploads\/2022\/11\/peq2-1.jpg\" alt=\"\" class=\"wp-image-15453\" srcset=\"https:\/\/cpzizur.educacion.navarra.es\/web1\/wp-content\/uploads\/2022\/11\/peq2-1.jpg 591w, https:\/\/cpzizur.educacion.navarra.es\/web1\/wp-content\/uploads\/2022\/11\/peq2-1-300x225.jpg 300w\" sizes=\"(max-width: 591px) 100vw, 591px\" \/><\/a><\/figure>\n\n\n\n<figure class=\"wp-block-image size-full\"><a href=\"https:\/\/cpzizur.educacion.navarra.es\/web1\/wp-content\/uploads\/2022\/11\/peq1-1.jpg\" target=\"_blank\" rel=\"noopener\"><img loading=\"lazy\" width=\"591\" height=\"443\" src=\"https:\/\/cpzizur.educacion.navarra.es\/web1\/wp-content\/uploads\/2022\/11\/peq1-1.jpg\" alt=\"\" class=\"wp-image-15454\" srcset=\"https:\/\/cpzizur.educacion.navarra.es\/web1\/wp-content\/uploads\/2022\/11\/peq1-1.jpg 591w, https:\/\/cpzizur.educacion.navarra.es\/web1\/wp-content\/uploads\/2022\/11\/peq1-1-300x225.jpg 300w\" sizes=\"(max-width: 591px) 100vw, 591px\" \/><\/a><\/figure>\n","protected":false},"excerpt":{"rendered":"<p>En este ambiente hemos investigado y trabajado con la flotaci\u00f3n de los objetos, observaci\u00f3n de f\u00f3siles y minerales y las propiedades de los imanes<\/p>\n","protected":false},"author":1,"featured_media":0,"parent":0,"menu_order":0,"comment_status":"closed","ping_status":"closed","template":"","meta":{"_genesis_hide_title":false,"_genesis_hide_breadcrumbs":false,"_genesis_hide_singular_image":false,"_genesis_hide_footer_widgets":false,"_genesis_custom_body_class":"","_genesis_custom_post_class":"","_genesis_layout":""},"_links":{"self":[{"href":"https:\/\/cpzizur.educacion.navarra.es\/web1\/wp-json\/wp\/v2\/pages\/15444"}],"collection":[{"href":"https:\/\/cpzizur.educacion.navarra.es\/web1\/wp-json\/wp\/v2\/pages"}],"about":[{"href":"https:\/\/cpzizur.educacion.navarra.es\/web1\/wp-json\/wp\/v2\/types\/page"}],"author":[{"embeddable":true,"href":"https:\/\/cpzizur.educacion.navarra.es\/web1\/wp-json\/wp\/v2\/users\/1"}],"replies":[{"embeddable":true,"href":"https:\/\/cpzizur.educacion.navarra.es\/web1\/wp-json\/wp\/v2\/comments?post=15444"}],"version-history":[{"count":2,"href":"https:\/\/cpzizur.educacion.navarra.es\/web1\/wp-json\/wp\/v2\/pages\/15444\/revisions"}],"predecessor-version":[{"id":15933,"href":"https:\/\/cpzizur.educacion.navarra.es\/web1\/wp-json\/wp\/v2\/pages\/15444\/revisions\/15933"}],"wp:attachment":[{"href":"https:\/\/cpzizur.educacion.navarra.es\/web1\/wp-json\/wp\/v2\/media?parent=15444"}],"curies":[{"name":"wp","href":"https:\/\/api.w.org\/{rel}","templated":true}]}}