{"id":15296,"date":"2022-11-07T12:24:56","date_gmt":"2022-11-07T11:24:56","guid":{"rendered":"https:\/\/cpzizur.educacion.navarra.es\/web1\/?page_id=15296"},"modified":"2022-11-16T11:23:43","modified_gmt":"2022-11-16T10:23:43","slug":"15296-2","status":"publish","type":"page","link":"https:\/\/cpzizur.educacion.navarra.es\/web1\/15296-2\/","title":{"rendered":"Patio de los sentidos"},"content":{"rendered":"\n<p>Desde el centro hemos querido dar vida al antiguo mini zoo convirti\u00e9ndolo en un espacio que favorezca el ocio y el aprendizaje de nuestros alumnos y alumnas. Por eso el curso pasado elaboramos un proyecto que fue aprobado por el Departamento de Educaci\u00f3n.<\/p>\n\n\n\n<p>Ahora queremos daros a conocer este proyecto y haceros part\u00edcipes a todos del mismo:<\/p>\n\n\n\n<p>C\u00f3mo hab\u00e9is podido ver, las obras de acondicionamiento ya han empezado. Para sacar adelante este proyecto, necesitaremos vuestra ayuda. Pronto desde el centro os comunicaremos como pod\u00e9is colaborar.<\/p>\n\n\n\n<p><\/p>\n\n\n\n<p><strong>1\u00ba ZONA: OLER Y OLER \u00bfQU\u00c9 HUELO?<\/strong><br>En este espacio pondremos plantas arom\u00e1ticas (romero, tomillo, hierbabuena, menta, albahaca, cilantro, perejil, laurel).<\/p>\n\n\n\n<figure class=\"wp-block-image size-full\"><img loading=\"lazy\" width=\"624\" height=\"371\" src=\"https:\/\/cpzizur.educacion.navarra.es\/web1\/wp-content\/uploads\/2022\/11\/1-zona-oler-y-oler-1.png\" alt=\"\" class=\"wp-image-15299\" srcset=\"https:\/\/cpzizur.educacion.navarra.es\/web1\/wp-content\/uploads\/2022\/11\/1-zona-oler-y-oler-1.png 624w, https:\/\/cpzizur.educacion.navarra.es\/web1\/wp-content\/uploads\/2022\/11\/1-zona-oler-y-oler-1-300x178.png 300w\" sizes=\"(max-width: 624px) 100vw, 624px\" \/><\/figure>\n\n\n\n<p><\/p>\n\n\n\n<p><strong>2\u00ba ZONA: UMMMM RICO RICO \u00bfQU\u00c9 ES?<\/strong><br>En este espacio, aprovechando la higuera se plantar\u00e1n en macetas \u00e1rboles frutales para poder degustar (moras, limones, manzanas, melocotones, ciruelas, naranjas &#8230;).<\/p>\n\n\n\n<figure class=\"wp-block-image size-full\"><img loading=\"lazy\" width=\"634\" height=\"399\" src=\"https:\/\/cpzizur.educacion.navarra.es\/web1\/wp-content\/uploads\/2022\/11\/zona-2-1.png\" alt=\"\" class=\"wp-image-15300\" srcset=\"https:\/\/cpzizur.educacion.navarra.es\/web1\/wp-content\/uploads\/2022\/11\/zona-2-1.png 634w, https:\/\/cpzizur.educacion.navarra.es\/web1\/wp-content\/uploads\/2022\/11\/zona-2-1-300x189.png 300w\" sizes=\"(max-width: 634px) 100vw, 634px\" \/><\/figure>\n\n\n\n<p><\/p>\n\n\n\n<p><strong>3\u00ba ZONA: TOCAR Y EXPERIMENTAR \u00bfQU\u00c9 PUEDO CREAR?<\/strong><br>La antigua balsa se llenar\u00e1 con piedras peque\u00f1as de r\u00edo. En esta zona se podr\u00e1 cavar, apilar, transportar, construir etc..<\/p>\n\n\n\n<figure class=\"wp-block-image size-full\"><img loading=\"lazy\" width=\"421\" height=\"643\" src=\"https:\/\/cpzizur.educacion.navarra.es\/web1\/wp-content\/uploads\/2022\/11\/zona-3.png\" alt=\"\" class=\"wp-image-15301\" srcset=\"https:\/\/cpzizur.educacion.navarra.es\/web1\/wp-content\/uploads\/2022\/11\/zona-3.png 421w, https:\/\/cpzizur.educacion.navarra.es\/web1\/wp-content\/uploads\/2022\/11\/zona-3-196x300.png 196w\" sizes=\"(max-width: 421px) 100vw, 421px\" \/><\/figure>\n\n\n\n<p><\/p>\n\n\n\n<p><strong>4\u00ba ZONA: VEO VEO \u00bfQU\u00c9 VES?<\/strong><br>En este espacio las macetas se llenar\u00e1n con flores de colores que dar\u00e1n un bonito juego visual.<\/p>\n\n\n\n<figure class=\"wp-block-image size-full\"><img loading=\"lazy\" width=\"412\" height=\"605\" src=\"https:\/\/cpzizur.educacion.navarra.es\/web1\/wp-content\/uploads\/2022\/11\/zona-4.png\" alt=\"\" class=\"wp-image-15303\" srcset=\"https:\/\/cpzizur.educacion.navarra.es\/web1\/wp-content\/uploads\/2022\/11\/zona-4.png 412w, https:\/\/cpzizur.educacion.navarra.es\/web1\/wp-content\/uploads\/2022\/11\/zona-4-204x300.png 204w\" sizes=\"(max-width: 412px) 100vw, 412px\" \/><\/figure>\n\n\n\n<p><\/p>\n\n\n\n<p><strong>5\u00ba ZONA: SILENCIO SILENCIO \u00bfQU\u00c9 ESCUCHO?<\/strong><br>El interior de la caseta ser\u00e1 decorado con objetos sonoros que elaborar\u00e1 el alumnado del centro.<\/p>\n\n\n\n<figure class=\"wp-block-image size-full\"><img loading=\"lazy\" width=\"442\" height=\"302\" src=\"https:\/\/cpzizur.educacion.navarra.es\/web1\/wp-content\/uploads\/2022\/11\/zona-5-corchos-con-chinchetas.png\" alt=\"\" class=\"wp-image-15304\" srcset=\"https:\/\/cpzizur.educacion.navarra.es\/web1\/wp-content\/uploads\/2022\/11\/zona-5-corchos-con-chinchetas.png 442w, https:\/\/cpzizur.educacion.navarra.es\/web1\/wp-content\/uploads\/2022\/11\/zona-5-corchos-con-chinchetas-300x205.png 300w\" sizes=\"(max-width: 442px) 100vw, 442px\" \/><figcaption>corchos con chinchetas<\/figcaption><\/figure>\n\n\n\n<figure class=\"wp-block-image size-full\"><img loading=\"lazy\" width=\"289\" height=\"458\" src=\"https:\/\/cpzizur.educacion.navarra.es\/web1\/wp-content\/uploads\/2022\/11\/zona-5-campanilla-de-chapas.png\" alt=\"\" class=\"wp-image-15305\" srcset=\"https:\/\/cpzizur.educacion.navarra.es\/web1\/wp-content\/uploads\/2022\/11\/zona-5-campanilla-de-chapas.png 289w, https:\/\/cpzizur.educacion.navarra.es\/web1\/wp-content\/uploads\/2022\/11\/zona-5-campanilla-de-chapas-189x300.png 189w\" sizes=\"(max-width: 289px) 100vw, 289px\" \/><figcaption>campanilla de chapas<\/figcaption><\/figure>\n\n\n\n<figure class=\"wp-block-image size-full\"><img loading=\"lazy\" width=\"238\" height=\"274\" src=\"https:\/\/cpzizur.educacion.navarra.es\/web1\/wp-content\/uploads\/2022\/11\/zona-5-cortina-CDs.png\" alt=\"\" class=\"wp-image-15306\"\/><figcaption>cortina de CDs<\/figcaption><\/figure>\n\n\n\n<figure class=\"wp-block-image size-full\"><img loading=\"lazy\" width=\"319\" height=\"405\" src=\"https:\/\/cpzizur.educacion.navarra.es\/web1\/wp-content\/uploads\/2022\/11\/zona-5-conchas.png\" alt=\"\" class=\"wp-image-15308\" srcset=\"https:\/\/cpzizur.educacion.navarra.es\/web1\/wp-content\/uploads\/2022\/11\/zona-5-conchas.png 319w, https:\/\/cpzizur.educacion.navarra.es\/web1\/wp-content\/uploads\/2022\/11\/zona-5-conchas-236x300.png 236w\" sizes=\"(max-width: 319px) 100vw, 319px\" \/><figcaption>cortina de conchas<\/figcaption><\/figure>\n\n\n\n<figure class=\"wp-block-image size-full\"><img loading=\"lazy\" width=\"214\" height=\"346\" src=\"https:\/\/cpzizur.educacion.navarra.es\/web1\/wp-content\/uploads\/2022\/11\/zona-5-cortina-macarrones.png\" alt=\"\" class=\"wp-image-15309\" srcset=\"https:\/\/cpzizur.educacion.navarra.es\/web1\/wp-content\/uploads\/2022\/11\/zona-5-cortina-macarrones.png 214w, https:\/\/cpzizur.educacion.navarra.es\/web1\/wp-content\/uploads\/2022\/11\/zona-5-cortina-macarrones-186x300.png 186w\" sizes=\"(max-width: 214px) 100vw, 214px\" \/><figcaption>cortina de macarrones<\/figcaption><\/figure>\n\n\n\n<figure class=\"wp-block-image size-full\"><img loading=\"lazy\" width=\"195\" height=\"385\" src=\"https:\/\/cpzizur.educacion.navarra.es\/web1\/wp-content\/uploads\/2022\/11\/zona-5-columpio-rueda.png\" alt=\"\" class=\"wp-image-15310\" srcset=\"https:\/\/cpzizur.educacion.navarra.es\/web1\/wp-content\/uploads\/2022\/11\/zona-5-columpio-rueda.png 195w, https:\/\/cpzizur.educacion.navarra.es\/web1\/wp-content\/uploads\/2022\/11\/zona-5-columpio-rueda-152x300.png 152w\" sizes=\"(max-width: 195px) 100vw, 195px\" \/><figcaption>columpio rueda<\/figcaption><\/figure>\n\n\n\n<figure class=\"wp-block-image size-full\"><img loading=\"lazy\" width=\"464\" height=\"272\" src=\"https:\/\/cpzizur.educacion.navarra.es\/web1\/wp-content\/uploads\/2022\/11\/zona-5-tuberias-y-tambores-2.png\" alt=\"\" class=\"wp-image-15311\" srcset=\"https:\/\/cpzizur.educacion.navarra.es\/web1\/wp-content\/uploads\/2022\/11\/zona-5-tuberias-y-tambores-2.png 464w, https:\/\/cpzizur.educacion.navarra.es\/web1\/wp-content\/uploads\/2022\/11\/zona-5-tuberias-y-tambores-2-300x176.png 300w\" sizes=\"(max-width: 464px) 100vw, 464px\" \/><figcaption>tuber\u00edas y tambores<\/figcaption><\/figure>\n\n\n\n<figure class=\"wp-block-image size-full\"><img loading=\"lazy\" width=\"144\" height=\"264\" src=\"https:\/\/cpzizur.educacion.navarra.es\/web1\/wp-content\/uploads\/2022\/11\/zona-5-tuberias-y-tambores.png\" alt=\"\" class=\"wp-image-15312\"\/><figcaption>tuber\u00edas y tambores<\/figcaption><\/figure>\n\n\n\n<figure class=\"wp-block-image size-full\"><img loading=\"lazy\" width=\"488\" height=\"297\" src=\"https:\/\/cpzizur.educacion.navarra.es\/web1\/wp-content\/uploads\/2022\/11\/zona-5-decoracion-de-aula-con-espejos-de-diferentes-tamanos.png\" alt=\"\" class=\"wp-image-15313\" srcset=\"https:\/\/cpzizur.educacion.navarra.es\/web1\/wp-content\/uploads\/2022\/11\/zona-5-decoracion-de-aula-con-espejos-de-diferentes-tamanos.png 488w, https:\/\/cpzizur.educacion.navarra.es\/web1\/wp-content\/uploads\/2022\/11\/zona-5-decoracion-de-aula-con-espejos-de-diferentes-tamanos-300x183.png 300w\" sizes=\"(max-width: 488px) 100vw, 488px\" \/><figcaption>decoraci\u00f3n de aula con espejos de diferentes tama\u00f1os<\/figcaption><\/figure>\n\n\n\n<figure class=\"wp-block-image size-full\"><img loading=\"lazy\" width=\"841\" height=\"519\" src=\"https:\/\/cpzizur.educacion.navarra.es\/web1\/wp-content\/uploads\/2022\/11\/zona-5.png\" alt=\"\" class=\"wp-image-15314\" srcset=\"https:\/\/cpzizur.educacion.navarra.es\/web1\/wp-content\/uploads\/2022\/11\/zona-5.png 841w, https:\/\/cpzizur.educacion.navarra.es\/web1\/wp-content\/uploads\/2022\/11\/zona-5-300x185.png 300w, https:\/\/cpzizur.educacion.navarra.es\/web1\/wp-content\/uploads\/2022\/11\/zona-5-768x474.png 768w\" sizes=\"(max-width: 841px) 100vw, 841px\" \/><\/figure>\n","protected":false},"excerpt":{"rendered":"<p>Desde el centro hemos querido dar vida al antiguo mini zoo convirti\u00e9ndolo en un espacio que favorezca el ocio y el aprendizaje de nuestros alumnos y alumnas. Por eso el curso pasado elaboramos un proyecto que fue aprobado por el Departamento de Educaci\u00f3n. Ahora queremos daros a conocer este proyecto y haceros part\u00edcipes a todos [&hellip;]<\/p>\n","protected":false},"author":1,"featured_media":0,"parent":0,"menu_order":0,"comment_status":"closed","ping_status":"closed","template":"","meta":{"_genesis_hide_title":false,"_genesis_hide_breadcrumbs":false,"_genesis_hide_singular_image":false,"_genesis_hide_footer_widgets":false,"_genesis_custom_body_class":"","_genesis_custom_post_class":"","_genesis_layout":""},"_links":{"self":[{"href":"https:\/\/cpzizur.educacion.navarra.es\/web1\/wp-json\/wp\/v2\/pages\/15296"}],"collection":[{"href":"https:\/\/cpzizur.educacion.navarra.es\/web1\/wp-json\/wp\/v2\/pages"}],"about":[{"href":"https:\/\/cpzizur.educacion.navarra.es\/web1\/wp-json\/wp\/v2\/types\/page"}],"author":[{"embeddable":true,"href":"https:\/\/cpzizur.educacion.navarra.es\/web1\/wp-json\/wp\/v2\/users\/1"}],"replies":[{"embeddable":true,"href":"https:\/\/cpzizur.educacion.navarra.es\/web1\/wp-json\/wp\/v2\/comments?post=15296"}],"version-history":[{"count":6,"href":"https:\/\/cpzizur.educacion.navarra.es\/web1\/wp-json\/wp\/v2\/pages\/15296\/revisions"}],"predecessor-version":[{"id":15418,"href":"https:\/\/cpzizur.educacion.navarra.es\/web1\/wp-json\/wp\/v2\/pages\/15296\/revisions\/15418"}],"wp:attachment":[{"href":"https:\/\/cpzizur.educacion.navarra.es\/web1\/wp-json\/wp\/v2\/media?parent=15296"}],"curies":[{"name":"wp","href":"https:\/\/api.w.org\/{rel}","templated":true}]}}