{"id":13843,"date":"2022-01-25T12:37:20","date_gmt":"2022-01-25T11:37:20","guid":{"rendered":"https:\/\/cpzizur.educacion.navarra.es\/web1\/?page_id=13843"},"modified":"2022-05-23T09:16:34","modified_gmt":"2022-05-23T07:16:34","slug":"fotos-4o-ed-primaria-2021-2022","status":"publish","type":"page","link":"https:\/\/cpzizur.educacion.navarra.es\/web1\/fotos-4o-ed-primaria-2021-2022\/","title":{"rendered":"Fotos \u2013 4\u00ba Ed. Primaria 2021-2022"},"content":{"rendered":"\n<p><a href=\"https:\/\/cpzizur.educacion.navarra.es\/web1\/4o-e-p-25-noviembre-dia-internacional-de-la-eliminacion-de-la-violencia-contra-la-mujer\/\">25 Noviembre: D\u00eda Internacional de la Eliminaci\u00f3n de la Violencia contra la Mujer<\/a><\/p>\n\n\n\n<p><a href=\"https:\/\/cpzizur.educacion.navarra.es\/web1\/4o-e-p-carnaval-2022\/\">Carnaval 2022<\/a><\/p>\n\n\n\n<p><a href=\"https:\/\/cpzizur.educacion.navarra.es\/web1\/international-womens-day\/\">International Women&#8217;s Day<\/a><\/p>\n\n\n\n<p><a href=\"https:\/\/cpzizur.educacion.navarra.es\/web1\/visita-autor-alfredo-gomez-cerda\/\">Visita autor Alfredo G\u00f3mez Cerd\u00e1<\/a><\/p>\n","protected":false},"excerpt":{"rendered":"<p>25 Noviembre: D\u00eda Internacional de la Eliminaci\u00f3n de la Violencia contra la Mujer Carnaval 2022 International Women&#8217;s Day Visita autor Alfredo G\u00f3mez Cerd\u00e1<\/p>\n","protected":false},"author":1,"featured_media":0,"parent":0,"menu_order":0,"comment_status":"closed","ping_status":"closed","template":"","meta":{"_genesis_hide_title":false,"_genesis_hide_breadcrumbs":false,"_genesis_hide_singular_image":false,"_genesis_hide_footer_widgets":false,"_genesis_custom_body_class":"","_genesis_custom_post_class":"","_genesis_layout":""},"_links":{"self":[{"href":"https:\/\/cpzizur.educacion.navarra.es\/web1\/wp-json\/wp\/v2\/pages\/13843"}],"collection":[{"href":"https:\/\/cpzizur.educacion.navarra.es\/web1\/wp-json\/wp\/v2\/pages"}],"about":[{"href":"https:\/\/cpzizur.educacion.navarra.es\/web1\/wp-json\/wp\/v2\/types\/page"}],"author":[{"embeddable":true,"href":"https:\/\/cpzizur.educacion.navarra.es\/web1\/wp-json\/wp\/v2\/users\/1"}],"replies":[{"embeddable":true,"href":"https:\/\/cpzizur.educacion.navarra.es\/web1\/wp-json\/wp\/v2\/comments?post=13843"}],"version-history":[{"count":6,"href":"https:\/\/cpzizur.educacion.navarra.es\/web1\/wp-json\/wp\/v2\/pages\/13843\/revisions"}],"predecessor-version":[{"id":15086,"href":"https:\/\/cpzizur.educacion.navarra.es\/web1\/wp-json\/wp\/v2\/pages\/13843\/revisions\/15086"}],"wp:attachment":[{"href":"https:\/\/cpzizur.educacion.navarra.es\/web1\/wp-json\/wp\/v2\/media?parent=13843"}],"curies":[{"name":"wp","href":"https:\/\/api.w.org\/{rel}","templated":true}]}}