{"id":13583,"date":"2021-11-11T19:09:14","date_gmt":"2021-11-11T18:09:14","guid":{"rendered":"https:\/\/cpzizur.educacion.navarra.es\/web1\/?page_id=13583"},"modified":"2021-11-11T19:24:09","modified_gmt":"2021-11-11T18:24:09","slug":"6o-e-p-tecnicas-de-cohesion-de-grupo-la-diana","status":"publish","type":"page","link":"https:\/\/cpzizur.educacion.navarra.es\/web1\/6o-e-p-tecnicas-de-cohesion-de-grupo-la-diana\/","title":{"rendered":"6\u00ba E.P. | T\u00e9cnicas de cohesi\u00f3n de grupo: La diana"},"content":{"rendered":"\n<p>Los alumnos est\u00e1n ya en <strong>nuevos grupos base<\/strong>. Esta din\u00e1mica, denominada <strong>\u00abla diana<\/strong>\u00ab, se utiliza en algunas de las primeras sesiones de trabajo en el grupo para explicarles <strong>c\u00f3mo son y conocerse mejor<\/strong>.<\/p>\n\n\n\n<p>En una cartulina grande se dibuja una serie de c\u00edrculos conc\u00e9ntricos, tantos como aspectos de su vida personal y manera de ser han de poner en com\u00fan. En este caso, se le pidi\u00f3 expresar cuatro caracter\u00edsticas personales:<\/p>\n\n\n\n<ol><li>Su color favorito.<\/li><li>Una cualidad que les defina.<\/li><li>Dos aficiones.<\/li><li>Su asignatura preferida.<\/li><\/ol>\n\n\n\n<p>Cada alumno\/a trabaja, de manera individual, en un cuarto de esa diana. Una vez terminan, juntan los cuatro cuartos para observar y analizar sus resultados, a nivel grupal. Finalmente, han de ponerse de acuerdo sobre los aspectos que tienen en com\u00fan, para a partir de aqu\u00ed <strong>buscar un nombre que identifique a su equipo y dise\u00f1ar un logotipo<\/strong> que les represente.<\/p>\n\n\n\n<p>Se persigue reforzar<strong> la identidad de grupo<\/strong> as\u00ed como buscar aquellos <strong>aspectos en com\u00fan<\/strong> que tienen entre ellos pero quiz\u00e1s desconociesen hasta el momento.<\/p>\n\n\n\n<figure class=\"wp-block-gallery columns-5 is-cropped\"><ul class=\"blocks-gallery-grid\"><li class=\"blocks-gallery-item\"><figure><a href=\"https:\/\/cpzizur.educacion.navarra.es\/web1\/wp-content\/uploads\/2021\/11\/IMG_20211110_134525.jpg\"><img loading=\"lazy\" width=\"1024\" height=\"768\" src=\"https:\/\/cpzizur.educacion.navarra.es\/web1\/wp-content\/uploads\/2021\/11\/IMG_20211110_134525-1024x768.jpg\" alt=\"\" data-id=\"13584\" data-full-url=\"https:\/\/cpzizur.educacion.navarra.es\/web1\/wp-content\/uploads\/2021\/11\/IMG_20211110_134525.jpg\" data-link=\"https:\/\/cpzizur.educacion.navarra.es\/web1\/?attachment_id=13584\" class=\"wp-image-13584\" srcset=\"https:\/\/cpzizur.educacion.navarra.es\/web1\/wp-content\/uploads\/2021\/11\/IMG_20211110_134525-1024x768.jpg 1024w, https:\/\/cpzizur.educacion.navarra.es\/web1\/wp-content\/uploads\/2021\/11\/IMG_20211110_134525-300x225.jpg 300w, https:\/\/cpzizur.educacion.navarra.es\/web1\/wp-content\/uploads\/2021\/11\/IMG_20211110_134525-768x576.jpg 768w, https:\/\/cpzizur.educacion.navarra.es\/web1\/wp-content\/uploads\/2021\/11\/IMG_20211110_134525-1536x1152.jpg 1536w, https:\/\/cpzizur.educacion.navarra.es\/web1\/wp-content\/uploads\/2021\/11\/IMG_20211110_134525.jpg 1600w\" sizes=\"(max-width: 1024px) 100vw, 1024px\" \/><\/a><\/figure><\/li><li class=\"blocks-gallery-item\"><figure><a href=\"https:\/\/cpzizur.educacion.navarra.es\/web1\/wp-content\/uploads\/2021\/11\/IMG_20211110_134528.jpg\"><img loading=\"lazy\" width=\"1024\" height=\"768\" src=\"https:\/\/cpzizur.educacion.navarra.es\/web1\/wp-content\/uploads\/2021\/11\/IMG_20211110_134528-1024x768.jpg\" alt=\"\" data-id=\"13585\" data-full-url=\"https:\/\/cpzizur.educacion.navarra.es\/web1\/wp-content\/uploads\/2021\/11\/IMG_20211110_134528.jpg\" data-link=\"https:\/\/cpzizur.educacion.navarra.es\/web1\/?attachment_id=13585\" class=\"wp-image-13585\" srcset=\"https:\/\/cpzizur.educacion.navarra.es\/web1\/wp-content\/uploads\/2021\/11\/IMG_20211110_134528-1024x768.jpg 1024w, https:\/\/cpzizur.educacion.navarra.es\/web1\/wp-content\/uploads\/2021\/11\/IMG_20211110_134528-300x225.jpg 300w, https:\/\/cpzizur.educacion.navarra.es\/web1\/wp-content\/uploads\/2021\/11\/IMG_20211110_134528-768x576.jpg 768w, https:\/\/cpzizur.educacion.navarra.es\/web1\/wp-content\/uploads\/2021\/11\/IMG_20211110_134528-1536x1152.jpg 1536w, https:\/\/cpzizur.educacion.navarra.es\/web1\/wp-content\/uploads\/2021\/11\/IMG_20211110_134528.jpg 1600w\" sizes=\"(max-width: 1024px) 100vw, 1024px\" \/><\/a><\/figure><\/li><li class=\"blocks-gallery-item\"><figure><a href=\"https:\/\/cpzizur.educacion.navarra.es\/web1\/wp-content\/uploads\/2021\/11\/IMG_20211110_134600.jpg\"><img loading=\"lazy\" width=\"1024\" height=\"768\" src=\"https:\/\/cpzizur.educacion.navarra.es\/web1\/wp-content\/uploads\/2021\/11\/IMG_20211110_134600-1024x768.jpg\" alt=\"\" data-id=\"13587\" data-full-url=\"https:\/\/cpzizur.educacion.navarra.es\/web1\/wp-content\/uploads\/2021\/11\/IMG_20211110_134600.jpg\" data-link=\"https:\/\/cpzizur.educacion.navarra.es\/web1\/?attachment_id=13587\" class=\"wp-image-13587\" srcset=\"https:\/\/cpzizur.educacion.navarra.es\/web1\/wp-content\/uploads\/2021\/11\/IMG_20211110_134600-1024x768.jpg 1024w, https:\/\/cpzizur.educacion.navarra.es\/web1\/wp-content\/uploads\/2021\/11\/IMG_20211110_134600-300x225.jpg 300w, https:\/\/cpzizur.educacion.navarra.es\/web1\/wp-content\/uploads\/2021\/11\/IMG_20211110_134600-768x576.jpg 768w, https:\/\/cpzizur.educacion.navarra.es\/web1\/wp-content\/uploads\/2021\/11\/IMG_20211110_134600-1536x1152.jpg 1536w, https:\/\/cpzizur.educacion.navarra.es\/web1\/wp-content\/uploads\/2021\/11\/IMG_20211110_134600.jpg 1600w\" sizes=\"(max-width: 1024px) 100vw, 1024px\" \/><\/a><\/figure><\/li><li class=\"blocks-gallery-item\"><figure><a href=\"https:\/\/cpzizur.educacion.navarra.es\/web1\/wp-content\/uploads\/2021\/11\/IMG_20211110_134628.jpg\"><img loading=\"lazy\" width=\"1024\" height=\"768\" src=\"https:\/\/cpzizur.educacion.navarra.es\/web1\/wp-content\/uploads\/2021\/11\/IMG_20211110_134628-1024x768.jpg\" alt=\"\" data-id=\"13588\" data-full-url=\"https:\/\/cpzizur.educacion.navarra.es\/web1\/wp-content\/uploads\/2021\/11\/IMG_20211110_134628.jpg\" data-link=\"https:\/\/cpzizur.educacion.navarra.es\/web1\/?attachment_id=13588\" class=\"wp-image-13588\" srcset=\"https:\/\/cpzizur.educacion.navarra.es\/web1\/wp-content\/uploads\/2021\/11\/IMG_20211110_134628-1024x768.jpg 1024w, https:\/\/cpzizur.educacion.navarra.es\/web1\/wp-content\/uploads\/2021\/11\/IMG_20211110_134628-300x225.jpg 300w, https:\/\/cpzizur.educacion.navarra.es\/web1\/wp-content\/uploads\/2021\/11\/IMG_20211110_134628-768x576.jpg 768w, https:\/\/cpzizur.educacion.navarra.es\/web1\/wp-content\/uploads\/2021\/11\/IMG_20211110_134628-1536x1152.jpg 1536w, https:\/\/cpzizur.educacion.navarra.es\/web1\/wp-content\/uploads\/2021\/11\/IMG_20211110_134628.jpg 1600w\" sizes=\"(max-width: 1024px) 100vw, 1024px\" \/><\/a><\/figure><\/li><li class=\"blocks-gallery-item\"><figure><a href=\"https:\/\/cpzizur.educacion.navarra.es\/web1\/wp-content\/uploads\/2021\/11\/IMG_20211110_135725.jpg\"><img loading=\"lazy\" width=\"1024\" height=\"768\" src=\"https:\/\/cpzizur.educacion.navarra.es\/web1\/wp-content\/uploads\/2021\/11\/IMG_20211110_135725-1024x768.jpg\" alt=\"\" data-id=\"13589\" data-full-url=\"https:\/\/cpzizur.educacion.navarra.es\/web1\/wp-content\/uploads\/2021\/11\/IMG_20211110_135725.jpg\" data-link=\"https:\/\/cpzizur.educacion.navarra.es\/web1\/?attachment_id=13589\" class=\"wp-image-13589\" srcset=\"https:\/\/cpzizur.educacion.navarra.es\/web1\/wp-content\/uploads\/2021\/11\/IMG_20211110_135725-1024x768.jpg 1024w, https:\/\/cpzizur.educacion.navarra.es\/web1\/wp-content\/uploads\/2021\/11\/IMG_20211110_135725-300x225.jpg 300w, https:\/\/cpzizur.educacion.navarra.es\/web1\/wp-content\/uploads\/2021\/11\/IMG_20211110_135725-768x576.jpg 768w, https:\/\/cpzizur.educacion.navarra.es\/web1\/wp-content\/uploads\/2021\/11\/IMG_20211110_135725-1536x1152.jpg 1536w, https:\/\/cpzizur.educacion.navarra.es\/web1\/wp-content\/uploads\/2021\/11\/IMG_20211110_135725.jpg 1600w\" sizes=\"(max-width: 1024px) 100vw, 1024px\" \/><\/a><\/figure><\/li><li class=\"blocks-gallery-item\"><figure><a href=\"https:\/\/cpzizur.educacion.navarra.es\/web1\/wp-content\/uploads\/2021\/11\/IMG_20211110_135733.jpg\"><img loading=\"lazy\" width=\"1024\" height=\"768\" src=\"https:\/\/cpzizur.educacion.navarra.es\/web1\/wp-content\/uploads\/2021\/11\/IMG_20211110_135733-1024x768.jpg\" alt=\"\" data-id=\"13590\" data-full-url=\"https:\/\/cpzizur.educacion.navarra.es\/web1\/wp-content\/uploads\/2021\/11\/IMG_20211110_135733.jpg\" data-link=\"https:\/\/cpzizur.educacion.navarra.es\/web1\/?attachment_id=13590\" class=\"wp-image-13590\" srcset=\"https:\/\/cpzizur.educacion.navarra.es\/web1\/wp-content\/uploads\/2021\/11\/IMG_20211110_135733-1024x768.jpg 1024w, https:\/\/cpzizur.educacion.navarra.es\/web1\/wp-content\/uploads\/2021\/11\/IMG_20211110_135733-300x225.jpg 300w, https:\/\/cpzizur.educacion.navarra.es\/web1\/wp-content\/uploads\/2021\/11\/IMG_20211110_135733-768x576.jpg 768w, https:\/\/cpzizur.educacion.navarra.es\/web1\/wp-content\/uploads\/2021\/11\/IMG_20211110_135733-1536x1152.jpg 1536w, https:\/\/cpzizur.educacion.navarra.es\/web1\/wp-content\/uploads\/2021\/11\/IMG_20211110_135733.jpg 1600w\" sizes=\"(max-width: 1024px) 100vw, 1024px\" \/><\/a><\/figure><\/li><li class=\"blocks-gallery-item\"><figure><a href=\"https:\/\/cpzizur.educacion.navarra.es\/web1\/wp-content\/uploads\/2021\/11\/IMG_20211110_135743.jpg\"><img loading=\"lazy\" width=\"1024\" height=\"768\" src=\"https:\/\/cpzizur.educacion.navarra.es\/web1\/wp-content\/uploads\/2021\/11\/IMG_20211110_135743-1024x768.jpg\" alt=\"\" data-id=\"13591\" data-full-url=\"https:\/\/cpzizur.educacion.navarra.es\/web1\/wp-content\/uploads\/2021\/11\/IMG_20211110_135743.jpg\" data-link=\"https:\/\/cpzizur.educacion.navarra.es\/web1\/?attachment_id=13591\" class=\"wp-image-13591\" srcset=\"https:\/\/cpzizur.educacion.navarra.es\/web1\/wp-content\/uploads\/2021\/11\/IMG_20211110_135743-1024x768.jpg 1024w, https:\/\/cpzizur.educacion.navarra.es\/web1\/wp-content\/uploads\/2021\/11\/IMG_20211110_135743-300x225.jpg 300w, https:\/\/cpzizur.educacion.navarra.es\/web1\/wp-content\/uploads\/2021\/11\/IMG_20211110_135743-768x576.jpg 768w, https:\/\/cpzizur.educacion.navarra.es\/web1\/wp-content\/uploads\/2021\/11\/IMG_20211110_135743-1536x1152.jpg 1536w, https:\/\/cpzizur.educacion.navarra.es\/web1\/wp-content\/uploads\/2021\/11\/IMG_20211110_135743.jpg 1600w\" sizes=\"(max-width: 1024px) 100vw, 1024px\" \/><\/a><\/figure><\/li><li class=\"blocks-gallery-item\"><figure><a href=\"https:\/\/cpzizur.educacion.navarra.es\/web1\/wp-content\/uploads\/2021\/11\/IMG_20211111_085603.jpg\"><img loading=\"lazy\" width=\"768\" height=\"1024\" src=\"https:\/\/cpzizur.educacion.navarra.es\/web1\/wp-content\/uploads\/2021\/11\/IMG_20211111_085603-768x1024.jpg\" alt=\"\" data-id=\"13592\" data-full-url=\"https:\/\/cpzizur.educacion.navarra.es\/web1\/wp-content\/uploads\/2021\/11\/IMG_20211111_085603.jpg\" data-link=\"https:\/\/cpzizur.educacion.navarra.es\/web1\/?attachment_id=13592\" class=\"wp-image-13592\" srcset=\"https:\/\/cpzizur.educacion.navarra.es\/web1\/wp-content\/uploads\/2021\/11\/IMG_20211111_085603-768x1024.jpg 768w, https:\/\/cpzizur.educacion.navarra.es\/web1\/wp-content\/uploads\/2021\/11\/IMG_20211111_085603-225x300.jpg 225w, https:\/\/cpzizur.educacion.navarra.es\/web1\/wp-content\/uploads\/2021\/11\/IMG_20211111_085603-1152x1536.jpg 1152w, https:\/\/cpzizur.educacion.navarra.es\/web1\/wp-content\/uploads\/2021\/11\/IMG_20211111_085603.jpg 1200w\" sizes=\"(max-width: 768px) 100vw, 768px\" \/><\/a><\/figure><\/li><li class=\"blocks-gallery-item\"><figure><a href=\"https:\/\/cpzizur.educacion.navarra.es\/web1\/wp-content\/uploads\/2021\/11\/IMG_20211111_085618.jpg\"><img loading=\"lazy\" width=\"768\" height=\"1024\" src=\"https:\/\/cpzizur.educacion.navarra.es\/web1\/wp-content\/uploads\/2021\/11\/IMG_20211111_085618-768x1024.jpg\" alt=\"\" data-id=\"13593\" data-full-url=\"https:\/\/cpzizur.educacion.navarra.es\/web1\/wp-content\/uploads\/2021\/11\/IMG_20211111_085618.jpg\" data-link=\"https:\/\/cpzizur.educacion.navarra.es\/web1\/?attachment_id=13593\" class=\"wp-image-13593\" srcset=\"https:\/\/cpzizur.educacion.navarra.es\/web1\/wp-content\/uploads\/2021\/11\/IMG_20211111_085618-768x1024.jpg 768w, https:\/\/cpzizur.educacion.navarra.es\/web1\/wp-content\/uploads\/2021\/11\/IMG_20211111_085618-225x300.jpg 225w, https:\/\/cpzizur.educacion.navarra.es\/web1\/wp-content\/uploads\/2021\/11\/IMG_20211111_085618-1152x1536.jpg 1152w, https:\/\/cpzizur.educacion.navarra.es\/web1\/wp-content\/uploads\/2021\/11\/IMG_20211111_085618.jpg 1200w\" sizes=\"(max-width: 768px) 100vw, 768px\" \/><\/a><\/figure><\/li><\/ul><\/figure>\n","protected":false},"excerpt":{"rendered":"<p>Los alumnos est\u00e1n ya en nuevos grupos base. Esta din\u00e1mica, denominada \u00abla diana\u00ab, se utiliza en algunas de las primeras sesiones de trabajo en el grupo para explicarles c\u00f3mo son y conocerse mejor. En una cartulina grande se dibuja una serie de c\u00edrculos conc\u00e9ntricos, tantos como aspectos de su vida personal y manera de ser [&hellip;]<\/p>\n","protected":false},"author":1,"featured_media":0,"parent":0,"menu_order":0,"comment_status":"closed","ping_status":"closed","template":"","meta":{"_genesis_hide_title":false,"_genesis_hide_breadcrumbs":false,"_genesis_hide_singular_image":false,"_genesis_hide_footer_widgets":false,"_genesis_custom_body_class":"","_genesis_custom_post_class":"","_genesis_layout":""},"_links":{"self":[{"href":"https:\/\/cpzizur.educacion.navarra.es\/web1\/wp-json\/wp\/v2\/pages\/13583"}],"collection":[{"href":"https:\/\/cpzizur.educacion.navarra.es\/web1\/wp-json\/wp\/v2\/pages"}],"about":[{"href":"https:\/\/cpzizur.educacion.navarra.es\/web1\/wp-json\/wp\/v2\/types\/page"}],"author":[{"embeddable":true,"href":"https:\/\/cpzizur.educacion.navarra.es\/web1\/wp-json\/wp\/v2\/users\/1"}],"replies":[{"embeddable":true,"href":"https:\/\/cpzizur.educacion.navarra.es\/web1\/wp-json\/wp\/v2\/comments?post=13583"}],"version-history":[{"count":8,"href":"https:\/\/cpzizur.educacion.navarra.es\/web1\/wp-json\/wp\/v2\/pages\/13583\/revisions"}],"predecessor-version":[{"id":13606,"href":"https:\/\/cpzizur.educacion.navarra.es\/web1\/wp-json\/wp\/v2\/pages\/13583\/revisions\/13606"}],"wp:attachment":[{"href":"https:\/\/cpzizur.educacion.navarra.es\/web1\/wp-json\/wp\/v2\/media?parent=13583"}],"curies":[{"name":"wp","href":"https:\/\/api.w.org\/{rel}","templated":true}]}}