{"id":13262,"date":"2021-11-02T11:20:46","date_gmt":"2021-11-02T10:20:46","guid":{"rendered":"https:\/\/cpzizur.educacion.navarra.es\/web1\/?page_id=13262"},"modified":"2022-05-11T09:39:51","modified_gmt":"2022-05-11T07:39:51","slug":"fotos-6o-ed-primaria-2","status":"publish","type":"page","link":"https:\/\/cpzizur.educacion.navarra.es\/web1\/fotos-6o-ed-primaria-2\/","title":{"rendered":"Fotos \u2013 6\u00ba Ed. Primaria"},"content":{"rendered":"\n<p><a href=\"https:\/\/cpzizur.educacion.navarra.es\/web1\/6o-e-p-goyas-darkness\/\">Art activity: Goya&#8217;s Darkness<\/a><\/p>\n\n\n\n<p><a href=\"https:\/\/cpzizur.educacion.navarra.es\/web1\/6o-e-p-huerto-escolar\/\">Huerto escolar<\/a><\/p>\n\n\n\n<p><a href=\"https:\/\/cpzizur.educacion.navarra.es\/web1\/6o-e-p-innovamat-jugando-y-trabajando-con-la-geometria\/\">Innovamat: La geometr\u00eda es un juego de ni\u00f1@s<\/a><\/p>\n\n\n\n<p><a href=\"https:\/\/cpzizur.educacion.navarra.es\/web1\/6o-e-p-tecnicas-de-cohesion-de-grupo-la-diana\/\">T\u00e9cnicas de cohesi\u00f3n grupal: La diana<\/a><\/p>\n\n\n\n<p><a href=\"https:\/\/cpzizur.educacion.navarra.es\/web1\/6o-e-p-representacion-teatral-yo-quiero-ser-cientifica\/\">Representaci\u00f3n teatral: \u00abYo quiero ser cient\u00edfica.\u00bb<\/a><\/p>\n\n\n\n<p><a href=\"https:\/\/cpzizur.educacion.navarra.es\/web1\/6o-e-p-acto-de-presentacion-cuento-cadena-derechos-humanos\/\">Acto de presentaci\u00f3n proyecto \u00abCuento-Cadena\u00bb<\/a><\/p>\n\n\n\n<p><a href=\"https:\/\/cpzizur.educacion.navarra.es\/web1\/natural-science-experiments-mision-alba\/\">Natural Science Experiments: \u00abMisi\u00f3n ALBA\u00bb<\/a><\/p>\n\n\n\n<p><a href=\"https:\/\/cpzizur.educacion.navarra.es\/web1\/6o-e-p-dia-de-la-paz\/\">D\u00eda de la Paz<\/a><\/p>\n\n\n\n<p><a href=\"https:\/\/cpzizur.educacion.navarra.es\/web1\/6o-e-p-corners\/\">Corners<\/a><\/p>\n\n\n\n<p><a href=\"https:\/\/cpzizur.educacion.navarra.es\/web1\/6o-e-p-arts-abstract-christmas-postcard-sonia-robert-delaunay\/\">Art activity: Abstract Christmas Card. Sonia and Robert Delaunay<\/a><\/p>\n\n\n\n<p><a href=\"https:\/\/cpzizur.educacion.navarra.es\/web1\/6o-e-p-visita-a-traperos-de-emaus-un-tesoro-en-mi-basura\/\">Visita a Traperos de Ema\u00fas: \u00abUn tesoro en mi basura.\u00bb<\/a><\/p>\n\n\n\n<p><a href=\"https:\/\/cpzizur.educacion.navarra.es\/web1\/6o-e-p-piet-mondrian-neoplasticism-primary-colours-parellel-and-perpendicular-lines\/\">Art activity: Piet Mondrian | Neo-plasticism.<\/a><\/p>\n\n\n\n<p><a href=\"https:\/\/cpzizur.educacion.navarra.es\/web1\/6o-e-p-carnaval-2022\/\">Carnaval 2022<\/a><\/p>\n\n\n\n<p><a href=\"https:\/\/cpzizur.educacion.navarra.es\/web1\/ganadores-x-concurso-de-dibujo-para-la-divulgacion-y-sensibilizacion-sobre-el-autismo\/\">Ganadores X concurso de dibujo para la divulgaci\u00f3n y sensibilizaci\u00f3n sobre el autismo<\/a><\/p>\n\n\n\n<p><a href=\"https:\/\/cpzizur.educacion.navarra.es\/web1\/6o-e-p-irrisarri-land\/\">Irrisarri Land<\/a><\/p>\n\n\n\n<p><a href=\"https:\/\/cpzizur.educacion.navarra.es\/web1\/6o-e-p-proyecto-educacion-artistica\/\">Proyecto Educaci\u00f3n Art\u00edstica: M\u00fasica y Pl\u00e1stica<\/a><\/p>\n","protected":false},"excerpt":{"rendered":"<p>Art activity: Goya&#8217;s Darkness Huerto escolar Innovamat: La geometr\u00eda es un juego de ni\u00f1@s T\u00e9cnicas de cohesi\u00f3n grupal: La diana Representaci\u00f3n teatral: \u00abYo quiero ser cient\u00edfica.\u00bb Acto de presentaci\u00f3n proyecto \u00abCuento-Cadena\u00bb Natural Science Experiments: \u00abMisi\u00f3n ALBA\u00bb D\u00eda de la Paz Corners Art activity: Abstract Christmas Card. Sonia and Robert Delaunay Visita a Traperos de Ema\u00fas: [&hellip;]<\/p>\n","protected":false},"author":1,"featured_media":0,"parent":0,"menu_order":0,"comment_status":"closed","ping_status":"closed","template":"","meta":{"_genesis_hide_title":false,"_genesis_hide_breadcrumbs":false,"_genesis_hide_singular_image":false,"_genesis_hide_footer_widgets":false,"_genesis_custom_body_class":"","_genesis_custom_post_class":"","_genesis_layout":""},"_links":{"self":[{"href":"https:\/\/cpzizur.educacion.navarra.es\/web1\/wp-json\/wp\/v2\/pages\/13262"}],"collection":[{"href":"https:\/\/cpzizur.educacion.navarra.es\/web1\/wp-json\/wp\/v2\/pages"}],"about":[{"href":"https:\/\/cpzizur.educacion.navarra.es\/web1\/wp-json\/wp\/v2\/types\/page"}],"author":[{"embeddable":true,"href":"https:\/\/cpzizur.educacion.navarra.es\/web1\/wp-json\/wp\/v2\/users\/1"}],"replies":[{"embeddable":true,"href":"https:\/\/cpzizur.educacion.navarra.es\/web1\/wp-json\/wp\/v2\/comments?post=13262"}],"version-history":[{"count":32,"href":"https:\/\/cpzizur.educacion.navarra.es\/web1\/wp-json\/wp\/v2\/pages\/13262\/revisions"}],"predecessor-version":[{"id":14938,"href":"https:\/\/cpzizur.educacion.navarra.es\/web1\/wp-json\/wp\/v2\/pages\/13262\/revisions\/14938"}],"wp:attachment":[{"href":"https:\/\/cpzizur.educacion.navarra.es\/web1\/wp-json\/wp\/v2\/media?parent=13262"}],"curies":[{"name":"wp","href":"https:\/\/api.w.org\/{rel}","templated":true}]}}