{"id":132,"date":"2017-03-30T11:30:38","date_gmt":"2017-03-30T09:30:38","guid":{"rendered":"https:\/\/cpzizur.educacion.navarra.es\/web1\/?page_id=132"},"modified":"2024-12-09T12:02:38","modified_gmt":"2024-12-09T11:02:38","slug":"comedor","status":"publish","type":"page","link":"https:\/\/cpzizur.educacion.navarra.es\/web1\/comedor\/","title":{"rendered":"Funcionamiento del Comedor"},"content":{"rendered":"<h3>Consultas y avisos<\/h3>\n<ul>\n<li>Whatsapp: 606 821 608<\/li>\n<li>E-mail: <a href=\"mailto:cpzizur-comedor@educacion.navarra.es\">cpzizur-comedor@educacion.navarra.es<\/a><\/li>\n<\/ul>\n<p>La organizaci\u00f3n del comedor de septiembre a junio, de lunes a viernes, corresponde al centro educativo y la empresa encargada de dar dicho servicio es en la actualidad Aramark. El Gobierno de Navarra convoca peri\u00f3dicamente concurso p\u00fablico para que una empresa de catering sea la encargada de proporcionar dicho servicio.<\/p>\n<p>Para el correcto funcionamiento del comedor, el centro se ha dotado de un Reglamento que regula todos los aspectos relacionados con este servicio. Se dispone de personal contratado por Aramark en n\u00famero variable, en funci\u00f3n de los comensales y la edad de los mismos. Los ratios establecidos en el Reglamento del Comedor del Centro est\u00e1n alejados de las que se\u00f1ala el Gobierno de Navarra, pero en beneficio del alumnado, se tiende a rebajarlos, aunque ello signifique un aumento de los precios del comedor.<\/p>\n<p>Las cuotas resultantes para unos alumnos u otros son muy diversas, en funci\u00f3n de las casu\u00edstica existente.<\/p>\n<p>La persona encargada del comedor atiende los posibles casos de altas y bajas que se den cada d\u00eda, por e-mail o por tel\u00e9fono, <strong>antes de las 8:30 horas<\/strong>. Es obligatorio avisar tambi\u00e9n a los profesores tutores interesados.<\/p>\n<p>El comedor funciona con dos turnos.<\/p>\n<p>El personal contratado atiende a los ni\u00f1os en sus necesidades antes, durante y despu\u00e9s del comedor.<\/p>\n","protected":false},"excerpt":{"rendered":"<p>Consultas y avisos Whatsapp: 606 821 608 E-mail: cpzizur-comedor@educacion.navarra.es La organizaci\u00f3n del comedor de septiembre a junio, de lunes a viernes, corresponde al centro educativo y la empresa encargada de dar dicho servicio es en la actualidad Aramark. El Gobierno de Navarra convoca peri\u00f3dicamente concurso p\u00fablico para que una empresa de catering sea la encargada [&hellip;]<\/p>\n","protected":false},"author":1,"featured_media":0,"parent":0,"menu_order":0,"comment_status":"closed","ping_status":"closed","template":"","meta":{"_genesis_hide_title":false,"_genesis_hide_breadcrumbs":false,"_genesis_hide_singular_image":false,"_genesis_hide_footer_widgets":false,"_genesis_custom_body_class":"","_genesis_custom_post_class":"","_genesis_layout":""},"_links":{"self":[{"href":"https:\/\/cpzizur.educacion.navarra.es\/web1\/wp-json\/wp\/v2\/pages\/132"}],"collection":[{"href":"https:\/\/cpzizur.educacion.navarra.es\/web1\/wp-json\/wp\/v2\/pages"}],"about":[{"href":"https:\/\/cpzizur.educacion.navarra.es\/web1\/wp-json\/wp\/v2\/types\/page"}],"author":[{"embeddable":true,"href":"https:\/\/cpzizur.educacion.navarra.es\/web1\/wp-json\/wp\/v2\/users\/1"}],"replies":[{"embeddable":true,"href":"https:\/\/cpzizur.educacion.navarra.es\/web1\/wp-json\/wp\/v2\/comments?post=132"}],"version-history":[{"count":9,"href":"https:\/\/cpzizur.educacion.navarra.es\/web1\/wp-json\/wp\/v2\/pages\/132\/revisions"}],"predecessor-version":[{"id":19264,"href":"https:\/\/cpzizur.educacion.navarra.es\/web1\/wp-json\/wp\/v2\/pages\/132\/revisions\/19264"}],"wp:attachment":[{"href":"https:\/\/cpzizur.educacion.navarra.es\/web1\/wp-json\/wp\/v2\/media?parent=132"}],"curies":[{"name":"wp","href":"https:\/\/api.w.org\/{rel}","templated":true}]}}