{"id":13127,"date":"2021-10-27T10:52:53","date_gmt":"2021-10-27T08:52:53","guid":{"rendered":"https:\/\/cpzizur.educacion.navarra.es\/web1\/?page_id=13127"},"modified":"2022-06-30T11:07:07","modified_gmt":"2022-06-30T09:07:07","slug":"galeria-de-fotos-curso-2021-2022","status":"publish","type":"page","link":"https:\/\/cpzizur.educacion.navarra.es\/web1\/galeria-de-fotos-curso-2021-2022\/","title":{"rendered":"Galer\u00eda de fotos \u2013 Curso 2021-2022"},"content":{"rendered":"\n<p><a href=\"https:\/\/cpzizur.educacion.navarra.es\/web1\/halloween-2021\/\">Halloween<\/a><\/p>\n\n\n\n<p><a href=\"https:\/\/cpzizur.educacion.navarra.es\/web1\/fotos-unidad-de-transicion-educativa\/\">Unidad de transici\u00f3n educativa<\/a><\/p>\n\n\n\n<p><a href=\"https:\/\/cpzizur.educacion.navarra.es\/web1\/nuevo-taller-de-artes-en-educacion-primaria\/\">Nuevo taller de Arte en Educaci\u00f3n Primaria<\/a><\/p>\n\n\n\n<p><a href=\"https:\/\/cpzizur.educacion.navarra.es\/web1\/fotos-religion-2\/\">Religi\u00f3n<\/a><\/p>\n\n\n\n<p><a href=\"https:\/\/cpzizur.educacion.navarra.es\/web1\/musica\/\">Educaci\u00f3n art\u00edstica: M\u00fasica<\/a><\/p>\n\n\n\n<p><a href=\"https:\/\/cpzizur.educacion.navarra.es\/web1\/wp-content\/uploads\/2022\/06\/Talleres-familias-5-anos_compressed.pdf\">Talleres con familias en 5 a\u00f1os<\/a><\/p>\n\n\n\n<p><a href=\"https:\/\/cpzizur.educacion.navarra.es\/web1\/fotos-3o-ed-infantil-4\/\">3\u00ba Educaci\u00f3n Infantil<\/a><\/p>\n\n\n\n<p><a href=\"https:\/\/cpzizur.educacion.navarra.es\/web1\/fotos-2o-ed-primaria\/\">2\u00ba E.P.<\/a><\/p>\n\n\n\n<p><a href=\"https:\/\/cpzizur.educacion.navarra.es\/web1\/fotos-3o-ed-primaria-2021-2022\/\">3\u00ba E.P.<\/a><\/p>\n\n\n\n<p><a href=\"https:\/\/cpzizur.educacion.navarra.es\/web1\/fotos-4o-ed-primaria-2021-2022\/\">4\u00ba E.P.<\/a><\/p>\n\n\n\n<p><a href=\"https:\/\/cpzizur.educacion.navarra.es\/web1\/fotos-5o-ed-primaria-2021-2022\/\">5\u00ba E.P.<\/a><\/p>\n\n\n\n<p><a href=\"https:\/\/cpzizur.educacion.navarra.es\/web1\/fotos-6o-ed-primaria-2\/\">6\u00ba E.P.<\/a><\/p>\n\n\n\n<p><\/p>\n","protected":false},"excerpt":{"rendered":"<p>Halloween Unidad de transici\u00f3n educativa Nuevo taller de Arte en Educaci\u00f3n Primaria Religi\u00f3n Educaci\u00f3n art\u00edstica: M\u00fasica Talleres con familias en 5 a\u00f1os 3\u00ba Educaci\u00f3n Infantil 2\u00ba E.P. 3\u00ba E.P. 4\u00ba E.P. 5\u00ba E.P. 6\u00ba E.P.<\/p>\n","protected":false},"author":1,"featured_media":0,"parent":0,"menu_order":0,"comment_status":"closed","ping_status":"closed","template":"","meta":{"_genesis_hide_title":false,"_genesis_hide_breadcrumbs":false,"_genesis_hide_singular_image":false,"_genesis_hide_footer_widgets":false,"_genesis_custom_body_class":"","_genesis_custom_post_class":"","_genesis_layout":""},"_links":{"self":[{"href":"https:\/\/cpzizur.educacion.navarra.es\/web1\/wp-json\/wp\/v2\/pages\/13127"}],"collection":[{"href":"https:\/\/cpzizur.educacion.navarra.es\/web1\/wp-json\/wp\/v2\/pages"}],"about":[{"href":"https:\/\/cpzizur.educacion.navarra.es\/web1\/wp-json\/wp\/v2\/types\/page"}],"author":[{"embeddable":true,"href":"https:\/\/cpzizur.educacion.navarra.es\/web1\/wp-json\/wp\/v2\/users\/1"}],"replies":[{"embeddable":true,"href":"https:\/\/cpzizur.educacion.navarra.es\/web1\/wp-json\/wp\/v2\/comments?post=13127"}],"version-history":[{"count":23,"href":"https:\/\/cpzizur.educacion.navarra.es\/web1\/wp-json\/wp\/v2\/pages\/13127\/revisions"}],"predecessor-version":[{"id":15203,"href":"https:\/\/cpzizur.educacion.navarra.es\/web1\/wp-json\/wp\/v2\/pages\/13127\/revisions\/15203"}],"wp:attachment":[{"href":"https:\/\/cpzizur.educacion.navarra.es\/web1\/wp-json\/wp\/v2\/media?parent=13127"}],"curies":[{"name":"wp","href":"https:\/\/api.w.org\/{rel}","templated":true}]}}