{"id":12729,"date":"2021-06-01T09:13:19","date_gmt":"2021-06-01T07:13:19","guid":{"rendered":"https:\/\/cpzizur.educacion.navarra.es\/web1\/?page_id=12729"},"modified":"2021-06-01T09:51:02","modified_gmt":"2021-06-01T07:51:02","slug":"5o-e-p-con-radio-y-mimo-hacemos-camino","status":"publish","type":"page","link":"https:\/\/cpzizur.educacion.navarra.es\/web1\/5o-e-p-con-radio-y-mimo-hacemos-camino\/","title":{"rendered":"5\u00ba E.P.: \u00abCon Radio y Mimo, Hacemos Camino\u00bb"},"content":{"rendered":"\n<figure class=\"wp-block-gallery columns-1 is-cropped\"><ul class=\"blocks-gallery-grid\"><li class=\"blocks-gallery-item\"><figure><img loading=\"lazy\" width=\"415\" height=\"221\" src=\"https:\/\/cpzizur.educacion.navarra.es\/web1\/wp-content\/uploads\/2021\/06\/radio.png\" alt=\"\" data-id=\"12731\" data-full-url=\"https:\/\/cpzizur.educacion.navarra.es\/web1\/wp-content\/uploads\/2021\/06\/radio.png\" data-link=\"https:\/\/cpzizur.educacion.navarra.es\/web1\/?attachment_id=12731\" class=\"wp-image-12731\" srcset=\"https:\/\/cpzizur.educacion.navarra.es\/web1\/wp-content\/uploads\/2021\/06\/radio.png 415w, https:\/\/cpzizur.educacion.navarra.es\/web1\/wp-content\/uploads\/2021\/06\/radio-300x160.png 300w, https:\/\/cpzizur.educacion.navarra.es\/web1\/wp-content\/uploads\/2021\/06\/radio-280x150.png 280w\" sizes=\"(max-width: 415px) 100vw, 415px\" \/><\/figure><\/li><\/ul><\/figure>\n\n\n\n<p>El alumnado de 5\u00baA y 5\u00baB de Educaci\u00f3n Primaria, aprovechando el \u00abaire de cola\u00bb y la inercia respecto al conocimiento del medio radiof\u00f3nico, afront\u00f3 participar en el Premio Gonzalo Estefan\u00eda de Radio Escolar como una oportunidad para tener su primera experiencia con los entresijos de la radio.<br><br>Los medios t\u00e9cnicos con los que hemos contado han sido, \u00fanica y exclusivamente: un ordenador prestado por el propio centro escolar que tiene incorporado un altavoz.<br><br>La edici\u00f3n la hemos llevado a cabo por medio del programa online \u00abWevideo\u00bb y las m\u00fasicas, efectos, r\u00e1fagas y cortes de sonido est\u00e1n sacados escrupulosamente de plataformas con m\u00fasica sin derechos de autor. Las posibles deficiencias t\u00e9cnicas las hemos suplido con una alta dosis de ilusi\u00f3n, mucho optimismo, creer en lo que est\u00e1bamos haciendo, pasarlo bien, trabajar en equipo y aprender a cada peque\u00f1o paso. Pero sobre todo, valorar y apreciar la posibilidad de que con la radio, podemos mejorar ostensiblemente muchos aspectos del llamado proceso de \u00abense\u00f1anza-aprendizaje\u00bb.<\/p>\n\n\n\n<p>Para poder escuchar el podcast, haz clic en los siguiente enlace:<\/p>\n\n\n\n<p><a href=\"https:\/\/go.ivoox.com\/rf\/70072405\">https:\/\/go.ivoox.com\/rf\/70072405<\/a><\/p>\n","protected":false},"excerpt":{"rendered":"<p>El alumnado de 5\u00baA y 5\u00baB de Educaci\u00f3n Primaria, aprovechando el \u00abaire de cola\u00bb y la inercia respecto al conocimiento del medio radiof\u00f3nico, afront\u00f3 participar en el Premio Gonzalo Estefan\u00eda de Radio Escolar como una oportunidad para tener su primera experiencia con los entresijos de la radio. Los medios t\u00e9cnicos con los que hemos contado [&hellip;]<\/p>\n","protected":false},"author":1,"featured_media":0,"parent":0,"menu_order":0,"comment_status":"closed","ping_status":"closed","template":"","meta":{"_genesis_hide_title":false,"_genesis_hide_breadcrumbs":false,"_genesis_hide_singular_image":false,"_genesis_hide_footer_widgets":false,"_genesis_custom_body_class":"","_genesis_custom_post_class":"","_genesis_layout":""},"_links":{"self":[{"href":"https:\/\/cpzizur.educacion.navarra.es\/web1\/wp-json\/wp\/v2\/pages\/12729"}],"collection":[{"href":"https:\/\/cpzizur.educacion.navarra.es\/web1\/wp-json\/wp\/v2\/pages"}],"about":[{"href":"https:\/\/cpzizur.educacion.navarra.es\/web1\/wp-json\/wp\/v2\/types\/page"}],"author":[{"embeddable":true,"href":"https:\/\/cpzizur.educacion.navarra.es\/web1\/wp-json\/wp\/v2\/users\/1"}],"replies":[{"embeddable":true,"href":"https:\/\/cpzizur.educacion.navarra.es\/web1\/wp-json\/wp\/v2\/comments?post=12729"}],"version-history":[{"count":6,"href":"https:\/\/cpzizur.educacion.navarra.es\/web1\/wp-json\/wp\/v2\/pages\/12729\/revisions"}],"predecessor-version":[{"id":12743,"href":"https:\/\/cpzizur.educacion.navarra.es\/web1\/wp-json\/wp\/v2\/pages\/12729\/revisions\/12743"}],"wp:attachment":[{"href":"https:\/\/cpzizur.educacion.navarra.es\/web1\/wp-json\/wp\/v2\/media?parent=12729"}],"curies":[{"name":"wp","href":"https:\/\/api.w.org\/{rel}","templated":true}]}}