{"id":11240,"date":"2020-12-15T09:11:03","date_gmt":"2020-12-15T08:11:03","guid":{"rendered":"https:\/\/cpzizur.educacion.navarra.es\/web1\/?page_id=11240"},"modified":"2020-12-15T09:40:39","modified_gmt":"2020-12-15T08:40:39","slug":"cuento-cadena","status":"publish","type":"page","link":"https:\/\/cpzizur.educacion.navarra.es\/web1\/cuento-cadena\/","title":{"rendered":"Cuento-Cadena"},"content":{"rendered":"\n<p>Cuento-Cadena fue una propuesta que me lleg\u00f3 all\u00e1 por octubre y que, desde un principio me pareci\u00f3 buena idea.\u00a0La sola propuesta de abordar y trabajar los Derechos Humanos ya me pareci\u00f3 interesante.\u00a0Por otra parte, el desarrollo de la propia actividad, donde se permit\u00eda participar a centros de toda Navarra, estableciendo un trabajo com\u00fan cuyo resultado ser\u00eda un cuento creado por todos; me pareci\u00f3 lo suficientemente interesante.<\/p>\n\n\n\n<figure class=\"wp-block-gallery columns-3 is-cropped\"><ul class=\"blocks-gallery-grid\"><li class=\"blocks-gallery-item\"><figure><a href=\"https:\/\/cpzizur.educacion.navarra.es\/web1\/wp-content\/uploads\/2020\/12\/DSC_0006-min-scaled.jpg\"><img loading=\"lazy\" width=\"576\" height=\"1024\" src=\"https:\/\/cpzizur.educacion.navarra.es\/web1\/wp-content\/uploads\/2020\/12\/DSC_0006-min-576x1024.jpg\" alt=\"\" data-id=\"11257\" data-full-url=\"https:\/\/cpzizur.educacion.navarra.es\/web1\/wp-content\/uploads\/2020\/12\/DSC_0006-min-scaled.jpg\" data-link=\"https:\/\/cpzizur.educacion.navarra.es\/web1\/cuento-cadena\/dsc_0006-min\/\" class=\"wp-image-11257\" srcset=\"https:\/\/cpzizur.educacion.navarra.es\/web1\/wp-content\/uploads\/2020\/12\/DSC_0006-min-576x1024.jpg 576w, https:\/\/cpzizur.educacion.navarra.es\/web1\/wp-content\/uploads\/2020\/12\/DSC_0006-min-169x300.jpg 169w, https:\/\/cpzizur.educacion.navarra.es\/web1\/wp-content\/uploads\/2020\/12\/DSC_0006-min-768x1365.jpg 768w, https:\/\/cpzizur.educacion.navarra.es\/web1\/wp-content\/uploads\/2020\/12\/DSC_0006-min-864x1536.jpg 864w, https:\/\/cpzizur.educacion.navarra.es\/web1\/wp-content\/uploads\/2020\/12\/DSC_0006-min-1152x2048.jpg 1152w, https:\/\/cpzizur.educacion.navarra.es\/web1\/wp-content\/uploads\/2020\/12\/DSC_0006-min-scaled.jpg 1441w\" sizes=\"(max-width: 576px) 100vw, 576px\" \/><\/a><\/figure><\/li><li class=\"blocks-gallery-item\"><figure><a href=\"https:\/\/cpzizur.educacion.navarra.es\/web1\/wp-content\/uploads\/2020\/12\/DSC_0007-min-scaled.jpg\"><img loading=\"lazy\" width=\"576\" height=\"1024\" src=\"https:\/\/cpzizur.educacion.navarra.es\/web1\/wp-content\/uploads\/2020\/12\/DSC_0007-min-576x1024.jpg\" alt=\"\" data-id=\"11258\" data-full-url=\"https:\/\/cpzizur.educacion.navarra.es\/web1\/wp-content\/uploads\/2020\/12\/DSC_0007-min-scaled.jpg\" data-link=\"https:\/\/cpzizur.educacion.navarra.es\/web1\/cuento-cadena\/dsc_0007-min\/\" class=\"wp-image-11258\" srcset=\"https:\/\/cpzizur.educacion.navarra.es\/web1\/wp-content\/uploads\/2020\/12\/DSC_0007-min-576x1024.jpg 576w, https:\/\/cpzizur.educacion.navarra.es\/web1\/wp-content\/uploads\/2020\/12\/DSC_0007-min-169x300.jpg 169w, https:\/\/cpzizur.educacion.navarra.es\/web1\/wp-content\/uploads\/2020\/12\/DSC_0007-min-768x1365.jpg 768w, https:\/\/cpzizur.educacion.navarra.es\/web1\/wp-content\/uploads\/2020\/12\/DSC_0007-min-864x1536.jpg 864w, https:\/\/cpzizur.educacion.navarra.es\/web1\/wp-content\/uploads\/2020\/12\/DSC_0007-min-1152x2048.jpg 1152w, https:\/\/cpzizur.educacion.navarra.es\/web1\/wp-content\/uploads\/2020\/12\/DSC_0007-min-scaled.jpg 1441w\" sizes=\"(max-width: 576px) 100vw, 576px\" \/><\/a><\/figure><\/li><li class=\"blocks-gallery-item\"><figure><a href=\"https:\/\/cpzizur.educacion.navarra.es\/web1\/wp-content\/uploads\/2020\/12\/Grupo-castellano-min-scaled.jpg\"><img loading=\"lazy\" width=\"1024\" height=\"768\" src=\"https:\/\/cpzizur.educacion.navarra.es\/web1\/wp-content\/uploads\/2020\/12\/Grupo-castellano-min-1024x768.jpg\" alt=\"\" data-id=\"11259\" data-full-url=\"https:\/\/cpzizur.educacion.navarra.es\/web1\/wp-content\/uploads\/2020\/12\/Grupo-castellano-min-scaled.jpg\" data-link=\"https:\/\/cpzizur.educacion.navarra.es\/web1\/cuento-cadena\/grupo-castellano-min\/\" class=\"wp-image-11259\" srcset=\"https:\/\/cpzizur.educacion.navarra.es\/web1\/wp-content\/uploads\/2020\/12\/Grupo-castellano-min-1024x768.jpg 1024w, https:\/\/cpzizur.educacion.navarra.es\/web1\/wp-content\/uploads\/2020\/12\/Grupo-castellano-min-300x225.jpg 300w, https:\/\/cpzizur.educacion.navarra.es\/web1\/wp-content\/uploads\/2020\/12\/Grupo-castellano-min-768x576.jpg 768w, https:\/\/cpzizur.educacion.navarra.es\/web1\/wp-content\/uploads\/2020\/12\/Grupo-castellano-min-1536x1152.jpg 1536w, https:\/\/cpzizur.educacion.navarra.es\/web1\/wp-content\/uploads\/2020\/12\/Grupo-castellano-min-2048x1536.jpg 2048w\" sizes=\"(max-width: 1024px) 100vw, 1024px\" \/><\/a><\/figure><\/li><li class=\"blocks-gallery-item\"><figure><a href=\"https:\/\/cpzizur.educacion.navarra.es\/web1\/wp-content\/uploads\/2020\/12\/Isabel-min-scaled.jpg\"><img loading=\"lazy\" width=\"1024\" height=\"576\" src=\"https:\/\/cpzizur.educacion.navarra.es\/web1\/wp-content\/uploads\/2020\/12\/Isabel-min-1024x576.jpg\" alt=\"\" data-id=\"11260\" data-full-url=\"https:\/\/cpzizur.educacion.navarra.es\/web1\/wp-content\/uploads\/2020\/12\/Isabel-min-scaled.jpg\" data-link=\"https:\/\/cpzizur.educacion.navarra.es\/web1\/cuento-cadena\/isabel-min\/\" class=\"wp-image-11260\" srcset=\"https:\/\/cpzizur.educacion.navarra.es\/web1\/wp-content\/uploads\/2020\/12\/Isabel-min-1024x576.jpg 1024w, https:\/\/cpzizur.educacion.navarra.es\/web1\/wp-content\/uploads\/2020\/12\/Isabel-min-300x169.jpg 300w, https:\/\/cpzizur.educacion.navarra.es\/web1\/wp-content\/uploads\/2020\/12\/Isabel-min-768x432.jpg 768w, https:\/\/cpzizur.educacion.navarra.es\/web1\/wp-content\/uploads\/2020\/12\/Isabel-min-1536x864.jpg 1536w, https:\/\/cpzizur.educacion.navarra.es\/web1\/wp-content\/uploads\/2020\/12\/Isabel-min-2048x1152.jpg 2048w\" sizes=\"(max-width: 1024px) 100vw, 1024px\" \/><\/a><\/figure><\/li><li class=\"blocks-gallery-item\"><figure><a href=\"https:\/\/cpzizur.educacion.navarra.es\/web1\/wp-content\/uploads\/2020\/12\/tertulia-castellano-min-scaled.jpg\"><img loading=\"lazy\" width=\"1024\" height=\"576\" src=\"https:\/\/cpzizur.educacion.navarra.es\/web1\/wp-content\/uploads\/2020\/12\/tertulia-castellano-min-1024x576.jpg\" alt=\"\" data-id=\"11261\" data-full-url=\"https:\/\/cpzizur.educacion.navarra.es\/web1\/wp-content\/uploads\/2020\/12\/tertulia-castellano-min-scaled.jpg\" data-link=\"https:\/\/cpzizur.educacion.navarra.es\/web1\/cuento-cadena\/tertulia-castellano-min\/\" class=\"wp-image-11261\" srcset=\"https:\/\/cpzizur.educacion.navarra.es\/web1\/wp-content\/uploads\/2020\/12\/tertulia-castellano-min-1024x576.jpg 1024w, https:\/\/cpzizur.educacion.navarra.es\/web1\/wp-content\/uploads\/2020\/12\/tertulia-castellano-min-300x169.jpg 300w, https:\/\/cpzizur.educacion.navarra.es\/web1\/wp-content\/uploads\/2020\/12\/tertulia-castellano-min-768x432.jpg 768w, https:\/\/cpzizur.educacion.navarra.es\/web1\/wp-content\/uploads\/2020\/12\/tertulia-castellano-min-1536x864.jpg 1536w, https:\/\/cpzizur.educacion.navarra.es\/web1\/wp-content\/uploads\/2020\/12\/tertulia-castellano-min-2048x1152.jpg 2048w\" sizes=\"(max-width: 1024px) 100vw, 1024px\" \/><\/a><\/figure><\/li><\/ul><\/figure>\n\n\n\n<p>A partir de aqu\u00ed, todos hab\u00e9is trabajado con motivaci\u00f3n, ilusi\u00f3n y ganas por tratar de hacerlo lo mejor posible: como siempre os pido.\u00a0No fue f\u00e1cil puesto que nos vino empezado de una manera y dispon\u00edamos muy poco tiempo para enviarlo al siguiente centro.\u00a0<\/p>\n\n\n\n<p>Y lleg\u00f3 el d\u00eda de ayer y con ello, la presentaci\u00f3n final.Aitor, Hugo y Haizea no fueron sino los representantes de todos y cada uno de vosotros y vosotras que\u00a0hab\u00e9is participado en esta aventura. Sentiros tan part\u00edcipes como ellos.Ellos, y los dem\u00e1s ni\u00f1os que hab\u00eda presentes le pusieron voz a lo que hab\u00e9is creado con vuestra imaginaci\u00f3n, intuici\u00f3n y proyecci\u00f3n.\u00a0Adem\u00e1s, a la vuelta de Navidad, todos dispondr\u00e9is\u00a0de un ejemplar. Ejemplar, que tambi\u00e9n se va a poder encontrar en todas las bibliotecas de la Comunidad Foral de Navarra.<\/p>\n\n\n\n<p>Enhorabuena a todos y gracias por vuestra implicaci\u00f3n.Un abrazo fuerte a todos y todas.<\/p>\n\n\n\n<p><em><strong>Juan Carlos.<\/strong><\/em><\/p>\n\n\n\n<h3><strong>Descarga los cuentos en formato digital:<\/strong><\/h3>\n\n\n\n<div class=\"wp-block-file\"><a href=\"https:\/\/cpzizur.educacion.navarra.es\/web1\/wp-content\/uploads\/2020\/12\/Noche-junto-al-fuego.pdf\">Noche-junto-al-fuego<\/a><a href=\"https:\/\/cpzizur.educacion.navarra.es\/web1\/wp-content\/uploads\/2020\/12\/Noche-junto-al-fuego.pdf\" class=\"wp-block-file__button\" download>Descarga<\/a><\/div>\n\n\n\n<div class=\"wp-block-file\"><a href=\"https:\/\/cpzizur.educacion.navarra.es\/web1\/wp-content\/uploads\/2020\/12\/Amina-eta-Kokoro.pdf\">Amina-eta-Kokoro<\/a><a href=\"https:\/\/cpzizur.educacion.navarra.es\/web1\/wp-content\/uploads\/2020\/12\/Amina-eta-Kokoro.pdf\" class=\"wp-block-file__button\" download>Descarga<\/a><\/div>\n\n\n\n<h3><strong>Presentaci\u00f3n \u00abCuento-Cadena\u00bb y tertulia:<\/strong><\/h3>\n\n\n\n<p><a rel=\"noreferrer noopener\" href=\"https:\/\/youtu.be\/gWVms0ZizI4\" target=\"_blank\">Cuento cadena Derechos Humanos \/\/ Ipuina eskuz esku Giza Eskubideak<\/a><\/p>\n\n\n\n<p><a href=\"https:\/\/youtu.be\/5FLieR9LSDQ\" target=\"_blank\" rel=\"noreferrer noopener\">Ipuina eskuz esku Giza Eskubideak<\/a><\/p>\n","protected":false},"excerpt":{"rendered":"<p>Cuento-Cadena fue una propuesta que me lleg\u00f3 all\u00e1 por octubre y que, desde un principio me pareci\u00f3 buena idea.\u00a0La sola propuesta de abordar y trabajar los Derechos Humanos ya me pareci\u00f3 interesante.\u00a0Por otra parte, el desarrollo de la propia actividad, donde se permit\u00eda participar a centros de toda Navarra, estableciendo un trabajo com\u00fan cuyo resultado [&hellip;]<\/p>\n","protected":false},"author":1,"featured_media":0,"parent":0,"menu_order":0,"comment_status":"closed","ping_status":"closed","template":"","meta":{"_genesis_hide_title":false,"_genesis_hide_breadcrumbs":false,"_genesis_hide_singular_image":false,"_genesis_hide_footer_widgets":false,"_genesis_custom_body_class":"","_genesis_custom_post_class":"","_genesis_layout":""},"_links":{"self":[{"href":"https:\/\/cpzizur.educacion.navarra.es\/web1\/wp-json\/wp\/v2\/pages\/11240"}],"collection":[{"href":"https:\/\/cpzizur.educacion.navarra.es\/web1\/wp-json\/wp\/v2\/pages"}],"about":[{"href":"https:\/\/cpzizur.educacion.navarra.es\/web1\/wp-json\/wp\/v2\/types\/page"}],"author":[{"embeddable":true,"href":"https:\/\/cpzizur.educacion.navarra.es\/web1\/wp-json\/wp\/v2\/users\/1"}],"replies":[{"embeddable":true,"href":"https:\/\/cpzizur.educacion.navarra.es\/web1\/wp-json\/wp\/v2\/comments?post=11240"}],"version-history":[{"count":13,"href":"https:\/\/cpzizur.educacion.navarra.es\/web1\/wp-json\/wp\/v2\/pages\/11240\/revisions"}],"predecessor-version":[{"id":11267,"href":"https:\/\/cpzizur.educacion.navarra.es\/web1\/wp-json\/wp\/v2\/pages\/11240\/revisions\/11267"}],"wp:attachment":[{"href":"https:\/\/cpzizur.educacion.navarra.es\/web1\/wp-json\/wp\/v2\/media?parent=11240"}],"curies":[{"name":"wp","href":"https:\/\/api.w.org\/{rel}","templated":true}]}}