{"id":10952,"date":"2020-11-11T22:25:14","date_gmt":"2020-11-11T21:25:14","guid":{"rendered":"https:\/\/cpzizur.educacion.navarra.es\/web1\/?page_id=10952"},"modified":"2021-01-24T16:56:13","modified_gmt":"2021-01-24T15:56:13","slug":"fotos-4o-e-p","status":"publish","type":"page","link":"https:\/\/cpzizur.educacion.navarra.es\/web1\/fotos-4o-e-p\/","title":{"rendered":"Fotos &#8211; 4\u00ba E.P."},"content":{"rendered":"\n<p><a href=\"https:\/\/cpzizur.educacion.navarra.es\/web1\/4o-e-p-halloween\/\">Halloween<\/a><\/p>\n\n\n\n<p><a href=\"https:\/\/cpzizur.educacion.navarra.es\/web1\/4o-e-p-decoracion-navidena\/\">Decoraci\u00f3n navide\u00f1a<\/a><\/p>\n\n\n\n<p><a href=\"https:\/\/cpzizur.educacion.navarra.es\/web1\/?page_id=11545\">Almuerzo navide\u00f1o 4\u00ba C<\/a><\/p>\n","protected":false},"excerpt":{"rendered":"<p>Halloween Decoraci\u00f3n navide\u00f1a Almuerzo navide\u00f1o 4\u00ba C<\/p>\n","protected":false},"author":1,"featured_media":0,"parent":0,"menu_order":0,"comment_status":"closed","ping_status":"closed","template":"","meta":{"_genesis_hide_title":false,"_genesis_hide_breadcrumbs":false,"_genesis_hide_singular_image":false,"_genesis_hide_footer_widgets":false,"_genesis_custom_body_class":"","_genesis_custom_post_class":"","_genesis_layout":""},"_links":{"self":[{"href":"https:\/\/cpzizur.educacion.navarra.es\/web1\/wp-json\/wp\/v2\/pages\/10952"}],"collection":[{"href":"https:\/\/cpzizur.educacion.navarra.es\/web1\/wp-json\/wp\/v2\/pages"}],"about":[{"href":"https:\/\/cpzizur.educacion.navarra.es\/web1\/wp-json\/wp\/v2\/types\/page"}],"author":[{"embeddable":true,"href":"https:\/\/cpzizur.educacion.navarra.es\/web1\/wp-json\/wp\/v2\/users\/1"}],"replies":[{"embeddable":true,"href":"https:\/\/cpzizur.educacion.navarra.es\/web1\/wp-json\/wp\/v2\/comments?post=10952"}],"version-history":[{"count":3,"href":"https:\/\/cpzizur.educacion.navarra.es\/web1\/wp-json\/wp\/v2\/pages\/10952\/revisions"}],"predecessor-version":[{"id":11561,"href":"https:\/\/cpzizur.educacion.navarra.es\/web1\/wp-json\/wp\/v2\/pages\/10952\/revisions\/11561"}],"wp:attachment":[{"href":"https:\/\/cpzizur.educacion.navarra.es\/web1\/wp-json\/wp\/v2\/media?parent=10952"}],"curies":[{"name":"wp","href":"https:\/\/api.w.org\/{rel}","templated":true}]}}