{"id":10778,"date":"2020-11-10T08:53:22","date_gmt":"2020-11-10T07:53:22","guid":{"rendered":"https:\/\/cpzizur.educacion.navarra.es\/web1\/?page_id=10778"},"modified":"2021-05-17T10:50:44","modified_gmt":"2021-05-17T08:50:44","slug":"fotos-2020-2021","status":"publish","type":"page","link":"https:\/\/cpzizur.educacion.navarra.es\/web1\/fotos-2020-2021\/","title":{"rendered":"Galer\u00eda de fotos \u2013 Curso 2020-2021"},"content":{"rendered":"\n<p><a href=\"https:\/\/cpzizur.educacion.navarra.es\/web1\/fotos-1o-ed-infantil\/\">1\u00ba Educaci\u00f3n Infantil<\/a><\/p>\n\n\n\n<p><a href=\"https:\/\/cpzizur.educacion.navarra.es\/web1\/fotos-2o-ed-infantil\/\">2\u00ba Educaci\u00f3n Infantil<\/a><\/p>\n\n\n\n<p><a href=\"https:\/\/cpzizur.educacion.navarra.es\/web1\/fotos-3o-ed-infantil-3\/\">3\u00ba Educaci\u00f3n Infantil<\/a><\/p>\n\n\n\n<p><a href=\"https:\/\/cpzizur.educacion.navarra.es\/web1\/fotos-1o-e-p\/\">1\u00ba E.P.<\/a><\/p>\n\n\n\n<p><a href=\"https:\/\/cpzizur.educacion.navarra.es\/web1\/fotos-2o-e-p\/\">2\u00ba E.P.<\/a><\/p>\n\n\n\n<p><a href=\"https:\/\/cpzizur.educacion.navarra.es\/web1\/fotos-3o-e-p\/\">3\u00ba E.P.<\/a><\/p>\n\n\n\n<p><a href=\"https:\/\/cpzizur.educacion.navarra.es\/web1\/fotos-4o-e-p\/\">4\u00ba E.P.<\/a><\/p>\n\n\n\n<p><a href=\"https:\/\/cpzizur.educacion.navarra.es\/web1\/fotos-5o-ed-primaria\/\">5. E.P.<\/a><\/p>\n\n\n\n<p><a href=\"https:\/\/cpzizur.educacion.navarra.es\/web1\/fotos-6o-ed-primaria\/\">6. E.P.<\/a><\/p>\n\n\n\n<p><a href=\"https:\/\/cpzizur.educacion.navarra.es\/web1\/?page_id=11328\">Religi\u00f3n<\/a><\/p>\n\n\n\n<p><a href=\"https:\/\/cpzizur.educacion.navarra.es\/web1\/fotos-euskera\/\">Euskera<\/a><\/p>\n\n\n\n<p><a href=\"https:\/\/cpzizur.educacion.navarra.es\/web1\/?page_id=11775\">Celebraci\u00f3n: D\u00eda de la paz<\/a><\/p>\n\n\n\n<p><a href=\"https:\/\/cpzizur.educacion.navarra.es\/web1\/1o-e-p-concurso-dia-de-la-tierra\/\">Concurso D\u00eda de la Tierra<\/a><\/p>\n","protected":false},"excerpt":{"rendered":"<p>1\u00ba Educaci\u00f3n Infantil 2\u00ba Educaci\u00f3n Infantil 3\u00ba Educaci\u00f3n Infantil 1\u00ba E.P. 2\u00ba E.P. 3\u00ba E.P. 4\u00ba E.P. 5. E.P. 6. E.P. Religi\u00f3n Euskera Celebraci\u00f3n: D\u00eda de la paz Concurso D\u00eda de la Tierra<\/p>\n","protected":false},"author":1,"featured_media":0,"parent":0,"menu_order":0,"comment_status":"closed","ping_status":"closed","template":"","meta":{"_genesis_hide_title":false,"_genesis_hide_breadcrumbs":false,"_genesis_hide_singular_image":false,"_genesis_hide_footer_widgets":false,"_genesis_custom_body_class":"","_genesis_custom_post_class":"","_genesis_layout":""},"_links":{"self":[{"href":"https:\/\/cpzizur.educacion.navarra.es\/web1\/wp-json\/wp\/v2\/pages\/10778"}],"collection":[{"href":"https:\/\/cpzizur.educacion.navarra.es\/web1\/wp-json\/wp\/v2\/pages"}],"about":[{"href":"https:\/\/cpzizur.educacion.navarra.es\/web1\/wp-json\/wp\/v2\/types\/page"}],"author":[{"embeddable":true,"href":"https:\/\/cpzizur.educacion.navarra.es\/web1\/wp-json\/wp\/v2\/users\/1"}],"replies":[{"embeddable":true,"href":"https:\/\/cpzizur.educacion.navarra.es\/web1\/wp-json\/wp\/v2\/comments?post=10778"}],"version-history":[{"count":21,"href":"https:\/\/cpzizur.educacion.navarra.es\/web1\/wp-json\/wp\/v2\/pages\/10778\/revisions"}],"predecessor-version":[{"id":12567,"href":"https:\/\/cpzizur.educacion.navarra.es\/web1\/wp-json\/wp\/v2\/pages\/10778\/revisions\/12567"}],"wp:attachment":[{"href":"https:\/\/cpzizur.educacion.navarra.es\/web1\/wp-json\/wp\/v2\/media?parent=10778"}],"curies":[{"name":"wp","href":"https:\/\/api.w.org\/{rel}","templated":true}]}}