{"id":10177,"date":"2020-05-29T10:25:55","date_gmt":"2020-05-29T08:25:55","guid":{"rendered":"https:\/\/cpzizur.educacion.navarra.es\/web1\/?page_id=10177"},"modified":"2020-05-29T10:26:56","modified_gmt":"2020-05-29T08:26:56","slug":"proposito-ano-nuevo-5o-primaria","status":"publish","type":"page","link":"https:\/\/cpzizur.educacion.navarra.es\/web1\/proposito-ano-nuevo-5o-primaria\/","title":{"rendered":"Prop\u00f3sito A\u00f1o Nuevo &#8211; 5\u00ba primaria"},"content":{"rendered":"\n<p>Durante la \u00faltima semana del primer trimestre, cada alumno de 5\u00ba curso realiz\u00f3, en un dise\u00f1o art\u00edstico, un peque\u00f1o prop\u00f3sito de A\u00f1o Nuevo. <br>Cada uno de ellos tuvo que reflexionar sobre qu\u00e9 aspecto de su vida escolar pod\u00edan mejorar. Una vez lo ten\u00edan, realizaban el dise\u00f1o dentro de una plantilla. Finalmente, cada obra se uni\u00f3 con el resto de piezas, creando una obra de arte colaborativo.<\/p>\n\n\n\n<figure class=\"wp-block-gallery columns-2 is-cropped\"><ul class=\"blocks-gallery-grid\"><li class=\"blocks-gallery-item\"><figure><a href=\"https:\/\/cpzizur.educacion.navarra.es\/web1\/wp-content\/uploads\/2020\/05\/IMG_20200113_090034.jpg\"><img loading=\"lazy\" width=\"768\" height=\"1024\" src=\"https:\/\/cpzizur.educacion.navarra.es\/web1\/wp-content\/uploads\/2020\/05\/IMG_20200113_090034-768x1024.jpg\" alt=\"\" data-id=\"10179\" data-full-url=\"https:\/\/cpzizur.educacion.navarra.es\/web1\/wp-content\/uploads\/2020\/05\/IMG_20200113_090034.jpg\" data-link=\"https:\/\/cpzizur.educacion.navarra.es\/web1\/proposito-ano-nuevo-5o-primaria\/img_20200113_090034\/\" class=\"wp-image-10179\" srcset=\"https:\/\/cpzizur.educacion.navarra.es\/web1\/wp-content\/uploads\/2020\/05\/IMG_20200113_090034-768x1024.jpg 768w, https:\/\/cpzizur.educacion.navarra.es\/web1\/wp-content\/uploads\/2020\/05\/IMG_20200113_090034-225x300.jpg 225w, https:\/\/cpzizur.educacion.navarra.es\/web1\/wp-content\/uploads\/2020\/05\/IMG_20200113_090034-1152x1536.jpg 1152w, https:\/\/cpzizur.educacion.navarra.es\/web1\/wp-content\/uploads\/2020\/05\/IMG_20200113_090034.jpg 1200w\" sizes=\"(max-width: 768px) 100vw, 768px\" \/><\/a><\/figure><\/li><li class=\"blocks-gallery-item\"><figure><a href=\"https:\/\/cpzizur.educacion.navarra.es\/web1\/wp-content\/uploads\/2020\/05\/IMG_20200113_090041.jpg\"><img loading=\"lazy\" width=\"1024\" height=\"768\" src=\"https:\/\/cpzizur.educacion.navarra.es\/web1\/wp-content\/uploads\/2020\/05\/IMG_20200113_090041-1024x768.jpg\" alt=\"\" data-id=\"10180\" data-full-url=\"https:\/\/cpzizur.educacion.navarra.es\/web1\/wp-content\/uploads\/2020\/05\/IMG_20200113_090041.jpg\" data-link=\"https:\/\/cpzizur.educacion.navarra.es\/web1\/proposito-ano-nuevo-5o-primaria\/img_20200113_090041\/\" class=\"wp-image-10180\" srcset=\"https:\/\/cpzizur.educacion.navarra.es\/web1\/wp-content\/uploads\/2020\/05\/IMG_20200113_090041-1024x768.jpg 1024w, https:\/\/cpzizur.educacion.navarra.es\/web1\/wp-content\/uploads\/2020\/05\/IMG_20200113_090041-300x225.jpg 300w, https:\/\/cpzizur.educacion.navarra.es\/web1\/wp-content\/uploads\/2020\/05\/IMG_20200113_090041-768x576.jpg 768w, https:\/\/cpzizur.educacion.navarra.es\/web1\/wp-content\/uploads\/2020\/05\/IMG_20200113_090041-1536x1152.jpg 1536w, https:\/\/cpzizur.educacion.navarra.es\/web1\/wp-content\/uploads\/2020\/05\/IMG_20200113_090041.jpg 1600w\" sizes=\"(max-width: 1024px) 100vw, 1024px\" \/><\/a><\/figure><\/li><li class=\"blocks-gallery-item\"><figure><a href=\"https:\/\/cpzizur.educacion.navarra.es\/web1\/wp-content\/uploads\/2020\/05\/IMG_20200113_090053.jpg\"><img loading=\"lazy\" width=\"768\" height=\"1024\" src=\"https:\/\/cpzizur.educacion.navarra.es\/web1\/wp-content\/uploads\/2020\/05\/IMG_20200113_090053-768x1024.jpg\" alt=\"\" data-id=\"10181\" data-full-url=\"https:\/\/cpzizur.educacion.navarra.es\/web1\/wp-content\/uploads\/2020\/05\/IMG_20200113_090053.jpg\" data-link=\"https:\/\/cpzizur.educacion.navarra.es\/web1\/proposito-ano-nuevo-5o-primaria\/img_20200113_090053\/\" class=\"wp-image-10181\" srcset=\"https:\/\/cpzizur.educacion.navarra.es\/web1\/wp-content\/uploads\/2020\/05\/IMG_20200113_090053-768x1024.jpg 768w, https:\/\/cpzizur.educacion.navarra.es\/web1\/wp-content\/uploads\/2020\/05\/IMG_20200113_090053-225x300.jpg 225w, https:\/\/cpzizur.educacion.navarra.es\/web1\/wp-content\/uploads\/2020\/05\/IMG_20200113_090053-1152x1536.jpg 1152w, https:\/\/cpzizur.educacion.navarra.es\/web1\/wp-content\/uploads\/2020\/05\/IMG_20200113_090053.jpg 1200w\" sizes=\"(max-width: 768px) 100vw, 768px\" \/><\/a><\/figure><\/li><li class=\"blocks-gallery-item\"><figure><a href=\"https:\/\/cpzizur.educacion.navarra.es\/web1\/wp-content\/uploads\/2020\/05\/IMG_20200113_090102.jpg\"><img loading=\"lazy\" width=\"1024\" height=\"768\" src=\"https:\/\/cpzizur.educacion.navarra.es\/web1\/wp-content\/uploads\/2020\/05\/IMG_20200113_090102-1024x768.jpg\" alt=\"\" data-id=\"10182\" data-full-url=\"https:\/\/cpzizur.educacion.navarra.es\/web1\/wp-content\/uploads\/2020\/05\/IMG_20200113_090102.jpg\" data-link=\"https:\/\/cpzizur.educacion.navarra.es\/web1\/proposito-ano-nuevo-5o-primaria\/img_20200113_090102\/\" class=\"wp-image-10182\" srcset=\"https:\/\/cpzizur.educacion.navarra.es\/web1\/wp-content\/uploads\/2020\/05\/IMG_20200113_090102-1024x768.jpg 1024w, https:\/\/cpzizur.educacion.navarra.es\/web1\/wp-content\/uploads\/2020\/05\/IMG_20200113_090102-300x225.jpg 300w, https:\/\/cpzizur.educacion.navarra.es\/web1\/wp-content\/uploads\/2020\/05\/IMG_20200113_090102-768x576.jpg 768w, https:\/\/cpzizur.educacion.navarra.es\/web1\/wp-content\/uploads\/2020\/05\/IMG_20200113_090102-1536x1152.jpg 1536w, https:\/\/cpzizur.educacion.navarra.es\/web1\/wp-content\/uploads\/2020\/05\/IMG_20200113_090102.jpg 1600w\" sizes=\"(max-width: 1024px) 100vw, 1024px\" \/><\/a><\/figure><\/li><\/ul><\/figure>\n","protected":false},"excerpt":{"rendered":"<p>Durante la \u00faltima semana del primer trimestre, cada alumno de 5\u00ba curso realiz\u00f3, en un dise\u00f1o art\u00edstico, un peque\u00f1o prop\u00f3sito de A\u00f1o Nuevo. Cada uno de ellos tuvo que reflexionar sobre qu\u00e9 aspecto de su vida escolar pod\u00edan mejorar. Una vez lo ten\u00edan, realizaban el dise\u00f1o dentro de una plantilla. Finalmente, cada obra se uni\u00f3 [&hellip;]<\/p>\n","protected":false},"author":1,"featured_media":0,"parent":0,"menu_order":0,"comment_status":"closed","ping_status":"closed","template":"","meta":{"_genesis_hide_title":false,"_genesis_hide_breadcrumbs":false,"_genesis_hide_singular_image":false,"_genesis_hide_footer_widgets":false,"_genesis_custom_body_class":"","_genesis_custom_post_class":"","_genesis_layout":""},"_links":{"self":[{"href":"https:\/\/cpzizur.educacion.navarra.es\/web1\/wp-json\/wp\/v2\/pages\/10177"}],"collection":[{"href":"https:\/\/cpzizur.educacion.navarra.es\/web1\/wp-json\/wp\/v2\/pages"}],"about":[{"href":"https:\/\/cpzizur.educacion.navarra.es\/web1\/wp-json\/wp\/v2\/types\/page"}],"author":[{"embeddable":true,"href":"https:\/\/cpzizur.educacion.navarra.es\/web1\/wp-json\/wp\/v2\/users\/1"}],"replies":[{"embeddable":true,"href":"https:\/\/cpzizur.educacion.navarra.es\/web1\/wp-json\/wp\/v2\/comments?post=10177"}],"version-history":[{"count":2,"href":"https:\/\/cpzizur.educacion.navarra.es\/web1\/wp-json\/wp\/v2\/pages\/10177\/revisions"}],"predecessor-version":[{"id":10183,"href":"https:\/\/cpzizur.educacion.navarra.es\/web1\/wp-json\/wp\/v2\/pages\/10177\/revisions\/10183"}],"wp:attachment":[{"href":"https:\/\/cpzizur.educacion.navarra.es\/web1\/wp-json\/wp\/v2\/media?parent=10177"}],"curies":[{"name":"wp","href":"https:\/\/api.w.org\/{rel}","templated":true}]}}